{"id":2475,"date":"2024-07-16T09:08:53","date_gmt":"2024-07-16T09:08:53","guid":{"rendered":"https:\/\/sentaiyuanbio.com\/?post_type=product&#038;p=2475"},"modified":"2025-02-26T09:04:03","modified_gmt":"2025-02-26T09:04:03","slug":"fideos-shirataki-konjac-sin-calorias","status":"publish","type":"product","link":"https:\/\/sentaiyuanbio.com\/es\/producto\/fideos-shirataki-konjac-sin-calorias\/","title":{"rendered":"Fideos shirataki konjac sin calor\u00edas sabor miso, los mejores fideos shirataki"},"content":{"rendered":"<h2>Descripci\u00f3n de los fideos konjac shirataki<\/h2>\n<p>Los fideos Konnyaku 'Shirataki' son extremadamente sanos, ricos en fibra, bajos en calor\u00edas y bajos en colesterol. Por eso tambi\u00e9n se les conoce como fideos 'Zero' o 'Milagro'.<\/p>\n<p>Los fideos Shirataki tambi\u00e9n se conocen como fideos 'Konjac', 'Konnyaku' o 'Yam' y tienen una textura ligeramente masticable. Elaborados a partir de una verdura asi\u00e1tica llamada 'Konjac', los fideos Shirataki no tienen mucho sabor por s\u00ed mismos, por lo que son excelentes para absorber el sabor de otros ingredientes y salsas. Geniales en ollas calientes.<\/p>\n<h2>Ingredientes de los fideos shirataki de konjac sin calor\u00edas sabor a miso:<\/h2>\n<p><strong>Salsa<\/strong>: Salsa miso (agua, soja - no OGM), arroz, sal comestible, alcohol comestible), Agua, Az\u00facar blanco granulado, Salsa kunbu (agua, algas secas, sal comestible), Prote\u00edna vegetal hidrolizada con \u00e1cido, Sal comestible, Potenciador del sabor (<a href=\"https:\/\/foodadditives.net\/flavor-enhancer\/disodium-5-ribonucleotides\/\" target=\"_blank\" rel=\"noopener\">5'-ribonucle\u00f3tido dis\u00f3dico<\/a>)<br \/>\n<strong>Los mejores fideos shirataki<\/strong>: Agua, <a href=\"https:\/\/sentaiyuanbio.com\/es\/categoria-producto\/fibra-alimentaria-konjac\/\" target=\"_blank\" rel=\"noopener\">Polvo de konjac<\/a>\u00c1cido c\u00edtrico.<br \/>\n<strong>Verduras<\/strong>: Cebolla, Zanahoria.<br \/>\n<strong>Al\u00e9rgenos<\/strong>: Contiene productos de soja.<br \/>\n<strong>Peso neto<\/strong>: 40g(salsa)+120g(fideos shirataki konjac)+2g(Verduras)<br \/>\n<strong>Caducidad<\/strong>: 14 meses<br \/>\n<strong>Almacenamiento<\/strong>: Gu\u00e1rdalo en un lugar fresco y seco. Mantener alejado de la luz fuerte y del calor. Mantener alejado de la luz fuerte y el calor. Una vez abierto, mantener refrigerado y consumir en 24 horas.<\/p>\n<h2>Datos nutricionales de los fideos shirataki de konjac sin calor\u00edas sabor miso<\/h2>\n<table border=\"1\" cellspacing=\"1\">\n<tbody>\n<tr>\n<td colspan=\"2\" align=\"center\">Informaci\u00f3n nutricional(100g)<\/td>\n<\/tr>\n<tr>\n<td align=\"center\" width=\"284\"><b>Energ\u00eda<\/b><\/td>\n<td align=\"center\" width=\"284\">20kcal<\/td>\n<\/tr>\n<tr>\n<td align=\"center\" width=\"284\"><b>Prote\u00edna<\/b><\/td>\n<td align=\"center\" width=\"284\">1.2g<\/td>\n<\/tr>\n<tr>\n<td align=\"center\" width=\"284\"><b>Grasa total<\/b><\/td>\n<td align=\"center\" width=\"284\">0.29g<\/td>\n<\/tr>\n<tr>\n<td align=\"center\" width=\"284\"><b>Carbohidratos totales<\/b><\/td>\n<td align=\"center\" width=\"284\">3g<\/td>\n<\/tr>\n<tr>\n<td align=\"center\" width=\"284\"><b>Fibra alimentaria<\/b><\/td>\n<td align=\"center\" width=\"284\">1g<\/td>\n<\/tr>\n<tr>\n<td align=\"center\" width=\"284\"><b>Sodio<\/b><\/td>\n<td align=\"center\" width=\"284\">660mg<\/td>\n<\/tr>\n<\/tbody>\n<\/table>\n<p><img fetchpriority=\"high\" decoding=\"async\" class=\"alignnone wp-image-3690 size-full\" src=\"https:\/\/sentaiyuanbio.com\/wp-content\/uploads\/2024\/07\/best-shirataki-noodles_01.webp\" alt=\"los mejores fideos shirataki\" width=\"750\" height=\"793\" srcset=\"https:\/\/sentaiyuanbio.com\/wp-content\/uploads\/2024\/07\/best-shirataki-noodles_01.webp 750w, https:\/\/sentaiyuanbio.com\/wp-content\/uploads\/2024\/07\/best-shirataki-noodles_01-284x300.webp 284w, https:\/\/sentaiyuanbio.com\/wp-content\/uploads\/2024\/07\/best-shirataki-noodles_01-567x600.webp 567w, https:\/\/sentaiyuanbio.com\/wp-content\/uploads\/2024\/07\/best-shirataki-noodles_01-600x634.webp 600w\" sizes=\"(max-width: 750px) 100vw, 750px\" \/><img decoding=\"async\" class=\"alignnone wp-image-3691 size-full\" src=\"https:\/\/sentaiyuanbio.com\/wp-content\/uploads\/2024\/07\/best-shirataki-noodles_02.webp\" alt=\"los mejores fideos shirataki\" width=\"750\" height=\"911\" srcset=\"https:\/\/sentaiyuanbio.com\/wp-content\/uploads\/2024\/07\/best-shirataki-noodles_02.webp 750w, https:\/\/sentaiyuanbio.com\/wp-content\/uploads\/2024\/07\/best-shirataki-noodles_02-247x300.webp 247w, https:\/\/sentaiyuanbio.com\/wp-content\/uploads\/2024\/07\/best-shirataki-noodles_02-494x600.webp 494w, https:\/\/sentaiyuanbio.com\/wp-content\/uploads\/2024\/07\/best-shirataki-noodles_02-600x729.webp 600w\" sizes=\"(max-width: 750px) 100vw, 750px\" \/><img decoding=\"async\" class=\"alignnone wp-image-2483 size-full\" src=\"https:\/\/sentaiyuanbio.com\/wp-content\/uploads\/2024\/07\/best-shirataki-noodles-3.jpg\" alt=\"los mejores fideos shirataki\" width=\"750\" height=\"1068\" srcset=\"https:\/\/sentaiyuanbio.com\/wp-content\/uploads\/2024\/07\/best-shirataki-noodles-3.jpg 750w, https:\/\/sentaiyuanbio.com\/wp-content\/uploads\/2024\/07\/best-shirataki-noodles-3-211x300.jpg 211w, https:\/\/sentaiyuanbio.com\/wp-content\/uploads\/2024\/07\/best-shirataki-noodles-3-719x1024.jpg 719w, https:\/\/sentaiyuanbio.com\/wp-content\/uploads\/2024\/07\/best-shirataki-noodles-3-421x600.jpg 421w, https:\/\/sentaiyuanbio.com\/wp-content\/uploads\/2024\/07\/best-shirataki-noodles-3-600x854.jpg 600w\" sizes=\"(max-width: 750px) 100vw, 750px\" \/><img loading=\"lazy\" decoding=\"async\" class=\"alignnone wp-image-3725 size-full\" src=\"https:\/\/sentaiyuanbio.com\/wp-content\/uploads\/2024\/07\/best-shirataki-noodles.webp\" alt=\"los mejores fideos shirataki\" width=\"750\" height=\"497\" srcset=\"https:\/\/sentaiyuanbio.com\/wp-content\/uploads\/2024\/07\/best-shirataki-noodles.webp 750w, https:\/\/sentaiyuanbio.com\/wp-content\/uploads\/2024\/07\/best-shirataki-noodles-300x199.webp 300w, https:\/\/sentaiyuanbio.com\/wp-content\/uploads\/2024\/07\/best-shirataki-noodles-600x398.webp 600w\" sizes=\"(max-width: 750px) 100vw, 750px\" \/><img loading=\"lazy\" decoding=\"async\" class=\"alignnone wp-image-2485 size-full\" src=\"https:\/\/sentaiyuanbio.com\/wp-content\/uploads\/2024\/07\/best-shirataki-noodles-5.jpg\" alt=\"los mejores fideos shirataki\" width=\"750\" height=\"821\" srcset=\"https:\/\/sentaiyuanbio.com\/wp-content\/uploads\/2024\/07\/best-shirataki-noodles-5.jpg 750w, https:\/\/sentaiyuanbio.com\/wp-content\/uploads\/2024\/07\/best-shirataki-noodles-5-274x300.jpg 274w, https:\/\/sentaiyuanbio.com\/wp-content\/uploads\/2024\/07\/best-shirataki-noodles-5-548x600.jpg 548w, https:\/\/sentaiyuanbio.com\/wp-content\/uploads\/2024\/07\/best-shirataki-noodles-5-600x657.jpg 600w\" sizes=\"(max-width: 750px) 100vw, 750px\" \/><\/p>\n<p><a href=\"https:\/\/sentaiyuanbio.com\/wp-content\/uploads\/woocommerce_uploads\/2024\/07\/Specification-MISO-FLAVORwith-konjac-noodles-1ichx0.pdf\" target=\"_blank\" rel=\"noopener\">Descargar ESPECIFICACI\u00d3N -MISO SABOR (con fideos konjac)<\/a><\/p>","protected":false},"excerpt":{"rendered":"<p>Los fideos shirataki de konjac sin calor\u00edas sabor miso son un tipo de fideo elaborado con las ra\u00edces del konjac. Estos fideos sin gluten son ricos en fibra pero bajos en calor\u00edas y carbohidratos.<br \/>\nPueden ayudarle a perder peso y mejorar el nivel de az\u00facar en sangre. El fabricante de konjac Sentaiyuan produce fideos shirataki extrayendo la harina de konjac de las ra\u00edces de konjac.<\/p>","protected":false},"featured_media":4201,"template":"","meta":{"site-sidebar-layout":"default","site-content-layout":"","ast-site-content-layout":"default","site-content-style":"default","site-sidebar-style":"default","ast-global-header-display":"","ast-banner-title-visibility":"","ast-main-header-display":"","ast-hfb-above-header-display":"","ast-hfb-below-header-display":"","ast-hfb-mobile-header-display":"","site-post-title":"","ast-breadcrumbs-content":"","ast-featured-img":"","footer-sml-layout":"","ast-disable-related-posts":"","theme-transparent-header-meta":"default","adv-header-id-meta":"","stick-header-meta":"default","header-above-stick-meta":"","header-main-stick-meta":"","header-below-stick-meta":"","astra-migrate-meta-layouts":"set","ast-page-background-enabled":"default","ast-page-background-meta":{"desktop":{"background-color":"","background-image":"","background-repeat":"repeat","background-position":"center center","background-size":"auto","background-attachment":"scroll","background-type":"","background-media":"","overlay-type":"","overlay-color":"","overlay-opacity":"","overlay-gradient":""},"tablet":{"background-color":"","background-image":"","background-repeat":"repeat","background-position":"center center","background-size":"auto","background-attachment":"scroll","background-type":"","background-media":"","overlay-type":"","overlay-color":"","overlay-opacity":"","overlay-gradient":""},"mobile":{"background-color":"","background-image":"","background-repeat":"repeat","background-position":"center center","background-size":"auto","background-attachment":"scroll","background-type":"","background-media":"","overlay-type":"","overlay-color":"","overlay-opacity":"","overlay-gradient":""}},"ast-content-background-meta":{"desktop":{"background-color":"var(--ast-global-color-5)","background-image":"","background-repeat":"repeat","background-position":"center center","background-size":"auto","background-attachment":"scroll","background-type":"","background-media":"","overlay-type":"","overlay-color":"","overlay-opacity":"","overlay-gradient":""},"tablet":{"background-color":"var(--ast-global-color-5)","background-image":"","background-repeat":"repeat","background-position":"center center","background-size":"auto","background-attachment":"scroll","background-type":"","background-media":"","overlay-type":"","overlay-color":"","overlay-opacity":"","overlay-gradient":""},"mobile":{"background-color":"var(--ast-global-color-5)","background-image":"","background-repeat":"repeat","background-position":"center center","background-size":"auto","background-attachment":"scroll","background-type":"","background-media":"","overlay-type":"","overlay-color":"","overlay-opacity":"","overlay-gradient":""}}},"product_brand":[],"product_cat":[23],"product_tag":[40],"class_list":{"0":"post-2475","1":"product","2":"type-product","3":"status-publish","4":"has-post-thumbnail","6":"product_cat-instant-konjac-noodles","7":"product_tag-konjac-cup-noodles","8":"desktop-align-left","9":"tablet-align-left","10":"mobile-align-left","11":"ast-product-gallery-layout-horizontal-slider","12":"ast-product-tabs-layout-horizontal","14":"first","15":"instock","16":"downloadable","17":"shipping-taxable","18":"product-type-simple"},"_links":{"self":[{"href":"https:\/\/sentaiyuanbio.com\/es\/wp-json\/wp\/v2\/product\/2475","targetHints":{"allow":["GET"]}}],"collection":[{"href":"https:\/\/sentaiyuanbio.com\/es\/wp-json\/wp\/v2\/product"}],"about":[{"href":"https:\/\/sentaiyuanbio.com\/es\/wp-json\/wp\/v2\/types\/product"}],"version-history":[{"count":0,"href":"https:\/\/sentaiyuanbio.com\/es\/wp-json\/wp\/v2\/product\/2475\/revisions"}],"wp:featuredmedia":[{"embeddable":true,"href":"https:\/\/sentaiyuanbio.com\/es\/wp-json\/wp\/v2\/media\/4201"}],"wp:attachment":[{"href":"https:\/\/sentaiyuanbio.com\/es\/wp-json\/wp\/v2\/media?parent=2475"}],"wp:term":[{"taxonomy":"product_brand","embeddable":true,"href":"https:\/\/sentaiyuanbio.com\/es\/wp-json\/wp\/v2\/product_brand?post=2475"},{"taxonomy":"product_cat","embeddable":true,"href":"https:\/\/sentaiyuanbio.com\/es\/wp-json\/wp\/v2\/product_cat?post=2475"},{"taxonomy":"product_tag","embeddable":true,"href":"https:\/\/sentaiyuanbio.com\/es\/wp-json\/wp\/v2\/product_tag?post=2475"}],"curies":[{"name":"wp","href":"https:\/\/api.w.org\/{rel}","templated":true}]}}