{"id":2489,"date":"2024-07-17T03:52:40","date_gmt":"2024-07-17T03:52:40","guid":{"rendered":"https:\/\/sentaiyuanbio.com\/?post_type=product&#038;p=2489"},"modified":"2025-02-26T09:00:50","modified_gmt":"2025-02-26T09:00:50","slug":"fideos-instantaneos-konnyaku-shirataki","status":"publish","type":"product","link":"https:\/\/sentaiyuanbio.com\/es\/producto\/fideos-instantaneos-konnyaku-shirataki\/","title":{"rendered":"Konnyaku shirataki fideos instant\u00e1neos sabor kimchi en chino"},"content":{"rendered":"<h2>Descripci\u00f3n de los fideos instant\u00e1neos Konnyaku shirataki<\/h2>\n<p>Los fideos Konnyaku 'Shirataki' son incre\u00edblemente nutritivos, ricos en fibra, bajos en calor\u00edas y en colesterol. Por eso tambi\u00e9n se les llama fideos 'Zero' o 'Milagro'.<br \/>\nLos fideos shirataki, tambi\u00e9n conocidos como fideos 'Konjac', 'Konnyaku' o 'Yam', tienen una textura ligeramente masticable. Los fideos shirataki se elaboran a partir de una verdura asi\u00e1tica conocida como 'Konjac' y tienen poco sabor por s\u00ed mismos, por lo que son ideales para absorber el sabor de otros alimentos y salsas. Ideales para ollas calientes.<\/p>\n<p><strong>He aqu\u00ed algunas de sus caracter\u00edsticas:<\/strong><\/p>\n<ul>\n<li>Bajo en calor\u00edas<\/li>\n<li>Bajo en carbohidratos<\/li>\n<li>Alto contenido en fibra<\/li>\n<li>Sin gluten<\/li>\n<li>Textura gelatinosa<\/li>\n<li>Pr\u00e1cticamente ins\u00edpido<\/li>\n<li>R\u00e1pido y f\u00e1cil de preparar<\/li>\n<li>Favorece la saciedad<\/li>\n<li>Adecuado para diversas restricciones diet\u00e9ticas<\/li>\n<li>Puede ayudar a controlar el peso<\/li>\n<\/ul>\n<h2>Ingredientes de los fideos instant\u00e1neos Konnyaku shirataki sabor kimchi:<\/h2>\n<p><strong>Salsa<\/strong>: Agua, jarabe de glucosa, salsa de chile (pimienta, sal comestible), ajo, esencia comestible, aceite vegetal, az\u00facar blanco granulado, sal comestible, salsa de tomate, extracto de levadura, espesante (adipato doble de almid\u00f3n acetilado), especias, potenciador del sabor (nucle\u00f3tido dis\u00f3dico 5'- aromatizado), <a href=\"https:\/\/www.eufic.org\/en\/whats-in-food\/article\/acidity-regulators-the-multi-task-players\" target=\"_blank\" rel=\"noopener\">Regulador de la acidez<\/a> (\u00e1cido c\u00edtrico).<br \/>\n<strong>Fideos Shirataki<\/strong>: Agua, <a href=\"https:\/\/sentaiyuanbio.com\/es\/categoria-producto\/fibra-alimentaria-konjac\/\" target=\"_blank\" rel=\"noopener\">Polvo de konjac<\/a>\u00c1cido c\u00edtrico.<br \/>\n<strong>Verduras<\/strong>: Cebolla, Zanahoria. Al\u00e9rgenos: Contiene productos derivados de la soja.<br \/>\n<strong>Peso neto<\/strong>: 40g(Salsa)+120g(Fideos konjac)+2g(Verduras)<br \/>\n<strong>Caducidad<\/strong>: 14 meses<br \/>\n<strong>Almacenamiento<\/strong>: Gu\u00e1rdalo en un lugar fresco y seco. Mantener alejado de la luz fuerte y del calor. Mantener alejado de la luz fuerte y el calor. Una vez abierto, mantener refrigerado y consumir en 24 horas.<\/p>\n<h2>Datos nutricionales de los fideos instant\u00e1neos Konnyaku shirataki sabor kimchi:<\/h2>\n<table border=\"1\" cellspacing=\"1\">\n<tbody>\n<tr>\n<td colspan=\"2\" align=\"center\">Informaci\u00f3n nutricional(100g)<\/td>\n<\/tr>\n<tr>\n<td align=\"center\" width=\"284\"><b>Energ\u00eda<\/b><\/td>\n<td align=\"center\" width=\"284\">25kcal<\/td>\n<\/tr>\n<tr>\n<td align=\"center\" width=\"284\"><b>Prote\u00edna<\/b><\/td>\n<td align=\"center\" width=\"284\">0.29g<\/td>\n<\/tr>\n<tr>\n<td align=\"center\" width=\"284\"><b>Grasa total<\/b><\/td>\n<td align=\"center\" width=\"284\">0.5g<\/td>\n<\/tr>\n<tr>\n<td align=\"center\" width=\"284\"><b>Carbohidratos totales<\/b><\/td>\n<td align=\"center\" width=\"284\">5g<\/td>\n<\/tr>\n<tr>\n<td align=\"center\" width=\"284\"><b>Fibra alimentaria<\/b><\/td>\n<td align=\"center\" width=\"284\">1g<\/td>\n<\/tr>\n<tr>\n<td align=\"center\" width=\"284\"><b>Sodio<\/b><\/td>\n<td align=\"center\" width=\"284\">680mg<\/td>\n<\/tr>\n<\/tbody>\n<\/table>\n<h2><a href=\"https:\/\/sentaiyuanbio.com\/wp-content\/uploads\/woocommerce_uploads\/2024\/07\/Specification-KIMCHI-FLAVORwith-konjac-noodles-74mje3.pdf\" target=\"_blank\" rel=\"noopener\">Descargar ESPECIFICACI\u00d3N - SABOR KIMCHI(con fideos konjac)<\/a><\/h2>\n<p><!--more--><\/p>\n<p><img fetchpriority=\"high\" decoding=\"async\" class=\"alignnone wp-image-3722 size-full\" src=\"https:\/\/sentaiyuanbio.com\/wp-content\/uploads\/2024\/07\/Shirataki-noodles-in-Chinese1.webp\" alt=\"Fideos Shirataki en chino\" width=\"750\" height=\"778\" srcset=\"https:\/\/sentaiyuanbio.com\/wp-content\/uploads\/2024\/07\/Shirataki-noodles-in-Chinese1.webp 750w, https:\/\/sentaiyuanbio.com\/wp-content\/uploads\/2024\/07\/Shirataki-noodles-in-Chinese1-289x300.webp 289w, https:\/\/sentaiyuanbio.com\/wp-content\/uploads\/2024\/07\/Shirataki-noodles-in-Chinese1-578x600.webp 578w, https:\/\/sentaiyuanbio.com\/wp-content\/uploads\/2024\/07\/Shirataki-noodles-in-Chinese1-600x622.webp 600w\" sizes=\"(max-width: 750px) 100vw, 750px\" \/> <img decoding=\"async\" class=\"alignnone wp-image-3721 size-full\" src=\"https:\/\/sentaiyuanbio.com\/wp-content\/uploads\/2024\/07\/Shirataki-noodles-in-Chinese2.webp\" alt=\"Fideos Shirataki en chino\" width=\"750\" height=\"798\" srcset=\"https:\/\/sentaiyuanbio.com\/wp-content\/uploads\/2024\/07\/Shirataki-noodles-in-Chinese2.webp 750w, https:\/\/sentaiyuanbio.com\/wp-content\/uploads\/2024\/07\/Shirataki-noodles-in-Chinese2-282x300.webp 282w, https:\/\/sentaiyuanbio.com\/wp-content\/uploads\/2024\/07\/Shirataki-noodles-in-Chinese2-564x600.webp 564w, https:\/\/sentaiyuanbio.com\/wp-content\/uploads\/2024\/07\/Shirataki-noodles-in-Chinese2-600x638.webp 600w\" sizes=\"(max-width: 750px) 100vw, 750px\" \/> <img decoding=\"async\" class=\"alignnone wp-image-3723 size-full\" src=\"https:\/\/sentaiyuanbio.com\/wp-content\/uploads\/2024\/07\/Shirataki-noodles-in-Chinese4.webp\" alt=\"Fideos Shirataki en chino\" width=\"750\" height=\"817\" srcset=\"https:\/\/sentaiyuanbio.com\/wp-content\/uploads\/2024\/07\/Shirataki-noodles-in-Chinese4.webp 750w, https:\/\/sentaiyuanbio.com\/wp-content\/uploads\/2024\/07\/Shirataki-noodles-in-Chinese4-275x300.webp 275w, https:\/\/sentaiyuanbio.com\/wp-content\/uploads\/2024\/07\/Shirataki-noodles-in-Chinese4-551x600.webp 551w, https:\/\/sentaiyuanbio.com\/wp-content\/uploads\/2024\/07\/Shirataki-noodles-in-Chinese4-600x654.webp 600w\" sizes=\"(max-width: 750px) 100vw, 750px\" \/> <img loading=\"lazy\" decoding=\"async\" class=\"alignnone wp-image-3724 size-full\" src=\"https:\/\/sentaiyuanbio.com\/wp-content\/uploads\/2024\/07\/Shirataki-noodles-in-Chinese3.webp\" alt=\"Fideos Shirataki en chino\" width=\"750\" height=\"437\" srcset=\"https:\/\/sentaiyuanbio.com\/wp-content\/uploads\/2024\/07\/Shirataki-noodles-in-Chinese3.webp 750w, https:\/\/sentaiyuanbio.com\/wp-content\/uploads\/2024\/07\/Shirataki-noodles-in-Chinese3-300x175.webp 300w, https:\/\/sentaiyuanbio.com\/wp-content\/uploads\/2024\/07\/Shirataki-noodles-in-Chinese3-600x350.webp 600w\" sizes=\"(max-width: 750px) 100vw, 750px\" \/><img loading=\"lazy\" decoding=\"async\" class=\"alignnone wp-image-2499 size-full\" src=\"https:\/\/sentaiyuanbio.com\/wp-content\/uploads\/2024\/07\/Shirataki-noodles-in-Chinese-5.jpg\" alt=\"Fideos Shirataki en chino\" width=\"750\" height=\"779\" srcset=\"https:\/\/sentaiyuanbio.com\/wp-content\/uploads\/2024\/07\/Shirataki-noodles-in-Chinese-5.jpg 750w, https:\/\/sentaiyuanbio.com\/wp-content\/uploads\/2024\/07\/Shirataki-noodles-in-Chinese-5-289x300.jpg 289w, https:\/\/sentaiyuanbio.com\/wp-content\/uploads\/2024\/07\/Shirataki-noodles-in-Chinese-5-578x600.jpg 578w, https:\/\/sentaiyuanbio.com\/wp-content\/uploads\/2024\/07\/Shirataki-noodles-in-Chinese-5-600x623.jpg 600w\" sizes=\"(max-width: 750px) 100vw, 750px\" \/><\/p>","protected":false},"excerpt":{"rendered":"<p>Fideos instant\u00e1neos Konnyaku shirataki sabor kimchi, tambi\u00e9n conocidos como fideos Shirataki. Los fideos shirataki en chino son ceto, bajos en carbohidratos, bajos en calor\u00edas (25Kcal\/100g), sin gluten, de origen vegetal, ricos en fibra diet\u00e9tica y m\u00faltiples amino\u00e1cidos. Los fideos konjac son bajos en calor\u00edas, sin aditivos, sin grasa y \u00a1sin colesterol! Los fideos instant\u00e1neos Shirataki hacen que cocinar sea m\u00e1s c\u00f3modo y eficiente.<\/p>","protected":false},"featured_media":4194,"template":"","meta":{"site-sidebar-layout":"default","site-content-layout":"","ast-site-content-layout":"default","site-content-style":"default","site-sidebar-style":"default","ast-global-header-display":"","ast-banner-title-visibility":"","ast-main-header-display":"","ast-hfb-above-header-display":"","ast-hfb-below-header-display":"","ast-hfb-mobile-header-display":"","site-post-title":"","ast-breadcrumbs-content":"","ast-featured-img":"","footer-sml-layout":"","ast-disable-related-posts":"","theme-transparent-header-meta":"default","adv-header-id-meta":"","stick-header-meta":"default","header-above-stick-meta":"","header-main-stick-meta":"","header-below-stick-meta":"","astra-migrate-meta-layouts":"set","ast-page-background-enabled":"default","ast-page-background-meta":{"desktop":{"background-color":"","background-image":"","background-repeat":"repeat","background-position":"center center","background-size":"auto","background-attachment":"scroll","background-type":"","background-media":"","overlay-type":"","overlay-color":"","overlay-opacity":"","overlay-gradient":""},"tablet":{"background-color":"","background-image":"","background-repeat":"repeat","background-position":"center center","background-size":"auto","background-attachment":"scroll","background-type":"","background-media":"","overlay-type":"","overlay-color":"","overlay-opacity":"","overlay-gradient":""},"mobile":{"background-color":"","background-image":"","background-repeat":"repeat","background-position":"center center","background-size":"auto","background-attachment":"scroll","background-type":"","background-media":"","overlay-type":"","overlay-color":"","overlay-opacity":"","overlay-gradient":""}},"ast-content-background-meta":{"desktop":{"background-color":"var(--ast-global-color-5)","background-image":"","background-repeat":"repeat","background-position":"center center","background-size":"auto","background-attachment":"scroll","background-type":"","background-media":"","overlay-type":"","overlay-color":"","overlay-opacity":"","overlay-gradient":""},"tablet":{"background-color":"var(--ast-global-color-5)","background-image":"","background-repeat":"repeat","background-position":"center center","background-size":"auto","background-attachment":"scroll","background-type":"","background-media":"","overlay-type":"","overlay-color":"","overlay-opacity":"","overlay-gradient":""},"mobile":{"background-color":"var(--ast-global-color-5)","background-image":"","background-repeat":"repeat","background-position":"center center","background-size":"auto","background-attachment":"scroll","background-type":"","background-media":"","overlay-type":"","overlay-color":"","overlay-opacity":"","overlay-gradient":""}}},"product_brand":[],"product_cat":[23],"product_tag":[40],"class_list":{"0":"post-2489","1":"product","2":"type-product","3":"status-publish","4":"has-post-thumbnail","6":"product_cat-instant-konjac-noodles","7":"product_tag-konjac-cup-noodles","8":"desktop-align-left","9":"tablet-align-left","10":"mobile-align-left","11":"ast-product-gallery-layout-horizontal-slider","12":"ast-product-tabs-layout-horizontal","14":"first","15":"instock","16":"downloadable","17":"shipping-taxable","18":"product-type-simple"},"_links":{"self":[{"href":"https:\/\/sentaiyuanbio.com\/es\/wp-json\/wp\/v2\/product\/2489","targetHints":{"allow":["GET"]}}],"collection":[{"href":"https:\/\/sentaiyuanbio.com\/es\/wp-json\/wp\/v2\/product"}],"about":[{"href":"https:\/\/sentaiyuanbio.com\/es\/wp-json\/wp\/v2\/types\/product"}],"version-history":[{"count":0,"href":"https:\/\/sentaiyuanbio.com\/es\/wp-json\/wp\/v2\/product\/2489\/revisions"}],"wp:featuredmedia":[{"embeddable":true,"href":"https:\/\/sentaiyuanbio.com\/es\/wp-json\/wp\/v2\/media\/4194"}],"wp:attachment":[{"href":"https:\/\/sentaiyuanbio.com\/es\/wp-json\/wp\/v2\/media?parent=2489"}],"wp:term":[{"taxonomy":"product_brand","embeddable":true,"href":"https:\/\/sentaiyuanbio.com\/es\/wp-json\/wp\/v2\/product_brand?post=2489"},{"taxonomy":"product_cat","embeddable":true,"href":"https:\/\/sentaiyuanbio.com\/es\/wp-json\/wp\/v2\/product_cat?post=2489"},{"taxonomy":"product_tag","embeddable":true,"href":"https:\/\/sentaiyuanbio.com\/es\/wp-json\/wp\/v2\/product_tag?post=2489"}],"curies":[{"name":"wp","href":"https:\/\/api.w.org\/{rel}","templated":true}]}}