{"id":2503,"date":"2024-07-17T06:34:40","date_gmt":"2024-07-17T06:34:40","guid":{"rendered":"https:\/\/sentaiyuanbio.com\/?post_type=product&#038;p=2503"},"modified":"2025-02-26T08:57:27","modified_gmt":"2025-02-26T08:57:27","slug":"fideos-instantaneos-shirataki-pasta","status":"publish","type":"product","link":"https:\/\/sentaiyuanbio.com\/es\/producto\/fideos-instantaneos-shirataki-pasta\/","title":{"rendered":"Fideos instant\u00e1neos Shirataki pasta al curry rojo, Fideos Shirataki compra"},"content":{"rendered":"<h2>Ingredientes de la pasta de fideos instant\u00e1neos Shirataki:<\/h2>\n<p><strong>Salsa<\/strong>: Agua, az\u00facar blanco, aceite vegetal, sal comestible, cebolla, ajo, curry en polvo, jengibre, pasta de tomate, pimiento dulce rojo en polvo, extracto de levadura, pimienta en polvo, especias (pimienta negra en polvo, cebolla en polvo), esencia comestible, 5'-ribonucle\u00f3tido dis\u00f3dico, <a href=\"https:\/\/en.wikipedia.org\/wiki\/Citric_acid\" target=\"_blank\" rel=\"noopener\">\u00c1cido c\u00edtrico<\/a>.<br \/>\n<strong>Fideos Shirataki<\/strong>: Agua, <a href=\"https:\/\/sentaiyuanbio.com\/es\/categoria-producto\/fibra-alimentaria-konjac\/\" target=\"_blank\" rel=\"noopener\">Polvo de konjac<\/a>\u00c1cido c\u00edtrico.<br \/>\n<strong>Verduras<\/strong>: Cebolla, Zanahoria. Al\u00e9rgenos: Contiene productos de soja<br \/>\n<strong>Peso neto<\/strong>: 40g(salsa)+120g(fideos konjac)+2g(Verduras)<br \/>\n<strong>Caducidad<\/strong>: 14 meses<br \/>\n<strong>Almacenamiento<\/strong>: Gu\u00e1rdalo en un lugar fresco y seco. Mantener alejado de la luz fuerte y del calor. Mantener alejado de la luz fuerte y el calor. Una vez abierto, mantener refrigerado y consumir en 24 horas.<\/p>\n<h2>Datos nutricionales de los fideos instant\u00e1neos de pasta Shirataki:<\/h2>\n<table border=\"1\" cellspacing=\"1\">\n<tbody>\n<tr>\n<td colspan=\"2\" align=\"center\">Informaci\u00f3n nutricional(100g)<\/td>\n<\/tr>\n<tr>\n<td align=\"center\" width=\"284\"><b>Energ\u00eda<\/b><\/td>\n<td align=\"center\" width=\"284\">50kcal<\/td>\n<\/tr>\n<tr>\n<td align=\"center\" width=\"284\"><b>Prote\u00edna<\/b><\/td>\n<td align=\"center\" width=\"284\">0.68g<\/td>\n<\/tr>\n<tr>\n<td align=\"center\" width=\"284\"><b>Grasa total<\/b><\/td>\n<td align=\"center\" width=\"284\">4g<\/td>\n<\/tr>\n<tr>\n<td align=\"center\" width=\"284\"><b>Carbohidratos totales<\/b><\/td>\n<td align=\"center\" width=\"284\">3g<\/td>\n<\/tr>\n<tr>\n<td align=\"center\" width=\"284\"><b>Sodio<\/b><\/td>\n<td align=\"center\" width=\"284\">380mg<\/td>\n<\/tr>\n<\/tbody>\n<\/table>\n<h2><a href=\"https:\/\/sentaiyuanbio.com\/wp-content\/uploads\/woocommerce_uploads\/2024\/07\/Specification-RED-CURRY-FLAVORwith-konjac-noodles-rosvmd.pdf\" target=\"_blank\" rel=\"noopener\">Descargar ESPECIFICACI\u00d3N - SABOR CURRY ROJO (con fideos konjac)<\/a><\/h2>\n<p><!--more--><\/p>\n<p><img fetchpriority=\"high\" decoding=\"async\" class=\"alignnone wp-image-3711 size-full\" src=\"https:\/\/sentaiyuanbio.com\/wp-content\/uploads\/2024\/07\/Shirataki-noodles-purchase1.webp\" alt=\"Compra de fideos shirataki\" width=\"750\" height=\"812\" srcset=\"https:\/\/sentaiyuanbio.com\/wp-content\/uploads\/2024\/07\/Shirataki-noodles-purchase1.webp 750w, https:\/\/sentaiyuanbio.com\/wp-content\/uploads\/2024\/07\/Shirataki-noodles-purchase1-277x300.webp 277w, https:\/\/sentaiyuanbio.com\/wp-content\/uploads\/2024\/07\/Shirataki-noodles-purchase1-554x600.webp 554w, https:\/\/sentaiyuanbio.com\/wp-content\/uploads\/2024\/07\/Shirataki-noodles-purchase1-600x650.webp 600w\" sizes=\"(max-width: 750px) 100vw, 750px\" \/> <img decoding=\"async\" class=\"alignnone wp-image-3712 size-full\" src=\"https:\/\/sentaiyuanbio.com\/wp-content\/uploads\/2024\/07\/Shirataki-noodles-purchase2.webp\" alt=\"Compra de fideos shirataki\" width=\"750\" height=\"1147\" srcset=\"https:\/\/sentaiyuanbio.com\/wp-content\/uploads\/2024\/07\/Shirataki-noodles-purchase2.webp 750w, https:\/\/sentaiyuanbio.com\/wp-content\/uploads\/2024\/07\/Shirataki-noodles-purchase2-196x300.webp 196w, https:\/\/sentaiyuanbio.com\/wp-content\/uploads\/2024\/07\/Shirataki-noodles-purchase2-670x1024.webp 670w, https:\/\/sentaiyuanbio.com\/wp-content\/uploads\/2024\/07\/Shirataki-noodles-purchase2-392x600.webp 392w, https:\/\/sentaiyuanbio.com\/wp-content\/uploads\/2024\/07\/Shirataki-noodles-purchase2-600x918.webp 600w\" sizes=\"(max-width: 750px) 100vw, 750px\" \/> <img decoding=\"async\" class=\"alignnone wp-image-3713 size-full\" src=\"https:\/\/sentaiyuanbio.com\/wp-content\/uploads\/2024\/07\/Shirataki-noodles-purchase3.webp\" alt=\"Compra de fideos shirataki\" width=\"750\" height=\"876\" srcset=\"https:\/\/sentaiyuanbio.com\/wp-content\/uploads\/2024\/07\/Shirataki-noodles-purchase3.webp 750w, https:\/\/sentaiyuanbio.com\/wp-content\/uploads\/2024\/07\/Shirataki-noodles-purchase3-257x300.webp 257w, https:\/\/sentaiyuanbio.com\/wp-content\/uploads\/2024\/07\/Shirataki-noodles-purchase3-514x600.webp 514w, https:\/\/sentaiyuanbio.com\/wp-content\/uploads\/2024\/07\/Shirataki-noodles-purchase3-600x701.webp 600w\" sizes=\"(max-width: 750px) 100vw, 750px\" \/><img loading=\"lazy\" decoding=\"async\" class=\"alignnone wp-image-3726 size-full\" src=\"https:\/\/sentaiyuanbio.com\/wp-content\/uploads\/2024\/07\/Shirataki-noodles-purchase.webp\" alt=\"Compra de fideos shirataki\" width=\"750\" height=\"471\" srcset=\"https:\/\/sentaiyuanbio.com\/wp-content\/uploads\/2024\/07\/Shirataki-noodles-purchase.webp 750w, https:\/\/sentaiyuanbio.com\/wp-content\/uploads\/2024\/07\/Shirataki-noodles-purchase-300x188.webp 300w, https:\/\/sentaiyuanbio.com\/wp-content\/uploads\/2024\/07\/Shirataki-noodles-purchase-600x377.webp 600w\" sizes=\"(max-width: 750px) 100vw, 750px\" \/><img loading=\"lazy\" decoding=\"async\" class=\"alignnone wp-image-2513 size-full\" src=\"https:\/\/sentaiyuanbio.com\/wp-content\/uploads\/2024\/07\/shirataki-noodles-purchase-5.jpg\" alt=\"Compra de fideos shirataki\" width=\"750\" height=\"779\" srcset=\"https:\/\/sentaiyuanbio.com\/wp-content\/uploads\/2024\/07\/shirataki-noodles-purchase-5.jpg 750w, https:\/\/sentaiyuanbio.com\/wp-content\/uploads\/2024\/07\/shirataki-noodles-purchase-5-289x300.jpg 289w, https:\/\/sentaiyuanbio.com\/wp-content\/uploads\/2024\/07\/shirataki-noodles-purchase-5-578x600.jpg 578w, https:\/\/sentaiyuanbio.com\/wp-content\/uploads\/2024\/07\/shirataki-noodles-purchase-5-600x623.jpg 600w\" sizes=\"(max-width: 750px) 100vw, 750px\" \/><\/p>\n<h2>Instrucci\u00f3n de cocina<\/h2>\n<p>1, Escurre el agua del paquete y vac\u00eda el contenido de la bolsa de fideos en la taza.<br \/>\n2, A\u00f1ade la salsa y las verduras, vierte agua fr\u00eda en la l\u00ednea de agua y calienta en el microondas durante 2 min. (o vierte 120 g de agua hirviendo directamente).<br \/>\n3, Remueve bien para servir.<\/p>","protected":false},"excerpt":{"rendered":"<p>Los fideos instant\u00e1neos Shirataki pasta al curry rojo, tambi\u00e9n conocidos como fideos instant\u00e1neos Konjac, son vers\u00e1tiles. Es sano, bajo en calor\u00edas, sin carbohidratos, sin gluten, sin grasa, sin az\u00facar y vegano. Los fideos shirataki no tienen calor\u00edas, llenan y est\u00e1n llenos de fibra saludable. Para la compra de fideos shirataki elija Sentaiyuan, MOQ 20 cajas.<\/p>\n<div id=\"gtx-trans\" style=\"position: absolute; left: 1213px; top: -3px;\">\n<div class=\"gtx-trans-icon\"><\/div>\n<\/div>","protected":false},"featured_media":4188,"template":"","meta":{"site-sidebar-layout":"default","site-content-layout":"","ast-site-content-layout":"default","site-content-style":"default","site-sidebar-style":"default","ast-global-header-display":"","ast-banner-title-visibility":"","ast-main-header-display":"","ast-hfb-above-header-display":"","ast-hfb-below-header-display":"","ast-hfb-mobile-header-display":"","site-post-title":"","ast-breadcrumbs-content":"","ast-featured-img":"","footer-sml-layout":"","ast-disable-related-posts":"","theme-transparent-header-meta":"default","adv-header-id-meta":"","stick-header-meta":"default","header-above-stick-meta":"","header-main-stick-meta":"","header-below-stick-meta":"","astra-migrate-meta-layouts":"set","ast-page-background-enabled":"default","ast-page-background-meta":{"desktop":{"background-color":"","background-image":"","background-repeat":"repeat","background-position":"center center","background-size":"auto","background-attachment":"scroll","background-type":"","background-media":"","overlay-type":"","overlay-color":"","overlay-opacity":"","overlay-gradient":""},"tablet":{"background-color":"","background-image":"","background-repeat":"repeat","background-position":"center center","background-size":"auto","background-attachment":"scroll","background-type":"","background-media":"","overlay-type":"","overlay-color":"","overlay-opacity":"","overlay-gradient":""},"mobile":{"background-color":"","background-image":"","background-repeat":"repeat","background-position":"center center","background-size":"auto","background-attachment":"scroll","background-type":"","background-media":"","overlay-type":"","overlay-color":"","overlay-opacity":"","overlay-gradient":""}},"ast-content-background-meta":{"desktop":{"background-color":"var(--ast-global-color-5)","background-image":"","background-repeat":"repeat","background-position":"center center","background-size":"auto","background-attachment":"scroll","background-type":"","background-media":"","overlay-type":"","overlay-color":"","overlay-opacity":"","overlay-gradient":""},"tablet":{"background-color":"var(--ast-global-color-5)","background-image":"","background-repeat":"repeat","background-position":"center center","background-size":"auto","background-attachment":"scroll","background-type":"","background-media":"","overlay-type":"","overlay-color":"","overlay-opacity":"","overlay-gradient":""},"mobile":{"background-color":"var(--ast-global-color-5)","background-image":"","background-repeat":"repeat","background-position":"center center","background-size":"auto","background-attachment":"scroll","background-type":"","background-media":"","overlay-type":"","overlay-color":"","overlay-opacity":"","overlay-gradient":""}}},"product_brand":[],"product_cat":[23],"product_tag":[40],"class_list":{"0":"post-2503","1":"product","2":"type-product","3":"status-publish","4":"has-post-thumbnail","6":"product_cat-instant-konjac-noodles","7":"product_tag-konjac-cup-noodles","8":"desktop-align-left","9":"tablet-align-left","10":"mobile-align-left","11":"ast-product-gallery-layout-horizontal-slider","12":"ast-product-tabs-layout-horizontal","14":"first","15":"instock","16":"downloadable","17":"shipping-taxable","18":"product-type-simple"},"_links":{"self":[{"href":"https:\/\/sentaiyuanbio.com\/es\/wp-json\/wp\/v2\/product\/2503","targetHints":{"allow":["GET"]}}],"collection":[{"href":"https:\/\/sentaiyuanbio.com\/es\/wp-json\/wp\/v2\/product"}],"about":[{"href":"https:\/\/sentaiyuanbio.com\/es\/wp-json\/wp\/v2\/types\/product"}],"version-history":[{"count":0,"href":"https:\/\/sentaiyuanbio.com\/es\/wp-json\/wp\/v2\/product\/2503\/revisions"}],"wp:featuredmedia":[{"embeddable":true,"href":"https:\/\/sentaiyuanbio.com\/es\/wp-json\/wp\/v2\/media\/4188"}],"wp:attachment":[{"href":"https:\/\/sentaiyuanbio.com\/es\/wp-json\/wp\/v2\/media?parent=2503"}],"wp:term":[{"taxonomy":"product_brand","embeddable":true,"href":"https:\/\/sentaiyuanbio.com\/es\/wp-json\/wp\/v2\/product_brand?post=2503"},{"taxonomy":"product_cat","embeddable":true,"href":"https:\/\/sentaiyuanbio.com\/es\/wp-json\/wp\/v2\/product_cat?post=2503"},{"taxonomy":"product_tag","embeddable":true,"href":"https:\/\/sentaiyuanbio.com\/es\/wp-json\/wp\/v2\/product_tag?post=2503"}],"curies":[{"name":"wp","href":"https:\/\/api.w.org\/{rel}","templated":true}]}}