{"id":2521,"date":"2024-07-22T07:18:27","date_gmt":"2024-07-22T07:18:27","guid":{"rendered":"https:\/\/sentaiyuanbio.com\/?post_type=product&#038;p=2521"},"modified":"2025-10-23T08:08:16","modified_gmt":"2025-10-23T08:08:16","slug":"pasta-de-soja-konjac","status":"publish","type":"product","link":"https:\/\/sentaiyuanbio.com\/es\/producto\/pasta-de-soja-konjac\/","title":{"rendered":"Pasta de garbanzos konjac rica en prote\u00ednas, Pasta konjac 43 g de prote\u00ednas\/100 g"},"content":{"rendered":"<h2>Ingredientes de la pasta de garbanzos konjac:<\/h2>\n<p>Gluten vital de trigo, prote\u00edna de guisante en polvo, harina de trigo, harina de garbanzo, harina de alforf\u00f3n, fibra de guisante en polvo, almid\u00f3n de tapioca, <a href=\"https:\/\/sentaiyuanbio.com\/es\/categoria-producto\/fibra-alimentaria-konjac\/\" target=\"_blank\" rel=\"noopener\">Polvo de konjac<\/a>, goma xantana (estabilizador, E 415), carbonato s\u00f3dico (<a href=\"https:\/\/www.specialtyfoodingredients.eu\/ingredients_cat\/acidity-regulators\/\" target=\"_blank\" rel=\"noopener\">Regulador de la acidez<\/a>, E 500).<\/p>\n<table border=\"1\" cellspacing=\"1\">\n<tbody>\n<tr>\n<td width=\"284\"><b>Art\u00edculo<\/b><\/td>\n<td width=\"284\">%<\/td>\n<\/tr>\n<tr>\n<td width=\"284\"><strong>Gluten vital de trigo<\/strong><\/td>\n<td width=\"284\">39.5<\/td>\n<\/tr>\n<tr>\n<td width=\"284\"><b>Harina de trigo<\/b><\/td>\n<td width=\"284\">18.5<\/td>\n<\/tr>\n<tr>\n<td width=\"284\"><b>Prote\u00edna de guisante en polvo<\/b><\/td>\n<td width=\"284\">18.5<\/td>\n<\/tr>\n<tr>\n<td width=\"284\"><b>Fibra de guisante en polvo<\/b><\/td>\n<td width=\"284\">6.5<\/td>\n<\/tr>\n<tr>\n<td width=\"284\"><strong>Harina de garbanzos<\/strong><\/td>\n<td width=\"284\">6.2<\/td>\n<\/tr>\n<tr>\n<td width=\"284\"><strong>Harina de alforf\u00f3n<\/strong><\/td>\n<td width=\"284\">5<\/td>\n<\/tr>\n<tr>\n<td width=\"284\"><strong>Almid\u00f3n de tapioca<\/strong><\/td>\n<td width=\"284\">4.5<\/td>\n<\/tr>\n<tr>\n<td width=\"284\"><strong>Goma xantana<\/strong><\/td>\n<td width=\"284\">0.6<\/td>\n<\/tr>\n<tr>\n<td width=\"284\"><b>Konjac en polvo<\/b><\/td>\n<td width=\"284\">0.5<\/td>\n<\/tr>\n<tr>\n<td width=\"284\"><b>Carbonato s\u00f3dico<\/b><\/td>\n<td width=\"284\">0.2<\/td>\n<\/tr>\n<tr>\n<td width=\"284\"><b>Sal<\/b><\/td>\n<td width=\"284\">1<\/td>\n<\/tr>\n<\/tbody>\n<\/table>\n<h2>Nutrici\u00f3n de la pasta de garbanzos konjac:<\/h2>\n<table border=\"1\">\n<tbody>\n<tr>\n<td width=\"100\"><b>Informaci\u00f3n nutricional<\/b><\/td>\n<td width=\"100\">Por raci\u00f3n(100g)<\/td>\n<td width=\"100\">Por raci\u00f3n(40g)<\/td>\n<\/tr>\n<tr>\n<td width=\"100\"><b>Energ\u00eda<\/b><\/td>\n<td width=\"100\">344Kcal<\/td>\n<td width=\"100\">141,6Kcal<\/td>\n<\/tr>\n<tr>\n<td width=\"100\"><b>Prote\u00edna<\/b><\/td>\n<td width=\"100\">43g<\/td>\n<td width=\"100\">20g<\/td>\n<\/tr>\n<tr>\n<td width=\"100\"><b>Grasa total<\/b><\/td>\n<td width=\"100\">0.3g<\/td>\n<td width=\"100\">0.12g<\/td>\n<\/tr>\n<tr>\n<td width=\"100\"><b>Carbohidratos totales<\/b><\/td>\n<td width=\"100\">32g<\/td>\n<td width=\"100\">12g<\/td>\n<\/tr>\n<tr>\n<td width=\"100\"><b>Fibra diet\u00e9tica<\/b><\/td>\n<td width=\"100\">4.6g<\/td>\n<td width=\"100\">1.84g<\/td>\n<\/tr>\n<tr>\n<td width=\"100\"><b>Sodio<\/b><\/td>\n<td width=\"100\">308mg<\/td>\n<td width=\"100\">78,8 mg<\/td>\n<\/tr>\n<\/tbody>\n<\/table>\n<p><strong>Contiene<\/strong>: Productos con gluten de trigo.<br \/>\n<strong>Almacenamiento<\/strong>: Conservar en un lugar fresco y seco. Mant\u00e9ngalo alejado de la luz y el calor.<\/p>\n<h2>\u00bfPor qu\u00e9 garbanzos?<\/h2>\n<p>Los garbanzos son ricos en prote\u00ednas vegetales. Por cada 100 gramos de garbanzos secos, el contenido en prote\u00ednas alcanza los 21,2 gramos, aproximadamente siete veces el de una cantidad equivalente de leche. Supera incluso a la carne de vacuno (20 gramos) y a las gambas (18,2 gramos), lo que convierte a los garbanzos en un sustituto directo de algunas carnes en la dieta diaria.<\/p>\n<p>El contenido en calcio de los garbanzos es especialmente impresionante, \u00a1y no tiene nada que envidiar a otros alimentos ricos en calcio! Por cada 100 gramos, los garbanzos contienen 150 miligramos de calcio, aproximadamente 1,5 veces la cantidad que se encuentra en el mismo peso de leche normal.<\/p>\n<p>En peso, los garbanzos contienen siete veces m\u00e1s fibra que las espinacas. Su prote\u00edna tambi\u00e9n es rica en varios amino\u00e1cidos, incluidos los ocho amino\u00e1cidos esenciales que el cuerpo humano no puede sintetizar por s\u00ed mismo.<\/p>\n<h2>\u00bfPor qu\u00e9 konjac?<\/h2>\n<p>Los beneficios naturales de los alimentos a base de konjac (por ejemplo, sin gluten, bajos en carbohidratos, bajos en calor\u00edas, aptos para diab\u00e9ticos, etc.) contribuyen a que un estilo de vida sano est\u00e9 al alcance de todos.<\/p>\n<p><img fetchpriority=\"high\" decoding=\"async\" class=\"alignnone wp-image-5312 size-full\" src=\"https:\/\/sentaiyuanbio.com\/wp-content\/uploads\/2024\/07\/high-protein-konjac-pasta.webp\" alt=\"pasta konjac rica en prote\u00ednas\" width=\"750\" height=\"626\" srcset=\"https:\/\/sentaiyuanbio.com\/wp-content\/uploads\/2024\/07\/high-protein-konjac-pasta.webp 750w, https:\/\/sentaiyuanbio.com\/wp-content\/uploads\/2024\/07\/high-protein-konjac-pasta-300x250.webp 300w, https:\/\/sentaiyuanbio.com\/wp-content\/uploads\/2024\/07\/high-protein-konjac-pasta-14x12.webp 14w, https:\/\/sentaiyuanbio.com\/wp-content\/uploads\/2024\/07\/high-protein-konjac-pasta-600x501.webp 600w\" sizes=\"(max-width: 750px) 100vw, 750px\" \/>\u00a0<img decoding=\"async\" class=\"alignnone wp-image-3641 size-full\" src=\"https:\/\/sentaiyuanbio.com\/wp-content\/uploads\/2024\/07\/high-protein-konjac-pasta2.webp\" alt=\"pasta konjac rica en prote\u00ednas\" width=\"750\" height=\"637\" srcset=\"https:\/\/sentaiyuanbio.com\/wp-content\/uploads\/2024\/07\/high-protein-konjac-pasta2.webp 750w, https:\/\/sentaiyuanbio.com\/wp-content\/uploads\/2024\/07\/high-protein-konjac-pasta2-300x255.webp 300w, https:\/\/sentaiyuanbio.com\/wp-content\/uploads\/2024\/07\/high-protein-konjac-pasta2-600x510.webp 600w\" sizes=\"(max-width: 750px) 100vw, 750px\" \/> <img decoding=\"async\" class=\"alignnone wp-image-3642 size-full\" src=\"https:\/\/sentaiyuanbio.com\/wp-content\/uploads\/2024\/07\/high-protein-konjac-pasta3.webp\" alt=\"pasta konjac rica en prote\u00ednas\" width=\"750\" height=\"713\" srcset=\"https:\/\/sentaiyuanbio.com\/wp-content\/uploads\/2024\/07\/high-protein-konjac-pasta3.webp 750w, https:\/\/sentaiyuanbio.com\/wp-content\/uploads\/2024\/07\/high-protein-konjac-pasta3-300x285.webp 300w, https:\/\/sentaiyuanbio.com\/wp-content\/uploads\/2024\/07\/high-protein-konjac-pasta3-600x570.webp 600w\" sizes=\"(max-width: 750px) 100vw, 750px\" \/>\u00a0<img loading=\"lazy\" decoding=\"async\" class=\"alignnone wp-image-5311 size-full\" src=\"https:\/\/sentaiyuanbio.com\/wp-content\/uploads\/2024\/07\/Konjac-chickpea-pasta.webp\" alt=\"Pasta de garbanzos konjac\" width=\"750\" height=\"543\" srcset=\"https:\/\/sentaiyuanbio.com\/wp-content\/uploads\/2024\/07\/Konjac-chickpea-pasta.webp 750w, https:\/\/sentaiyuanbio.com\/wp-content\/uploads\/2024\/07\/Konjac-chickpea-pasta-300x217.webp 300w, https:\/\/sentaiyuanbio.com\/wp-content\/uploads\/2024\/07\/Konjac-chickpea-pasta-18x12.webp 18w, https:\/\/sentaiyuanbio.com\/wp-content\/uploads\/2024\/07\/Konjac-chickpea-pasta-600x434.webp 600w\" sizes=\"(max-width: 750px) 100vw, 750px\" \/><\/p>","protected":false},"excerpt":{"rendered":"<p>\u00bfBusca pasta de konjac con alto contenido en prote\u00ednas? Nuestra pasta de garbanzos Konjac baja en carbohidratos, baja en grasas, apta para cel\u00edacos y sin gluten, rica en prote\u00ednas, est\u00e1 elaborada con Konjac. 43g de prote\u00edna\/por raci\u00f3n, perfecta para personas fitness. Sentaiyuan es una empresa de producci\u00f3n y venta de alimentos Konjac con m\u00e1s de 30 a\u00f1os de experiencia. \u00a1Nuestro MOQ de fideos Konjac es tan bajo como 100 cartones!<\/p>","protected":false},"featured_media":4111,"template":"","meta":{"site-sidebar-layout":"default","site-content-layout":"","ast-site-content-layout":"default","site-content-style":"default","site-sidebar-style":"default","ast-global-header-display":"","ast-banner-title-visibility":"","ast-main-header-display":"","ast-hfb-above-header-display":"","ast-hfb-below-header-display":"","ast-hfb-mobile-header-display":"","site-post-title":"","ast-breadcrumbs-content":"","ast-featured-img":"","footer-sml-layout":"","ast-disable-related-posts":"","theme-transparent-header-meta":"default","adv-header-id-meta":"","stick-header-meta":"default","header-above-stick-meta":"","header-main-stick-meta":"","header-below-stick-meta":"","astra-migrate-meta-layouts":"set","ast-page-background-enabled":"default","ast-page-background-meta":{"desktop":{"background-color":"","background-image":"","background-repeat":"repeat","background-position":"center center","background-size":"auto","background-attachment":"scroll","background-type":"","background-media":"","overlay-type":"","overlay-color":"","overlay-opacity":"","overlay-gradient":""},"tablet":{"background-color":"","background-image":"","background-repeat":"repeat","background-position":"center center","background-size":"auto","background-attachment":"scroll","background-type":"","background-media":"","overlay-type":"","overlay-color":"","overlay-opacity":"","overlay-gradient":""},"mobile":{"background-color":"","background-image":"","background-repeat":"repeat","background-position":"center center","background-size":"auto","background-attachment":"scroll","background-type":"","background-media":"","overlay-type":"","overlay-color":"","overlay-opacity":"","overlay-gradient":""}},"ast-content-background-meta":{"desktop":{"background-color":"var(--ast-global-color-5)","background-image":"","background-repeat":"repeat","background-position":"center center","background-size":"auto","background-attachment":"scroll","background-type":"","background-media":"","overlay-type":"","overlay-color":"","overlay-opacity":"","overlay-gradient":""},"tablet":{"background-color":"var(--ast-global-color-5)","background-image":"","background-repeat":"repeat","background-position":"center center","background-size":"auto","background-attachment":"scroll","background-type":"","background-media":"","overlay-type":"","overlay-color":"","overlay-opacity":"","overlay-gradient":""},"mobile":{"background-color":"var(--ast-global-color-5)","background-image":"","background-repeat":"repeat","background-position":"center center","background-size":"auto","background-attachment":"scroll","background-type":"","background-media":"","overlay-type":"","overlay-color":"","overlay-opacity":"","overlay-gradient":""}}},"product_brand":[],"product_cat":[248],"product_tag":[],"class_list":{"0":"post-2521","1":"product","2":"type-product","3":"status-publish","4":"has-post-thumbnail","6":"product_cat-low-carb-high-protein-noodles","7":"desktop-align-left","8":"tablet-align-left","9":"mobile-align-left","10":"ast-product-gallery-layout-horizontal-slider","11":"ast-product-tabs-layout-horizontal","13":"first","14":"instock","15":"shipping-taxable","16":"product-type-simple"},"_links":{"self":[{"href":"https:\/\/sentaiyuanbio.com\/es\/wp-json\/wp\/v2\/product\/2521","targetHints":{"allow":["GET"]}}],"collection":[{"href":"https:\/\/sentaiyuanbio.com\/es\/wp-json\/wp\/v2\/product"}],"about":[{"href":"https:\/\/sentaiyuanbio.com\/es\/wp-json\/wp\/v2\/types\/product"}],"version-history":[{"count":0,"href":"https:\/\/sentaiyuanbio.com\/es\/wp-json\/wp\/v2\/product\/2521\/revisions"}],"wp:featuredmedia":[{"embeddable":true,"href":"https:\/\/sentaiyuanbio.com\/es\/wp-json\/wp\/v2\/media\/4111"}],"wp:attachment":[{"href":"https:\/\/sentaiyuanbio.com\/es\/wp-json\/wp\/v2\/media?parent=2521"}],"wp:term":[{"taxonomy":"product_brand","embeddable":true,"href":"https:\/\/sentaiyuanbio.com\/es\/wp-json\/wp\/v2\/product_brand?post=2521"},{"taxonomy":"product_cat","embeddable":true,"href":"https:\/\/sentaiyuanbio.com\/es\/wp-json\/wp\/v2\/product_cat?post=2521"},{"taxonomy":"product_tag","embeddable":true,"href":"https:\/\/sentaiyuanbio.com\/es\/wp-json\/wp\/v2\/product_tag?post=2521"}],"curies":[{"name":"wp","href":"https:\/\/api.w.org\/{rel}","templated":true}]}}