{"id":2530,"date":"2024-07-23T06:15:06","date_gmt":"2024-07-23T06:15:06","guid":{"rendered":"https:\/\/sentaiyuanbio.com\/?post_type=product&#038;p=2530"},"modified":"2026-02-13T08:57:36","modified_gmt":"2026-02-13T08:57:36","slug":"fideos-con-proteina-de-guisante","status":"publish","type":"product","link":"https:\/\/sentaiyuanbio.com\/es\/producto\/fideos-con-proteina-de-guisante\/","title":{"rendered":"Fideos con prote\u00ednas de guisantes, 63 g de prote\u00ednas\/porci\u00f3n Pasta de guisantes Konjac"},"content":{"rendered":"<h2>Ingredientes de los fideos de prote\u00edna de guisante:<\/h2>\n<p>Harina de trigo, harina de alforf\u00f3n, harina de trigo integral, fibra de guisante en polvo, gluten en polvo, <a href=\"https:\/\/sentaiyuanbio.com\/es\/categoria-producto\/fibra-alimentaria-konjac\/\" target=\"_blank\" rel=\"noopener\">konjac en polvo<\/a>, huevo entero en polvo, sal, carbonato s\u00f3dico e inulina.<\/p>\n<table border=\"1\" cellspacing=\"1\">\n<tbody>\n<tr>\n<td width=\"284\"><b>Art\u00edculo<\/b><\/td>\n<td width=\"284\">%<\/td>\n<\/tr>\n<tr>\n<td width=\"284\"><b>Prote\u00edna de guisante en polvo<\/b><\/td>\n<td width=\"284\">31<\/td>\n<\/tr>\n<tr>\n<td width=\"284\"><b>Polvo de gluten<\/b><\/td>\n<td width=\"284\">10<\/td>\n<\/tr>\n<tr>\n<td width=\"284\"><b>Harina de trigo<\/b><\/td>\n<td width=\"284\">28<\/td>\n<\/tr>\n<tr>\n<td width=\"284\"><b>Konjac en polvo<\/b><\/td>\n<td width=\"284\">5<\/td>\n<\/tr>\n<tr>\n<td width=\"284\"><b>C\u00e1scara de psilio en polvo<\/b><\/td>\n<td width=\"284\">5<\/td>\n<\/tr>\n<tr>\n<td width=\"284\"><b>Extracto de hoja de morera<\/b><\/td>\n<td width=\"284\">4<\/td>\n<\/tr>\n<tr>\n<td width=\"284\"><b>Fibra de guisante en polvo<\/b><\/td>\n<td width=\"284\">2<\/td>\n<\/tr>\n<tr>\n<td width=\"284\"><b>Dextrina resistente<\/b><\/td>\n<td width=\"284\">2<\/td>\n<\/tr>\n<tr>\n<td width=\"284\"><b>Carbonato s\u00f3dico<\/b><\/td>\n<td width=\"284\">1<\/td>\n<\/tr>\n<tr>\n<td width=\"284\"><b>Inulina<\/b><\/td>\n<td width=\"284\">1<\/td>\n<\/tr>\n<tr>\n<td width=\"284\"><b>Sal<\/b><\/td>\n<td width=\"284\">1<\/td>\n<\/tr>\n<\/tbody>\n<\/table>\n<p><strong>Contiene<\/strong>: Gluten de trigo y huevo.<br \/>\n<strong>Almacenamiento<\/strong>: Conservar en lugar fresco y seco. Mant\u00e9ngalo alejado de la luz y el calor.<\/p>\n<h2>Nutrici\u00f3n de los fideos de prote\u00edna de guisante<\/h2>\n<table border=\"1\" cellspacing=\"1\">\n<tbody>\n<tr>\n<td width=\"284\"><b>Informaci\u00f3n nutricional<\/b><\/td>\n<td width=\"284\">Por raci\u00f3n(100g)<\/td>\n<td width=\"284\">Por raci\u00f3n(40g)<\/td>\n<\/tr>\n<tr>\n<td width=\"284\"><b>Energ\u00eda<\/b><\/td>\n<td width=\"284\">358,99Kcal<\/td>\n<td width=\"284\">141,6Kcal<\/td>\n<\/tr>\n<tr>\n<td width=\"284\"><b>Prote\u00edna<\/b><\/td>\n<td width=\"284\">63g<\/td>\n<td width=\"284\">25g<\/td>\n<\/tr>\n<tr>\n<td width=\"284\"><b>Grasa total<\/b><\/td>\n<td width=\"284\">0.2g<\/td>\n<td width=\"284\">0.08g<\/td>\n<\/tr>\n<tr>\n<td width=\"284\"><b>Carbohidratos totales<\/b><\/td>\n<td width=\"284\">23.9g<\/td>\n<td width=\"284\">9.56g<\/td>\n<\/tr>\n<tr>\n<td width=\"284\"><b>Fibra diet\u00e9tica<\/b><\/td>\n<td width=\"284\">3.9g<\/td>\n<td width=\"284\">1.56g<\/td>\n<\/tr>\n<tr>\n<td width=\"284\"><b>Sodio<\/b><\/td>\n<td width=\"284\">0,5 mg<\/td>\n<td width=\"284\">0,2 mg<\/td>\n<\/tr>\n<\/tbody>\n<\/table>\n<p><img fetchpriority=\"high\" decoding=\"async\" class=\"alignnone wp-image-3634 size-full\" src=\"https:\/\/sentaiyuanbio.com\/wp-content\/uploads\/2024\/07\/High-protein-Konjac-pea-pasta-01.webp\" alt=\"Pasta de guisantes Konjac rica en prote\u00ednas\" width=\"750\" height=\"686\" srcset=\"https:\/\/sentaiyuanbio.com\/wp-content\/uploads\/2024\/07\/High-protein-Konjac-pea-pasta-01.webp 750w, https:\/\/sentaiyuanbio.com\/wp-content\/uploads\/2024\/07\/High-protein-Konjac-pea-pasta-01-300x274.webp 300w, https:\/\/sentaiyuanbio.com\/wp-content\/uploads\/2024\/07\/High-protein-Konjac-pea-pasta-01-600x549.webp 600w\" sizes=\"(max-width: 750px) 100vw, 750px\" \/> <img decoding=\"async\" class=\"alignnone wp-image-3635 size-full\" src=\"https:\/\/sentaiyuanbio.com\/wp-content\/uploads\/2024\/07\/High-protein-Konjac-pea-pasta-02.webp\" alt=\"Pasta de guisantes Konjac rica en prote\u00ednas\" width=\"750\" height=\"552\" srcset=\"https:\/\/sentaiyuanbio.com\/wp-content\/uploads\/2024\/07\/High-protein-Konjac-pea-pasta-02.webp 750w, https:\/\/sentaiyuanbio.com\/wp-content\/uploads\/2024\/07\/High-protein-Konjac-pea-pasta-02-300x221.webp 300w, https:\/\/sentaiyuanbio.com\/wp-content\/uploads\/2024\/07\/High-protein-Konjac-pea-pasta-02-600x442.webp 600w\" sizes=\"(max-width: 750px) 100vw, 750px\" \/> <img decoding=\"async\" class=\"alignnone wp-image-3636 size-full\" src=\"https:\/\/sentaiyuanbio.com\/wp-content\/uploads\/2024\/07\/High-protein-Konjac-pea-pasta-03.webp\" alt=\"Pasta de guisantes Konjac rica en prote\u00ednas\" width=\"750\" height=\"462\" srcset=\"https:\/\/sentaiyuanbio.com\/wp-content\/uploads\/2024\/07\/High-protein-Konjac-pea-pasta-03.webp 750w, https:\/\/sentaiyuanbio.com\/wp-content\/uploads\/2024\/07\/High-protein-Konjac-pea-pasta-03-300x185.webp 300w, https:\/\/sentaiyuanbio.com\/wp-content\/uploads\/2024\/07\/High-protein-Konjac-pea-pasta-03-600x370.webp 600w\" sizes=\"(max-width: 750px) 100vw, 750px\" \/> <img loading=\"lazy\" decoding=\"async\" class=\"alignnone wp-image-3637 size-full\" src=\"https:\/\/sentaiyuanbio.com\/wp-content\/uploads\/2024\/07\/High-protein-Konjac-pea-pasta-04.webp\" alt=\"Pasta de guisantes Konjac rica en prote\u00ednas\" width=\"750\" height=\"415\" srcset=\"https:\/\/sentaiyuanbio.com\/wp-content\/uploads\/2024\/07\/High-protein-Konjac-pea-pasta-04.webp 750w, https:\/\/sentaiyuanbio.com\/wp-content\/uploads\/2024\/07\/High-protein-Konjac-pea-pasta-04-300x166.webp 300w, https:\/\/sentaiyuanbio.com\/wp-content\/uploads\/2024\/07\/High-protein-Konjac-pea-pasta-04-600x332.webp 600w\" sizes=\"(max-width: 750px) 100vw, 750px\" \/> <img loading=\"lazy\" decoding=\"async\" class=\"alignnone wp-image-3638 size-full\" src=\"https:\/\/sentaiyuanbio.com\/wp-content\/uploads\/2024\/07\/High-protein-Konjac-pea-pasta-05.webp\" alt=\"Pasta de guisantes Konjac rica en prote\u00ednas\" width=\"750\" height=\"571\" srcset=\"https:\/\/sentaiyuanbio.com\/wp-content\/uploads\/2024\/07\/High-protein-Konjac-pea-pasta-05.webp 750w, https:\/\/sentaiyuanbio.com\/wp-content\/uploads\/2024\/07\/High-protein-Konjac-pea-pasta-05-300x228.webp 300w, https:\/\/sentaiyuanbio.com\/wp-content\/uploads\/2024\/07\/High-protein-Konjac-pea-pasta-05-600x457.webp 600w\" sizes=\"(max-width: 750px) 100vw, 750px\" \/><\/p>","protected":false},"excerpt":{"rendered":"<p>Cuando se combinan, los guisantes verdes y la harina de konjac proporcionan un perfil \u00f3ptimo de amino\u00e1cidos superior al de cualquier fuente de prote\u00edna vegetal. Los fideos de prote\u00edna de guisante keto bajos en carbohidratos son una gran alternativa a la pasta tradicional. Ricos en prote\u00ednas vegetales de alta calidad, ricos en fibra y libres de cualquier aditivo. \u00a1El MOQ de los fideos Konjac Sentaiyuan es tan bajo como 100 cajas!<\/p>","protected":false},"featured_media":4109,"template":"","meta":{"site-sidebar-layout":"default","site-content-layout":"","ast-site-content-layout":"default","site-content-style":"default","site-sidebar-style":"default","ast-global-header-display":"","ast-banner-title-visibility":"","ast-main-header-display":"","ast-hfb-above-header-display":"","ast-hfb-below-header-display":"","ast-hfb-mobile-header-display":"","site-post-title":"","ast-breadcrumbs-content":"","ast-featured-img":"","footer-sml-layout":"","ast-disable-related-posts":"","theme-transparent-header-meta":"default","adv-header-id-meta":"","stick-header-meta":"default","header-above-stick-meta":"","header-main-stick-meta":"","header-below-stick-meta":"","astra-migrate-meta-layouts":"set","ast-page-background-enabled":"default","ast-page-background-meta":{"desktop":{"background-color":"","background-image":"","background-repeat":"repeat","background-position":"center center","background-size":"auto","background-attachment":"scroll","background-type":"","background-media":"","overlay-type":"","overlay-color":"","overlay-opacity":"","overlay-gradient":""},"tablet":{"background-color":"","background-image":"","background-repeat":"repeat","background-position":"center center","background-size":"auto","background-attachment":"scroll","background-type":"","background-media":"","overlay-type":"","overlay-color":"","overlay-opacity":"","overlay-gradient":""},"mobile":{"background-color":"","background-image":"","background-repeat":"repeat","background-position":"center center","background-size":"auto","background-attachment":"scroll","background-type":"","background-media":"","overlay-type":"","overlay-color":"","overlay-opacity":"","overlay-gradient":""}},"ast-content-background-meta":{"desktop":{"background-color":"var(--ast-global-color-5)","background-image":"","background-repeat":"repeat","background-position":"center center","background-size":"auto","background-attachment":"scroll","background-type":"","background-media":"","overlay-type":"","overlay-color":"","overlay-opacity":"","overlay-gradient":""},"tablet":{"background-color":"var(--ast-global-color-5)","background-image":"","background-repeat":"repeat","background-position":"center center","background-size":"auto","background-attachment":"scroll","background-type":"","background-media":"","overlay-type":"","overlay-color":"","overlay-opacity":"","overlay-gradient":""},"mobile":{"background-color":"var(--ast-global-color-5)","background-image":"","background-repeat":"repeat","background-position":"center center","background-size":"auto","background-attachment":"scroll","background-type":"","background-media":"","overlay-type":"","overlay-color":"","overlay-opacity":"","overlay-gradient":""}}},"product_brand":[],"product_cat":[248],"product_tag":[],"class_list":{"0":"post-2530","1":"product","2":"type-product","3":"status-publish","4":"has-post-thumbnail","6":"product_cat-low-carb-high-protein-noodles","7":"desktop-align-left","8":"tablet-align-left","9":"mobile-align-left","10":"ast-product-gallery-layout-horizontal-slider","11":"ast-product-tabs-layout-horizontal","13":"first","14":"instock","15":"shipping-taxable","16":"product-type-simple"},"_links":{"self":[{"href":"https:\/\/sentaiyuanbio.com\/es\/wp-json\/wp\/v2\/product\/2530","targetHints":{"allow":["GET"]}}],"collection":[{"href":"https:\/\/sentaiyuanbio.com\/es\/wp-json\/wp\/v2\/product"}],"about":[{"href":"https:\/\/sentaiyuanbio.com\/es\/wp-json\/wp\/v2\/types\/product"}],"version-history":[{"count":0,"href":"https:\/\/sentaiyuanbio.com\/es\/wp-json\/wp\/v2\/product\/2530\/revisions"}],"wp:featuredmedia":[{"embeddable":true,"href":"https:\/\/sentaiyuanbio.com\/es\/wp-json\/wp\/v2\/media\/4109"}],"wp:attachment":[{"href":"https:\/\/sentaiyuanbio.com\/es\/wp-json\/wp\/v2\/media?parent=2530"}],"wp:term":[{"taxonomy":"product_brand","embeddable":true,"href":"https:\/\/sentaiyuanbio.com\/es\/wp-json\/wp\/v2\/product_brand?post=2530"},{"taxonomy":"product_cat","embeddable":true,"href":"https:\/\/sentaiyuanbio.com\/es\/wp-json\/wp\/v2\/product_cat?post=2530"},{"taxonomy":"product_tag","embeddable":true,"href":"https:\/\/sentaiyuanbio.com\/es\/wp-json\/wp\/v2\/product_tag?post=2530"}],"curies":[{"name":"wp","href":"https:\/\/api.w.org\/{rel}","templated":true}]}}