{"id":2541,"date":"2024-07-25T03:41:32","date_gmt":"2024-07-25T03:41:32","guid":{"rendered":"https:\/\/sentaiyuanbio.com\/?post_type=product&#038;p=2541"},"modified":"2025-02-26T08:36:33","modified_gmt":"2025-02-26T08:36:33","slug":"harina-de-pan-a-granel-proveedor-de-harina-de-pan","status":"publish","type":"product","link":"https:\/\/sentaiyuanbio.com\/es\/producto\/harina-de-pan-a-granel-proveedor-de-harina-de-pan\/","title":{"rendered":"Harina de pan a granel, Proveedor de harina de pan, Harina de pan al por mayor"},"content":{"rendered":"<h2>Harina de pan ingrediente a granel:<\/h2>\n<p>Gluten en polvo, prote\u00edna de guisante en polvo, harina de fibra de guisante, <a href=\"https:\/\/sentaiyuanbio.com\/es\/producto\/konjac-en-polvo\/\" target=\"_blank\" rel=\"noopener\">Harina de konjac<\/a>, Inulina, Harina de avena, Harina de tapioca, Sal.<\/p>\n<table border=\"1\" cellspacing=\"1\">\n<tbody>\n<tr>\n<td align=\"center\" width=\"284\"><b>Art\u00edculo<\/b><\/td>\n<td align=\"center\" width=\"284\">%<\/td>\n<\/tr>\n<tr>\n<td align=\"center\" width=\"284\"><b>Polvo de gluten<\/b><\/td>\n<td align=\"center\" width=\"284\">47.89<\/td>\n<\/tr>\n<tr>\n<td align=\"center\" width=\"284\"><b>Prote\u00edna de guisante en polvo<\/b><\/td>\n<td align=\"center\" width=\"284\">25<\/td>\n<\/tr>\n<tr>\n<td align=\"center\" width=\"284\"><a href=\"https:\/\/gumstabilizer.com\/resistant-dextrin-benefits\/\" target=\"_blank\" rel=\"noopener\"><b>Dextrina resistente<\/b><\/a><\/td>\n<td align=\"center\" width=\"284\">10<\/td>\n<\/tr>\n<tr>\n<td align=\"center\" width=\"284\"><b>Fibra de guisante<\/b><\/td>\n<td align=\"center\" width=\"284\">7.3<\/td>\n<\/tr>\n<tr>\n<td align=\"center\" width=\"284\"><b>Avena en polvo<\/b><\/td>\n<td align=\"center\" width=\"284\">3<\/td>\n<\/tr>\n<tr>\n<td align=\"center\" width=\"284\"><b>Harina de tapioca<\/b><\/td>\n<td align=\"center\" width=\"284\">3<\/td>\n<\/tr>\n<tr>\n<td align=\"center\" width=\"284\"><b>Polvo de konjac<\/b><\/td>\n<td align=\"center\" width=\"284\">3<\/td>\n<\/tr>\n<tr>\n<td align=\"center\" width=\"284\"><b>Inulina<\/b><\/td>\n<td align=\"center\" width=\"284\">0.5<\/td>\n<\/tr>\n<tr>\n<td align=\"center\" width=\"284\"><b>Flavonoides de la hoja de morera<\/b><\/td>\n<td align=\"center\" width=\"284\">0.1<\/td>\n<\/tr>\n<tr>\n<td align=\"center\" width=\"284\"><b>Extracto de jud\u00eda blanca<\/b><\/td>\n<td align=\"center\" width=\"284\">0.1<\/td>\n<\/tr>\n<tr>\n<td align=\"center\" width=\"284\"><b>Az\u00facar<\/b><\/td>\n<td align=\"center\" width=\"284\">0.1<\/td>\n<\/tr>\n<tr>\n<td align=\"center\" width=\"284\"><b>Sal<\/b><\/td>\n<td align=\"center\" width=\"284\">0.01<\/td>\n<\/tr>\n<\/tbody>\n<\/table>\n<p><strong>Peso neto<\/strong>: 200g\/envase<br \/>\n<strong>Apariencia<\/strong>: Polvo<br \/>\n<strong>Caducidad<\/strong>: 12 meses<br \/>\n<strong>Almacenamiento<\/strong>: Conservar en un lugar fresco y seco. Mantener alejado de la luz fuerte y el calor.<\/p>\n<h2>Datos nutricionales de la harina panificable a granel:<\/h2>\n<table border=\"1\" cellspacing=\"1\">\n<tbody>\n<tr>\n<td width=\"284\"><b>Informaci\u00f3n nutricional<\/b><\/td>\n<td width=\"284\">Por raci\u00f3n(200g)<\/td>\n<\/tr>\n<tr>\n<td width=\"284\"><b>Energ\u00eda<\/b><\/td>\n<td width=\"284\">340Kcal<\/td>\n<\/tr>\n<tr>\n<td width=\"284\"><b>Prote\u00edna<\/b><\/td>\n<td width=\"284\"><i>54g<\/i><\/td>\n<\/tr>\n<tr>\n<td width=\"284\"><b>Grasa total<\/b><\/td>\n<td width=\"284\">4g<\/td>\n<\/tr>\n<tr>\n<td width=\"284\"><b>Carbohidratos totales<\/b><\/td>\n<td width=\"284\">12g<\/td>\n<\/tr>\n<tr>\n<td width=\"284\"><b>Fibra diet\u00e9tica<\/b><\/td>\n<td width=\"284\">0.252g<\/td>\n<\/tr>\n<tr>\n<td width=\"284\"><b>Sodio<\/b><\/td>\n<td width=\"284\">860mg<\/td>\n<\/tr>\n<\/tbody>\n<\/table>\n<h2>Preparaci\u00f3n culinaria:<\/h2>\n<table border=\"1\" cellspacing=\"1\">\n<tbody>\n<tr>\n<td width=\"284\"><b>Harina de pan baja en carbohidratos<\/b><\/td>\n<td width=\"284\">200g<\/td>\n<\/tr>\n<tr>\n<td width=\"284\"><b>Levadura<\/b><\/td>\n<td width=\"284\">3g<\/td>\n<\/tr>\n<tr>\n<td width=\"284\"><b>Mantequilla<\/b><\/td>\n<td width=\"284\"><i>25g<\/i><\/td>\n<\/tr>\n<tr>\n<td width=\"284\"><b>Agua<\/b><\/td>\n<td width=\"284\">200g<\/td>\n<\/tr>\n<\/tbody>\n<\/table>\n<p><img fetchpriority=\"high\" decoding=\"async\" class=\"alignnone wp-image-2546 size-full\" src=\"https:\/\/sentaiyuanbio.com\/wp-content\/uploads\/2024\/07\/Bread-flour-supplier-1.jpg\" alt=\"Proveedor de harina de pan, Harina de pan al por mayor\" width=\"750\" height=\"550\" srcset=\"https:\/\/sentaiyuanbio.com\/wp-content\/uploads\/2024\/07\/Bread-flour-supplier-1.jpg 750w, https:\/\/sentaiyuanbio.com\/wp-content\/uploads\/2024\/07\/Bread-flour-supplier-1-300x220.jpg 300w, https:\/\/sentaiyuanbio.com\/wp-content\/uploads\/2024\/07\/Bread-flour-supplier-1-600x440.jpg 600w\" sizes=\"(max-width: 750px) 100vw, 750px\" \/><img decoding=\"async\" class=\"alignnone wp-image-2547 size-full\" src=\"https:\/\/sentaiyuanbio.com\/wp-content\/uploads\/2024\/07\/Bread-flour-supplier-2.jpg\" alt=\"Proveedor de harina de pan, Harina de pan al por mayor\" width=\"750\" height=\"499\" srcset=\"https:\/\/sentaiyuanbio.com\/wp-content\/uploads\/2024\/07\/Bread-flour-supplier-2.jpg 750w, https:\/\/sentaiyuanbio.com\/wp-content\/uploads\/2024\/07\/Bread-flour-supplier-2-300x200.jpg 300w, https:\/\/sentaiyuanbio.com\/wp-content\/uploads\/2024\/07\/Bread-flour-supplier-2-600x399.jpg 600w\" sizes=\"(max-width: 750px) 100vw, 750px\" \/><img decoding=\"async\" class=\"alignnone wp-image-2548 size-full\" src=\"https:\/\/sentaiyuanbio.com\/wp-content\/uploads\/2024\/07\/Bread-flour-supplier-3.jpg\" alt=\"Proveedor de harina de pan, Harina de pan al por mayor\" width=\"750\" height=\"437\" srcset=\"https:\/\/sentaiyuanbio.com\/wp-content\/uploads\/2024\/07\/Bread-flour-supplier-3.jpg 750w, https:\/\/sentaiyuanbio.com\/wp-content\/uploads\/2024\/07\/Bread-flour-supplier-3-300x175.jpg 300w, https:\/\/sentaiyuanbio.com\/wp-content\/uploads\/2024\/07\/Bread-flour-supplier-3-600x350.jpg 600w\" sizes=\"(max-width: 750px) 100vw, 750px\" \/><img loading=\"lazy\" decoding=\"async\" class=\"alignnone wp-image-2549 size-full\" src=\"https:\/\/sentaiyuanbio.com\/wp-content\/uploads\/2024\/07\/Bread-flour-supplier-4.jpg\" alt=\"Proveedor de harina de pan, Harina de pan al por mayor\" width=\"750\" height=\"603\" srcset=\"https:\/\/sentaiyuanbio.com\/wp-content\/uploads\/2024\/07\/Bread-flour-supplier-4.jpg 750w, https:\/\/sentaiyuanbio.com\/wp-content\/uploads\/2024\/07\/Bread-flour-supplier-4-300x241.jpg 300w, https:\/\/sentaiyuanbio.com\/wp-content\/uploads\/2024\/07\/Bread-flour-supplier-4-600x482.jpg 600w\" sizes=\"(max-width: 750px) 100vw, 750px\" \/><img loading=\"lazy\" decoding=\"async\" class=\"alignnone wp-image-2550 size-full\" src=\"https:\/\/sentaiyuanbio.com\/wp-content\/uploads\/2024\/07\/Bread-flour-supplier-5.jpg\" alt=\"Proveedor de harina de pan, Harina de pan al por mayor\" width=\"750\" height=\"362\" srcset=\"https:\/\/sentaiyuanbio.com\/wp-content\/uploads\/2024\/07\/Bread-flour-supplier-5.jpg 750w, https:\/\/sentaiyuanbio.com\/wp-content\/uploads\/2024\/07\/Bread-flour-supplier-5-300x145.jpg 300w, https:\/\/sentaiyuanbio.com\/wp-content\/uploads\/2024\/07\/Bread-flour-supplier-5-600x290.jpg 600w\" sizes=\"(max-width: 750px) 100vw, 750px\" \/><img loading=\"lazy\" decoding=\"async\" class=\"alignnone wp-image-2551 size-full\" src=\"https:\/\/sentaiyuanbio.com\/wp-content\/uploads\/2024\/07\/Bread-flour-supplier-6.jpg\" alt=\"Proveedor de harina de pan, Harina de pan al por mayor\" width=\"750\" height=\"472\" srcset=\"https:\/\/sentaiyuanbio.com\/wp-content\/uploads\/2024\/07\/Bread-flour-supplier-6.jpg 750w, https:\/\/sentaiyuanbio.com\/wp-content\/uploads\/2024\/07\/Bread-flour-supplier-6-300x189.jpg 300w, https:\/\/sentaiyuanbio.com\/wp-content\/uploads\/2024\/07\/Bread-flour-supplier-6-600x378.jpg 600w\" sizes=\"(max-width: 750px) 100vw, 750px\" \/><\/p>","protected":false},"excerpt":{"rendered":"<p>Nuestra harina panificable a granel es rica en prote\u00ednas y puede utilizarse para hacer pan franc\u00e9s, baguettes y mucho m\u00e1s. \u00a1Nuestra harina de pan MOQ es tan bajo como 100 cajas para uso comercial solamente!<br \/>\nSentaiyuan es una empresa de producci\u00f3n y venta de alimentos de konjac con m\u00e1s de 30 a\u00f1os de experiencia. Sentaiyuan es un proveedor mayorista y de harina panificable de confianza, y nuestra harina nunca compromete la baja calidad.<\/p>","protected":false},"featured_media":4165,"template":"","meta":{"site-sidebar-layout":"default","site-content-layout":"","ast-site-content-layout":"default","site-content-style":"default","site-sidebar-style":"default","ast-global-header-display":"","ast-banner-title-visibility":"","ast-main-header-display":"","ast-hfb-above-header-display":"","ast-hfb-below-header-display":"","ast-hfb-mobile-header-display":"","site-post-title":"","ast-breadcrumbs-content":"","ast-featured-img":"","footer-sml-layout":"","ast-disable-related-posts":"","theme-transparent-header-meta":"default","adv-header-id-meta":"","stick-header-meta":"default","header-above-stick-meta":"","header-main-stick-meta":"","header-below-stick-meta":"","astra-migrate-meta-layouts":"set","ast-page-background-enabled":"default","ast-page-background-meta":{"desktop":{"background-color":"","background-image":"","background-repeat":"repeat","background-position":"center center","background-size":"auto","background-attachment":"scroll","background-type":"","background-media":"","overlay-type":"","overlay-color":"","overlay-opacity":"","overlay-gradient":""},"tablet":{"background-color":"","background-image":"","background-repeat":"repeat","background-position":"center center","background-size":"auto","background-attachment":"scroll","background-type":"","background-media":"","overlay-type":"","overlay-color":"","overlay-opacity":"","overlay-gradient":""},"mobile":{"background-color":"","background-image":"","background-repeat":"repeat","background-position":"center center","background-size":"auto","background-attachment":"scroll","background-type":"","background-media":"","overlay-type":"","overlay-color":"","overlay-opacity":"","overlay-gradient":""}},"ast-content-background-meta":{"desktop":{"background-color":"var(--ast-global-color-5)","background-image":"","background-repeat":"repeat","background-position":"center center","background-size":"auto","background-attachment":"scroll","background-type":"","background-media":"","overlay-type":"","overlay-color":"","overlay-opacity":"","overlay-gradient":""},"tablet":{"background-color":"var(--ast-global-color-5)","background-image":"","background-repeat":"repeat","background-position":"center center","background-size":"auto","background-attachment":"scroll","background-type":"","background-media":"","overlay-type":"","overlay-color":"","overlay-opacity":"","overlay-gradient":""},"mobile":{"background-color":"var(--ast-global-color-5)","background-image":"","background-repeat":"repeat","background-position":"center center","background-size":"auto","background-attachment":"scroll","background-type":"","background-media":"","overlay-type":"","overlay-color":"","overlay-opacity":"","overlay-gradient":""}}},"product_brand":[],"product_cat":[24],"product_tag":[],"class_list":{"0":"post-2541","1":"product","2":"type-product","3":"status-publish","4":"has-post-thumbnail","6":"product_cat-konjac-dietary-fiber","7":"desktop-align-left","8":"tablet-align-left","9":"mobile-align-left","10":"ast-product-gallery-layout-horizontal-slider","11":"ast-product-tabs-layout-horizontal","13":"first","14":"instock","15":"shipping-taxable","16":"product-type-simple"},"_links":{"self":[{"href":"https:\/\/sentaiyuanbio.com\/es\/wp-json\/wp\/v2\/product\/2541","targetHints":{"allow":["GET"]}}],"collection":[{"href":"https:\/\/sentaiyuanbio.com\/es\/wp-json\/wp\/v2\/product"}],"about":[{"href":"https:\/\/sentaiyuanbio.com\/es\/wp-json\/wp\/v2\/types\/product"}],"version-history":[{"count":0,"href":"https:\/\/sentaiyuanbio.com\/es\/wp-json\/wp\/v2\/product\/2541\/revisions"}],"wp:featuredmedia":[{"embeddable":true,"href":"https:\/\/sentaiyuanbio.com\/es\/wp-json\/wp\/v2\/media\/4165"}],"wp:attachment":[{"href":"https:\/\/sentaiyuanbio.com\/es\/wp-json\/wp\/v2\/media?parent=2541"}],"wp:term":[{"taxonomy":"product_brand","embeddable":true,"href":"https:\/\/sentaiyuanbio.com\/es\/wp-json\/wp\/v2\/product_brand?post=2541"},{"taxonomy":"product_cat","embeddable":true,"href":"https:\/\/sentaiyuanbio.com\/es\/wp-json\/wp\/v2\/product_cat?post=2541"},{"taxonomy":"product_tag","embeddable":true,"href":"https:\/\/sentaiyuanbio.com\/es\/wp-json\/wp\/v2\/product_tag?post=2541"}],"curies":[{"name":"wp","href":"https:\/\/api.w.org\/{rel}","templated":true}]}}