{"id":2627,"date":"2024-07-26T07:34:26","date_gmt":"2024-07-26T07:34:26","guid":{"rendered":"https:\/\/sentaiyuanbio.com\/?post_type=product&#038;p=2627"},"modified":"2025-02-26T08:40:38","modified_gmt":"2025-02-26T08:40:38","slug":"mezcla-para-tortitas-rica-en-proteinas","status":"publish","type":"product","link":"https:\/\/sentaiyuanbio.com\/es\/producto\/mezcla-para-tortitas-rica-en-proteinas\/","title":{"rendered":"Mezcla rica en prote\u00ednas para tortitas, Proveedor mayorista de mezcla para tortitas"},"content":{"rendered":"<h2>Ingrediente de la mezcla para tortitas rica en prote\u00ednas:<\/h2>\n<p><a href=\"https:\/\/www.healthline.com\/nutrition\/erythritol\" target=\"_blank\" rel=\"noopener\">Eritritol<\/a>, Prote\u00edna de guisante en polvo, Gluten en polvo, Harina de avena, Dextrina resistente, Leche en polvo, Lactato de calcio, <a href=\"https:\/\/sentaiyuanbio.com\/es\/producto\/konjac-en-polvo\/\" target=\"_blank\" rel=\"noopener\">Polvo de konjac<\/a>, inulina, gluconato de zinc y pirofosfato de hierro.<\/p>\n<table border=\"1\" cellspacing=\"1\">\n<tbody>\n<tr>\n<td width=\"284\"><b>Art\u00edculo<\/b><\/td>\n<td width=\"284\">%<\/td>\n<\/tr>\n<tr>\n<td width=\"284\"><b>Eritritol<\/b><\/td>\n<td width=\"284\">34.88<\/td>\n<\/tr>\n<tr>\n<td width=\"284\"><b>Prote\u00edna de guisante en polvo<\/b><\/td>\n<td width=\"284\">20<\/td>\n<\/tr>\n<tr>\n<td width=\"284\"><b>Polvo de gluten<\/b><\/td>\n<td width=\"284\">15<\/td>\n<\/tr>\n<tr>\n<td width=\"284\"><b>Harina de avena<\/b><\/td>\n<td width=\"284\">15<\/td>\n<\/tr>\n<tr>\n<td width=\"284\"><b>Leche en polvo<\/b><\/td>\n<td width=\"284\">8<\/td>\n<\/tr>\n<tr>\n<td width=\"284\"><b>Dextrina resistente<\/b><\/td>\n<td width=\"284\">3<\/td>\n<\/tr>\n<tr>\n<td width=\"284\"><b>Konjac en polvo<\/b><\/td>\n<td width=\"284\">3<\/td>\n<\/tr>\n<tr>\n<td width=\"284\"><b>Inulina<\/b><\/td>\n<td width=\"284\">1<\/td>\n<\/tr>\n<tr>\n<td width=\"284\"><b>Lactato de calcio<\/b><\/td>\n<td width=\"284\">0.1<\/td>\n<\/tr>\n<tr>\n<td width=\"284\"><b>Gluconato de zinc<\/b><\/td>\n<td width=\"284\">0.01<\/td>\n<\/tr>\n<tr>\n<td width=\"284\"><b>Pirofosfato de hierro<\/b><\/td>\n<td width=\"284\">0.01<\/td>\n<\/tr>\n<\/tbody>\n<\/table>\n<p><strong>Peso neto<\/strong>: Envase de 150 g<br \/>\n<strong>Apariencia<\/strong>: Polvo<br \/>\n<strong>Caducidad<\/strong>: 12 meses<br \/>\n<strong>Almacenamiento<\/strong>: Conservar en un lugar fresco y seco y alejado de la luz fuerte y el calor.<\/p>\n<h2>Informaci\u00f3n nutricional de la mezcla para tortitas rica en prote\u00ednas:<\/h2>\n<table border=\"1\" cellspacing=\"1\">\n<tbody>\n<tr>\n<td width=\"284\"><b>Informaci\u00f3n nutricional<\/b><\/td>\n<td width=\"284\">Por raci\u00f3n<\/td>\n<\/tr>\n<tr>\n<td width=\"284\"><b>Energ\u00eda<\/b><\/td>\n<td width=\"284\">211Kcal<\/td>\n<\/tr>\n<tr>\n<td width=\"284\"><b>Prote\u00edna<\/b><\/td>\n<td width=\"284\">25g<\/td>\n<\/tr>\n<tr>\n<td width=\"284\"><b>Grasa total<\/b><\/td>\n<td width=\"284\">1.1g<\/td>\n<\/tr>\n<tr>\n<td width=\"284\"><b>Carbohidratos totales<\/b><\/td>\n<td width=\"284\">20g<\/td>\n<\/tr>\n<tr>\n<td width=\"284\"><b>Fibra diet\u00e9tica<\/b><\/td>\n<td width=\"284\">9.1g<\/td>\n<\/tr>\n<\/tbody>\n<\/table>\n<h2>Preparaci\u00f3n de la cocina<\/h2>\n<table border=\"1\" cellspacing=\"1\">\n<tbody>\n<tr>\n<td width=\"284\"><b>Mezcla proteica para tortitas baja en carbohidratos<\/b><\/td>\n<td width=\"284\">150g<\/td>\n<\/tr>\n<tr>\n<td width=\"284\"><b>Leche<\/b><\/td>\n<td width=\"284\">150g<\/td>\n<\/tr>\n<tr>\n<td width=\"284\"><b>Huevo<\/b><\/td>\n<td width=\"284\">1 unidad<\/td>\n<\/tr>\n<\/tbody>\n<\/table>\n<p><img fetchpriority=\"high\" decoding=\"async\" class=\"alignnone wp-image-2632 size-full\" src=\"https:\/\/sentaiyuanbio.com\/wp-content\/uploads\/2024\/07\/Wholesale-pancake-mix-1.jpg\" alt=\"Proveedor mayorista de mezcla para tortitas\" width=\"750\" height=\"649\" srcset=\"https:\/\/sentaiyuanbio.com\/wp-content\/uploads\/2024\/07\/Wholesale-pancake-mix-1.jpg 750w, https:\/\/sentaiyuanbio.com\/wp-content\/uploads\/2024\/07\/Wholesale-pancake-mix-1-300x260.jpg 300w, https:\/\/sentaiyuanbio.com\/wp-content\/uploads\/2024\/07\/Wholesale-pancake-mix-1-600x519.jpg 600w\" sizes=\"(max-width: 750px) 100vw, 750px\" \/><img decoding=\"async\" class=\"alignnone wp-image-2633 size-full\" src=\"https:\/\/sentaiyuanbio.com\/wp-content\/uploads\/2024\/07\/Wholesale-pancake-mix-2.jpg\" alt=\"Proveedor mayorista de mezcla para tortitas\" width=\"750\" height=\"342\" srcset=\"https:\/\/sentaiyuanbio.com\/wp-content\/uploads\/2024\/07\/Wholesale-pancake-mix-2.jpg 750w, https:\/\/sentaiyuanbio.com\/wp-content\/uploads\/2024\/07\/Wholesale-pancake-mix-2-300x137.jpg 300w, https:\/\/sentaiyuanbio.com\/wp-content\/uploads\/2024\/07\/Wholesale-pancake-mix-2-600x274.jpg 600w\" sizes=\"(max-width: 750px) 100vw, 750px\" \/><img decoding=\"async\" class=\"alignnone wp-image-2634 size-full\" src=\"https:\/\/sentaiyuanbio.com\/wp-content\/uploads\/2024\/07\/Wholesale-pancake-mix-3.jpg\" alt=\"Proveedor mayorista de mezcla para tortitas\" width=\"750\" height=\"604\" srcset=\"https:\/\/sentaiyuanbio.com\/wp-content\/uploads\/2024\/07\/Wholesale-pancake-mix-3.jpg 750w, https:\/\/sentaiyuanbio.com\/wp-content\/uploads\/2024\/07\/Wholesale-pancake-mix-3-300x242.jpg 300w, https:\/\/sentaiyuanbio.com\/wp-content\/uploads\/2024\/07\/Wholesale-pancake-mix-3-600x483.jpg 600w\" sizes=\"(max-width: 750px) 100vw, 750px\" \/><img loading=\"lazy\" decoding=\"async\" class=\"alignnone wp-image-2635 size-full\" src=\"https:\/\/sentaiyuanbio.com\/wp-content\/uploads\/2024\/07\/Wholesale-pancake-mix-4.jpg\" alt=\"Proveedor mayorista de mezcla para tortitas\" width=\"750\" height=\"606\" srcset=\"https:\/\/sentaiyuanbio.com\/wp-content\/uploads\/2024\/07\/Wholesale-pancake-mix-4.jpg 750w, https:\/\/sentaiyuanbio.com\/wp-content\/uploads\/2024\/07\/Wholesale-pancake-mix-4-300x242.jpg 300w, https:\/\/sentaiyuanbio.com\/wp-content\/uploads\/2024\/07\/Wholesale-pancake-mix-4-600x485.jpg 600w\" sizes=\"(max-width: 750px) 100vw, 750px\" \/><img loading=\"lazy\" decoding=\"async\" class=\"alignnone wp-image-2636 size-full\" src=\"https:\/\/sentaiyuanbio.com\/wp-content\/uploads\/2024\/07\/Wholesale-pancake-mix-5.jpg\" alt=\"Proveedor mayorista de mezcla para tortitas\" width=\"750\" height=\"627\" srcset=\"https:\/\/sentaiyuanbio.com\/wp-content\/uploads\/2024\/07\/Wholesale-pancake-mix-5.jpg 750w, https:\/\/sentaiyuanbio.com\/wp-content\/uploads\/2024\/07\/Wholesale-pancake-mix-5-300x251.jpg 300w, https:\/\/sentaiyuanbio.com\/wp-content\/uploads\/2024\/07\/Wholesale-pancake-mix-5-600x502.jpg 600w\" sizes=\"(max-width: 750px) 100vw, 750px\" \/><img loading=\"lazy\" decoding=\"async\" class=\"alignnone wp-image-2637 size-full\" style=\"font-style: inherit; font-weight: 600;\" src=\"https:\/\/sentaiyuanbio.com\/wp-content\/uploads\/2024\/07\/Wholesale-pancake-mix-6.jpg\" alt=\"Proveedor mayorista de mezcla para tortitas\" width=\"750\" height=\"814\" srcset=\"https:\/\/sentaiyuanbio.com\/wp-content\/uploads\/2024\/07\/Wholesale-pancake-mix-6.jpg 750w, https:\/\/sentaiyuanbio.com\/wp-content\/uploads\/2024\/07\/Wholesale-pancake-mix-6-276x300.jpg 276w, https:\/\/sentaiyuanbio.com\/wp-content\/uploads\/2024\/07\/Wholesale-pancake-mix-6-553x600.jpg 553w, https:\/\/sentaiyuanbio.com\/wp-content\/uploads\/2024\/07\/Wholesale-pancake-mix-6-600x651.jpg 600w\" sizes=\"(max-width: 750px) 100vw, 750px\" \/><\/p>","protected":false},"excerpt":{"rendered":"<p>Nuestra mezcla para tortitas rica en prote\u00ednas es una mezcla para tortitas y gofres. Una mezcla de prote\u00edna de guisante en polvo, harina de avena y harina de konjac proporciona 25 gramos de prote\u00edna por raci\u00f3n. Esta mezcla proteica casera para tortitas est\u00e1 elaborada con 7 ingredientes y \u00a1s\u00f3lo tiene 20 gramos de carbohidratos totales por raci\u00f3n! Sentaiyuan es un proveedor mayorista y de mezclas para tortitas de confianza, y nuestra mezcla prote\u00ednica para tortitas nunca renuncia a la baja calidad.<\/p>","protected":false},"featured_media":4164,"template":"","meta":{"site-sidebar-layout":"default","site-content-layout":"","ast-site-content-layout":"default","site-content-style":"default","site-sidebar-style":"default","ast-global-header-display":"","ast-banner-title-visibility":"","ast-main-header-display":"","ast-hfb-above-header-display":"","ast-hfb-below-header-display":"","ast-hfb-mobile-header-display":"","site-post-title":"","ast-breadcrumbs-content":"","ast-featured-img":"","footer-sml-layout":"","ast-disable-related-posts":"","theme-transparent-header-meta":"default","adv-header-id-meta":"","stick-header-meta":"default","header-above-stick-meta":"","header-main-stick-meta":"","header-below-stick-meta":"","astra-migrate-meta-layouts":"set","ast-page-background-enabled":"default","ast-page-background-meta":{"desktop":{"background-color":"","background-image":"","background-repeat":"repeat","background-position":"center center","background-size":"auto","background-attachment":"scroll","background-type":"","background-media":"","overlay-type":"","overlay-color":"","overlay-opacity":"","overlay-gradient":""},"tablet":{"background-color":"","background-image":"","background-repeat":"repeat","background-position":"center center","background-size":"auto","background-attachment":"scroll","background-type":"","background-media":"","overlay-type":"","overlay-color":"","overlay-opacity":"","overlay-gradient":""},"mobile":{"background-color":"","background-image":"","background-repeat":"repeat","background-position":"center center","background-size":"auto","background-attachment":"scroll","background-type":"","background-media":"","overlay-type":"","overlay-color":"","overlay-opacity":"","overlay-gradient":""}},"ast-content-background-meta":{"desktop":{"background-color":"var(--ast-global-color-5)","background-image":"","background-repeat":"repeat","background-position":"center center","background-size":"auto","background-attachment":"scroll","background-type":"","background-media":"","overlay-type":"","overlay-color":"","overlay-opacity":"","overlay-gradient":""},"tablet":{"background-color":"var(--ast-global-color-5)","background-image":"","background-repeat":"repeat","background-position":"center center","background-size":"auto","background-attachment":"scroll","background-type":"","background-media":"","overlay-type":"","overlay-color":"","overlay-opacity":"","overlay-gradient":""},"mobile":{"background-color":"var(--ast-global-color-5)","background-image":"","background-repeat":"repeat","background-position":"center center","background-size":"auto","background-attachment":"scroll","background-type":"","background-media":"","overlay-type":"","overlay-color":"","overlay-opacity":"","overlay-gradient":""}}},"product_brand":[],"product_cat":[24],"product_tag":[],"class_list":{"0":"post-2627","1":"product","2":"type-product","3":"status-publish","4":"has-post-thumbnail","6":"product_cat-konjac-dietary-fiber","7":"desktop-align-left","8":"tablet-align-left","9":"mobile-align-left","10":"ast-product-gallery-layout-horizontal-slider","11":"ast-product-tabs-layout-horizontal","13":"first","14":"instock","15":"shipping-taxable","16":"product-type-simple"},"_links":{"self":[{"href":"https:\/\/sentaiyuanbio.com\/es\/wp-json\/wp\/v2\/product\/2627","targetHints":{"allow":["GET"]}}],"collection":[{"href":"https:\/\/sentaiyuanbio.com\/es\/wp-json\/wp\/v2\/product"}],"about":[{"href":"https:\/\/sentaiyuanbio.com\/es\/wp-json\/wp\/v2\/types\/product"}],"version-history":[{"count":0,"href":"https:\/\/sentaiyuanbio.com\/es\/wp-json\/wp\/v2\/product\/2627\/revisions"}],"wp:featuredmedia":[{"embeddable":true,"href":"https:\/\/sentaiyuanbio.com\/es\/wp-json\/wp\/v2\/media\/4164"}],"wp:attachment":[{"href":"https:\/\/sentaiyuanbio.com\/es\/wp-json\/wp\/v2\/media?parent=2627"}],"wp:term":[{"taxonomy":"product_brand","embeddable":true,"href":"https:\/\/sentaiyuanbio.com\/es\/wp-json\/wp\/v2\/product_brand?post=2627"},{"taxonomy":"product_cat","embeddable":true,"href":"https:\/\/sentaiyuanbio.com\/es\/wp-json\/wp\/v2\/product_cat?post=2627"},{"taxonomy":"product_tag","embeddable":true,"href":"https:\/\/sentaiyuanbio.com\/es\/wp-json\/wp\/v2\/product_tag?post=2627"}],"curies":[{"name":"wp","href":"https:\/\/api.w.org\/{rel}","templated":true}]}}