{"id":2786,"date":"2024-09-24T06:47:49","date_gmt":"2024-09-24T06:47:49","guid":{"rendered":"https:\/\/sentaiyuanbio.com\/?post_type=product&#038;p=2786"},"modified":"2025-12-05T06:00:26","modified_gmt":"2025-12-05T06:00:26","slug":"ramen-instantaneo-rico-en-proteinas-sabor-ternera","status":"publish","type":"product","link":"https:\/\/sentaiyuanbio.com\/es\/producto\/ramen-instantaneo-rico-en-proteinas-sabor-ternera\/","title":{"rendered":"Ramen instant\u00e1neo alto en prote\u00ednas sabor carne, Ramen de prote\u00ednas vegetales"},"content":{"rendered":"<h2>Ramen instant\u00e1neo rico en prote\u00ednas, ingredientes para ramen con prote\u00ednas vegetales<\/h2>\n<p>Ingredientes del ramen: Gluten vital de trigo, Prote\u00edna de guisante, Harina de trigo, Harina de alforf\u00f3n, Fibra de guisante en polvo, Harina de arroz glutinoso, Hoja de morera, <a href=\"https:\/\/sentaiyuanbio.com\/es\/producto\/konjac-en-polvo\/\" target=\"_blank\" rel=\"noopener\">Polvo de konjac<\/a>, <a href=\"https:\/\/hethstia.com\/konjac-powder-vs-xanthan-gum\/\" target=\"_blank\" rel=\"noopener\">Goma xantana<\/a>, Carbonato s\u00f3dico.<\/p>\n<p>Condimento de ternera: Maltodextrina, Sal, Az\u00facar blanco granulado, Coco en polvo, Esencia comestible, 5'-ribonucle\u00f3tido dis\u00f3dico, Prote\u00edna vegetal hidrolizada, Cebolla en polvo, Guindilla en polvo, Ajo en polvo, Extracto de levadura, Condimento(Curry en polvo, pimienta molida), <a href=\"https:\/\/www.healthline.com\/health\/food-nutrition\/is-silicon-dioxide-in-supplements-safe\" target=\"_blank\" rel=\"noopener\">Di\u00f3xido de silicio<\/a>.<\/p>\n<p>Verduras: Cebolla verde, Zanahoria.<\/p>\n<p>Contiene: Productos a base de soja<\/p>\n<h2>Informaci\u00f3n nutricional del ramen instant\u00e1neo rico en prote\u00ednas<\/h2>\n<table border=\"1\" cellspacing=\"1\">\n<tbody>\n<tr>\n<td colspan=\"2\" align=\"center\">Informaci\u00f3n nutricional(62g)<\/td>\n<\/tr>\n<tr>\n<td align=\"center\" width=\"284\"><b>Energ\u00eda<\/b><\/td>\n<td align=\"center\" width=\"284\">230kcal<\/td>\n<\/tr>\n<tr>\n<td align=\"center\" width=\"284\"><b>Prote\u00edna<\/b><\/td>\n<td align=\"center\" width=\"284\">32g<\/td>\n<\/tr>\n<tr>\n<td align=\"center\" width=\"284\"><b>Grasa total<\/b><\/td>\n<td align=\"center\" width=\"284\">3g<\/td>\n<\/tr>\n<tr>\n<td align=\"center\" width=\"284\"><b>Carbohidratos totales<\/b><\/td>\n<td align=\"center\" width=\"284\">21g<\/td>\n<\/tr>\n<tr>\n<td align=\"center\" width=\"284\"><b>Fibra alimentaria<\/b><\/td>\n<td align=\"center\" width=\"284\">5g<\/td>\n<\/tr>\n<tr>\n<td align=\"center\" width=\"284\"><b>Sodio<\/b><\/td>\n<td align=\"center\" width=\"284\">630 mg<\/td>\n<\/tr>\n<\/tbody>\n<\/table>\n<p><img fetchpriority=\"high\" decoding=\"async\" class=\"alignnone wp-image-2793 size-full\" title=\"Ramen instant\u00e1neo alto en prote\u00ednas sabor ternera\" src=\"https:\/\/sentaiyuanbio.com\/wp-content\/uploads\/2024\/09\/high-protein-noodles-ramen-1.jpg\" alt=\"fideos ricos en prote\u00ednas ramen\" width=\"750\" height=\"604\" srcset=\"https:\/\/sentaiyuanbio.com\/wp-content\/uploads\/2024\/09\/high-protein-noodles-ramen-1.jpg 750w, https:\/\/sentaiyuanbio.com\/wp-content\/uploads\/2024\/09\/high-protein-noodles-ramen-1-300x242.jpg 300w, https:\/\/sentaiyuanbio.com\/wp-content\/uploads\/2024\/09\/high-protein-noodles-ramen-1-600x483.jpg 600w\" sizes=\"(max-width: 750px) 100vw, 750px\" \/> <img decoding=\"async\" class=\"alignnone wp-image-2794 size-full\" title=\"Ramen instant\u00e1neo alto en prote\u00ednas sabor ternera\" src=\"https:\/\/sentaiyuanbio.com\/wp-content\/uploads\/2024\/09\/high-protein-noodles-ramen-2.jpg\" alt=\"Ramen instant\u00e1neo alto en prote\u00ednas sabor ternera\" width=\"750\" height=\"589\" srcset=\"https:\/\/sentaiyuanbio.com\/wp-content\/uploads\/2024\/09\/high-protein-noodles-ramen-2.jpg 750w, https:\/\/sentaiyuanbio.com\/wp-content\/uploads\/2024\/09\/high-protein-noodles-ramen-2-300x236.jpg 300w, https:\/\/sentaiyuanbio.com\/wp-content\/uploads\/2024\/09\/high-protein-noodles-ramen-2-600x471.jpg 600w\" sizes=\"(max-width: 750px) 100vw, 750px\" \/> <img decoding=\"async\" class=\"alignnone wp-image-2795 size-full\" title=\"Ramen instant\u00e1neo alto en prote\u00ednas sabor ternera\" src=\"https:\/\/sentaiyuanbio.com\/wp-content\/uploads\/2024\/09\/high-protein-noodles-ramen-3.jpg\" alt=\"Ramen instant\u00e1neo alto en prote\u00ednas sabor ternera\" width=\"750\" height=\"451\" srcset=\"https:\/\/sentaiyuanbio.com\/wp-content\/uploads\/2024\/09\/high-protein-noodles-ramen-3.jpg 750w, https:\/\/sentaiyuanbio.com\/wp-content\/uploads\/2024\/09\/high-protein-noodles-ramen-3-300x180.jpg 300w, https:\/\/sentaiyuanbio.com\/wp-content\/uploads\/2024\/09\/high-protein-noodles-ramen-3-600x361.jpg 600w\" sizes=\"(max-width: 750px) 100vw, 750px\" \/> <img loading=\"lazy\" decoding=\"async\" class=\"alignnone wp-image-2796 size-full\" title=\"Ramen instant\u00e1neo alto en prote\u00ednas sabor ternera\" src=\"https:\/\/sentaiyuanbio.com\/wp-content\/uploads\/2024\/09\/high-protein-noodles-ramen-4.jpg\" alt=\"fideos ricos en prote\u00ednas ramen\" width=\"750\" height=\"569\" srcset=\"https:\/\/sentaiyuanbio.com\/wp-content\/uploads\/2024\/09\/high-protein-noodles-ramen-4.jpg 750w, https:\/\/sentaiyuanbio.com\/wp-content\/uploads\/2024\/09\/high-protein-noodles-ramen-4-300x228.jpg 300w, https:\/\/sentaiyuanbio.com\/wp-content\/uploads\/2024\/09\/high-protein-noodles-ramen-4-600x455.jpg 600w\" sizes=\"(max-width: 750px) 100vw, 750px\" \/> <img loading=\"lazy\" decoding=\"async\" class=\"alignnone wp-image-2797 size-full\" title=\"Ramen instant\u00e1neo alto en prote\u00ednas sabor ternera\" src=\"https:\/\/sentaiyuanbio.com\/wp-content\/uploads\/2024\/09\/high-protein-noodles-ramen-5.jpg\" alt=\"fideos ricos en prote\u00ednas ramen\" width=\"750\" height=\"818\" srcset=\"https:\/\/sentaiyuanbio.com\/wp-content\/uploads\/2024\/09\/high-protein-noodles-ramen-5.jpg 750w, https:\/\/sentaiyuanbio.com\/wp-content\/uploads\/2024\/09\/high-protein-noodles-ramen-5-275x300.jpg 275w, https:\/\/sentaiyuanbio.com\/wp-content\/uploads\/2024\/09\/high-protein-noodles-ramen-5-550x600.jpg 550w, https:\/\/sentaiyuanbio.com\/wp-content\/uploads\/2024\/09\/high-protein-noodles-ramen-5-600x654.jpg 600w\" sizes=\"(max-width: 750px) 100vw, 750px\" \/> <img loading=\"lazy\" decoding=\"async\" class=\"alignnone wp-image-2798 size-full\" title=\"Ramen instant\u00e1neo alto en prote\u00ednas sabor ternera\" src=\"https:\/\/sentaiyuanbio.com\/wp-content\/uploads\/2024\/09\/high-protein-noodles-ramen-6.jpg\" alt=\"Ramen instant\u00e1neo alto en prote\u00ednas sabor ternera\" width=\"750\" height=\"531\" srcset=\"https:\/\/sentaiyuanbio.com\/wp-content\/uploads\/2024\/09\/high-protein-noodles-ramen-6.jpg 750w, https:\/\/sentaiyuanbio.com\/wp-content\/uploads\/2024\/09\/high-protein-noodles-ramen-6-300x212.jpg 300w, https:\/\/sentaiyuanbio.com\/wp-content\/uploads\/2024\/09\/high-protein-noodles-ramen-6-600x425.jpg 600w\" sizes=\"(max-width: 750px) 100vw, 750px\" \/><\/p>\n<h2>Fideos ricos en prote\u00ednas Ramen sabor ternera Instrucciones de cocci\u00f3n<\/h2>\n<ul>\n<li>Pon el ramen de prote\u00edna vegetal y los paquetes de condimentos en un bol.<\/li>\n<li>Vierta agua hirviendo sobre el ramen hasta una posici\u00f3n moderada.<\/li>\n<li>Espere unos 5 minutos y \u00a1disfrute!<\/li>\n<\/ul>\n<p><a href=\"https:\/\/sentaiyuanbio.com\/wp-content\/uploads\/woocommerce_uploads\/2024\/09\/Instant-high-protein-ramen-spicy-beef-flavor-yytbao.pdf\" target=\"_blank\" rel=\"noopener\"><b>Descargar Informe SGS del ramen instant\u00e1neo rico en prote\u00ednas (sabor ternera picante)<\/b><\/a><\/p>","protected":false},"excerpt":{"rendered":"<p>Los fideos ramen instant\u00e1neos con alto contenido en prote\u00ednas Sentaiyuan son bajos en grasas y ricos en nutrientes. Tienen 30% menos de hidratos de carbono y 80% m\u00e1s de prote\u00ednas en comparaci\u00f3n con otros fideos. Con un peso neto de 62 gramos (2,19 onzas) por raci\u00f3n, cada raci\u00f3n de ramen contiene la friolera de 32 gramos de prote\u00ednas.<\/p>","protected":false},"featured_media":5511,"template":"","meta":{"site-sidebar-layout":"default","site-content-layout":"","ast-site-content-layout":"default","site-content-style":"default","site-sidebar-style":"default","ast-global-header-display":"","ast-banner-title-visibility":"","ast-main-header-display":"","ast-hfb-above-header-display":"","ast-hfb-below-header-display":"","ast-hfb-mobile-header-display":"","site-post-title":"","ast-breadcrumbs-content":"","ast-featured-img":"","footer-sml-layout":"","ast-disable-related-posts":"","theme-transparent-header-meta":"default","adv-header-id-meta":"","stick-header-meta":"default","header-above-stick-meta":"","header-main-stick-meta":"","header-below-stick-meta":"","astra-migrate-meta-layouts":"set","ast-page-background-enabled":"default","ast-page-background-meta":{"desktop":{"background-color":"","background-image":"","background-repeat":"repeat","background-position":"center center","background-size":"auto","background-attachment":"scroll","background-type":"","background-media":"","overlay-type":"","overlay-color":"","overlay-opacity":"","overlay-gradient":""},"tablet":{"background-color":"","background-image":"","background-repeat":"repeat","background-position":"center center","background-size":"auto","background-attachment":"scroll","background-type":"","background-media":"","overlay-type":"","overlay-color":"","overlay-opacity":"","overlay-gradient":""},"mobile":{"background-color":"","background-image":"","background-repeat":"repeat","background-position":"center center","background-size":"auto","background-attachment":"scroll","background-type":"","background-media":"","overlay-type":"","overlay-color":"","overlay-opacity":"","overlay-gradient":""}},"ast-content-background-meta":{"desktop":{"background-color":"var(--ast-global-color-5)","background-image":"","background-repeat":"repeat","background-position":"center center","background-size":"auto","background-attachment":"scroll","background-type":"","background-media":"","overlay-type":"","overlay-color":"","overlay-opacity":"","overlay-gradient":""},"tablet":{"background-color":"var(--ast-global-color-5)","background-image":"","background-repeat":"repeat","background-position":"center center","background-size":"auto","background-attachment":"scroll","background-type":"","background-media":"","overlay-type":"","overlay-color":"","overlay-opacity":"","overlay-gradient":""},"mobile":{"background-color":"var(--ast-global-color-5)","background-image":"","background-repeat":"repeat","background-position":"center center","background-size":"auto","background-attachment":"scroll","background-type":"","background-media":"","overlay-type":"","overlay-color":"","overlay-opacity":"","overlay-gradient":""}}},"product_brand":[],"product_cat":[248],"product_tag":[],"class_list":{"0":"post-2786","1":"product","2":"type-product","3":"status-publish","4":"has-post-thumbnail","6":"product_cat-low-carb-high-protein-noodles","7":"desktop-align-left","8":"tablet-align-left","9":"mobile-align-left","10":"ast-product-gallery-layout-horizontal-slider","11":"ast-product-tabs-layout-horizontal","13":"first","14":"instock","15":"shipping-taxable","16":"product-type-simple"},"_links":{"self":[{"href":"https:\/\/sentaiyuanbio.com\/es\/wp-json\/wp\/v2\/product\/2786","targetHints":{"allow":["GET"]}}],"collection":[{"href":"https:\/\/sentaiyuanbio.com\/es\/wp-json\/wp\/v2\/product"}],"about":[{"href":"https:\/\/sentaiyuanbio.com\/es\/wp-json\/wp\/v2\/types\/product"}],"version-history":[{"count":0,"href":"https:\/\/sentaiyuanbio.com\/es\/wp-json\/wp\/v2\/product\/2786\/revisions"}],"wp:featuredmedia":[{"embeddable":true,"href":"https:\/\/sentaiyuanbio.com\/es\/wp-json\/wp\/v2\/media\/5511"}],"wp:attachment":[{"href":"https:\/\/sentaiyuanbio.com\/es\/wp-json\/wp\/v2\/media?parent=2786"}],"wp:term":[{"taxonomy":"product_brand","embeddable":true,"href":"https:\/\/sentaiyuanbio.com\/es\/wp-json\/wp\/v2\/product_brand?post=2786"},{"taxonomy":"product_cat","embeddable":true,"href":"https:\/\/sentaiyuanbio.com\/es\/wp-json\/wp\/v2\/product_cat?post=2786"},{"taxonomy":"product_tag","embeddable":true,"href":"https:\/\/sentaiyuanbio.com\/es\/wp-json\/wp\/v2\/product_tag?post=2786"}],"curies":[{"name":"wp","href":"https:\/\/api.w.org\/{rel}","templated":true}]}}