{"id":2800,"date":"2024-09-25T06:46:45","date_gmt":"2024-09-25T06:46:45","guid":{"rendered":"https:\/\/sentaiyuanbio.com\/?post_type=product&#038;p=2800"},"modified":"2026-02-13T08:56:19","modified_gmt":"2026-02-13T08:56:19","slug":"ramen-instantaneo-tonkotsu-de-cerdo","status":"publish","type":"product","link":"https:\/\/sentaiyuanbio.com\/es\/producto\/ramen-instantaneo-tonkotsu-de-cerdo\/","title":{"rendered":"Ramen de cerdo sabor Tonkotsu, Ramen de prote\u00ednas vegetales"},"content":{"rendered":"<h2>Ramen instant\u00e1neo Tonkotsu de cerdo, ingredientes para ramen con prote\u00ednas vegetales<\/h2>\n<p><strong>Ingredientes del ramen:<\/strong> Gluten vital de trigo, Prote\u00edna de guisante, Harina de trigo, Harina de alforf\u00f3n, Fibra de guisante en polvo, Harina de arroz glutinoso, <a href=\"https:\/\/sentaiyuanbio.com\/es\/producto\/konjac-en-polvo\/\" target=\"_blank\" rel=\"noopener\">Polvo de konjac<\/a>, Goma xantana, Carbonato s\u00f3dico.<\/p>\n<p><strong>Condimento Tonkotsu de cerdo Ingredientes:<\/strong> Az\u00facar blanco granulado, Sal, Maltodextrina, Cebolla en polvo, Esencia comestible, <a href=\"https:\/\/www.atamanchemicals.com\/disodium-5--ribonucleotide_u26322\/\" target=\"_blank\" rel=\"noopener\">5'-ribonucle\u00f3tido dis\u00f3dico<\/a>, Prote\u00edna vegetal hidrolizada, Ajo en polvo, Jengibre en polvo, Extracto de levadura, Pimienta molida, Di\u00f3xido de silicio.<\/p>\n<p><strong>Verduras<\/strong>: Cebolla verde, Zanahoria<\/p>\n<p><strong>Contiene<\/strong>: Soja y productos a base de soja.<\/p>\n<h2>Fideos instant\u00e1neos con hueso de cerdo Informaci\u00f3n nutricional<\/h2>\n<p>&nbsp;<\/p>\n<table border=\"1\" cellspacing=\"1\">\n<tbody>\n<tr>\n<td colspan=\"2\" align=\"center\">Informaci\u00f3n nutricional(62g)<\/td>\n<\/tr>\n<tr>\n<td align=\"center\" width=\"284\"><b>Energ\u00eda<\/b><\/td>\n<td align=\"center\" width=\"284\">220kcal<\/td>\n<\/tr>\n<tr>\n<td align=\"center\" width=\"284\"><b>Prote\u00edna<\/b><\/td>\n<td align=\"center\" width=\"284\">31g<\/td>\n<\/tr>\n<tr>\n<td align=\"center\" width=\"284\"><b>Grasa total<\/b><\/td>\n<td align=\"center\" width=\"284\">2.5g<\/td>\n<\/tr>\n<tr>\n<td align=\"center\" width=\"284\"><b>Carbohidratos totales<\/b><\/td>\n<td align=\"center\" width=\"284\">21g<\/td>\n<\/tr>\n<tr>\n<td align=\"center\" width=\"284\"><b>Fibra alimentaria<\/b><\/td>\n<td align=\"center\" width=\"284\">5g<\/td>\n<\/tr>\n<tr>\n<td align=\"center\" width=\"284\"><strong>Calcio<\/strong><\/td>\n<td align=\"center\" width=\"284\">50,3 mg<\/td>\n<\/tr>\n<tr>\n<td align=\"center\" width=\"284\"><b>Hierro<\/b><\/td>\n<td align=\"center\" width=\"284\">5,1 mg<\/td>\n<\/tr>\n<tr>\n<td align=\"center\" width=\"284\"><b>Potasio <\/b><\/td>\n<td align=\"center\" width=\"284\">172mg<\/td>\n<\/tr>\n<tr>\n<td align=\"center\" width=\"284\"><b>Sodio<\/b><\/td>\n<td align=\"center\" width=\"284\">620mg<\/td>\n<\/tr>\n<\/tbody>\n<\/table>\n<p><img fetchpriority=\"high\" decoding=\"async\" class=\"alignnone wp-image-2809 size-full\" src=\"https:\/\/sentaiyuanbio.com\/wp-content\/uploads\/2024\/09\/Pork-Bone-Instant-Noodle-1.jpg\" alt=\"Fideos instant\u00e1neos con hueso de cerdo (1)\" width=\"750\" height=\"600\" srcset=\"https:\/\/sentaiyuanbio.com\/wp-content\/uploads\/2024\/09\/Pork-Bone-Instant-Noodle-1.jpg 750w, https:\/\/sentaiyuanbio.com\/wp-content\/uploads\/2024\/09\/Pork-Bone-Instant-Noodle-1-300x240.jpg 300w, https:\/\/sentaiyuanbio.com\/wp-content\/uploads\/2024\/09\/Pork-Bone-Instant-Noodle-1-600x480.jpg 600w\" sizes=\"(max-width: 750px) 100vw, 750px\" \/><img decoding=\"async\" class=\"alignnone wp-image-2805 size-full\" src=\"https:\/\/sentaiyuanbio.com\/wp-content\/uploads\/2024\/09\/Pork-Bone-Instant-Noodle-2.jpg\" alt=\"Fideos instant\u00e1neos con hueso de cerdo 6\" width=\"750\" height=\"413\" srcset=\"https:\/\/sentaiyuanbio.com\/wp-content\/uploads\/2024\/09\/Pork-Bone-Instant-Noodle-2.jpg 750w, https:\/\/sentaiyuanbio.com\/wp-content\/uploads\/2024\/09\/Pork-Bone-Instant-Noodle-2-300x165.jpg 300w, https:\/\/sentaiyuanbio.com\/wp-content\/uploads\/2024\/09\/Pork-Bone-Instant-Noodle-2-600x330.jpg 600w\" sizes=\"(max-width: 750px) 100vw, 750px\" \/><img decoding=\"async\" class=\"alignnone wp-image-2806 size-full\" src=\"https:\/\/sentaiyuanbio.com\/wp-content\/uploads\/2024\/09\/Pork-Bone-Instant-Noodle-3.jpg\" alt=\"Fideos instant\u00e1neos con hueso de cerdo 6\" width=\"750\" height=\"630\" srcset=\"https:\/\/sentaiyuanbio.com\/wp-content\/uploads\/2024\/09\/Pork-Bone-Instant-Noodle-3.jpg 750w, https:\/\/sentaiyuanbio.com\/wp-content\/uploads\/2024\/09\/Pork-Bone-Instant-Noodle-3-300x252.jpg 300w, https:\/\/sentaiyuanbio.com\/wp-content\/uploads\/2024\/09\/Pork-Bone-Instant-Noodle-3-600x504.jpg 600w\" sizes=\"(max-width: 750px) 100vw, 750px\" \/><img loading=\"lazy\" decoding=\"async\" class=\"alignnone wp-image-2807 size-full\" src=\"https:\/\/sentaiyuanbio.com\/wp-content\/uploads\/2024\/09\/Pork-Bone-Instant-Noodle-4.jpg\" alt=\"Fideos instant\u00e1neos con hueso de cerdo 6\" width=\"750\" height=\"450\" srcset=\"https:\/\/sentaiyuanbio.com\/wp-content\/uploads\/2024\/09\/Pork-Bone-Instant-Noodle-4.jpg 750w, https:\/\/sentaiyuanbio.com\/wp-content\/uploads\/2024\/09\/Pork-Bone-Instant-Noodle-4-300x180.jpg 300w, https:\/\/sentaiyuanbio.com\/wp-content\/uploads\/2024\/09\/Pork-Bone-Instant-Noodle-4-600x360.jpg 600w\" sizes=\"(max-width: 750px) 100vw, 750px\" \/><img loading=\"lazy\" decoding=\"async\" class=\"alignnone wp-image-2801 size-full\" src=\"https:\/\/sentaiyuanbio.com\/wp-content\/uploads\/2024\/09\/Pork-Bone-Instant-Noodle-6.jpg\" alt=\"Fideos instant\u00e1neos con hueso de cerdo (6)\" width=\"750\" height=\"525\" srcset=\"https:\/\/sentaiyuanbio.com\/wp-content\/uploads\/2024\/09\/Pork-Bone-Instant-Noodle-6.jpg 750w, https:\/\/sentaiyuanbio.com\/wp-content\/uploads\/2024\/09\/Pork-Bone-Instant-Noodle-6-300x210.jpg 300w, https:\/\/sentaiyuanbio.com\/wp-content\/uploads\/2024\/09\/Pork-Bone-Instant-Noodle-6-600x420.jpg 600w\" sizes=\"(max-width: 750px) 100vw, 750px\" \/><img loading=\"lazy\" decoding=\"async\" class=\"alignnone wp-image-2808 size-full\" src=\"https:\/\/sentaiyuanbio.com\/wp-content\/uploads\/2024\/09\/Pork-Bone-Instant-Noodle-5.jpg\" alt=\"Fideos instant\u00e1neos con hueso de cerdo 6\" width=\"750\" height=\"528\" srcset=\"https:\/\/sentaiyuanbio.com\/wp-content\/uploads\/2024\/09\/Pork-Bone-Instant-Noodle-5.jpg 750w, https:\/\/sentaiyuanbio.com\/wp-content\/uploads\/2024\/09\/Pork-Bone-Instant-Noodle-5-300x211.jpg 300w, https:\/\/sentaiyuanbio.com\/wp-content\/uploads\/2024\/09\/Pork-Bone-Instant-Noodle-5-600x422.jpg 600w\" sizes=\"(max-width: 750px) 100vw, 750px\" \/><img loading=\"lazy\" decoding=\"async\" class=\"wp-image-2804 size-full\" style=\"font-style: inherit; font-weight: 600;\" src=\"https:\/\/sentaiyuanbio.com\/wp-content\/uploads\/2024\/09\/Pork-Bone-Instant-Noodle-6-1.jpg\" alt=\"Fideos instant\u00e1neos con hueso de cerdo 6\" width=\"750\" height=\"440\" srcset=\"https:\/\/sentaiyuanbio.com\/wp-content\/uploads\/2024\/09\/Pork-Bone-Instant-Noodle-6-1.jpg 750w, https:\/\/sentaiyuanbio.com\/wp-content\/uploads\/2024\/09\/Pork-Bone-Instant-Noodle-6-1-300x176.jpg 300w, https:\/\/sentaiyuanbio.com\/wp-content\/uploads\/2024\/09\/Pork-Bone-Instant-Noodle-6-1-600x352.jpg 600w\" sizes=\"(max-width: 750px) 100vw, 750px\" \/><\/p>\n<h2>Instrucciones de cocci\u00f3n de los fideos instant\u00e1neos con huesos de cerdo ricos en prote\u00ednas<\/h2>\n<ul>\n<li>Pon el ramen de prote\u00edna vegetal y los paquetes de condimentos en un bol.<\/li>\n<li>Vierta agua hirviendo sobre el ramen hasta una posici\u00f3n moderada.<\/li>\n<li>Espere unos 5 minutos y \u00a1disfrute!<\/li>\n<\/ul>\n<p><a href=\"https:\/\/sentaiyuanbio.com\/wp-content\/uploads\/woocommerce_uploads\/2024\/09\/Instant-high-protein-ramen-Roasted-Pork-Tonkotsu-flavor-vjumjw.pdf\" target=\"_blank\" rel=\"noopener\"><b>Descargar Informe SGS del ramen instant\u00e1neo rico en prote\u00ednas (sabor tonkatsu de cerdo asado)<\/b><\/a><\/p>","protected":false},"excerpt":{"rendered":"<p>Fideos instant\u00e1neos con hueso de cerdo, obtenga la prote\u00edna de 5 huevos en s\u00f3lo uno de nuestros ramen instant\u00e1neos ricos en prote\u00ednas. 55g de ramen + 5g de condimento + 2g de verduras, 31g de prote\u00edna por peso de 2,19 onzas (62 gramos). Caracter\u00edsticas: SECADO AL AIRE, BAJO EN GRASA, NO FRITO, NO TRANSG\u00c9NICO, BAJO EN CARBOHIDRATOS.<\/p>","protected":false},"featured_media":5512,"template":"","meta":{"site-sidebar-layout":"default","site-content-layout":"","ast-site-content-layout":"default","site-content-style":"default","site-sidebar-style":"default","ast-global-header-display":"","ast-banner-title-visibility":"","ast-main-header-display":"","ast-hfb-above-header-display":"","ast-hfb-below-header-display":"","ast-hfb-mobile-header-display":"","site-post-title":"","ast-breadcrumbs-content":"","ast-featured-img":"","footer-sml-layout":"","ast-disable-related-posts":"","theme-transparent-header-meta":"default","adv-header-id-meta":"","stick-header-meta":"default","header-above-stick-meta":"","header-main-stick-meta":"","header-below-stick-meta":"","astra-migrate-meta-layouts":"set","ast-page-background-enabled":"default","ast-page-background-meta":{"desktop":{"background-color":"","background-image":"","background-repeat":"repeat","background-position":"center center","background-size":"auto","background-attachment":"scroll","background-type":"","background-media":"","overlay-type":"","overlay-color":"","overlay-opacity":"","overlay-gradient":""},"tablet":{"background-color":"","background-image":"","background-repeat":"repeat","background-position":"center center","background-size":"auto","background-attachment":"scroll","background-type":"","background-media":"","overlay-type":"","overlay-color":"","overlay-opacity":"","overlay-gradient":""},"mobile":{"background-color":"","background-image":"","background-repeat":"repeat","background-position":"center center","background-size":"auto","background-attachment":"scroll","background-type":"","background-media":"","overlay-type":"","overlay-color":"","overlay-opacity":"","overlay-gradient":""}},"ast-content-background-meta":{"desktop":{"background-color":"var(--ast-global-color-5)","background-image":"","background-repeat":"repeat","background-position":"center center","background-size":"auto","background-attachment":"scroll","background-type":"","background-media":"","overlay-type":"","overlay-color":"","overlay-opacity":"","overlay-gradient":""},"tablet":{"background-color":"var(--ast-global-color-5)","background-image":"","background-repeat":"repeat","background-position":"center center","background-size":"auto","background-attachment":"scroll","background-type":"","background-media":"","overlay-type":"","overlay-color":"","overlay-opacity":"","overlay-gradient":""},"mobile":{"background-color":"var(--ast-global-color-5)","background-image":"","background-repeat":"repeat","background-position":"center center","background-size":"auto","background-attachment":"scroll","background-type":"","background-media":"","overlay-type":"","overlay-color":"","overlay-opacity":"","overlay-gradient":""}}},"product_brand":[],"product_cat":[248],"product_tag":[],"class_list":{"0":"post-2800","1":"product","2":"type-product","3":"status-publish","4":"has-post-thumbnail","6":"product_cat-low-carb-high-protein-noodles","7":"desktop-align-left","8":"tablet-align-left","9":"mobile-align-left","10":"ast-product-gallery-layout-horizontal-slider","11":"ast-product-tabs-layout-horizontal","13":"first","14":"instock","15":"shipping-taxable","16":"product-type-simple"},"_links":{"self":[{"href":"https:\/\/sentaiyuanbio.com\/es\/wp-json\/wp\/v2\/product\/2800","targetHints":{"allow":["GET"]}}],"collection":[{"href":"https:\/\/sentaiyuanbio.com\/es\/wp-json\/wp\/v2\/product"}],"about":[{"href":"https:\/\/sentaiyuanbio.com\/es\/wp-json\/wp\/v2\/types\/product"}],"version-history":[{"count":0,"href":"https:\/\/sentaiyuanbio.com\/es\/wp-json\/wp\/v2\/product\/2800\/revisions"}],"wp:featuredmedia":[{"embeddable":true,"href":"https:\/\/sentaiyuanbio.com\/es\/wp-json\/wp\/v2\/media\/5512"}],"wp:attachment":[{"href":"https:\/\/sentaiyuanbio.com\/es\/wp-json\/wp\/v2\/media?parent=2800"}],"wp:term":[{"taxonomy":"product_brand","embeddable":true,"href":"https:\/\/sentaiyuanbio.com\/es\/wp-json\/wp\/v2\/product_brand?post=2800"},{"taxonomy":"product_cat","embeddable":true,"href":"https:\/\/sentaiyuanbio.com\/es\/wp-json\/wp\/v2\/product_cat?post=2800"},{"taxonomy":"product_tag","embeddable":true,"href":"https:\/\/sentaiyuanbio.com\/es\/wp-json\/wp\/v2\/product_tag?post=2800"}],"curies":[{"name":"wp","href":"https:\/\/api.w.org\/{rel}","templated":true}]}}