{"id":3000,"date":"2024-10-25T09:36:58","date_gmt":"2024-10-25T09:36:58","guid":{"rendered":"https:\/\/sentaiyuanbio.com\/?post_type=product&#038;p=3000"},"modified":"2025-02-26T04:13:03","modified_gmt":"2025-02-26T04:13:03","slug":"fabricante-de-goma-konjac","status":"publish","type":"product","link":"https:\/\/sentaiyuanbio.com\/es\/producto\/fabricante-de-goma-konjac\/","title":{"rendered":"Fabricante de goma konjac, productor de glucomanano konjac"},"content":{"rendered":"<h2>Sentaiyuan: El mejor fabricante de goma konjac, productor de goma konjac<\/h2>\n<p><strong>Goma konjac<\/strong> es una fibra soluble, formadora de volumen, derivada de la ra\u00edz de konjac (Amorphophallus konjac) que puede ayudar a mantener la regularidad intestinal y dejarle con sensaci\u00f3n de saciedad.<\/p>\n<p>Se utiliza para espesar sopas y salsas y para dar un agradable crujido a las galletas ceto, que no se consigue ni con la harina de almendras ni con la de coco. Ah, y adem\u00e1s este polvo no tiene olor a pescado.<\/p>\n<p>Nuestra <strong>Goma konjac<\/strong> se deriva de la ra\u00edz de konjac, tambi\u00e9n conocida como glucomanano o lengua del diablo. Tiene un efecto hinchante extremadamente alto y puede absorber hasta 200 veces su volumen de l\u00edquido, lo que produce una sensaci\u00f3n extremadamente saciante.<\/p>\n<h2>Especificaciones del fabricante de goma konjac<\/h2>\n<table class=\"two_elementor_element\" width=\"100%\" cellspacing=\"0\" cellpadding=\"0\">\n<tbody class=\"two_elementor_element\">\n<tr class=\"firstRow two_elementor_element\">\n<td class=\"two_elementor_element\" width=\"180\" height=\"20\">Nombre del producto<\/td>\n<td class=\"two_elementor_element\" width=\"392\">Fabricante de goma konjac - Grado aditivo alimentario<\/td>\n<\/tr>\n<tr class=\"two_elementor_element\">\n<td class=\"two_elementor_element\" width=\"180\" height=\"21\">Utilizaci\u00f3n<\/td>\n<td class=\"two_elementor_element\" width=\"392\">Dulces, <a href=\"https:\/\/sentaiyuanbio.com\/es\/categoria-producto\/konjac-jalea-en-polvo\/\" target=\"_blank\" rel=\"noopener\">Jelly<\/a>, Helados, Galletas Productos c\u00e1rnicos, Comida para mascotas, Panader\u00eda, Condimentos, C\u00e1psulas<\/td>\n<\/tr>\n<tr class=\"two_elementor_element\">\n<td class=\"two_elementor_element\" width=\"180\" height=\"21\">Funciones<\/td>\n<td class=\"two_elementor_element\" width=\"392\">Estabilizadores, <a href=\"https:\/\/hethstia.com\/konjac-gum-as-dietary-fiber-thickener-suspending-agent-additive\/\" target=\"_blank\" rel=\"noopener\">Espesantes<\/a><\/td>\n<\/tr>\n<tr class=\"two_elementor_element\">\n<td class=\"two_elementor_element\" width=\"180\" height=\"21\">Contenido de grasa<\/td>\n<td class=\"two_elementor_element\" width=\"392\">0g<\/td>\n<\/tr>\n<tr class=\"two_elementor_element\">\n<td class=\"two_elementor_element\" width=\"180\" height=\"21\">Peso<\/td>\n<td class=\"two_elementor_element\" width=\"392\">0,08 kg<\/td>\n<\/tr>\n<tr class=\"two_elementor_element\">\n<td class=\"two_elementor_element\" width=\"180\" height=\"21\">Duraci\u00f3n<\/td>\n<td class=\"two_elementor_element\" width=\"392\">24meses<\/td>\n<\/tr>\n<tr class=\"two_elementor_element\">\n<td class=\"two_elementor_element\" width=\"180\" height=\"21\">Certificados<\/td>\n<td class=\"two_elementor_element\" width=\"392\">IFS, BRC, KOSHER, HALAL, HACCP<\/td>\n<\/tr>\n<tr class=\"two_elementor_element\">\n<td class=\"two_elementor_element\" width=\"180\" height=\"21\">Paquete<\/td>\n<td class=\"two_elementor_element\" width=\"392\">Bolsa interior + Bolsa de pie \/ Caja de papel<\/td>\n<\/tr>\n<tr class=\"two_elementor_element\">\n<td class=\"two_elementor_element\" width=\"180\" height=\"21\">Almacenamiento<\/td>\n<td class=\"two_elementor_element\" width=\"392\">Temperatura ambiente, lugar fresco y seco, evite la luz solar directa<\/td>\n<\/tr>\n<tr class=\"two_elementor_element\">\n<td class=\"two_elementor_element\" width=\"180\" height=\"21\">Servicio<\/td>\n<td class=\"two_elementor_element\" width=\"392\">OEM, ODM, OBM<\/td>\n<\/tr>\n<tr class=\"two_elementor_element\">\n<td class=\"two_elementor_element\" width=\"180\" height=\"21\">Plazo de entrega<\/td>\n<td class=\"two_elementor_element\" width=\"392\">15-30 d\u00edas laborables<\/td>\n<\/tr>\n<\/tbody>\n<\/table>\n<h2>Sentaiyuan: El mejor fabricante de goma konjac de China<\/h2>\n<p><strong>He aqu\u00ed algunas de sus caracter\u00edsticas:<\/strong><\/p>\n<p><strong>Bajo en calor\u00edas<\/strong>: Tiene muy pocas calor\u00edas, lo que la convierte en una excelente alternativa para cualquiera que desee reducir su consumo de calor\u00edas.<\/p>\n<p><strong>Bajo en carbohidratos<\/strong>: Tiene muy pocos hidratos de carbono, lo que lo convierte en un buen sustituto del arroz normal para las personas que siguen dietas bajas en hidratos de carbono. S\u00f3lo incluye una peque\u00f1a parte de los carbohidratos que contiene el arroz normal.<\/p>\n<p><strong>Alto contenido en fibra<\/strong>: Contiene mucha fibra diet\u00e9tica, sobre todo fibra soluble llamada glucomanano. Esta fibra es buena para la digesti\u00f3n, favorece la sensaci\u00f3n de saciedad y puede ayudar a controlar el peso.<\/p>\n<p><strong>Sin gluten<\/strong>: No contiene gluten por naturaleza, por lo que es una opci\u00f3n excelente para cualquier persona sensible al gluten o que siga una dieta sin gluten.<\/p>\n<p><strong>Favorece la saciedad<\/strong>: Por su alto contenido en fibra, puede ayudar a reducir el hambre y el tama\u00f1o de las raciones.<\/p>\n<p><strong>Puede ayudar a controlar el peso<\/strong>: Por su bajo contenido en calor\u00edas y su alto contenido en fibra, es una elecci\u00f3n popular entre las personas que quieren perder o mantener un peso saludable.<\/p>\n<p>Aplicaci\u00f3n en la industria qu\u00edmica Debido a que el peso molecular medio del glucomanano de konjac es de 200.000 a 2.000.000, su viscosidad es alta y su fluidez es buena, se ha aplicado a industrias qu\u00edmicas como la del petr\u00f3leo, cataplasma de impresi\u00f3n de tintes, pel\u00edcula de terra, pa\u00f1ales, etc.<\/p>\n<p><img fetchpriority=\"high\" decoding=\"async\" class=\"alignnone wp-image-3006 size-full\" src=\"https:\/\/sentaiyuanbio.com\/wp-content\/uploads\/2024\/10\/konjac-gum-manufacturer.jpg\" alt=\"fabricante de goma konjac (productor de goma konjac)\" width=\"750\" height=\"550\" srcset=\"https:\/\/sentaiyuanbio.com\/wp-content\/uploads\/2024\/10\/konjac-gum-manufacturer.jpg 750w, https:\/\/sentaiyuanbio.com\/wp-content\/uploads\/2024\/10\/konjac-gum-manufacturer-300x220.jpg 300w, https:\/\/sentaiyuanbio.com\/wp-content\/uploads\/2024\/10\/konjac-gum-manufacturer-600x440.jpg 600w\" sizes=\"(max-width: 750px) 100vw, 750px\" \/><br \/>\n<img decoding=\"async\" class=\"alignnone wp-image-3007 size-full\" src=\"https:\/\/sentaiyuanbio.com\/wp-content\/uploads\/2024\/10\/konjac-gum-producer.jpg\" alt=\"fabricante de goma konjac (productor de goma konjac)\" width=\"749\" height=\"602\" srcset=\"https:\/\/sentaiyuanbio.com\/wp-content\/uploads\/2024\/10\/konjac-gum-producer.jpg 749w, https:\/\/sentaiyuanbio.com\/wp-content\/uploads\/2024\/10\/konjac-gum-producer-300x241.jpg 300w, https:\/\/sentaiyuanbio.com\/wp-content\/uploads\/2024\/10\/konjac-gum-producer-600x482.jpg 600w\" sizes=\"(max-width: 749px) 100vw, 749px\" \/><\/p>","protected":false},"excerpt":{"rendered":"<p>Fabricante de goma konjac, productor de goma konjac, aplicaci\u00f3n en la industria alimentaria: Alimentos gelificantes, se utiliza como agente espesante de alimentos y agente de adherencia, como gelatina, helado, gachas, carne, alimentos harinosos, bebidas s\u00f3lidas, mermelada, etc.<\/p>","protected":false},"featured_media":3005,"template":"","meta":{"site-sidebar-layout":"default","site-content-layout":"","ast-site-content-layout":"default","site-content-style":"default","site-sidebar-style":"default","ast-global-header-display":"","ast-banner-title-visibility":"","ast-main-header-display":"","ast-hfb-above-header-display":"","ast-hfb-below-header-display":"","ast-hfb-mobile-header-display":"","site-post-title":"","ast-breadcrumbs-content":"","ast-featured-img":"","footer-sml-layout":"","ast-disable-related-posts":"","theme-transparent-header-meta":"default","adv-header-id-meta":"","stick-header-meta":"default","header-above-stick-meta":"","header-main-stick-meta":"","header-below-stick-meta":"","astra-migrate-meta-layouts":"set","ast-page-background-enabled":"default","ast-page-background-meta":{"desktop":{"background-color":"","background-image":"","background-repeat":"repeat","background-position":"center center","background-size":"auto","background-attachment":"scroll","background-type":"","background-media":"","overlay-type":"","overlay-color":"","overlay-opacity":"","overlay-gradient":""},"tablet":{"background-color":"","background-image":"","background-repeat":"repeat","background-position":"center center","background-size":"auto","background-attachment":"scroll","background-type":"","background-media":"","overlay-type":"","overlay-color":"","overlay-opacity":"","overlay-gradient":""},"mobile":{"background-color":"","background-image":"","background-repeat":"repeat","background-position":"center center","background-size":"auto","background-attachment":"scroll","background-type":"","background-media":"","overlay-type":"","overlay-color":"","overlay-opacity":"","overlay-gradient":""}},"ast-content-background-meta":{"desktop":{"background-color":"var(--ast-global-color-5)","background-image":"","background-repeat":"repeat","background-position":"center center","background-size":"auto","background-attachment":"scroll","background-type":"","background-media":"","overlay-type":"","overlay-color":"","overlay-opacity":"","overlay-gradient":""},"tablet":{"background-color":"var(--ast-global-color-5)","background-image":"","background-repeat":"repeat","background-position":"center center","background-size":"auto","background-attachment":"scroll","background-type":"","background-media":"","overlay-type":"","overlay-color":"","overlay-opacity":"","overlay-gradient":""},"mobile":{"background-color":"var(--ast-global-color-5)","background-image":"","background-repeat":"repeat","background-position":"center center","background-size":"auto","background-attachment":"scroll","background-type":"","background-media":"","overlay-type":"","overlay-color":"","overlay-opacity":"","overlay-gradient":""}}},"product_brand":[],"product_cat":[24],"product_tag":[],"class_list":{"0":"post-3000","1":"product","2":"type-product","3":"status-publish","4":"has-post-thumbnail","6":"product_cat-konjac-dietary-fiber","7":"desktop-align-left","8":"tablet-align-left","9":"mobile-align-left","10":"ast-product-gallery-layout-horizontal-slider","11":"ast-product-tabs-layout-horizontal","13":"first","14":"instock","15":"shipping-taxable","16":"product-type-simple"},"_links":{"self":[{"href":"https:\/\/sentaiyuanbio.com\/es\/wp-json\/wp\/v2\/product\/3000","targetHints":{"allow":["GET"]}}],"collection":[{"href":"https:\/\/sentaiyuanbio.com\/es\/wp-json\/wp\/v2\/product"}],"about":[{"href":"https:\/\/sentaiyuanbio.com\/es\/wp-json\/wp\/v2\/types\/product"}],"version-history":[{"count":0,"href":"https:\/\/sentaiyuanbio.com\/es\/wp-json\/wp\/v2\/product\/3000\/revisions"}],"wp:featuredmedia":[{"embeddable":true,"href":"https:\/\/sentaiyuanbio.com\/es\/wp-json\/wp\/v2\/media\/3005"}],"wp:attachment":[{"href":"https:\/\/sentaiyuanbio.com\/es\/wp-json\/wp\/v2\/media?parent=3000"}],"wp:term":[{"taxonomy":"product_brand","embeddable":true,"href":"https:\/\/sentaiyuanbio.com\/es\/wp-json\/wp\/v2\/product_brand?post=3000"},{"taxonomy":"product_cat","embeddable":true,"href":"https:\/\/sentaiyuanbio.com\/es\/wp-json\/wp\/v2\/product_cat?post=3000"},{"taxonomy":"product_tag","embeddable":true,"href":"https:\/\/sentaiyuanbio.com\/es\/wp-json\/wp\/v2\/product_tag?post=3000"}],"curies":[{"name":"wp","href":"https:\/\/api.w.org\/{rel}","templated":true}]}}