{"id":3011,"date":"2024-10-28T09:35:32","date_gmt":"2024-10-28T09:35:32","guid":{"rendered":"https:\/\/sentaiyuanbio.com\/?post_type=product&#038;p=3011"},"modified":"2025-02-26T04:13:51","modified_gmt":"2025-02-26T04:13:51","slug":"harina-de-name-konjac-polvo-de-name-konjac","status":"publish","type":"product","link":"https:\/\/sentaiyuanbio.com\/es\/producto\/harina-de-name-konjac-polvo-de-name-konjac\/","title":{"rendered":"Harina de Yam Konjac, Polvo de Yam Konjac - Sentaiyuan Konjac"},"content":{"rendered":"<h2>Especificaci\u00f3n de la harina de \u00f1ame konjac<\/h2>\n<p>La harina de \u00f1ame konjac y el polvo de \u00f1ame konjac se aplican en la industria qu\u00edmica: Su peso molecular medio de 200.000 hasta 2.000.000 es tan grande, la viscosidad es alta y la fluidez es buena, que se ha aplicado a industrias qu\u00edmicas como la del petr\u00f3leo, el cataplasma de impresi\u00f3n de tintes, la pel\u00edcula de terra, el pa\u00f1al, etc.<\/p>\n<table class=\"two_elementor_element\" width=\"100%\" cellspacing=\"0\" cellpadding=\"0\">\n<tbody class=\"two_elementor_element\">\n<tr class=\"firstRow two_elementor_element\">\n<td class=\"two_elementor_element\" width=\"180\" height=\"20\">Nombre del producto<\/td>\n<td class=\"two_elementor_element\" width=\"392\">Yam konjac en polvo - Grado aditivo alimentario<\/td>\n<\/tr>\n<tr class=\"two_elementor_element\">\n<td class=\"two_elementor_element\" width=\"180\" height=\"21\">Utilizaci\u00f3n<\/td>\n<td class=\"two_elementor_element\" width=\"392\">Dulces, <a href=\"https:\/\/sentaiyuanbio.com\/es\/categoria-producto\/konjac-jalea-en-polvo\/\" target=\"_blank\" rel=\"noopener\">Jelly<\/a>, Helados, Galletas Productos c\u00e1rnicos, Comida para mascotas, Panader\u00eda, Condimentos, C\u00e1psulas<\/td>\n<\/tr>\n<tr class=\"two_elementor_element\">\n<td class=\"two_elementor_element\" width=\"180\" height=\"21\">Funciones<\/td>\n<td class=\"two_elementor_element\" width=\"392\">Estabilizadores, <a href=\"https:\/\/hethstia.com\/konjac-flour-as-a-food-thickener\/\" target=\"_blank\" rel=\"noopener\">Espesantes<\/a><\/td>\n<\/tr>\n<tr class=\"two_elementor_element\">\n<td class=\"two_elementor_element\" width=\"180\" height=\"21\">Contenido de grasa<\/td>\n<td class=\"two_elementor_element\" width=\"392\">0g<\/td>\n<\/tr>\n<tr class=\"two_elementor_element\">\n<td class=\"two_elementor_element\" width=\"180\" height=\"21\">Peso<\/td>\n<td class=\"two_elementor_element\" width=\"392\">0,08 kg<\/td>\n<\/tr>\n<tr class=\"two_elementor_element\">\n<td class=\"two_elementor_element\" width=\"180\" height=\"21\">Duraci\u00f3n<\/td>\n<td class=\"two_elementor_element\" width=\"392\">24meses<\/td>\n<\/tr>\n<tr class=\"two_elementor_element\">\n<td class=\"two_elementor_element\" width=\"180\" height=\"21\">Certificados<\/td>\n<td class=\"two_elementor_element\" width=\"392\">IFS, BRC, KOSHER, HALAL, HACCP<\/td>\n<\/tr>\n<tr class=\"two_elementor_element\">\n<td class=\"two_elementor_element\" width=\"180\" height=\"21\">Paquete<\/td>\n<td class=\"two_elementor_element\" width=\"392\">Bolsa interior + Bolsa de pie \/ Caja de papel<\/td>\n<\/tr>\n<tr class=\"two_elementor_element\">\n<td class=\"two_elementor_element\" width=\"180\" height=\"21\">Almacenamiento<\/td>\n<td class=\"two_elementor_element\" width=\"392\">Temperatura ambiente, lugar fresco y seco, evite la luz solar directa<\/td>\n<\/tr>\n<tr class=\"two_elementor_element\">\n<td class=\"two_elementor_element\" width=\"180\" height=\"21\">Servicio<\/td>\n<td class=\"two_elementor_element\" width=\"392\">OEM, ODM, OBM<\/td>\n<\/tr>\n<tr class=\"two_elementor_element\">\n<td class=\"two_elementor_element\" width=\"180\" height=\"21\">Plazo de entrega<\/td>\n<td class=\"two_elementor_element\" width=\"392\">15-30 d\u00edas laborables<\/td>\n<\/tr>\n<\/tbody>\n<\/table>\n<p>El polvo de konjac de \u00f1ame es una fibra soluble formadora de volumen. Se extrae de la ra\u00edz de la planta de \u00f1ame konjac. Puede ayudar a mantener la regularidad intestinal y dejarle con sensaci\u00f3n de saciedad.<\/p>\n<p>Se utiliza para espesar sopas y salsas y para dar un agradable crujido a las galletas ceto, que simplemente no se consigue ni con la harina de almendras ni con la de coco. Esta harina tampoco tiene olor a pescado.<\/p>\n<p>Caracter\u00edsticas del polvo de konjac de \u00f1ame Sentaiyuan: Bajo en calor\u00edas, Bajo en carbohidratos, Alto en fibra, Sin gluten, Textura gelatinosa, Pr\u00e1cticamente ins\u00edpido, R\u00e1pido y f\u00e1cil de preparar, Promueve la saciedad, Adecuado para diversas restricciones diet\u00e9ticas, y Puede ayudar en el control de peso.<\/p>\n<h2>Planta de \u00f1ame konjac<\/h2>\n<p><img fetchpriority=\"high\" decoding=\"async\" class=\"alignnone wp-image-3016 size-full\" src=\"https:\/\/sentaiyuanbio.com\/wp-content\/uploads\/2024\/10\/konjac-yam-plant.jpg\" alt=\"planta de \u00f1ame konjac\" width=\"800\" height=\"624\" srcset=\"https:\/\/sentaiyuanbio.com\/wp-content\/uploads\/2024\/10\/konjac-yam-plant.jpg 800w, https:\/\/sentaiyuanbio.com\/wp-content\/uploads\/2024\/10\/konjac-yam-plant-300x234.jpg 300w, https:\/\/sentaiyuanbio.com\/wp-content\/uploads\/2024\/10\/konjac-yam-plant-768x599.jpg 768w, https:\/\/sentaiyuanbio.com\/wp-content\/uploads\/2024\/10\/konjac-yam-plant-600x468.jpg 600w\" sizes=\"(max-width: 800px) 100vw, 800px\" \/><\/p>\n<p><img decoding=\"async\" class=\"alignnone wp-image-3017 size-full\" src=\"https:\/\/sentaiyuanbio.com\/wp-content\/uploads\/2024\/10\/konjac-yam-plant-2.jpg\" alt=\"planta de \u00f1ame konjac\" width=\"800\" height=\"919\" srcset=\"https:\/\/sentaiyuanbio.com\/wp-content\/uploads\/2024\/10\/konjac-yam-plant-2.jpg 800w, https:\/\/sentaiyuanbio.com\/wp-content\/uploads\/2024\/10\/konjac-yam-plant-2-261x300.jpg 261w, https:\/\/sentaiyuanbio.com\/wp-content\/uploads\/2024\/10\/konjac-yam-plant-2-768x882.jpg 768w, https:\/\/sentaiyuanbio.com\/wp-content\/uploads\/2024\/10\/konjac-yam-plant-2-522x600.jpg 522w, https:\/\/sentaiyuanbio.com\/wp-content\/uploads\/2024\/10\/konjac-yam-plant-2-600x689.jpg 600w\" sizes=\"(max-width: 800px) 100vw, 800px\" \/><\/p>\n<p><img decoding=\"async\" class=\"alignleft wp-image-3018 size-full\" src=\"https:\/\/sentaiyuanbio.com\/wp-content\/uploads\/2024\/10\/konjac-yam-plant-3.jpg\" alt=\"planta de \u00f1ame konjac\" width=\"800\" height=\"1171\" srcset=\"https:\/\/sentaiyuanbio.com\/wp-content\/uploads\/2024\/10\/konjac-yam-plant-3.jpg 800w, https:\/\/sentaiyuanbio.com\/wp-content\/uploads\/2024\/10\/konjac-yam-plant-3-205x300.jpg 205w, https:\/\/sentaiyuanbio.com\/wp-content\/uploads\/2024\/10\/konjac-yam-plant-3-700x1024.jpg 700w, https:\/\/sentaiyuanbio.com\/wp-content\/uploads\/2024\/10\/konjac-yam-plant-3-768x1124.jpg 768w, https:\/\/sentaiyuanbio.com\/wp-content\/uploads\/2024\/10\/konjac-yam-plant-3-410x600.jpg 410w, https:\/\/sentaiyuanbio.com\/wp-content\/uploads\/2024\/10\/konjac-yam-plant-3-600x878.jpg 600w\" sizes=\"(max-width: 800px) 100vw, 800px\" \/><\/p>","protected":false},"excerpt":{"rendered":"<p>La harina de \u00f1ame konjac y el polvo de \u00f1ame konjac de Sentaiyuan se elaboran a partir de ra\u00edces naturales de la planta de \u00f1ame konjac. Es rica en fibra diet\u00e9tica y baja en calor\u00edas, lo que la convierte en una gran elecci\u00f3n para quienes buscan mejorar su salud y bienestar general.<\/p>","protected":false},"featured_media":3012,"template":"","meta":{"site-sidebar-layout":"default","site-content-layout":"","ast-site-content-layout":"default","site-content-style":"default","site-sidebar-style":"default","ast-global-header-display":"","ast-banner-title-visibility":"","ast-main-header-display":"","ast-hfb-above-header-display":"","ast-hfb-below-header-display":"","ast-hfb-mobile-header-display":"","site-post-title":"","ast-breadcrumbs-content":"","ast-featured-img":"","footer-sml-layout":"","ast-disable-related-posts":"","theme-transparent-header-meta":"default","adv-header-id-meta":"","stick-header-meta":"default","header-above-stick-meta":"","header-main-stick-meta":"","header-below-stick-meta":"","astra-migrate-meta-layouts":"set","ast-page-background-enabled":"default","ast-page-background-meta":{"desktop":{"background-color":"","background-image":"","background-repeat":"repeat","background-position":"center center","background-size":"auto","background-attachment":"scroll","background-type":"","background-media":"","overlay-type":"","overlay-color":"","overlay-opacity":"","overlay-gradient":""},"tablet":{"background-color":"","background-image":"","background-repeat":"repeat","background-position":"center center","background-size":"auto","background-attachment":"scroll","background-type":"","background-media":"","overlay-type":"","overlay-color":"","overlay-opacity":"","overlay-gradient":""},"mobile":{"background-color":"","background-image":"","background-repeat":"repeat","background-position":"center center","background-size":"auto","background-attachment":"scroll","background-type":"","background-media":"","overlay-type":"","overlay-color":"","overlay-opacity":"","overlay-gradient":""}},"ast-content-background-meta":{"desktop":{"background-color":"var(--ast-global-color-5)","background-image":"","background-repeat":"repeat","background-position":"center center","background-size":"auto","background-attachment":"scroll","background-type":"","background-media":"","overlay-type":"","overlay-color":"","overlay-opacity":"","overlay-gradient":""},"tablet":{"background-color":"var(--ast-global-color-5)","background-image":"","background-repeat":"repeat","background-position":"center center","background-size":"auto","background-attachment":"scroll","background-type":"","background-media":"","overlay-type":"","overlay-color":"","overlay-opacity":"","overlay-gradient":""},"mobile":{"background-color":"var(--ast-global-color-5)","background-image":"","background-repeat":"repeat","background-position":"center center","background-size":"auto","background-attachment":"scroll","background-type":"","background-media":"","overlay-type":"","overlay-color":"","overlay-opacity":"","overlay-gradient":""}}},"product_brand":[],"product_cat":[24],"product_tag":[],"class_list":{"0":"post-3011","1":"product","2":"type-product","3":"status-publish","4":"has-post-thumbnail","6":"product_cat-konjac-dietary-fiber","7":"desktop-align-left","8":"tablet-align-left","9":"mobile-align-left","10":"ast-product-gallery-layout-horizontal-slider","11":"ast-product-tabs-layout-horizontal","13":"first","14":"instock","15":"shipping-taxable","16":"product-type-simple"},"_links":{"self":[{"href":"https:\/\/sentaiyuanbio.com\/es\/wp-json\/wp\/v2\/product\/3011","targetHints":{"allow":["GET"]}}],"collection":[{"href":"https:\/\/sentaiyuanbio.com\/es\/wp-json\/wp\/v2\/product"}],"about":[{"href":"https:\/\/sentaiyuanbio.com\/es\/wp-json\/wp\/v2\/types\/product"}],"version-history":[{"count":0,"href":"https:\/\/sentaiyuanbio.com\/es\/wp-json\/wp\/v2\/product\/3011\/revisions"}],"wp:featuredmedia":[{"embeddable":true,"href":"https:\/\/sentaiyuanbio.com\/es\/wp-json\/wp\/v2\/media\/3012"}],"wp:attachment":[{"href":"https:\/\/sentaiyuanbio.com\/es\/wp-json\/wp\/v2\/media?parent=3011"}],"wp:term":[{"taxonomy":"product_brand","embeddable":true,"href":"https:\/\/sentaiyuanbio.com\/es\/wp-json\/wp\/v2\/product_brand?post=3011"},{"taxonomy":"product_cat","embeddable":true,"href":"https:\/\/sentaiyuanbio.com\/es\/wp-json\/wp\/v2\/product_cat?post=3011"},{"taxonomy":"product_tag","embeddable":true,"href":"https:\/\/sentaiyuanbio.com\/es\/wp-json\/wp\/v2\/product_tag?post=3011"}],"curies":[{"name":"wp","href":"https:\/\/api.w.org\/{rel}","templated":true}]}}