{"id":3028,"date":"2024-10-29T09:29:20","date_gmt":"2024-10-29T09:29:20","guid":{"rendered":"https:\/\/sentaiyuanbio.com\/?post_type=product&#038;p=3028"},"modified":"2026-01-06T02:14:56","modified_gmt":"2026-01-06T02:14:56","slug":"tallarines-de-konjac-tallarines-de-shirataki","status":"publish","type":"product","link":"https:\/\/sentaiyuanbio.com\/es\/producto\/tallarines-de-konjac-tallarines-de-shirataki\/","title":{"rendered":"Konjac Tagliatelle, Shirataki Tagliatelle Pasta Org\u00e1nica"},"content":{"rendered":"<h2>Especificaciones de los tallarines Konjac y Shirataki<\/h2>\n<table width=\"100%\" cellspacing=\"0\" cellpadding=\"0\">\n<tbody>\n<tr class=\"firstRow\">\n<td width=\"180\" height=\"20\">Nombre del producto<\/td>\n<td width=\"392\">Tagliatelle Konjac Original<\/td>\n<\/tr>\n<tr>\n<td width=\"180\" height=\"21\">Ingrediente principal<\/td>\n<td width=\"392\">Polvo de konjac, agua<\/td>\n<\/tr>\n<tr>\n<td width=\"180\" height=\"21\">Sabores<\/td>\n<td width=\"392\">Original, zanahoria, tomate, avena, espinacas, algas, soja, calabaza y m\u00e1s<\/td>\n<\/tr>\n<tr>\n<td width=\"180\" height=\"39\">Caracter\u00edstica<\/td>\n<td width=\"392\">Sin olor, bajo en calor\u00edas, bajo en carbohidratos, sin gluten, sin az\u00facar, sin grasa, sin OMG, rico en fibra<\/td>\n<\/tr>\n<tr>\n<td width=\"180\" height=\"41\">Funciones<\/td>\n<td width=\"392\">Dieta vegetariana, p\u00e9rdida de peso, aumento de la saciedad<\/td>\n<\/tr>\n<tr>\n<td width=\"180\" height=\"21\">Fibra diet\u00e9tica<\/td>\n<td width=\"392\">2,8 g\/100 g<\/td>\n<\/tr>\n<tr>\n<td width=\"180\" height=\"21\">Energ\u00eda<\/td>\n<td width=\"392\">6 KCAL<\/td>\n<\/tr>\n<tr>\n<td width=\"180\" height=\"21\">Tiempo de cocci\u00f3n<\/td>\n<td width=\"392\">0-2 minutos<\/td>\n<\/tr>\n<tr>\n<td width=\"180\" height=\"21\">Peso<\/td>\n<td width=\"392\">0,2 kg<\/td>\n<\/tr>\n<tr>\n<td width=\"180\" height=\"21\">Duraci\u00f3n<\/td>\n<td width=\"392\">18 meses<\/td>\n<\/tr>\n<\/tbody>\n<\/table>\n<p>Cada 100 g de tagliatelle de konjac y tagliatelle de shirataki contiene 2,8 g de fibra diet\u00e9tica, solo 6 kcal de energ\u00eda y nada de grasa. Ideal para quienes buscan bajar de peso, hacerse veganos o simplemente quieren sentirse m\u00e1s saciados.<\/p>\n<p>Contamos con una impresionante capacidad de suministro de 3000 contenedores de 20 pies al a\u00f1o. Esto significa que puede estar seguro de que siempre tendremos provisiones para su pr\u00f3xima comida saludable.<\/p>\n<p>Es un tipo de sustituto de pasta elaborado a partir de la ra\u00edz de la planta Konjac que es bajo en calor\u00edas y carbohidratos.<\/p>\n<p>Los Tagliatelle Shirataki tienen las siguientes ventajas:<\/p>\n<ul>\n<li>Es una alternativa baja en calor\u00edas a los tagliatelle tradicionales de trigo. Es ideal para quienes desean reducir su consumo de calor\u00edas.<\/li>\n<li>Tiene un bajo contenido en carbohidratos, lo que lo hace ideal para personas que siguen dietas bajas en carbohidratos o cetog\u00e9nicas.<\/li>\n<li class=\"translation-block\">Tiene mucha fibra diet\u00e9tica, lo que puede ayudar con la digesti\u00f3n y hacer que te sientas lleno por m\u00e1s tiempo.<\/li>\n<li>Tiene una textura gelatinosa distintiva, diferente a la de la pasta de trigo com\u00fan. Es suave y masticable.<\/li>\n<li>Se puede sustituir por tagliatelle convencional en diversas recetas. Se puede usar con diversas salsas, verduras y carnes para preparar diversos platos.<\/li>\n<li>Es sin gluten, apto para vegetarianos y veganos. Ofrece una alternativa para personas con necesidades diet\u00e9ticas especiales.<\/li>\n<li class=\"translation-block\">No contiene gluten, por lo que es una opci\u00f3n adecuada para personas con sensibilidad al gluten o enfermedad cel\u00edaca.<\/li>\n<\/ul>\n<p><strong>Tagliatelle de Konjac sabor zanahoria<\/strong><br \/>\n<img fetchpriority=\"high\" decoding=\"async\" class=\"wp-image-3031 size-full\" style=\"font-style: inherit; font-weight: 600;\" src=\"https:\/\/sentaiyuanbio.com\/wp-content\/uploads\/2024\/10\/shirataki-tagliatelle.jpg\" alt=\"zanahorias Tallarines de konjac\" width=\"800\" height=\"800\" srcset=\"https:\/\/sentaiyuanbio.com\/wp-content\/uploads\/2024\/10\/shirataki-tagliatelle.jpg 800w, https:\/\/sentaiyuanbio.com\/wp-content\/uploads\/2024\/10\/shirataki-tagliatelle-600x600.jpg 600w, https:\/\/sentaiyuanbio.com\/wp-content\/uploads\/2024\/10\/shirataki-tagliatelle-100x100.jpg 100w, https:\/\/sentaiyuanbio.com\/wp-content\/uploads\/2024\/10\/shirataki-tagliatelle-300x300.jpg 300w, https:\/\/sentaiyuanbio.com\/wp-content\/uploads\/2024\/10\/shirataki-tagliatelle-150x150.jpg 150w, https:\/\/sentaiyuanbio.com\/wp-content\/uploads\/2024\/10\/shirataki-tagliatelle-768x768.jpg 768w\" sizes=\"(max-width: 800px) 100vw, 800px\" \/><\/p>\n<p><strong>Konjac Tagliatelle sabor alga<\/strong><br \/>\n<img decoding=\"async\" class=\"wp-image-3029 size-full\" style=\"font-size: 16px; font-style: inherit; font-weight: 600;\" src=\"https:\/\/sentaiyuanbio.com\/wp-content\/uploads\/2024\/10\/oat-shirataki-tagliatelle.jpg\" alt=\"Tallarines Shirataki de avena\" width=\"800\" height=\"800\" srcset=\"https:\/\/sentaiyuanbio.com\/wp-content\/uploads\/2024\/10\/oat-shirataki-tagliatelle.jpg 800w, https:\/\/sentaiyuanbio.com\/wp-content\/uploads\/2024\/10\/oat-shirataki-tagliatelle-600x600.jpg 600w, https:\/\/sentaiyuanbio.com\/wp-content\/uploads\/2024\/10\/oat-shirataki-tagliatelle-100x100.jpg 100w, https:\/\/sentaiyuanbio.com\/wp-content\/uploads\/2024\/10\/oat-shirataki-tagliatelle-300x300.jpg 300w, https:\/\/sentaiyuanbio.com\/wp-content\/uploads\/2024\/10\/oat-shirataki-tagliatelle-150x150.jpg 150w, https:\/\/sentaiyuanbio.com\/wp-content\/uploads\/2024\/10\/oat-shirataki-tagliatelle-768x768.jpg 768w\" sizes=\"(max-width: 800px) 100vw, 800px\" \/><\/p>\n<p><strong>Tagliatelle de Konjac sabor avena<\/strong><br \/>\n<img decoding=\"async\" class=\"alignnone wp-image-3029 size-full\" src=\"https:\/\/sentaiyuanbio.com\/wp-content\/uploads\/2024\/10\/oat-shirataki-tagliatelle.jpg\" alt=\"Tallarines Shirataki de avena\" width=\"800\" height=\"800\" srcset=\"https:\/\/sentaiyuanbio.com\/wp-content\/uploads\/2024\/10\/oat-shirataki-tagliatelle.jpg 800w, https:\/\/sentaiyuanbio.com\/wp-content\/uploads\/2024\/10\/oat-shirataki-tagliatelle-600x600.jpg 600w, https:\/\/sentaiyuanbio.com\/wp-content\/uploads\/2024\/10\/oat-shirataki-tagliatelle-100x100.jpg 100w, https:\/\/sentaiyuanbio.com\/wp-content\/uploads\/2024\/10\/oat-shirataki-tagliatelle-300x300.jpg 300w, https:\/\/sentaiyuanbio.com\/wp-content\/uploads\/2024\/10\/oat-shirataki-tagliatelle-150x150.jpg 150w, https:\/\/sentaiyuanbio.com\/wp-content\/uploads\/2024\/10\/oat-shirataki-tagliatelle-768x768.jpg 768w\" sizes=\"(max-width: 800px) 100vw, 800px\" \/><\/p>\n<style>.embed-container { position: relative; padding-bottom: 56.25%; height: 0; overflow: hidden; max-width: 100%; } .embed-container iframe, .embed-container object, .embed-container embed { position: absolute; top: 0; left: 0; width: 100%; height: 100%; }<\/style>\n<div class=\"embed-container\"><iframe src=\"https:\/\/www.youtube.com\/embed\/4D7vlIY8ScQ\" frameborder=\"0\" allowfullscreen=\"allowfullscreen\"><\/iframe><\/div>","protected":false},"excerpt":{"rendered":"<p class=\"translation-block\">Los deliciosos y nutritivos fideos tagliatelle de konjac de Sentaiyuan se elaboran en Sichuan, una ciudad famosa por su gastronom\u00eda. Nuestros tagliatelle Shirataki est\u00e1n disponibles en sabores naturales, de zanahoria, de avena y de algas, entre otros. Elaborados con harina de konjac de alta calidad y agua, este sustituto de pasta es ins\u00edpido, bajo en calor\u00edas y carbohidratos, sin gluten, sin az\u00facar, sin grasa, sin OMG, rico en fibra y apto para diversas dietas.<\/p>","protected":false},"featured_media":3884,"template":"","meta":{"site-sidebar-layout":"default","site-content-layout":"","ast-site-content-layout":"default","site-content-style":"default","site-sidebar-style":"default","ast-global-header-display":"","ast-banner-title-visibility":"","ast-main-header-display":"","ast-hfb-above-header-display":"","ast-hfb-below-header-display":"","ast-hfb-mobile-header-display":"","site-post-title":"","ast-breadcrumbs-content":"","ast-featured-img":"","footer-sml-layout":"","ast-disable-related-posts":"","theme-transparent-header-meta":"default","adv-header-id-meta":"","stick-header-meta":"default","header-above-stick-meta":"","header-main-stick-meta":"","header-below-stick-meta":"","astra-migrate-meta-layouts":"set","ast-page-background-enabled":"default","ast-page-background-meta":{"desktop":{"background-color":"","background-image":"","background-repeat":"repeat","background-position":"center center","background-size":"auto","background-attachment":"scroll","background-type":"","background-media":"","overlay-type":"","overlay-color":"","overlay-opacity":"","overlay-gradient":""},"tablet":{"background-color":"","background-image":"","background-repeat":"repeat","background-position":"center center","background-size":"auto","background-attachment":"scroll","background-type":"","background-media":"","overlay-type":"","overlay-color":"","overlay-opacity":"","overlay-gradient":""},"mobile":{"background-color":"","background-image":"","background-repeat":"repeat","background-position":"center center","background-size":"auto","background-attachment":"scroll","background-type":"","background-media":"","overlay-type":"","overlay-color":"","overlay-opacity":"","overlay-gradient":""}},"ast-content-background-meta":{"desktop":{"background-color":"var(--ast-global-color-5)","background-image":"","background-repeat":"repeat","background-position":"center center","background-size":"auto","background-attachment":"scroll","background-type":"","background-media":"","overlay-type":"","overlay-color":"","overlay-opacity":"","overlay-gradient":""},"tablet":{"background-color":"var(--ast-global-color-5)","background-image":"","background-repeat":"repeat","background-position":"center center","background-size":"auto","background-attachment":"scroll","background-type":"","background-media":"","overlay-type":"","overlay-color":"","overlay-opacity":"","overlay-gradient":""},"mobile":{"background-color":"var(--ast-global-color-5)","background-image":"","background-repeat":"repeat","background-position":"center center","background-size":"auto","background-attachment":"scroll","background-type":"","background-media":"","overlay-type":"","overlay-color":"","overlay-opacity":"","overlay-gradient":""}}},"product_brand":[],"product_cat":[22],"product_tag":[32],"class_list":{"0":"post-3028","1":"product","2":"type-product","3":"status-publish","4":"has-post-thumbnail","6":"product_cat-konjac-pasta","7":"product_tag-konjac-pasta","8":"desktop-align-left","9":"tablet-align-left","10":"mobile-align-left","11":"ast-product-gallery-layout-horizontal-slider","12":"ast-product-tabs-layout-horizontal","14":"first","15":"instock","16":"shipping-taxable","17":"product-type-simple"},"_links":{"self":[{"href":"https:\/\/sentaiyuanbio.com\/es\/wp-json\/wp\/v2\/product\/3028","targetHints":{"allow":["GET"]}}],"collection":[{"href":"https:\/\/sentaiyuanbio.com\/es\/wp-json\/wp\/v2\/product"}],"about":[{"href":"https:\/\/sentaiyuanbio.com\/es\/wp-json\/wp\/v2\/types\/product"}],"version-history":[{"count":0,"href":"https:\/\/sentaiyuanbio.com\/es\/wp-json\/wp\/v2\/product\/3028\/revisions"}],"wp:featuredmedia":[{"embeddable":true,"href":"https:\/\/sentaiyuanbio.com\/es\/wp-json\/wp\/v2\/media\/3884"}],"wp:attachment":[{"href":"https:\/\/sentaiyuanbio.com\/es\/wp-json\/wp\/v2\/media?parent=3028"}],"wp:term":[{"taxonomy":"product_brand","embeddable":true,"href":"https:\/\/sentaiyuanbio.com\/es\/wp-json\/wp\/v2\/product_brand?post=3028"},{"taxonomy":"product_cat","embeddable":true,"href":"https:\/\/sentaiyuanbio.com\/es\/wp-json\/wp\/v2\/product_cat?post=3028"},{"taxonomy":"product_tag","embeddable":true,"href":"https:\/\/sentaiyuanbio.com\/es\/wp-json\/wp\/v2\/product_tag?post=3028"}],"curies":[{"name":"wp","href":"https:\/\/api.w.org\/{rel}","templated":true}]}}