{"id":3046,"date":"2024-11-04T06:58:39","date_gmt":"2024-11-04T06:58:39","guid":{"rendered":"https:\/\/sentaiyuanbio.com\/?post_type=product&#038;p=3046"},"modified":"2026-02-13T08:33:31","modified_gmt":"2026-02-13T08:33:31","slug":"pollo-ramen-instantaneo","status":"publish","type":"product","link":"https:\/\/sentaiyuanbio.com\/es\/producto\/pollo-ramen-instantaneo\/","title":{"rendered":"Ramen Proteico Sabor Pollo, Ramen Proteico a Granel"},"content":{"rendered":"<h2>Ramen de pollo instant\u00e1neo Informaci\u00f3n nutricional (62 g por raci\u00f3n)<\/h2>\n<p><img fetchpriority=\"high\" decoding=\"async\" class=\"alignnone wp-image-3051 size-full\" title=\"Ramen de pollo instant\u00e1neo\" src=\"https:\/\/sentaiyuanbio.com\/wp-content\/uploads\/2024\/11\/Chicken-Flavor-Instant-Noodles.jpg\" alt=\"Ramen de pollo instant\u00e1neo\" width=\"1000\" height=\"1000\" srcset=\"https:\/\/sentaiyuanbio.com\/wp-content\/uploads\/2024\/11\/Chicken-Flavor-Instant-Noodles.jpg 1000w, https:\/\/sentaiyuanbio.com\/wp-content\/uploads\/2024\/11\/Chicken-Flavor-Instant-Noodles-600x600.jpg 600w, https:\/\/sentaiyuanbio.com\/wp-content\/uploads\/2024\/11\/Chicken-Flavor-Instant-Noodles-100x100.jpg 100w, https:\/\/sentaiyuanbio.com\/wp-content\/uploads\/2024\/11\/Chicken-Flavor-Instant-Noodles-300x300.jpg 300w, https:\/\/sentaiyuanbio.com\/wp-content\/uploads\/2024\/11\/Chicken-Flavor-Instant-Noodles-150x150.jpg 150w, https:\/\/sentaiyuanbio.com\/wp-content\/uploads\/2024\/11\/Chicken-Flavor-Instant-Noodles-768x768.jpg 768w\" sizes=\"(max-width: 1000px) 100vw, 1000px\" \/><\/p>\n<table border=\"1\" cellspacing=\"1\">\n<tbody>\n<tr>\n<td align=\"center\" width=\"284\"><b>Energ\u00eda<\/b><\/td>\n<td align=\"center\" width=\"284\">220 Kcal<\/td>\n<\/tr>\n<tr>\n<td align=\"center\" width=\"284\"><b>Carbohidratos<\/b><\/td>\n<td align=\"center\" width=\"284\">21g<\/td>\n<\/tr>\n<tr>\n<td align=\"center\" width=\"284\"><b>Grasa total<\/b><\/td>\n<td align=\"center\" width=\"284\">2.5g<\/td>\n<\/tr>\n<tr>\n<td align=\"center\" width=\"284\"><b>Prote\u00edna<\/b><\/td>\n<td align=\"center\" width=\"284\">32g<\/td>\n<\/tr>\n<tr>\n<td align=\"center\" width=\"284\"><b>Fibra alimentaria<\/b><\/td>\n<td align=\"center\" width=\"284\">5g<\/td>\n<\/tr>\n<tr>\n<td align=\"center\" width=\"284\"><b>Sodio<\/b><\/td>\n<td align=\"center\" width=\"284\">700 mg<\/td>\n<\/tr>\n<tr>\n<td align=\"center\" width=\"284\"><b>Hierro<\/b><\/td>\n<td align=\"center\" width=\"284\">4,9 mg<\/td>\n<\/tr>\n<tr>\n<td align=\"center\" width=\"284\"><b>Potasio<\/b><\/td>\n<td align=\"center\" width=\"284\">164 mg<\/td>\n<\/tr>\n<tr>\n<td align=\"center\" width=\"284\"><b>Calcio<\/b><\/td>\n<td align=\"center\" width=\"284\">47,8 mg<\/td>\n<\/tr>\n<\/tbody>\n<\/table>\n<h2>Fideos instant\u00e1neos ricos en prote\u00ednas, pasta proteica a granel Caracter\u00edsticas<\/h2>\n<ul>\n<li>Alto contenido en prote\u00ednas<\/li>\n<li>Secado al aire<\/li>\n<li>Menos carbohidratos<\/li>\n<li>A base de plantas<\/li>\n<li>Sin fre\u00edr<\/li>\n<li>Bajo en grasas<\/li>\n<\/ul>\n<p><img decoding=\"async\" class=\"alignnone wp-image-3052 size-full\" title=\"Fideos instant\u00e1neos ricos en prote\u00ednas\" src=\"https:\/\/sentaiyuanbio.com\/wp-content\/uploads\/2024\/11\/ramen-chicken-packet-1.jpg\" alt=\"Fideos instant\u00e1neos ricos en prote\u00ednas\" width=\"1000\" height=\"1000\" srcset=\"https:\/\/sentaiyuanbio.com\/wp-content\/uploads\/2024\/11\/ramen-chicken-packet-1.jpg 1000w, https:\/\/sentaiyuanbio.com\/wp-content\/uploads\/2024\/11\/ramen-chicken-packet-1-600x600.jpg 600w, https:\/\/sentaiyuanbio.com\/wp-content\/uploads\/2024\/11\/ramen-chicken-packet-1-100x100.jpg 100w, https:\/\/sentaiyuanbio.com\/wp-content\/uploads\/2024\/11\/ramen-chicken-packet-1-300x300.jpg 300w, https:\/\/sentaiyuanbio.com\/wp-content\/uploads\/2024\/11\/ramen-chicken-packet-1-150x150.jpg 150w, https:\/\/sentaiyuanbio.com\/wp-content\/uploads\/2024\/11\/ramen-chicken-packet-1-768x768.jpg 768w\" sizes=\"(max-width: 1000px) 100vw, 1000px\" \/><img decoding=\"async\" class=\"alignnone wp-image-3053 size-full\" src=\"https:\/\/sentaiyuanbio.com\/wp-content\/uploads\/2024\/11\/ramen-chicken-packet-2.jpg\" alt=\"Fideos instant\u00e1neos ricos en prote\u00ednas\" width=\"1000\" height=\"1000\" srcset=\"https:\/\/sentaiyuanbio.com\/wp-content\/uploads\/2024\/11\/ramen-chicken-packet-2.jpg 1000w, https:\/\/sentaiyuanbio.com\/wp-content\/uploads\/2024\/11\/ramen-chicken-packet-2-600x600.jpg 600w, https:\/\/sentaiyuanbio.com\/wp-content\/uploads\/2024\/11\/ramen-chicken-packet-2-100x100.jpg 100w, https:\/\/sentaiyuanbio.com\/wp-content\/uploads\/2024\/11\/ramen-chicken-packet-2-300x300.jpg 300w, https:\/\/sentaiyuanbio.com\/wp-content\/uploads\/2024\/11\/ramen-chicken-packet-2-150x150.jpg 150w, https:\/\/sentaiyuanbio.com\/wp-content\/uploads\/2024\/11\/ramen-chicken-packet-2-768x768.jpg 768w\" sizes=\"(max-width: 1000px) 100vw, 1000px\" \/><img loading=\"lazy\" decoding=\"async\" class=\"alignnone wp-image-3054 size-full\" src=\"https:\/\/sentaiyuanbio.com\/wp-content\/uploads\/2024\/11\/ramen-chicken-packet-5.jpg\" alt=\"paquete de pollo ramen\" width=\"1000\" height=\"1000\" srcset=\"https:\/\/sentaiyuanbio.com\/wp-content\/uploads\/2024\/11\/ramen-chicken-packet-5.jpg 1000w, https:\/\/sentaiyuanbio.com\/wp-content\/uploads\/2024\/11\/ramen-chicken-packet-5-600x600.jpg 600w, https:\/\/sentaiyuanbio.com\/wp-content\/uploads\/2024\/11\/ramen-chicken-packet-5-100x100.jpg 100w, https:\/\/sentaiyuanbio.com\/wp-content\/uploads\/2024\/11\/ramen-chicken-packet-5-300x300.jpg 300w, https:\/\/sentaiyuanbio.com\/wp-content\/uploads\/2024\/11\/ramen-chicken-packet-5-150x150.jpg 150w, https:\/\/sentaiyuanbio.com\/wp-content\/uploads\/2024\/11\/ramen-chicken-packet-5-768x768.jpg 768w\" sizes=\"(max-width: 1000px) 100vw, 1000px\" \/><img loading=\"lazy\" decoding=\"async\" class=\"alignnone wp-image-3055 size-full\" src=\"https:\/\/sentaiyuanbio.com\/wp-content\/uploads\/2024\/11\/ramen-chicken-packet-6.jpg\" alt=\"paquete de pollo ramen\" width=\"1000\" height=\"1000\" srcset=\"https:\/\/sentaiyuanbio.com\/wp-content\/uploads\/2024\/11\/ramen-chicken-packet-6.jpg 1000w, https:\/\/sentaiyuanbio.com\/wp-content\/uploads\/2024\/11\/ramen-chicken-packet-6-600x600.jpg 600w, https:\/\/sentaiyuanbio.com\/wp-content\/uploads\/2024\/11\/ramen-chicken-packet-6-100x100.jpg 100w, https:\/\/sentaiyuanbio.com\/wp-content\/uploads\/2024\/11\/ramen-chicken-packet-6-300x300.jpg 300w, https:\/\/sentaiyuanbio.com\/wp-content\/uploads\/2024\/11\/ramen-chicken-packet-6-150x150.jpg 150w, https:\/\/sentaiyuanbio.com\/wp-content\/uploads\/2024\/11\/ramen-chicken-packet-6-768x768.jpg 768w\" sizes=\"(max-width: 1000px) 100vw, 1000px\" \/><img loading=\"lazy\" decoding=\"async\" class=\"alignnone wp-image-3056 size-full\" src=\"https:\/\/sentaiyuanbio.com\/wp-content\/uploads\/2024\/11\/ramen-chicken-packet-3.jpg\" alt=\"paquete de pollo ramen\" width=\"1000\" height=\"1000\" srcset=\"https:\/\/sentaiyuanbio.com\/wp-content\/uploads\/2024\/11\/ramen-chicken-packet-3.jpg 1000w, https:\/\/sentaiyuanbio.com\/wp-content\/uploads\/2024\/11\/ramen-chicken-packet-3-600x600.jpg 600w, https:\/\/sentaiyuanbio.com\/wp-content\/uploads\/2024\/11\/ramen-chicken-packet-3-100x100.jpg 100w, https:\/\/sentaiyuanbio.com\/wp-content\/uploads\/2024\/11\/ramen-chicken-packet-3-300x300.jpg 300w, https:\/\/sentaiyuanbio.com\/wp-content\/uploads\/2024\/11\/ramen-chicken-packet-3-150x150.jpg 150w, https:\/\/sentaiyuanbio.com\/wp-content\/uploads\/2024\/11\/ramen-chicken-packet-3-768x768.jpg 768w\" sizes=\"(max-width: 1000px) 100vw, 1000px\" \/><\/p>","protected":false},"excerpt":{"rendered":"<p><strong>Ingredientes del ramen de pollo rico en prote\u00ednas<\/strong>: Gluten vital de trigo, Prote\u00edna de guisante, Harina de trigo, Harina de alforf\u00f3n, Fibra de guisante en polvo, Harina glutinosa de arroz, Hoja de morera, <a href=\"https:\/\/sentaiyuanbio.com\/es\/producto\/konjac-en-polvo\/\" target=\"_blank\" rel=\"noopener\">Polvo de konjac<\/a>, <a href=\"https:\/\/hethstia.com\/konjac-powder-vs-xanthan-gum\/\" target=\"_blank\" rel=\"noopener\">Goma xantana<\/a>, Carbonato s\u00f3dico.<\/p>\n<p><strong>Condimento para pollo<\/strong>: Maltodextrina, az\u00facar blanco granulado, sal, esencia comestible, 5'-ribonucle\u00f3tido dis\u00f3dico, ajo en polvo, cebolla en polvo, jengibre en polvo, prote\u00edna vegetal hidrolizada, extracto de levadura, pimienta blanca, chile en polvo, curry en polvo, c\u00farcuma en polvo, di\u00f3xido de silicio.<\/p>","protected":false},"featured_media":5510,"template":"","meta":{"site-sidebar-layout":"default","site-content-layout":"","ast-site-content-layout":"default","site-content-style":"default","site-sidebar-style":"default","ast-global-header-display":"","ast-banner-title-visibility":"","ast-main-header-display":"","ast-hfb-above-header-display":"","ast-hfb-below-header-display":"","ast-hfb-mobile-header-display":"","site-post-title":"","ast-breadcrumbs-content":"","ast-featured-img":"","footer-sml-layout":"","ast-disable-related-posts":"","theme-transparent-header-meta":"default","adv-header-id-meta":"","stick-header-meta":"default","header-above-stick-meta":"","header-main-stick-meta":"","header-below-stick-meta":"","astra-migrate-meta-layouts":"set","ast-page-background-enabled":"default","ast-page-background-meta":{"desktop":{"background-color":"","background-image":"","background-repeat":"repeat","background-position":"center center","background-size":"auto","background-attachment":"scroll","background-type":"","background-media":"","overlay-type":"","overlay-color":"","overlay-opacity":"","overlay-gradient":""},"tablet":{"background-color":"","background-image":"","background-repeat":"repeat","background-position":"center center","background-size":"auto","background-attachment":"scroll","background-type":"","background-media":"","overlay-type":"","overlay-color":"","overlay-opacity":"","overlay-gradient":""},"mobile":{"background-color":"","background-image":"","background-repeat":"repeat","background-position":"center center","background-size":"auto","background-attachment":"scroll","background-type":"","background-media":"","overlay-type":"","overlay-color":"","overlay-opacity":"","overlay-gradient":""}},"ast-content-background-meta":{"desktop":{"background-color":"var(--ast-global-color-5)","background-image":"","background-repeat":"repeat","background-position":"center center","background-size":"auto","background-attachment":"scroll","background-type":"","background-media":"","overlay-type":"","overlay-color":"","overlay-opacity":"","overlay-gradient":""},"tablet":{"background-color":"var(--ast-global-color-5)","background-image":"","background-repeat":"repeat","background-position":"center center","background-size":"auto","background-attachment":"scroll","background-type":"","background-media":"","overlay-type":"","overlay-color":"","overlay-opacity":"","overlay-gradient":""},"mobile":{"background-color":"var(--ast-global-color-5)","background-image":"","background-repeat":"repeat","background-position":"center center","background-size":"auto","background-attachment":"scroll","background-type":"","background-media":"","overlay-type":"","overlay-color":"","overlay-opacity":"","overlay-gradient":""}}},"product_brand":[],"product_cat":[248],"product_tag":[],"class_list":{"0":"post-3046","1":"product","2":"type-product","3":"status-publish","4":"has-post-thumbnail","6":"product_cat-low-carb-high-protein-noodles","7":"desktop-align-left","8":"tablet-align-left","9":"mobile-align-left","10":"ast-product-gallery-layout-horizontal-slider","11":"ast-product-tabs-layout-horizontal","13":"first","14":"instock","15":"shipping-taxable","16":"product-type-simple"},"_links":{"self":[{"href":"https:\/\/sentaiyuanbio.com\/es\/wp-json\/wp\/v2\/product\/3046","targetHints":{"allow":["GET"]}}],"collection":[{"href":"https:\/\/sentaiyuanbio.com\/es\/wp-json\/wp\/v2\/product"}],"about":[{"href":"https:\/\/sentaiyuanbio.com\/es\/wp-json\/wp\/v2\/types\/product"}],"version-history":[{"count":0,"href":"https:\/\/sentaiyuanbio.com\/es\/wp-json\/wp\/v2\/product\/3046\/revisions"}],"wp:featuredmedia":[{"embeddable":true,"href":"https:\/\/sentaiyuanbio.com\/es\/wp-json\/wp\/v2\/media\/5510"}],"wp:attachment":[{"href":"https:\/\/sentaiyuanbio.com\/es\/wp-json\/wp\/v2\/media?parent=3046"}],"wp:term":[{"taxonomy":"product_brand","embeddable":true,"href":"https:\/\/sentaiyuanbio.com\/es\/wp-json\/wp\/v2\/product_brand?post=3046"},{"taxonomy":"product_cat","embeddable":true,"href":"https:\/\/sentaiyuanbio.com\/es\/wp-json\/wp\/v2\/product_cat?post=3046"},{"taxonomy":"product_tag","embeddable":true,"href":"https:\/\/sentaiyuanbio.com\/es\/wp-json\/wp\/v2\/product_tag?post=3046"}],"curies":[{"name":"wp","href":"https:\/\/api.w.org\/{rel}","templated":true}]}}