{"id":3061,"date":"2024-11-05T06:41:49","date_gmt":"2024-11-05T06:41:49","guid":{"rendered":"https:\/\/sentaiyuanbio.com\/?post_type=product&#038;p=3061"},"modified":"2026-02-13T08:33:23","modified_gmt":"2026-02-13T08:33:23","slug":"paquete-de-fideos-ramen-de-ternera","status":"publish","type":"product","link":"https:\/\/sentaiyuanbio.com\/es\/producto\/paquete-de-fideos-ramen-de-ternera\/","title":{"rendered":"Paquete de Ramen Sabor Carne de Buey, Prote\u00edna Ramen a Granel"},"content":{"rendered":"<h2>Ramen de ternera rico en prote\u00ednas, pasta proteica a granel Informaci\u00f3n nutricional<\/h2>\n<table border=\"1\" cellspacing=\"1\">\n<tbody>\n<tr>\n<td colspan=\"2\" align=\"center\">Informaci\u00f3n nutricional por paquete (62 g)<\/td>\n<\/tr>\n<tr>\n<td align=\"center\" width=\"284\"><b>Energ\u00eda<\/b><\/td>\n<td align=\"center\" width=\"284\">230kcal<\/td>\n<\/tr>\n<tr>\n<td align=\"center\" width=\"284\"><b>Prote\u00edna<\/b><\/td>\n<td align=\"center\" width=\"284\">32g<\/td>\n<\/tr>\n<tr>\n<td align=\"center\" width=\"284\"><b>Grasa total<\/b><\/td>\n<td align=\"center\" width=\"284\">3g<\/td>\n<\/tr>\n<tr>\n<td align=\"center\" width=\"284\"><b>Carbohidratos totales<\/b><\/td>\n<td align=\"center\" width=\"284\">21g<\/td>\n<\/tr>\n<tr>\n<td align=\"center\" width=\"284\"><b>Fibra alimentaria<\/b><\/td>\n<td align=\"center\" width=\"284\">5g<\/td>\n<\/tr>\n<tr>\n<td align=\"center\" width=\"284\"><b>Sodio<\/b><\/td>\n<td align=\"center\" width=\"284\">630 mg<\/td>\n<\/tr>\n<\/tbody>\n<\/table>\n<p><img fetchpriority=\"high\" decoding=\"async\" class=\"alignnone wp-image-3066 size-full\" src=\"https:\/\/sentaiyuanbio.com\/wp-content\/uploads\/2024\/11\/High-Protein-Noodles-2.jpg\" alt=\"Paquete de fideos ramen de ternera\" width=\"1000\" height=\"1000\" srcset=\"https:\/\/sentaiyuanbio.com\/wp-content\/uploads\/2024\/11\/High-Protein-Noodles-2.jpg 1000w, https:\/\/sentaiyuanbio.com\/wp-content\/uploads\/2024\/11\/High-Protein-Noodles-2-600x600.jpg 600w, https:\/\/sentaiyuanbio.com\/wp-content\/uploads\/2024\/11\/High-Protein-Noodles-2-100x100.jpg 100w, https:\/\/sentaiyuanbio.com\/wp-content\/uploads\/2024\/11\/High-Protein-Noodles-2-300x300.jpg 300w, https:\/\/sentaiyuanbio.com\/wp-content\/uploads\/2024\/11\/High-Protein-Noodles-2-150x150.jpg 150w, https:\/\/sentaiyuanbio.com\/wp-content\/uploads\/2024\/11\/High-Protein-Noodles-2-768x768.jpg 768w\" sizes=\"(max-width: 1000px) 100vw, 1000px\" \/><\/p>\n<h2>Comparaci\u00f3n entre los fideos ramen de ternera y los fideos instant\u00e1neos tradicionales<\/h2>\n<p><img decoding=\"async\" class=\"alignnone wp-image-5058 size-full\" title=\"Paquete de fideos ramen de ternera\" src=\"https:\/\/sentaiyuanbio.com\/wp-content\/uploads\/2024\/11\/Beef-Ramen-Noodles-Packet_1-8.webp\" alt=\"Paquete de fideos ramen de ternera\" width=\"1000\" height=\"1000\" srcset=\"https:\/\/sentaiyuanbio.com\/wp-content\/uploads\/2024\/11\/Beef-Ramen-Noodles-Packet_1-8.webp 1000w, https:\/\/sentaiyuanbio.com\/wp-content\/uploads\/2024\/11\/Beef-Ramen-Noodles-Packet_1-8-600x600.webp 600w, https:\/\/sentaiyuanbio.com\/wp-content\/uploads\/2024\/11\/Beef-Ramen-Noodles-Packet_1-8-100x100.webp 100w, https:\/\/sentaiyuanbio.com\/wp-content\/uploads\/2024\/11\/Beef-Ramen-Noodles-Packet_1-8-300x300.webp 300w, https:\/\/sentaiyuanbio.com\/wp-content\/uploads\/2024\/11\/Beef-Ramen-Noodles-Packet_1-8-150x150.webp 150w, https:\/\/sentaiyuanbio.com\/wp-content\/uploads\/2024\/11\/Beef-Ramen-Noodles-Packet_1-8-768x768.webp 768w\" sizes=\"(max-width: 1000px) 100vw, 1000px\" \/><\/p>\n<h2>Ramen instant\u00e1neo alto en prote\u00ednas sabor ternera picante<\/h2>\n<p><img decoding=\"async\" class=\"alignnone wp-image-5059 size-full\" title=\"Pasta proteica a granel\" src=\"https:\/\/sentaiyuanbio.com\/wp-content\/uploads\/2024\/11\/Protein-Pasta-Bulk_1-1.webp\" alt=\"Pasta proteica a granel\" width=\"750\" height=\"577\" srcset=\"https:\/\/sentaiyuanbio.com\/wp-content\/uploads\/2024\/11\/Protein-Pasta-Bulk_1-1.webp 750w, https:\/\/sentaiyuanbio.com\/wp-content\/uploads\/2024\/11\/Protein-Pasta-Bulk_1-1-300x231.webp 300w, https:\/\/sentaiyuanbio.com\/wp-content\/uploads\/2024\/11\/Protein-Pasta-Bulk_1-1-600x462.webp 600w\" sizes=\"(max-width: 750px) 100vw, 750px\" \/> <img loading=\"lazy\" decoding=\"async\" class=\"alignnone wp-image-5060 size-full\" title=\"Pasta proteica a granel\" src=\"https:\/\/sentaiyuanbio.com\/wp-content\/uploads\/2024\/11\/Protein-Pasta-Bulk_1-2.webp\" alt=\"Pasta proteica a granel\" width=\"750\" height=\"476\" srcset=\"https:\/\/sentaiyuanbio.com\/wp-content\/uploads\/2024\/11\/Protein-Pasta-Bulk_1-2.webp 750w, https:\/\/sentaiyuanbio.com\/wp-content\/uploads\/2024\/11\/Protein-Pasta-Bulk_1-2-300x190.webp 300w, https:\/\/sentaiyuanbio.com\/wp-content\/uploads\/2024\/11\/Protein-Pasta-Bulk_1-2-600x381.webp 600w\" sizes=\"(max-width: 750px) 100vw, 750px\" \/> <img loading=\"lazy\" decoding=\"async\" class=\"alignnone wp-image-5061 size-full\" title=\"Pasta proteica a granel\" src=\"https:\/\/sentaiyuanbio.com\/wp-content\/uploads\/2024\/11\/Protein-Pasta-Bulk_1-3.webp\" alt=\"Pasta proteica a granel\" width=\"750\" height=\"575\" srcset=\"https:\/\/sentaiyuanbio.com\/wp-content\/uploads\/2024\/11\/Protein-Pasta-Bulk_1-3.webp 750w, https:\/\/sentaiyuanbio.com\/wp-content\/uploads\/2024\/11\/Protein-Pasta-Bulk_1-3-300x230.webp 300w, https:\/\/sentaiyuanbio.com\/wp-content\/uploads\/2024\/11\/Protein-Pasta-Bulk_1-3-600x460.webp 600w\" sizes=\"(max-width: 750px) 100vw, 750px\" \/> <img loading=\"lazy\" decoding=\"async\" class=\"alignnone wp-image-5062 size-full\" title=\"Pasta proteica a granel\" src=\"https:\/\/sentaiyuanbio.com\/wp-content\/uploads\/2024\/11\/Protein-Pasta-Bulk_1-4.webp\" alt=\"Pasta proteica a granel\" width=\"750\" height=\"597\" srcset=\"https:\/\/sentaiyuanbio.com\/wp-content\/uploads\/2024\/11\/Protein-Pasta-Bulk_1-4.webp 750w, https:\/\/sentaiyuanbio.com\/wp-content\/uploads\/2024\/11\/Protein-Pasta-Bulk_1-4-300x239.webp 300w, https:\/\/sentaiyuanbio.com\/wp-content\/uploads\/2024\/11\/Protein-Pasta-Bulk_1-4-600x478.webp 600w\" sizes=\"(max-width: 750px) 100vw, 750px\" \/> <img loading=\"lazy\" decoding=\"async\" class=\"alignnone wp-image-5063 size-full\" title=\"Pasta proteica a granel\" src=\"https:\/\/sentaiyuanbio.com\/wp-content\/uploads\/2024\/11\/Protein-Pasta-Bulk_1-5.webp\" alt=\"Pasta proteica a granel\" width=\"750\" height=\"600\" srcset=\"https:\/\/sentaiyuanbio.com\/wp-content\/uploads\/2024\/11\/Protein-Pasta-Bulk_1-5.webp 750w, https:\/\/sentaiyuanbio.com\/wp-content\/uploads\/2024\/11\/Protein-Pasta-Bulk_1-5-300x240.webp 300w, https:\/\/sentaiyuanbio.com\/wp-content\/uploads\/2024\/11\/Protein-Pasta-Bulk_1-5-600x480.webp 600w\" sizes=\"(max-width: 750px) 100vw, 750px\" \/> <img loading=\"lazy\" decoding=\"async\" class=\"alignnone wp-image-5064 size-full\" title=\"Pasta proteica a granel\" src=\"https:\/\/sentaiyuanbio.com\/wp-content\/uploads\/2024\/11\/Protein-Pasta-Bulk_1-6.webp\" alt=\"Pasta proteica a granel\" width=\"750\" height=\"601\" srcset=\"https:\/\/sentaiyuanbio.com\/wp-content\/uploads\/2024\/11\/Protein-Pasta-Bulk_1-6.webp 750w, https:\/\/sentaiyuanbio.com\/wp-content\/uploads\/2024\/11\/Protein-Pasta-Bulk_1-6-300x240.webp 300w, https:\/\/sentaiyuanbio.com\/wp-content\/uploads\/2024\/11\/Protein-Pasta-Bulk_1-6-600x481.webp 600w\" sizes=\"(max-width: 750px) 100vw, 750px\" \/> <img loading=\"lazy\" decoding=\"async\" class=\"alignnone wp-image-5065 size-full\" title=\"Pasta proteica a granel\" src=\"https:\/\/sentaiyuanbio.com\/wp-content\/uploads\/2024\/11\/Protein-Pasta-Bulk_1-7.webp\" alt=\"Pasta proteica a granel\" width=\"750\" height=\"479\" srcset=\"https:\/\/sentaiyuanbio.com\/wp-content\/uploads\/2024\/11\/Protein-Pasta-Bulk_1-7.webp 750w, https:\/\/sentaiyuanbio.com\/wp-content\/uploads\/2024\/11\/Protein-Pasta-Bulk_1-7-300x192.webp 300w, https:\/\/sentaiyuanbio.com\/wp-content\/uploads\/2024\/11\/Protein-Pasta-Bulk_1-7-600x383.webp 600w\" sizes=\"(max-width: 750px) 100vw, 750px\" \/><\/p>","protected":false},"excerpt":{"rendered":"<p>Paquete de fideos ramen de ternera Ingredientes: Gluten vital de trigo, Prote\u00edna de guisante, Harina de trigo, Harina de alforf\u00f3n, Fibra de guisante en polvo, Harina glutinosa de arroz, Hoja de mora, <a href=\"https:\/\/sentaiyuanbio.com\/es\/categoria-producto\/fibra-alimentaria-konjac\/\" target=\"_blank\" rel=\"noopener\">Polvo de konjac<\/a>Goma xantana, <a href=\"https:\/\/pubchem.ncbi.nlm.nih.gov\/compound\/Sodium-Carbonate\" target=\"_blank\" rel=\"noopener\">Carbonato s\u00f3dico<\/a>. Verduras: Cebolla verde, Zanahoria.<\/p>\n<p>Condimento de ternera: Maltodextrina, Sal, Az\u00facar blanco granulado, Coco en polvo, Esencia comestible, 5\u2032-ribonucle\u00f3tido dis\u00f3dico, Prote\u00edna vegetal hidrolizada, Cebolla en polvo, Guindilla en polvo, Ajo en polvo, Extracto de levadura, Condimento (Curry en polvo, Pimienta molida), Di\u00f3xido de silicio.<\/p>","protected":false},"featured_media":5119,"template":"","meta":{"site-sidebar-layout":"default","site-content-layout":"","ast-site-content-layout":"default","site-content-style":"default","site-sidebar-style":"default","ast-global-header-display":"","ast-banner-title-visibility":"","ast-main-header-display":"","ast-hfb-above-header-display":"","ast-hfb-below-header-display":"","ast-hfb-mobile-header-display":"","site-post-title":"","ast-breadcrumbs-content":"","ast-featured-img":"","footer-sml-layout":"","ast-disable-related-posts":"","theme-transparent-header-meta":"default","adv-header-id-meta":"","stick-header-meta":"default","header-above-stick-meta":"","header-main-stick-meta":"","header-below-stick-meta":"","astra-migrate-meta-layouts":"set","ast-page-background-enabled":"default","ast-page-background-meta":{"desktop":{"background-color":"","background-image":"","background-repeat":"repeat","background-position":"center center","background-size":"auto","background-attachment":"scroll","background-type":"","background-media":"","overlay-type":"","overlay-color":"","overlay-opacity":"","overlay-gradient":""},"tablet":{"background-color":"","background-image":"","background-repeat":"repeat","background-position":"center center","background-size":"auto","background-attachment":"scroll","background-type":"","background-media":"","overlay-type":"","overlay-color":"","overlay-opacity":"","overlay-gradient":""},"mobile":{"background-color":"","background-image":"","background-repeat":"repeat","background-position":"center center","background-size":"auto","background-attachment":"scroll","background-type":"","background-media":"","overlay-type":"","overlay-color":"","overlay-opacity":"","overlay-gradient":""}},"ast-content-background-meta":{"desktop":{"background-color":"var(--ast-global-color-5)","background-image":"","background-repeat":"repeat","background-position":"center center","background-size":"auto","background-attachment":"scroll","background-type":"","background-media":"","overlay-type":"","overlay-color":"","overlay-opacity":"","overlay-gradient":""},"tablet":{"background-color":"var(--ast-global-color-5)","background-image":"","background-repeat":"repeat","background-position":"center center","background-size":"auto","background-attachment":"scroll","background-type":"","background-media":"","overlay-type":"","overlay-color":"","overlay-opacity":"","overlay-gradient":""},"mobile":{"background-color":"var(--ast-global-color-5)","background-image":"","background-repeat":"repeat","background-position":"center center","background-size":"auto","background-attachment":"scroll","background-type":"","background-media":"","overlay-type":"","overlay-color":"","overlay-opacity":"","overlay-gradient":""}}},"product_brand":[],"product_cat":[248],"product_tag":[],"class_list":{"0":"post-3061","1":"product","2":"type-product","3":"status-publish","4":"has-post-thumbnail","6":"product_cat-low-carb-high-protein-noodles","7":"desktop-align-left","8":"tablet-align-left","9":"mobile-align-left","10":"ast-product-gallery-layout-horizontal-slider","11":"ast-product-tabs-layout-horizontal","13":"first","14":"instock","15":"shipping-taxable","16":"product-type-simple"},"_links":{"self":[{"href":"https:\/\/sentaiyuanbio.com\/es\/wp-json\/wp\/v2\/product\/3061","targetHints":{"allow":["GET"]}}],"collection":[{"href":"https:\/\/sentaiyuanbio.com\/es\/wp-json\/wp\/v2\/product"}],"about":[{"href":"https:\/\/sentaiyuanbio.com\/es\/wp-json\/wp\/v2\/types\/product"}],"version-history":[{"count":0,"href":"https:\/\/sentaiyuanbio.com\/es\/wp-json\/wp\/v2\/product\/3061\/revisions"}],"wp:featuredmedia":[{"embeddable":true,"href":"https:\/\/sentaiyuanbio.com\/es\/wp-json\/wp\/v2\/media\/5119"}],"wp:attachment":[{"href":"https:\/\/sentaiyuanbio.com\/es\/wp-json\/wp\/v2\/media?parent=3061"}],"wp:term":[{"taxonomy":"product_brand","embeddable":true,"href":"https:\/\/sentaiyuanbio.com\/es\/wp-json\/wp\/v2\/product_brand?post=3061"},{"taxonomy":"product_cat","embeddable":true,"href":"https:\/\/sentaiyuanbio.com\/es\/wp-json\/wp\/v2\/product_cat?post=3061"},{"taxonomy":"product_tag","embeddable":true,"href":"https:\/\/sentaiyuanbio.com\/es\/wp-json\/wp\/v2\/product_tag?post=3061"}],"curies":[{"name":"wp","href":"https:\/\/api.w.org\/{rel}","templated":true}]}}