{"id":3123,"date":"2024-11-08T06:55:17","date_gmt":"2024-11-08T06:55:17","guid":{"rendered":"https:\/\/sentaiyuanbio.com\/?post_type=product&#038;p=3123"},"modified":"2026-01-06T02:42:41","modified_gmt":"2026-01-06T02:42:41","slug":"bolsitas-de-gelatina-konjac-sin-azucar","status":"publish","type":"product","link":"https:\/\/sentaiyuanbio.com\/es\/producto\/bolsitas-de-gelatina-konjac-sin-azucar\/","title":{"rendered":"Jalea de konjac de fruta de la pasi\u00f3n, Bolsitas de jalea de konjac"},"content":{"rendered":"<h2>Jalea de konjac con sabor a fruta de la pasi\u00f3n Ingredientes<\/h2>\n<p>Agua, zumo concentrado de fruta de la pasi\u00f3n, eritritol, polvo de konjac, carragenano, \u00e1cido c\u00edtrico, cloruro pot\u00e1sico, sorbato pot\u00e1sico y vitamina C.<\/p>\n<h2>Bolsitas de gelatina de konjac Sabor a mango Ingredientes<\/h2>\n<p>Agua, zumo concentrado de mango, eritritol, polvo de konjac, carragenano, \u00e1cido c\u00edtrico, cloruro pot\u00e1sico, sorbato pot\u00e1sico y vitamina C.<\/p>\n<h2>Bolsitas de gelatina konjac sabor naranja Ingredientes<\/h2>\n<p>Agua, zumo concentrado de naranja, eritritol, polvo de konjac, carragenina, \u00e1cido c\u00edtrico, cloruro pot\u00e1sico, sorbato pot\u00e1sico, vitamina C y p\u00e9ptido de col\u00e1geno.<\/p>\n<h2>Jalea de konjac sin az\u00facar sabor melocot\u00f3n Ingredientes<\/h2>\n<p>Agua, zumo concentrado de melocot\u00f3n, eritritol, polvo de konjac, carragenano, \u00e1cido c\u00edtrico, cloruro pot\u00e1sico, sorbato pot\u00e1sico y vitamina C.<\/p>\n<h2>Jalea de konjac sin az\u00facar sabor melocot\u00f3n Ingredientes<\/h2>\n<p>Agua, zumo concentrado de uva verde, eritritol, <a href=\"https:\/\/www.webmd.com\/vitamins\/ai\/ingredientmono-1606\/collagen-peptides\" target=\"_blank\" rel=\"noopener\">P\u00e9ptido de col\u00e1geno<\/a>, vitamina C, polvo de konjac, carragenina, \u00e1cido c\u00edtrico, cloruro pot\u00e1sico y sorbato pot\u00e1sico.<\/p>\n<p><img fetchpriority=\"high\" decoding=\"async\" class=\"alignnone wp-image-3563 size-full\" src=\"https:\/\/sentaiyuanbio.com\/wp-content\/uploads\/2024\/11\/Konjac-jelly-pouches-1.webp\" alt=\"Bolsitas de gelatina konjac\" width=\"750\" height=\"487\" srcset=\"https:\/\/sentaiyuanbio.com\/wp-content\/uploads\/2024\/11\/Konjac-jelly-pouches-1.webp 750w, https:\/\/sentaiyuanbio.com\/wp-content\/uploads\/2024\/11\/Konjac-jelly-pouches-1-300x195.webp 300w, https:\/\/sentaiyuanbio.com\/wp-content\/uploads\/2024\/11\/Konjac-jelly-pouches-1-600x390.webp 600w\" sizes=\"(max-width: 750px) 100vw, 750px\" \/><img decoding=\"async\" class=\"alignnone wp-image-3564 size-full\" style=\"font-style: inherit; font-weight: 600;\" src=\"https:\/\/sentaiyuanbio.com\/wp-content\/uploads\/2024\/11\/Konjac-jelly-pouches-2.webp\" alt=\"Bolsitas de gelatina konjac\" width=\"750\" height=\"415\" srcset=\"https:\/\/sentaiyuanbio.com\/wp-content\/uploads\/2024\/11\/Konjac-jelly-pouches-2.webp 750w, https:\/\/sentaiyuanbio.com\/wp-content\/uploads\/2024\/11\/Konjac-jelly-pouches-2-300x166.webp 300w, https:\/\/sentaiyuanbio.com\/wp-content\/uploads\/2024\/11\/Konjac-jelly-pouches-2-600x332.webp 600w\" sizes=\"(max-width: 750px) 100vw, 750px\" \/><img decoding=\"async\" class=\"alignnone wp-image-3565 size-full\" src=\"https:\/\/sentaiyuanbio.com\/wp-content\/uploads\/2024\/11\/Konjac-jelly-pouches-3.webp\" alt=\"Bolsitas de gelatina konjac\" width=\"750\" height=\"439\" srcset=\"https:\/\/sentaiyuanbio.com\/wp-content\/uploads\/2024\/11\/Konjac-jelly-pouches-3.webp 750w, https:\/\/sentaiyuanbio.com\/wp-content\/uploads\/2024\/11\/Konjac-jelly-pouches-3-300x176.webp 300w, https:\/\/sentaiyuanbio.com\/wp-content\/uploads\/2024\/11\/Konjac-jelly-pouches-3-600x351.webp 600w\" sizes=\"(max-width: 750px) 100vw, 750px\" \/><img loading=\"lazy\" decoding=\"async\" class=\"alignnone wp-image-3566 size-full\" src=\"https:\/\/sentaiyuanbio.com\/wp-content\/uploads\/2024\/11\/Konjac-jelly-pouches-4.webp\" alt=\"gelatina de polvo de konnyaku, gelatina de polvo de konjac\" width=\"750\" height=\"459\" srcset=\"https:\/\/sentaiyuanbio.com\/wp-content\/uploads\/2024\/11\/Konjac-jelly-pouches-4.webp 750w, https:\/\/sentaiyuanbio.com\/wp-content\/uploads\/2024\/11\/Konjac-jelly-pouches-4-300x184.webp 300w, https:\/\/sentaiyuanbio.com\/wp-content\/uploads\/2024\/11\/Konjac-jelly-pouches-4-600x367.webp 600w\" sizes=\"(max-width: 750px) 100vw, 750px\" \/><img loading=\"lazy\" decoding=\"async\" class=\"alignnone wp-image-3567 size-full\" style=\"font-style: inherit; font-weight: 600;\" src=\"https:\/\/sentaiyuanbio.com\/wp-content\/uploads\/2024\/11\/Konjac-jelly-pouches-5.webp\" alt=\"gelatina de polvo de konnyaku, gelatina de polvo de konjac\" width=\"750\" height=\"568\" srcset=\"https:\/\/sentaiyuanbio.com\/wp-content\/uploads\/2024\/11\/Konjac-jelly-pouches-5.webp 750w, https:\/\/sentaiyuanbio.com\/wp-content\/uploads\/2024\/11\/Konjac-jelly-pouches-5-300x227.webp 300w, https:\/\/sentaiyuanbio.com\/wp-content\/uploads\/2024\/11\/Konjac-jelly-pouches-5-600x454.webp 600w\" sizes=\"(max-width: 750px) 100vw, 750px\" \/><\/p>\n<h2>Precauci\u00f3n<\/h2>\n<p>Cuando los ni\u00f1os y los mayores coman, tenga cuidado de no atascarse la garganta con la asistencia de los padres. Una vez que se congele, ser\u00e1 m\u00e1s dif\u00edcil. No congele. Puede haber gotas de agua en la bolsa, pero la calidad no es un problema. Si come demasiado puede sufrir molestias estomacales. Rara vez se ven peque\u00f1os puntos negros. Es una c\u00e1scara de konjac, por lo que no hay problema con la calidad.<\/p>","protected":false},"excerpt":{"rendered":"<p>Estas bolsitas de gelatina de konjac son el tentempi\u00e9 perfecto para llevar. Tambi\u00e9n se consideran la soluci\u00f3n para frenar sus ganas de dulce y sentirse saciado entre comidas. Fabricadas con <a href=\"https:\/\/sentaiyuanbio.com\/es\/producto\/glucomanano-de-raiz-de-konjac\/\" target=\"_blank\" rel=\"noopener\">polvo de ra\u00edz de konjac<\/a>, s\u00f3lo tienen 7 calor\u00edas por bolsa, lo que las convierte en una excelente bebida pre-entrenamiento baja en calor\u00edas. Tambi\u00e9n se elaboran con melocot\u00f3n, mango, naranja o uva. \u00a1Pruebe esta bebida si quiere empezar a llevar un estilo de vida m\u00e1s saludable!<\/p>","protected":false},"featured_media":4318,"template":"","meta":{"site-sidebar-layout":"default","site-content-layout":"","ast-site-content-layout":"default","site-content-style":"default","site-sidebar-style":"default","ast-global-header-display":"","ast-banner-title-visibility":"","ast-main-header-display":"","ast-hfb-above-header-display":"","ast-hfb-below-header-display":"","ast-hfb-mobile-header-display":"","site-post-title":"","ast-breadcrumbs-content":"","ast-featured-img":"","footer-sml-layout":"","ast-disable-related-posts":"","theme-transparent-header-meta":"default","adv-header-id-meta":"","stick-header-meta":"default","header-above-stick-meta":"","header-main-stick-meta":"","header-below-stick-meta":"","astra-migrate-meta-layouts":"set","ast-page-background-enabled":"default","ast-page-background-meta":{"desktop":{"background-color":"","background-image":"","background-repeat":"repeat","background-position":"center center","background-size":"auto","background-attachment":"scroll","background-type":"","background-media":"","overlay-type":"","overlay-color":"","overlay-opacity":"","overlay-gradient":""},"tablet":{"background-color":"","background-image":"","background-repeat":"repeat","background-position":"center center","background-size":"auto","background-attachment":"scroll","background-type":"","background-media":"","overlay-type":"","overlay-color":"","overlay-opacity":"","overlay-gradient":""},"mobile":{"background-color":"","background-image":"","background-repeat":"repeat","background-position":"center center","background-size":"auto","background-attachment":"scroll","background-type":"","background-media":"","overlay-type":"","overlay-color":"","overlay-opacity":"","overlay-gradient":""}},"ast-content-background-meta":{"desktop":{"background-color":"var(--ast-global-color-5)","background-image":"","background-repeat":"repeat","background-position":"center center","background-size":"auto","background-attachment":"scroll","background-type":"","background-media":"","overlay-type":"","overlay-color":"","overlay-opacity":"","overlay-gradient":""},"tablet":{"background-color":"var(--ast-global-color-5)","background-image":"","background-repeat":"repeat","background-position":"center center","background-size":"auto","background-attachment":"scroll","background-type":"","background-media":"","overlay-type":"","overlay-color":"","overlay-opacity":"","overlay-gradient":""},"mobile":{"background-color":"var(--ast-global-color-5)","background-image":"","background-repeat":"repeat","background-position":"center center","background-size":"auto","background-attachment":"scroll","background-type":"","background-media":"","overlay-type":"","overlay-color":"","overlay-opacity":"","overlay-gradient":""}}},"product_brand":[],"product_cat":[52],"product_tag":[53],"class_list":{"0":"post-3123","1":"product","2":"type-product","3":"status-publish","4":"has-post-thumbnail","6":"product_cat-konjac-powder-jelly","7":"product_tag-konjac-jelly-snack","8":"desktop-align-left","9":"tablet-align-left","10":"mobile-align-left","11":"ast-product-gallery-layout-horizontal-slider","12":"ast-product-tabs-layout-horizontal","14":"first","15":"instock","16":"shipping-taxable","17":"product-type-simple"},"_links":{"self":[{"href":"https:\/\/sentaiyuanbio.com\/es\/wp-json\/wp\/v2\/product\/3123","targetHints":{"allow":["GET"]}}],"collection":[{"href":"https:\/\/sentaiyuanbio.com\/es\/wp-json\/wp\/v2\/product"}],"about":[{"href":"https:\/\/sentaiyuanbio.com\/es\/wp-json\/wp\/v2\/types\/product"}],"version-history":[{"count":0,"href":"https:\/\/sentaiyuanbio.com\/es\/wp-json\/wp\/v2\/product\/3123\/revisions"}],"wp:featuredmedia":[{"embeddable":true,"href":"https:\/\/sentaiyuanbio.com\/es\/wp-json\/wp\/v2\/media\/4318"}],"wp:attachment":[{"href":"https:\/\/sentaiyuanbio.com\/es\/wp-json\/wp\/v2\/media?parent=3123"}],"wp:term":[{"taxonomy":"product_brand","embeddable":true,"href":"https:\/\/sentaiyuanbio.com\/es\/wp-json\/wp\/v2\/product_brand?post=3123"},{"taxonomy":"product_cat","embeddable":true,"href":"https:\/\/sentaiyuanbio.com\/es\/wp-json\/wp\/v2\/product_cat?post=3123"},{"taxonomy":"product_tag","embeddable":true,"href":"https:\/\/sentaiyuanbio.com\/es\/wp-json\/wp\/v2\/product_tag?post=3123"}],"curies":[{"name":"wp","href":"https:\/\/api.w.org\/{rel}","templated":true}]}}