{"id":3799,"date":"2025-02-18T09:50:48","date_gmt":"2025-02-18T09:50:48","guid":{"rendered":"https:\/\/sentaiyuanbio.com\/?post_type=product&#038;p=3799"},"modified":"2025-08-12T09:14:53","modified_gmt":"2025-08-12T09:14:53","slug":"arroz-shirataki-1kg","status":"publish","type":"product","link":"https:\/\/sentaiyuanbio.com\/es\/producto\/arroz-shirataki-1kg\/","title":{"rendered":"Arroz Shirataki 1kg Seco al por mayor"},"content":{"rendered":"<h2>Arroz Shirataki 1kg Especificaci\u00f3n<\/h2>\n<table width=\"100%\" cellspacing=\"0\" cellpadding=\"0\">\n<colgroup>\n<col style=\"width: 180px;\" width=\"215\" \/>\n<col style=\"width: 383px;\" width=\"383\" \/> <\/colgroup>\n<tbody>\n<tr style=\"height: 20px;\">\n<td width=\"180\" height=\"20\">Nombre del producto<\/td>\n<td width=\"392\">Arroz Shirataki seco 1 kg<\/td>\n<\/tr>\n<tr style=\"height: 20px;\">\n<td width=\"180\" height=\"21\">Ingrediente principal<\/td>\n<td width=\"392\">Harina de konjac, agua<\/td>\n<\/tr>\n<tr style=\"height: 39px;\">\n<td width=\"180\" height=\"39\">Caracter\u00edstica<\/td>\n<td width=\"392\">Sin olor, bajo en calor\u00edas, bajo en carbohidratos, sin gluten, sin az\u00facar, sin grasa, sin OMG, rico en fibra<\/td>\n<\/tr>\n<tr style=\"height: 41px;\">\n<td width=\"180\" height=\"41\">Funciones<\/td>\n<td width=\"392\">Dieta vegetariana, p\u00e9rdida de peso, aumento de la saciedad<\/td>\n<\/tr>\n<tr style=\"height: 20px;\">\n<td width=\"180\" height=\"21\">Fibra diet\u00e9tica<\/td>\n<td width=\"392\">2,8 g\/100 g<\/td>\n<\/tr>\n<tr style=\"height: 20px;\">\n<td width=\"180\" height=\"21\">Tiempo de cocci\u00f3n<\/td>\n<td width=\"392\">8 minutos<\/td>\n<\/tr>\n<tr style=\"height: 20px;\">\n<td width=\"180\" height=\"21\">Contenido de grasa<\/td>\n<td width=\"392\">&lt;0,1 g\/100 g<\/td>\n<\/tr>\n<tr style=\"height: 20px;\">\n<td width=\"180\" height=\"21\">Peso<\/td>\n<td width=\"392\">1kg<\/td>\n<\/tr>\n<tr style=\"height: 20px;\">\n<td width=\"180\" height=\"21\">Duraci\u00f3n<\/td>\n<td width=\"392\">24meses<\/td>\n<\/tr>\n<tr style=\"height: 20px;\">\n<td width=\"180\" height=\"21\">Certificados<\/td>\n<td width=\"392\">IFS, BRC, KOSHER, HALAL, HACCP<\/td>\n<\/tr>\n<tr style=\"height: 20px;\">\n<td width=\"180\" height=\"21\">Paquete<\/td>\n<td width=\"392\">Bolsa interior + Bolsa de pie \/ Caja de papel<\/td>\n<\/tr>\n<tr style=\"height: 20px;\">\n<td width=\"180\" height=\"21\">Almacenamiento<\/td>\n<td width=\"392\">Temperatura ambiente, un lugar fresco y seco, evitar la luz solar directa<\/td>\n<\/tr>\n<tr style=\"height: 20px;\">\n<td width=\"180\" height=\"21\">Servicio<\/td>\n<td width=\"392\">OEM, ODM, OBM<\/td>\n<\/tr>\n<tr style=\"height: 20px;\">\n<td width=\"180\" height=\"21\">Plazo de entrega<\/td>\n<td width=\"392\">15-30 d\u00edas laborables<\/td>\n<\/tr>\n<\/tbody>\n<\/table>\n<h2>BENEFICIOS PARA LA SALUD DEL ARROZ Shirataki seco 1kg<\/h2>\n<ul>\n<li>Bajo en calor\u00edas y carbohidratos<\/li>\n<li>Alto contenido en fibra soluble (glucomanano)<\/li>\n<li>Ayuda a controlar los niveles de az\u00facar en sangre<\/li>\n<li>Ayuda a perder peso<\/li>\n<li>Mejora la salud intestinal<\/li>\n<li>Sin gluten y sin cereales<\/li>\n<li>Bajo \u00edndice gluc\u00e9mico<\/li>\n<li>Posibles beneficios para la salud del coraz\u00f3n<\/li>\n<\/ul>\n<h2>\u00cdndice gluc\u00e9mico del arroz shirataki y gu\u00eda de compra<\/h2>\n<h3>\u00cdndice gluc\u00e9mico (IG) del arroz Shirataki<\/h3>\n<p>El <a href=\"https:\/\/www.healthline.com\/nutrition\/glycemic-index\" target=\"_blank\" rel=\"noopener\">\u00edndice gluc\u00e9mico<\/a> del arroz shirataki es muy bajo, seg\u00fan las investigaciones, es de 17, y la carga gluc\u00e9mica es de 0. Esto se debe a que el arroz shirataki se compone principalmente de fibra diet\u00e9tica hidrosoluble y casi no contiene carbohidratos digeribles. Es un alimento con un \u00edndice gluc\u00e9mico bajo y una carga gluc\u00e9mica baja, por lo que no provocar\u00e1 un aumento significativo de los niveles de az\u00facar en sangre.<\/p>\n<h3>Gu\u00eda de compra de arroz Shirataki<\/h3>\n<p><strong>1. Inspecci\u00f3n de aspecto<\/strong><br \/>\nColor: El arroz shirataki de alta calidad suele presentar un color natural blanquecino o blanco lechoso. Si el color es demasiado blanco o presenta cambios anormales de color, es posible que se le haya a\u00f1adido lej\u00eda u otros productos qu\u00edmicos.<br \/>\nForma: Los granos deben ser uniformes y completos, sin da\u00f1os ni deformaciones evidentes.<\/p>\n<p><strong>2. Prueba de textura<\/strong><br \/>\nElasticidad: Presione suavemente el arroz konjac, debe sentir cierta elasticidad y dureza, y no se romper\u00e1 ni pegar\u00e1 f\u00e1cilmente.<br \/>\nSuavidad de la superficie: La superficie de un buen arroz konjac debe ser lisa y no debe presentar rugosidades ni sensaci\u00f3n de cuerpo extra\u00f1o.<\/p>\n<p><strong>3. Huela<\/strong><br \/>\nFragancia natural: El arroz shirataki fresco debe tener una ligera fragancia natural y no debe tener ning\u00fan olor peculiar, como a moho, agrio u otros olores anormales.<\/p>\n<p><strong>4. Lista de ingredientes<\/strong><br \/>\nPureza: Intente elegir productos con ingredientes sencillos, preferiblemente s\u00f3lo <a href=\"https:\/\/sentaiyuanbio.com\/es\/producto\/harina-de-name-konjac-polvo-de-name-konjac\/\" target=\"_blank\" rel=\"noopener\">konjac en polvo<\/a> y otros aditivos necesarios (como una peque\u00f1a cantidad de \u00e1cido c\u00edtrico para mejorar el sabor).<br \/>\nSin aditivos: Evite comprar productos con demasiados colorantes artificiales, saborizantes u otros aditivos innecesarios.<\/p>\n<p><strong>5. Integridad del envase<\/strong><br \/>\nSellado: Compruebe si el envase est\u00e1 da\u00f1ado o tiene fugas. Un buen sellado puede evitar eficazmente que el producto se humedezca y se deteriore.<br \/>\nTransparencia: Algunos arroces shirataki de alta calidad utilizan envases transparentes para poder observar directamente el estado del producto.<\/p>","protected":false},"excerpt":{"rendered":"<p>Arroz Shirataki 1kg, tiene 97% de agua, 3% de fibra y trazas de prote\u00ednas, grasas y calcio. Por lo tanto, es un sustituto del arroz libre de culpa, con cero calor\u00edas y casi cero carbohidratos.<br \/>\nSi\u00e9ntete libre de disfrutar del delicioso arroz Shirataki sin sentirte culpable. Desde la gesti\u00f3n del peso y el control del az\u00facar en sangre hasta la reducci\u00f3n del colesterol y la mejora de la digesti\u00f3n, este sustituto del arroz es tu camino duradero hacia la buena salud.<\/p>","protected":false},"featured_media":4215,"template":"","meta":{"site-sidebar-layout":"default","site-content-layout":"","ast-site-content-layout":"default","site-content-style":"default","site-sidebar-style":"default","ast-global-header-display":"","ast-banner-title-visibility":"","ast-main-header-display":"","ast-hfb-above-header-display":"","ast-hfb-below-header-display":"","ast-hfb-mobile-header-display":"","site-post-title":"","ast-breadcrumbs-content":"","ast-featured-img":"","footer-sml-layout":"","ast-disable-related-posts":"","theme-transparent-header-meta":"default","adv-header-id-meta":"","stick-header-meta":"default","header-above-stick-meta":"","header-main-stick-meta":"","header-below-stick-meta":"","astra-migrate-meta-layouts":"set","ast-page-background-enabled":"default","ast-page-background-meta":{"desktop":{"background-color":"","background-image":"","background-repeat":"repeat","background-position":"center center","background-size":"auto","background-attachment":"scroll","background-type":"","background-media":"","overlay-type":"","overlay-color":"","overlay-opacity":"","overlay-gradient":""},"tablet":{"background-color":"","background-image":"","background-repeat":"repeat","background-position":"center center","background-size":"auto","background-attachment":"scroll","background-type":"","background-media":"","overlay-type":"","overlay-color":"","overlay-opacity":"","overlay-gradient":""},"mobile":{"background-color":"","background-image":"","background-repeat":"repeat","background-position":"center center","background-size":"auto","background-attachment":"scroll","background-type":"","background-media":"","overlay-type":"","overlay-color":"","overlay-opacity":"","overlay-gradient":""}},"ast-content-background-meta":{"desktop":{"background-color":"var(--ast-global-color-5)","background-image":"","background-repeat":"repeat","background-position":"center center","background-size":"auto","background-attachment":"scroll","background-type":"","background-media":"","overlay-type":"","overlay-color":"","overlay-opacity":"","overlay-gradient":""},"tablet":{"background-color":"var(--ast-global-color-5)","background-image":"","background-repeat":"repeat","background-position":"center center","background-size":"auto","background-attachment":"scroll","background-type":"","background-media":"","overlay-type":"","overlay-color":"","overlay-opacity":"","overlay-gradient":""},"mobile":{"background-color":"var(--ast-global-color-5)","background-image":"","background-repeat":"repeat","background-position":"center center","background-size":"auto","background-attachment":"scroll","background-type":"","background-media":"","overlay-type":"","overlay-color":"","overlay-opacity":"","overlay-gradient":""}}},"product_brand":[],"product_cat":[50],"product_tag":[37],"class_list":{"0":"post-3799","1":"product","2":"type-product","3":"status-publish","4":"has-post-thumbnail","6":"product_cat-shirataki-dried-rice","7":"product_tag-konjac-rice","8":"desktop-align-left","9":"tablet-align-left","10":"mobile-align-left","11":"ast-product-gallery-layout-horizontal-slider","12":"ast-product-tabs-layout-horizontal","14":"first","15":"instock","16":"shipping-taxable","17":"product-type-simple"},"_links":{"self":[{"href":"https:\/\/sentaiyuanbio.com\/es\/wp-json\/wp\/v2\/product\/3799","targetHints":{"allow":["GET"]}}],"collection":[{"href":"https:\/\/sentaiyuanbio.com\/es\/wp-json\/wp\/v2\/product"}],"about":[{"href":"https:\/\/sentaiyuanbio.com\/es\/wp-json\/wp\/v2\/types\/product"}],"version-history":[{"count":0,"href":"https:\/\/sentaiyuanbio.com\/es\/wp-json\/wp\/v2\/product\/3799\/revisions"}],"wp:featuredmedia":[{"embeddable":true,"href":"https:\/\/sentaiyuanbio.com\/es\/wp-json\/wp\/v2\/media\/4215"}],"wp:attachment":[{"href":"https:\/\/sentaiyuanbio.com\/es\/wp-json\/wp\/v2\/media?parent=3799"}],"wp:term":[{"taxonomy":"product_brand","embeddable":true,"href":"https:\/\/sentaiyuanbio.com\/es\/wp-json\/wp\/v2\/product_brand?post=3799"},{"taxonomy":"product_cat","embeddable":true,"href":"https:\/\/sentaiyuanbio.com\/es\/wp-json\/wp\/v2\/product_cat?post=3799"},{"taxonomy":"product_tag","embeddable":true,"href":"https:\/\/sentaiyuanbio.com\/es\/wp-json\/wp\/v2\/product_tag?post=3799"}],"curies":[{"name":"wp","href":"https:\/\/api.w.org\/{rel}","templated":true}]}}