{"id":4353,"date":"2025-02-27T09:24:51","date_gmt":"2025-02-27T09:24:51","guid":{"rendered":"https:\/\/sentaiyuanbio.com\/?post_type=product&#038;p=4353"},"modified":"2026-01-06T02:28:38","modified_gmt":"2026-01-06T02:28:38","slug":"fideos-de-alga-konjac-secos","status":"publish","type":"product","link":"https:\/\/sentaiyuanbio.com\/es\/producto\/fideos-de-alga-konjac-secos\/","title":{"rendered":"Fideos de Algas Konjac, Fideos de Algas Shirataki Secos"},"content":{"rendered":"<h2>Fideos secos de algas konjac Descripci\u00f3n<\/h2>\n<p>Los fideos de alga konjac son muy bajos en calor\u00edas, lo que los convierte en una opci\u00f3n popular para las personas que limitan su ingesta cal\u00f3rica. Una raci\u00f3n de fideos secos de algas shirataki es muy baja en calor\u00edas en comparaci\u00f3n con la pasta de trigo tradicional, que es mucho m\u00e1s alta en calor\u00edas.<\/p>\n<p>Como tiene muy pocos carbohidratos, lo pueden consumir las personas que siguen una dieta baja en carbohidratos o cetog\u00e9nica.<\/p>\n<p>Al ser rica en fibra nutritiva, puede favorecer una mejor digesti\u00f3n y la saciedad. La regularidad intestinal y una mejor salud intestinal tambi\u00e9n pueden atribuirse al alto contenido en fibra de la pasta de konjac.<\/p>\n<p>Al no contener gluten, tambi\u00e9n puede ser disfrutado por personas sensibles al gluten o que siguen una dieta sin gluten. Es una alternativa a la pasta para quienes no pueden evitar el gluten pero quieren disfrutar de platos de fideos.<\/p>\n<p>Debido a su bajo <a href=\"https:\/\/www.diabetes.ca\/DiabetesCanadaWebsite\/media\/Managing-My-Diabetes\/Tools%20and%20Resources\/glycemic-index-food-guide.pdf?ext=.pdf\" target=\"_blank\" rel=\"noopener\">\u00edndice gluc\u00e9mico<\/a>, su consumo no provocar\u00e1 un aumento brusco de los niveles de az\u00facar en sangre. Esto puede ser \u00fatil para las personas que padecen diabetes o que intentan equilibrar sus niveles de az\u00facar en sangre.<\/p>\n<p>Por su bajo contenido en calor\u00edas y su alto contenido en fibra, es una opci\u00f3n inteligente para controlar el peso. Puede proporcionar una comida satisfactoria y abundante que ayude a reducir la ingesta total de calor\u00edas, contribuyendo a la p\u00e9rdida de peso y al control de las porciones.<\/p>\n<table style=\"font-size: 16px; font-style: normal;\">\n<tbody>\n<tr>\n<td>Nombre del producto<\/td>\n<td>Fideos secos de algas konjac, fideos secos de algas shirataki<\/td>\n<\/tr>\n<tr>\n<td>Ingrediente principal<\/td>\n<td><a href=\"https:\/\/sentaiyuanbio.com\/es\/producto\/konjac-en-polvo\/\" target=\"_blank\" rel=\"noopener\">Polvo de konjac<\/a>, tapioca en polvo, agua<\/td>\n<\/tr>\n<tr>\n<td>Sabores<\/td>\n<td>Original, espinacas, algas, zanahoria, avena<\/td>\n<\/tr>\n<tr>\n<td>Caracter\u00edstica<\/td>\n<td>Sin olor, bajo en calor\u00edas, bajo en carbohidratos, sin gluten, sin az\u00facar, sin grasa, sin OMG, rico en fibra<\/td>\n<\/tr>\n<tr>\n<td>Funciones<\/td>\n<td>Dieta vegetariana, p\u00e9rdida de peso, aumento de la saciedad<\/td>\n<\/tr>\n<tr>\n<td>Fibra diet\u00e9tica<\/td>\n<td>2,8 g\/100 g<\/td>\n<\/tr>\n<tr>\n<td>Calor\u00edas<\/td>\n<td>25Kcal\/100g<\/td>\n<\/tr>\n<tr>\n<td>Contenido de grasa<\/td>\n<td>0<\/td>\n<\/tr>\n<tr>\n<td>Peso<\/td>\n<td>80g<\/td>\n<\/tr>\n<tr>\n<td>Tiempo de cocci\u00f3n<\/td>\n<td>10 minutos<\/td>\n<\/tr>\n<tr>\n<td>Duraci\u00f3n<\/td>\n<td>24 meses<\/td>\n<\/tr>\n<\/tbody>\n<\/table>\n<h2>F\u00e1cil de cocinar<\/h2>\n<p>Cocinar fideos secos de algas konjac es r\u00e1pido y f\u00e1cil, y le proporcionar\u00e1 una comida sana y deliciosa en muy poco tiempo.<br \/>\nPonga los espaguetis enjuagados en una olla con agua hirviendo y cu\u00e9zalos durante 10 minutos, despu\u00e9s esc\u00farralos.<br \/>\nMezcle los fideos con su salsa favorita, las verduras, las prote\u00ednas y los condimentos, removiendo bien para asegurar una distribuci\u00f3n uniforme.<\/p>\n<style>.embed-container { position: relative; padding-bottom: 56.25%; height: 0; overflow: hidden; max-width: 100%; } .embed-container iframe, .embed-container object, .embed-container embed { position: absolute; top: 0; left: 0; width: 100%; height: 100%; }<\/style>\n<div class=\"embed-container\"><iframe src=\"https:\/\/www.youtube.com\/embed\/zuGhC6Jdsv4\" frameborder=\"0\" allowfullscreen=\"allowfullscreen\"><\/iframe><\/div>","protected":false},"excerpt":{"rendered":"<p>Los fideos secos de alga konjac no s\u00f3lo no contienen gluten y cumplen la normativa halal, sino que adem\u00e1s son nutritivos y una gran elecci\u00f3n para cualquiera que desee mantener una dieta sana.<br \/>\nPuede comprar nuestros fideos a granel y ofrec\u00e9rselos a sus clientes a precios asequibles.<\/p>","protected":false},"featured_media":4361,"template":"","meta":{"site-sidebar-layout":"default","site-content-layout":"","ast-site-content-layout":"default","site-content-style":"default","site-sidebar-style":"default","ast-global-header-display":"","ast-banner-title-visibility":"","ast-main-header-display":"","ast-hfb-above-header-display":"","ast-hfb-below-header-display":"","ast-hfb-mobile-header-display":"","site-post-title":"","ast-breadcrumbs-content":"","ast-featured-img":"","footer-sml-layout":"","ast-disable-related-posts":"","theme-transparent-header-meta":"default","adv-header-id-meta":"","stick-header-meta":"default","header-above-stick-meta":"","header-main-stick-meta":"","header-below-stick-meta":"","astra-migrate-meta-layouts":"set","ast-page-background-enabled":"default","ast-page-background-meta":{"desktop":{"background-color":"","background-image":"","background-repeat":"repeat","background-position":"center center","background-size":"auto","background-attachment":"scroll","background-type":"","background-media":"","overlay-type":"","overlay-color":"","overlay-opacity":"","overlay-gradient":""},"tablet":{"background-color":"","background-image":"","background-repeat":"repeat","background-position":"center center","background-size":"auto","background-attachment":"scroll","background-type":"","background-media":"","overlay-type":"","overlay-color":"","overlay-opacity":"","overlay-gradient":""},"mobile":{"background-color":"","background-image":"","background-repeat":"repeat","background-position":"center center","background-size":"auto","background-attachment":"scroll","background-type":"","background-media":"","overlay-type":"","overlay-color":"","overlay-opacity":"","overlay-gradient":""}},"ast-content-background-meta":{"desktop":{"background-color":"var(--ast-global-color-5)","background-image":"","background-repeat":"repeat","background-position":"center center","background-size":"auto","background-attachment":"scroll","background-type":"","background-media":"","overlay-type":"","overlay-color":"","overlay-opacity":"","overlay-gradient":""},"tablet":{"background-color":"var(--ast-global-color-5)","background-image":"","background-repeat":"repeat","background-position":"center center","background-size":"auto","background-attachment":"scroll","background-type":"","background-media":"","overlay-type":"","overlay-color":"","overlay-opacity":"","overlay-gradient":""},"mobile":{"background-color":"var(--ast-global-color-5)","background-image":"","background-repeat":"repeat","background-position":"center center","background-size":"auto","background-attachment":"scroll","background-type":"","background-media":"","overlay-type":"","overlay-color":"","overlay-opacity":"","overlay-gradient":""}}},"product_brand":[],"product_cat":[249],"product_tag":[29],"class_list":{"0":"post-4353","1":"product","2":"type-product","3":"status-publish","4":"has-post-thumbnail","6":"product_cat-dry-shirataki-noodles","7":"product_tag-konjac-spaghetti","8":"desktop-align-left","9":"tablet-align-left","10":"mobile-align-left","11":"ast-product-gallery-layout-horizontal-slider","12":"ast-product-tabs-layout-horizontal","14":"first","15":"instock","16":"shipping-taxable","17":"product-type-simple"},"_links":{"self":[{"href":"https:\/\/sentaiyuanbio.com\/es\/wp-json\/wp\/v2\/product\/4353","targetHints":{"allow":["GET"]}}],"collection":[{"href":"https:\/\/sentaiyuanbio.com\/es\/wp-json\/wp\/v2\/product"}],"about":[{"href":"https:\/\/sentaiyuanbio.com\/es\/wp-json\/wp\/v2\/types\/product"}],"version-history":[{"count":0,"href":"https:\/\/sentaiyuanbio.com\/es\/wp-json\/wp\/v2\/product\/4353\/revisions"}],"wp:featuredmedia":[{"embeddable":true,"href":"https:\/\/sentaiyuanbio.com\/es\/wp-json\/wp\/v2\/media\/4361"}],"wp:attachment":[{"href":"https:\/\/sentaiyuanbio.com\/es\/wp-json\/wp\/v2\/media?parent=4353"}],"wp:term":[{"taxonomy":"product_brand","embeddable":true,"href":"https:\/\/sentaiyuanbio.com\/es\/wp-json\/wp\/v2\/product_brand?post=4353"},{"taxonomy":"product_cat","embeddable":true,"href":"https:\/\/sentaiyuanbio.com\/es\/wp-json\/wp\/v2\/product_cat?post=4353"},{"taxonomy":"product_tag","embeddable":true,"href":"https:\/\/sentaiyuanbio.com\/es\/wp-json\/wp\/v2\/product_tag?post=4353"}],"curies":[{"name":"wp","href":"https:\/\/api.w.org\/{rel}","templated":true}]}}