{"id":4364,"date":"2025-02-28T02:39:09","date_gmt":"2025-02-28T02:39:09","guid":{"rendered":"https:\/\/sentaiyuanbio.com\/?post_type=product&#038;p=4364"},"modified":"2026-01-06T02:15:35","modified_gmt":"2026-01-06T02:15:35","slug":"fideos-de-avena-konjac-fettuccine","status":"publish","type":"product","link":"https:\/\/sentaiyuanbio.com\/es\/producto\/fideos-de-avena-konjac-fettuccine\/","title":{"rendered":"Fettuccine de Fideos Konjac de Avena, Fideos Konjac con Fibra de Avena"},"content":{"rendered":"<h2>Fideos konjac de avena Fettuccine Descripci\u00f3n<\/h2>\n<p>Los fideos konjac tambi\u00e9n se conocen como fideos Shirataki. Los fideos konjac son transl\u00facidos y gelatinosos, sin sabor perceptible, pero absorber\u00e1n el sabor principal de la sopa o el plato al que se a\u00f1adan.<br \/>\nLos fideos Konjac de avena fettuccine est\u00e1n hechos de fibra soluble natural - <a href=\"https:\/\/sentaiyuanbio.com\/es\/producto\/fabricante-de-goma-konjac\/\" target=\"_blank\" rel=\"noopener\">glucomanano<\/a> y agua, y son un alimento natural con un contenido gluc\u00e9mico y de carbohidratos extremadamente bajo.<br \/>\nEl glucomanano es el de mayor viscosidad <a href=\"https:\/\/www.mayoclinic.org\/healthy-lifestyle\/nutrition-and-healthy-eating\/in-depth\/fiber\/art-20043983\" target=\"_blank\" rel=\"noopener\">fibra soluble<\/a> en la naturaleza.<br \/>\nAdem\u00e1s de las formas de los fideos, los fideos konjac tambi\u00e9n tienen varias formas, como los fideos vermicelli y los fideos tubulares.<br \/>\nLos fideos secos Konjac de avena fettuccine pueden conservarse a temperatura ambiente durante dos a\u00f1os, no los refrigere.<\/p>\n<table>\n<tbody>\n<tr>\n<td>Nombre del producto<\/td>\n<td>Fettuccine de Fideos Konjac de Avena, Fideos Konjac con Fibra de Avena<\/td>\n<\/tr>\n<tr>\n<td>Ingrediente principal<\/td>\n<td>Konjac en polvo, tapioca en polvo, agua<\/td>\n<\/tr>\n<tr>\n<td>Sabores<\/td>\n<td>Original, espinacas, algas, zanahoria, avena<\/td>\n<\/tr>\n<tr>\n<td>Caracter\u00edstica<\/td>\n<td>Sin olor, bajo en calor\u00edas, bajo en carbohidratos, sin gluten, sin az\u00facar, sin grasa, sin OMG, rico en fibra<\/td>\n<\/tr>\n<tr>\n<td>Funciones<\/td>\n<td>Dieta vegetariana, p\u00e9rdida de peso, aumento de la saciedad<\/td>\n<\/tr>\n<tr>\n<td>Fibra diet\u00e9tica<\/td>\n<td>2,8 g\/100 g<\/td>\n<\/tr>\n<tr>\n<td>Calor\u00edas<\/td>\n<td>25Kcal\/100g<\/td>\n<\/tr>\n<tr>\n<td>Contenido de grasa<\/td>\n<td>0<\/td>\n<\/tr>\n<tr>\n<td>Peso<\/td>\n<td>80g<\/td>\n<\/tr>\n<tr>\n<td>Tiempo de cocci\u00f3n<\/td>\n<td>10 minutos<\/td>\n<\/tr>\n<tr>\n<td>Duraci\u00f3n<\/td>\n<td>24 meses<\/td>\n<\/tr>\n<\/tbody>\n<\/table>\n<h2>Fideos konjac secos de avena Caracter\u00edstica<\/h2>\n<p>He aqu\u00ed algunas de sus ventajas:<\/p>\n<ul>\n<li>Bajo en calor\u00edas<\/li>\n<li>Bajo en carbohidratos<\/li>\n<li>Alto contenido en fibra<\/li>\n<li>Sin gluten<\/li>\n<li>Gesti\u00f3n del az\u00facar en sangre<\/li>\n<li>Vers\u00e1til y adaptable<\/li>\n<li>Control del peso<\/li>\n<li>F\u00e1cil de cocinar<\/li>\n<\/ul>\n<h2>C\u00f3mo cocinar<\/h2>\n<style>.embed-container { position: relative; padding-bottom: 56.25%; height: 0; overflow: hidden; max-width: 100%; } .embed-container iframe, .embed-container object, .embed-container embed { position: absolute; top: 0; left: 0; width: 100%; height: 100%; }<\/style>\n<div class=\"embed-container\"><iframe src=\"https:\/\/www.youtube.com\/embed\/KCbiRjui6ac\" frameborder=\"0\" allowfullscreen=\"allowfullscreen\"><\/iframe><\/div>","protected":false},"excerpt":{"rendered":"<p>Los fideos secos saludables de avena konjac sin az\u00facar Sentaiyuan fettuccine son perfectos para quienes buscan una alternativa baja en calor\u00edas, baja en carbohidratos y sin gluten a la pasta tradicional. Elaborados con la ra\u00edz de la planta konjac, estos fideos no s\u00f3lo son deliciosos sino tambi\u00e9n incre\u00edblemente saludables.<\/p>","protected":false},"featured_media":4368,"template":"","meta":{"site-sidebar-layout":"default","site-content-layout":"","ast-site-content-layout":"default","site-content-style":"default","site-sidebar-style":"default","ast-global-header-display":"","ast-banner-title-visibility":"","ast-main-header-display":"","ast-hfb-above-header-display":"","ast-hfb-below-header-display":"","ast-hfb-mobile-header-display":"","site-post-title":"","ast-breadcrumbs-content":"","ast-featured-img":"","footer-sml-layout":"","ast-disable-related-posts":"","theme-transparent-header-meta":"default","adv-header-id-meta":"","stick-header-meta":"default","header-above-stick-meta":"","header-main-stick-meta":"","header-below-stick-meta":"","astra-migrate-meta-layouts":"set","ast-page-background-enabled":"default","ast-page-background-meta":{"desktop":{"background-color":"","background-image":"","background-repeat":"repeat","background-position":"center center","background-size":"auto","background-attachment":"scroll","background-type":"","background-media":"","overlay-type":"","overlay-color":"","overlay-opacity":"","overlay-gradient":""},"tablet":{"background-color":"","background-image":"","background-repeat":"repeat","background-position":"center center","background-size":"auto","background-attachment":"scroll","background-type":"","background-media":"","overlay-type":"","overlay-color":"","overlay-opacity":"","overlay-gradient":""},"mobile":{"background-color":"","background-image":"","background-repeat":"repeat","background-position":"center center","background-size":"auto","background-attachment":"scroll","background-type":"","background-media":"","overlay-type":"","overlay-color":"","overlay-opacity":"","overlay-gradient":""}},"ast-content-background-meta":{"desktop":{"background-color":"var(--ast-global-color-5)","background-image":"","background-repeat":"repeat","background-position":"center center","background-size":"auto","background-attachment":"scroll","background-type":"","background-media":"","overlay-type":"","overlay-color":"","overlay-opacity":"","overlay-gradient":""},"tablet":{"background-color":"var(--ast-global-color-5)","background-image":"","background-repeat":"repeat","background-position":"center center","background-size":"auto","background-attachment":"scroll","background-type":"","background-media":"","overlay-type":"","overlay-color":"","overlay-opacity":"","overlay-gradient":""},"mobile":{"background-color":"var(--ast-global-color-5)","background-image":"","background-repeat":"repeat","background-position":"center center","background-size":"auto","background-attachment":"scroll","background-type":"","background-media":"","overlay-type":"","overlay-color":"","overlay-opacity":"","overlay-gradient":""}}},"product_brand":[],"product_cat":[249],"product_tag":[32],"class_list":{"0":"post-4364","1":"product","2":"type-product","3":"status-publish","4":"has-post-thumbnail","6":"product_cat-dry-shirataki-noodles","7":"product_tag-konjac-pasta","8":"desktop-align-left","9":"tablet-align-left","10":"mobile-align-left","11":"ast-product-gallery-layout-horizontal-slider","12":"ast-product-tabs-layout-horizontal","14":"first","15":"instock","16":"shipping-taxable","17":"product-type-simple"},"_links":{"self":[{"href":"https:\/\/sentaiyuanbio.com\/es\/wp-json\/wp\/v2\/product\/4364","targetHints":{"allow":["GET"]}}],"collection":[{"href":"https:\/\/sentaiyuanbio.com\/es\/wp-json\/wp\/v2\/product"}],"about":[{"href":"https:\/\/sentaiyuanbio.com\/es\/wp-json\/wp\/v2\/types\/product"}],"version-history":[{"count":0,"href":"https:\/\/sentaiyuanbio.com\/es\/wp-json\/wp\/v2\/product\/4364\/revisions"}],"wp:featuredmedia":[{"embeddable":true,"href":"https:\/\/sentaiyuanbio.com\/es\/wp-json\/wp\/v2\/media\/4368"}],"wp:attachment":[{"href":"https:\/\/sentaiyuanbio.com\/es\/wp-json\/wp\/v2\/media?parent=4364"}],"wp:term":[{"taxonomy":"product_brand","embeddable":true,"href":"https:\/\/sentaiyuanbio.com\/es\/wp-json\/wp\/v2\/product_brand?post=4364"},{"taxonomy":"product_cat","embeddable":true,"href":"https:\/\/sentaiyuanbio.com\/es\/wp-json\/wp\/v2\/product_cat?post=4364"},{"taxonomy":"product_tag","embeddable":true,"href":"https:\/\/sentaiyuanbio.com\/es\/wp-json\/wp\/v2\/product_tag?post=4364"}],"curies":[{"name":"wp","href":"https:\/\/api.w.org\/{rel}","templated":true}]}}