{"id":4383,"date":"2025-02-28T05:56:16","date_gmt":"2025-02-28T05:56:16","guid":{"rendered":"https:\/\/sentaiyuanbio.com\/?post_type=product&#038;p=4383"},"modified":"2025-02-28T08:28:31","modified_gmt":"2025-02-28T08:28:31","slug":"fideos-secos-konjac-espaguetis","status":"publish","type":"product","link":"https:\/\/sentaiyuanbio.com\/es\/producto\/fideos-secos-konjac-espaguetis\/","title":{"rendered":"Fideos Konjac Secos a Granel, Fideos Shirataki Secos Sabor Zanahoria"},"content":{"rendered":"<h2>Fideos Konjac Secos Sabor Espagueti Zanahoria Descripci\u00f3n<\/h2>\n<p>Los espaguetis secos de fideos konjac se elaboran con agua y la ra\u00edz en polvo de la planta konjac. Esta materia prima se caracteriza por un bajo contenido en hidratos de carbono, grasas y prote\u00ednas, y un alto contenido en valiosas fibras vegetales, llamadas <a href=\"https:\/\/sentaiyuanbio.com\/es\/producto\/fabricante-de-goma-konjac\/\" target=\"_blank\" rel=\"noopener\">glucomanano<\/a>. Estos fideos no contienen al\u00e9rgenos ni conservantes.<br \/>\nGracias a la adici\u00f3n de zanahoria en polvo, los fideos tienen un delicado sabor dulce y un atractivo color amarillo. Nuestros fideos konjac absorben perfectamente el sabor de los condimentos, por lo que complementan una gran variedad de ingredientes.<\/p>\n<table>\n<tbody>\n<tr>\n<td>Nombre del producto<\/td>\n<td>Fideos Konjac Secos Spaghetti Sabor Zanahoria, Spaghetti Shirataki<\/td>\n<\/tr>\n<tr>\n<td>Ingrediente principal<\/td>\n<td>Konjac en polvo, tapioca en polvo, agua<\/td>\n<\/tr>\n<tr>\n<td>Sabores<\/td>\n<td>Original, espinacas, algas, zanahoria, avena<\/td>\n<\/tr>\n<tr>\n<td>Caracter\u00edstica<\/td>\n<td>Sin olor, bajo en calor\u00edas, bajo en carbohidratos, sin gluten, sin az\u00facar, sin grasa, sin OMG, rico en fibra<\/td>\n<\/tr>\n<tr>\n<td>Funciones<\/td>\n<td>Dieta vegetariana, p\u00e9rdida de peso, aumento de la saciedad<\/td>\n<\/tr>\n<tr>\n<td>Fibra diet\u00e9tica<\/td>\n<td>2,8 g\/100 g<\/td>\n<\/tr>\n<tr>\n<td>Calor\u00edas<\/td>\n<td>25Kcal\/100g<\/td>\n<\/tr>\n<tr>\n<td>Contenido de grasa<\/td>\n<td>0<\/td>\n<\/tr>\n<tr>\n<td>Peso<\/td>\n<td>80g<\/td>\n<\/tr>\n<tr>\n<td>Tiempo de cocci\u00f3n<\/td>\n<td>10 minutos<\/td>\n<\/tr>\n<tr>\n<td>Duraci\u00f3n<\/td>\n<td>24 meses<\/td>\n<\/tr>\n<\/tbody>\n<\/table>\n<h2>Las caracter\u00edsticas m\u00e1s importantes de nuestros fideos:<\/h2>\n<ul>\n<li>Ideales para quienes hacen dieta: 100 g de nuestros fideos de zanahoria konjac s\u00f3lo contienen 20 kcal. Esto es unas 6 veces menos que 100 g de fideos de trigo cocidos.<\/li>\n<li>Bajo \u00edndice gluc\u00e9mico - Los fideos konjac no contienen az\u00facar, el<br \/>\ncontenido en hidratos de carbono por 100 g de producto no supere los 2,8 g, y el <a href=\"https:\/\/www.verywellhealth.com\/glycemic-index-chart-for-common-foods-1087476\" target=\"_blank\" rel=\"noopener\">\u00edndice gluc\u00e9mico<\/a> es bajo. Las personas que siguen una dieta de bajo \u00edndice gluc\u00e9mico pueden comer estos fideos.<\/li>\n<li>Recetas vegetarianas - Nuestros fideos no contienen sustancias de origen animal, por lo que son perfectos para sopas vegetarianas y comidas veganas.<\/li>\n<li>Adecuados para una gran variedad de comidas - El sabor universal de los fideos Konjac es adecuado tanto para sopas como para platos cl\u00e1sicos de pasta.<\/li>\n<\/ul>\n<h2>C\u00f3mo cocinar<\/h2>\n<p>La preparaci\u00f3n de los fideos secos Konjac es muy sencilla y cualquier ama de casa puede hacerla. S\u00f3lo tienes que remojar los fideos secos en agua caliente durante 5 minutos, luego enjuagarlos bajo el grifo durante 2-3 minutos, a\u00f1adirlos a las sopas o removerlos en una sart\u00e9n con tu salsa favorita y saltearlos durante dos minutos.<\/p>\n<style>.embed-container { position: relative; padding-bottom: 56.25%; height: 0; overflow: hidden; max-width: 100%; } .embed-container iframe, .embed-container object, .embed-container embed { position: absolute; top: 0; left: 0; width: 100%; height: 100%; }<\/style>\n<div class=\"embed-container\"><iframe src=\"https:\/\/www.youtube.com\/embed\/WgphpfRnFp8\" frameborder=\"0\" allowfullscreen=\"allowfullscreen\"><\/iframe><\/div>","protected":false},"excerpt":{"rendered":"<p>Los fideos secos Konjac sabor espagueti de zanahoria son una alternativa baja en calor\u00edas a los fideos italianos tradicionales. Se basan en harina de konjac y harina de zanahoria. Son conocidos por su bajo \u00edndice gluc\u00e9mico y su bajo contenido en grasa.<\/p>","protected":false},"featured_media":4384,"template":"","meta":{"site-sidebar-layout":"default","site-content-layout":"","ast-site-content-layout":"default","site-content-style":"default","site-sidebar-style":"default","ast-global-header-display":"","ast-banner-title-visibility":"","ast-main-header-display":"","ast-hfb-above-header-display":"","ast-hfb-below-header-display":"","ast-hfb-mobile-header-display":"","site-post-title":"","ast-breadcrumbs-content":"","ast-featured-img":"","footer-sml-layout":"","ast-disable-related-posts":"","theme-transparent-header-meta":"default","adv-header-id-meta":"","stick-header-meta":"default","header-above-stick-meta":"","header-main-stick-meta":"","header-below-stick-meta":"","astra-migrate-meta-layouts":"set","ast-page-background-enabled":"default","ast-page-background-meta":{"desktop":{"background-color":"","background-image":"","background-repeat":"repeat","background-position":"center center","background-size":"auto","background-attachment":"scroll","background-type":"","background-media":"","overlay-type":"","overlay-color":"","overlay-opacity":"","overlay-gradient":""},"tablet":{"background-color":"","background-image":"","background-repeat":"repeat","background-position":"center center","background-size":"auto","background-attachment":"scroll","background-type":"","background-media":"","overlay-type":"","overlay-color":"","overlay-opacity":"","overlay-gradient":""},"mobile":{"background-color":"","background-image":"","background-repeat":"repeat","background-position":"center center","background-size":"auto","background-attachment":"scroll","background-type":"","background-media":"","overlay-type":"","overlay-color":"","overlay-opacity":"","overlay-gradient":""}},"ast-content-background-meta":{"desktop":{"background-color":"var(--ast-global-color-5)","background-image":"","background-repeat":"repeat","background-position":"center center","background-size":"auto","background-attachment":"scroll","background-type":"","background-media":"","overlay-type":"","overlay-color":"","overlay-opacity":"","overlay-gradient":""},"tablet":{"background-color":"var(--ast-global-color-5)","background-image":"","background-repeat":"repeat","background-position":"center center","background-size":"auto","background-attachment":"scroll","background-type":"","background-media":"","overlay-type":"","overlay-color":"","overlay-opacity":"","overlay-gradient":""},"mobile":{"background-color":"var(--ast-global-color-5)","background-image":"","background-repeat":"repeat","background-position":"center center","background-size":"auto","background-attachment":"scroll","background-type":"","background-media":"","overlay-type":"","overlay-color":"","overlay-opacity":"","overlay-gradient":""}}},"product_brand":[],"product_cat":[249],"product_tag":[],"class_list":{"0":"post-4383","1":"product","2":"type-product","3":"status-publish","4":"has-post-thumbnail","6":"product_cat-dry-shirataki-noodles","7":"desktop-align-left","8":"tablet-align-left","9":"mobile-align-left","10":"ast-product-gallery-layout-horizontal-slider","11":"ast-product-tabs-layout-horizontal","13":"first","14":"instock","15":"shipping-taxable","16":"product-type-simple"},"_links":{"self":[{"href":"https:\/\/sentaiyuanbio.com\/es\/wp-json\/wp\/v2\/product\/4383","targetHints":{"allow":["GET"]}}],"collection":[{"href":"https:\/\/sentaiyuanbio.com\/es\/wp-json\/wp\/v2\/product"}],"about":[{"href":"https:\/\/sentaiyuanbio.com\/es\/wp-json\/wp\/v2\/types\/product"}],"version-history":[{"count":0,"href":"https:\/\/sentaiyuanbio.com\/es\/wp-json\/wp\/v2\/product\/4383\/revisions"}],"wp:featuredmedia":[{"embeddable":true,"href":"https:\/\/sentaiyuanbio.com\/es\/wp-json\/wp\/v2\/media\/4384"}],"wp:attachment":[{"href":"https:\/\/sentaiyuanbio.com\/es\/wp-json\/wp\/v2\/media?parent=4383"}],"wp:term":[{"taxonomy":"product_brand","embeddable":true,"href":"https:\/\/sentaiyuanbio.com\/es\/wp-json\/wp\/v2\/product_brand?post=4383"},{"taxonomy":"product_cat","embeddable":true,"href":"https:\/\/sentaiyuanbio.com\/es\/wp-json\/wp\/v2\/product_cat?post=4383"},{"taxonomy":"product_tag","embeddable":true,"href":"https:\/\/sentaiyuanbio.com\/es\/wp-json\/wp\/v2\/product_tag?post=4383"}],"curies":[{"name":"wp","href":"https:\/\/api.w.org\/{rel}","templated":true}]}}