{"id":4392,"date":"2025-02-28T06:34:50","date_gmt":"2025-02-28T06:34:50","guid":{"rendered":"https:\/\/sentaiyuanbio.com\/?post_type=product&#038;p=4392"},"modified":"2026-01-06T02:25:59","modified_gmt":"2026-01-06T02:25:59","slug":"fideos-de-avena-konjac-espaguetis","status":"publish","type":"product","link":"https:\/\/sentaiyuanbio.com\/es\/producto\/fideos-de-avena-konjac-espaguetis\/","title":{"rendered":"Fideos Konjac Secos de Avena a Granel, Fideos de Fibra de Avena Shirataki"},"content":{"rendered":"<h2>Espaguetis de fideos Konjac de avena Descripci\u00f3n<\/h2>\n<p>Complemente cualquier dieta con los espaguetis de fideos de avena konjac, son tan sanos como todos los fideos, pero con avena a\u00f1adida para un mayor contenido en fibra diet\u00e9tica.<\/p>\n<p>Los fideos de avena Konjac est\u00e1n hechos de fibra de avena y fibra de konjac (glucomanano), que contienen tanto <a href=\"https:\/\/www.healthline.com\/health\/soluble-vs-insoluble-fiber\" target=\"_blank\" rel=\"noopener\">fibra soluble<\/a> glucomanano de konjac y fibra insoluble de avena.<\/p>\n<p>Sentaiyuan ha estado trabajando duro para mejorar la textura de los fideos y mantenerlos al mismo tiempo bajos en calor\u00edas. Hemos descubierto que al a\u00f1adir fibra de avena, la textura de los fideos konjac es m\u00e1s suave y los fideos tienen m\u00e1s posibilidades de absorber m\u00e1s sabor.<\/p>\n<p>Como todos nuestros fideos, los fideos de avena konjac est\u00e1n cuidadosamente preparados para que pueda mezclarlos con su salsa favorita, a\u00f1adirlos a la sopa o saltearlos con sus verduras, carne o pescado preferidos.<br \/>\nLos fideos de avena konjac en s\u00ed no tienen olor. Al abrir el paquete por primera vez, puede notar un ligero olor a pescado, pero es f\u00e1cil de eliminar. S\u00f3lo tiene que remojar los fideos en agua caliente durante 5 minutos, luego enjuagarlos en agua durante 2-3 minutos, y el olor habr\u00e1 desaparecido por completo.<\/p>\n<table>\n<tbody>\n<tr>\n<td>Nombre del producto<\/td>\n<td>Espaguetis de Fideos de Avena Konjac, Fideos de Fibra de Avena Shirataki<\/td>\n<\/tr>\n<tr>\n<td>Ingrediente principal<\/td>\n<td><a href=\"https:\/\/sentaiyuanbio.com\/es\/producto\/konjac-en-polvo\/\" target=\"_blank\" rel=\"noopener\">Polvo de konjac<\/a>, tapioca en polvo, agua<\/td>\n<\/tr>\n<tr>\n<td>Sabores<\/td>\n<td>Original, espinacas, algas, zanahoria, avena<\/td>\n<\/tr>\n<tr>\n<td>Caracter\u00edstica<\/td>\n<td>Sin olor, bajo en calor\u00edas, bajo en carbohidratos, sin gluten, sin az\u00facar, sin grasa, sin OMG, rico en fibra<\/td>\n<\/tr>\n<tr>\n<td>Funciones<\/td>\n<td>Dieta vegetariana, p\u00e9rdida de peso, aumento de la saciedad<\/td>\n<\/tr>\n<tr>\n<td>Fibra diet\u00e9tica<\/td>\n<td>2,8 g\/100 g<\/td>\n<\/tr>\n<tr>\n<td>Calor\u00edas<\/td>\n<td>25Kcal\/100g<\/td>\n<\/tr>\n<tr>\n<td>Contenido de grasa<\/td>\n<td>0<\/td>\n<\/tr>\n<tr>\n<td>Peso<\/td>\n<td>80g<\/td>\n<\/tr>\n<tr>\n<td>Tiempo de cocci\u00f3n<\/td>\n<td>10 minutos<\/td>\n<\/tr>\n<tr>\n<td>Duraci\u00f3n<\/td>\n<td>24 meses<\/td>\n<\/tr>\n<\/tbody>\n<\/table>\n<p><img fetchpriority=\"high\" decoding=\"async\" class=\"alignnone wp-image-4402 size-full\" src=\"https:\/\/sentaiyuanbio.com\/wp-content\/uploads\/2025\/02\/Shirataki-Oat-Fiber-Noodles-2.webp\" alt=\"Fideos Shirataki de fibra de avena\" width=\"1000\" height=\"1000\" srcset=\"https:\/\/sentaiyuanbio.com\/wp-content\/uploads\/2025\/02\/Shirataki-Oat-Fiber-Noodles-2.webp 1000w, https:\/\/sentaiyuanbio.com\/wp-content\/uploads\/2025\/02\/Shirataki-Oat-Fiber-Noodles-2-600x600.webp 600w, https:\/\/sentaiyuanbio.com\/wp-content\/uploads\/2025\/02\/Shirataki-Oat-Fiber-Noodles-2-100x100.webp 100w, https:\/\/sentaiyuanbio.com\/wp-content\/uploads\/2025\/02\/Shirataki-Oat-Fiber-Noodles-2-300x300.webp 300w, https:\/\/sentaiyuanbio.com\/wp-content\/uploads\/2025\/02\/Shirataki-Oat-Fiber-Noodles-2-150x150.webp 150w, https:\/\/sentaiyuanbio.com\/wp-content\/uploads\/2025\/02\/Shirataki-Oat-Fiber-Noodles-2-768x768.webp 768w\" sizes=\"(max-width: 1000px) 100vw, 1000px\" \/><img decoding=\"async\" class=\"alignnone wp-image-4401 size-full\" src=\"https:\/\/sentaiyuanbio.com\/wp-content\/uploads\/2025\/02\/Shirataki-Oat-Fiber-Noodles.webp\" alt=\"Fideos Shirataki de fibra de avena\" width=\"1000\" height=\"1000\" srcset=\"https:\/\/sentaiyuanbio.com\/wp-content\/uploads\/2025\/02\/Shirataki-Oat-Fiber-Noodles.webp 1000w, https:\/\/sentaiyuanbio.com\/wp-content\/uploads\/2025\/02\/Shirataki-Oat-Fiber-Noodles-600x600.webp 600w, https:\/\/sentaiyuanbio.com\/wp-content\/uploads\/2025\/02\/Shirataki-Oat-Fiber-Noodles-100x100.webp 100w, https:\/\/sentaiyuanbio.com\/wp-content\/uploads\/2025\/02\/Shirataki-Oat-Fiber-Noodles-300x300.webp 300w, https:\/\/sentaiyuanbio.com\/wp-content\/uploads\/2025\/02\/Shirataki-Oat-Fiber-Noodles-150x150.webp 150w, https:\/\/sentaiyuanbio.com\/wp-content\/uploads\/2025\/02\/Shirataki-Oat-Fiber-Noodles-768x768.webp 768w\" sizes=\"(max-width: 1000px) 100vw, 1000px\" \/><\/p>","protected":false},"excerpt":{"rendered":"<p>Los espaguetis de fideos konjac de avena se elaboran a partir de la planta konjac, 100% planta pura, libre de cualquier al\u00e9rgeno y que contiene s\u00f3lo 25 kcal por 100 g. Los fideos konjac son pasta sin gluten y un alimento bajo en calor\u00edas. Los fideos konjac son diferentes de la pasta tradicional, le permiten hacer recetas sanas y seguir una dieta de adelgazamiento. Son perfectos para cualquier dieta o simplemente para llevar un estilo de vida saludable.<\/p>","protected":false},"featured_media":4393,"template":"","meta":{"site-sidebar-layout":"default","site-content-layout":"","ast-site-content-layout":"default","site-content-style":"default","site-sidebar-style":"default","ast-global-header-display":"","ast-banner-title-visibility":"","ast-main-header-display":"","ast-hfb-above-header-display":"","ast-hfb-below-header-display":"","ast-hfb-mobile-header-display":"","site-post-title":"","ast-breadcrumbs-content":"","ast-featured-img":"","footer-sml-layout":"","ast-disable-related-posts":"","theme-transparent-header-meta":"default","adv-header-id-meta":"","stick-header-meta":"default","header-above-stick-meta":"","header-main-stick-meta":"","header-below-stick-meta":"","astra-migrate-meta-layouts":"set","ast-page-background-enabled":"default","ast-page-background-meta":{"desktop":{"background-color":"","background-image":"","background-repeat":"repeat","background-position":"center center","background-size":"auto","background-attachment":"scroll","background-type":"","background-media":"","overlay-type":"","overlay-color":"","overlay-opacity":"","overlay-gradient":""},"tablet":{"background-color":"","background-image":"","background-repeat":"repeat","background-position":"center center","background-size":"auto","background-attachment":"scroll","background-type":"","background-media":"","overlay-type":"","overlay-color":"","overlay-opacity":"","overlay-gradient":""},"mobile":{"background-color":"","background-image":"","background-repeat":"repeat","background-position":"center center","background-size":"auto","background-attachment":"scroll","background-type":"","background-media":"","overlay-type":"","overlay-color":"","overlay-opacity":"","overlay-gradient":""}},"ast-content-background-meta":{"desktop":{"background-color":"var(--ast-global-color-5)","background-image":"","background-repeat":"repeat","background-position":"center center","background-size":"auto","background-attachment":"scroll","background-type":"","background-media":"","overlay-type":"","overlay-color":"","overlay-opacity":"","overlay-gradient":""},"tablet":{"background-color":"var(--ast-global-color-5)","background-image":"","background-repeat":"repeat","background-position":"center center","background-size":"auto","background-attachment":"scroll","background-type":"","background-media":"","overlay-type":"","overlay-color":"","overlay-opacity":"","overlay-gradient":""},"mobile":{"background-color":"var(--ast-global-color-5)","background-image":"","background-repeat":"repeat","background-position":"center center","background-size":"auto","background-attachment":"scroll","background-type":"","background-media":"","overlay-type":"","overlay-color":"","overlay-opacity":"","overlay-gradient":""}}},"product_brand":[],"product_cat":[249],"product_tag":[29],"class_list":{"0":"post-4392","1":"product","2":"type-product","3":"status-publish","4":"has-post-thumbnail","6":"product_cat-dry-shirataki-noodles","7":"product_tag-konjac-spaghetti","8":"desktop-align-left","9":"tablet-align-left","10":"mobile-align-left","11":"ast-product-gallery-layout-horizontal-slider","12":"ast-product-tabs-layout-horizontal","14":"first","15":"instock","16":"shipping-taxable","17":"product-type-simple"},"_links":{"self":[{"href":"https:\/\/sentaiyuanbio.com\/es\/wp-json\/wp\/v2\/product\/4392","targetHints":{"allow":["GET"]}}],"collection":[{"href":"https:\/\/sentaiyuanbio.com\/es\/wp-json\/wp\/v2\/product"}],"about":[{"href":"https:\/\/sentaiyuanbio.com\/es\/wp-json\/wp\/v2\/types\/product"}],"version-history":[{"count":0,"href":"https:\/\/sentaiyuanbio.com\/es\/wp-json\/wp\/v2\/product\/4392\/revisions"}],"wp:featuredmedia":[{"embeddable":true,"href":"https:\/\/sentaiyuanbio.com\/es\/wp-json\/wp\/v2\/media\/4393"}],"wp:attachment":[{"href":"https:\/\/sentaiyuanbio.com\/es\/wp-json\/wp\/v2\/media?parent=4392"}],"wp:term":[{"taxonomy":"product_brand","embeddable":true,"href":"https:\/\/sentaiyuanbio.com\/es\/wp-json\/wp\/v2\/product_brand?post=4392"},{"taxonomy":"product_cat","embeddable":true,"href":"https:\/\/sentaiyuanbio.com\/es\/wp-json\/wp\/v2\/product_cat?post=4392"},{"taxonomy":"product_tag","embeddable":true,"href":"https:\/\/sentaiyuanbio.com\/es\/wp-json\/wp\/v2\/product_tag?post=4392"}],"curies":[{"name":"wp","href":"https:\/\/api.w.org\/{rel}","templated":true}]}}