{"id":4524,"date":"2025-03-03T09:23:44","date_gmt":"2025-03-03T09:23:44","guid":{"rendered":"https:\/\/sentaiyuanbio.com\/?post_type=product&#038;p=4524"},"modified":"2025-03-05T09:55:22","modified_gmt":"2025-03-05T09:55:22","slug":"arroz-milagroso-arroz-shirataki","status":"publish","type":"product","link":"https:\/\/sentaiyuanbio.com\/es\/producto\/arroz-milagroso-arroz-shirataki\/","title":{"rendered":"Arroz Milagroso, Arroz Shirataki con Fideos Milagrosos"},"content":{"rendered":"<p>El Arroz Milagroso, tambi\u00e9n conocido como Arroz Shirataki o Arroz Konjac, es una alternativa baja en calor\u00edas y carbohidratos al arroz tradicional. Se elabora a partir de la planta konjac, un tipo de ra\u00edz vegetal que se consume en Asia desde hace m\u00e1s de 1.000 a\u00f1os.<\/p>\n<table>\n<tbody>\n<tr>\n<td>Nombre del producto<\/td>\n<td>Arroz Shirataki con Fideos Milagrosos<\/td>\n<\/tr>\n<tr>\n<td>Ingrediente principal<\/td>\n<td><a href=\"https:\/\/sentaiyuanbio.com\/es\/producto\/konjac-en-polvo\/\" target=\"_blank\" rel=\"noopener\">Polvo de konjac<\/a>agua<\/td>\n<\/tr>\n<tr>\n<td>Sabores<\/td>\n<td>Sabores original, zanahoria, avena, algas, trigo sarraceno, jud\u00eda mungo y jud\u00eda roja<\/td>\n<\/tr>\n<tr>\n<td>Caracter\u00edstica<\/td>\n<td>Sin olor, bajo en calor\u00edas, bajo en carbohidratos, sin gluten, sin az\u00facar, sin grasa, sin OMG, rico en fibra<\/td>\n<\/tr>\n<tr>\n<td>Funciones<\/td>\n<td>Dieta vegetariana, p\u00e9rdida de peso, aumento de la saciedad<\/td>\n<\/tr>\n<tr>\n<td>Fibra diet\u00e9tica<\/td>\n<td>3g\/100g<\/td>\n<\/tr>\n<tr>\n<td>Calor\u00edas<\/td>\n<td>6Kcal\/100g<\/td>\n<\/tr>\n<tr>\n<td>Contenido de grasa<\/td>\n<td>0<\/td>\n<\/tr>\n<tr>\n<td>Peso<\/td>\n<td>Personalizado<\/td>\n<\/tr>\n<tr>\n<td>Tiempo de cocci\u00f3n<\/td>\n<td>3 minutos<\/td>\n<\/tr>\n<tr>\n<td>Duraci\u00f3n<\/td>\n<td>12 meses<\/td>\n<\/tr>\n<\/tbody>\n<\/table>\n<p>He aqu\u00ed algunas caracter\u00edsticas clave del Arroz Milagroso:<\/p>\n<h2>Caracter\u00edsticas principales del arroz milagroso<\/h2>\n<ol>\n<li>Composici\u00f3n: El Arroz Milagroso est\u00e1 compuesto por 97% de agua y 3% de fibra, lo que lo hace extremadamente bajo en calor\u00edas y carbohidratos.<\/li>\n<li>Contenido nutricional: S\u00f3lo contiene aproximadamente 1 gramo de carbohidratos por raci\u00f3n, lo que lo hace adecuado para las dietas bajas en carbohidratos. Una raci\u00f3n de 100 g tiene aproximadamente 6 calor\u00edas.<\/li>\n<li>Textura y sabor: Cuando se prepara correctamente, tiene una textura blanda y carece de sabor, lo que le permite absorber bien los sabores.<\/li>\n<li>Beneficios diet\u00e9ticos: No contiene gluten ni soja y est\u00e1 elaborado con ingredientes no modificados gen\u00e9ticamente, por lo que es una buena opci\u00f3n para quienes tienen restricciones diet\u00e9ticas.<\/li>\n<li>Propiedades prebi\u00f3ticas: El <a href=\"https:\/\/www.metamucil.com\/en-us\/articles\/fiber-101\/what-is-soluble-fiber\/?msclkid=2ac0ed7e93171fdbb20f8abbe7f432cb\" target=\"_blank\" rel=\"noopener\">fibra soluble<\/a> del Arroz Milagroso act\u00faa como prebi\u00f3tico, favoreciendo la salud intestinal al alimentar a las bacterias beneficiosas.<\/li>\n<\/ol>\n<h2>Usos y cocci\u00f3n<\/h2>\n<p>El Arroz Milagroso puede utilizarse como sustituto del arroz tradicional en diversos platos, como salteados, pilafs de arroz e incluso postres como el arroz con leche. Para cocinarlo, basta con enjuagar el arroz bajo el grifo y saltearlo en una sart\u00e9n para eliminar el exceso de humedad antes de a\u00f1adir los condimentos.<\/p>\n<style>.embed-container { position: relative; padding-bottom: 56.25%; height: 0; overflow: hidden; max-width: 100%; } .embed-container iframe, .embed-container object, .embed-container embed { position: absolute; top: 0; left: 0; width: 100%; height: 100%; }<\/style>\n<div class=\"embed-container\"><iframe src=\"https:\/\/www.youtube.com\/embed\/Y9r1fgiu6-A\" frameborder=\"0\" allowfullscreen=\"allowfullscreen\"><\/iframe><\/div>\n<style>.embed-container { position: relative; padding-bottom: 56.25%; height: 0; overflow: hidden; max-width: 100%; } .embed-container iframe, .embed-container object, .embed-container embed { position: absolute; top: 0; left: 0; width: 100%; height: 100%; }<\/style>\n<div class=\"embed-container\"><iframe src=\"https:\/\/www.youtube.com\/embed\/BaWQKlIDx-U\" frameborder=\"0\" allowfullscreen=\"allowfullscreen\"><\/iframe><\/div>","protected":false},"excerpt":{"rendered":"<p>El arroz milagroso Sentaiyuan se elabora con harina de konjac de la mejor calidad. Es bajo en calor\u00edas, bajo en agua carbonatada y alto en fibra. Tiene varios sabores, como el original, zanahoria, avena, algas, trigo sarraceno, jud\u00eda mungo y jud\u00eda roja.<\/p>","protected":false},"featured_media":4530,"template":"","meta":{"site-sidebar-layout":"default","site-content-layout":"","ast-site-content-layout":"default","site-content-style":"default","site-sidebar-style":"default","ast-global-header-display":"","ast-banner-title-visibility":"","ast-main-header-display":"","ast-hfb-above-header-display":"","ast-hfb-below-header-display":"","ast-hfb-mobile-header-display":"","site-post-title":"","ast-breadcrumbs-content":"","ast-featured-img":"","footer-sml-layout":"","ast-disable-related-posts":"","theme-transparent-header-meta":"default","adv-header-id-meta":"","stick-header-meta":"default","header-above-stick-meta":"","header-main-stick-meta":"","header-below-stick-meta":"","astra-migrate-meta-layouts":"set","ast-page-background-enabled":"default","ast-page-background-meta":{"desktop":{"background-color":"","background-image":"","background-repeat":"repeat","background-position":"center center","background-size":"auto","background-attachment":"scroll","background-type":"","background-media":"","overlay-type":"","overlay-color":"","overlay-opacity":"","overlay-gradient":""},"tablet":{"background-color":"","background-image":"","background-repeat":"repeat","background-position":"center center","background-size":"auto","background-attachment":"scroll","background-type":"","background-media":"","overlay-type":"","overlay-color":"","overlay-opacity":"","overlay-gradient":""},"mobile":{"background-color":"","background-image":"","background-repeat":"repeat","background-position":"center center","background-size":"auto","background-attachment":"scroll","background-type":"","background-media":"","overlay-type":"","overlay-color":"","overlay-opacity":"","overlay-gradient":""}},"ast-content-background-meta":{"desktop":{"background-color":"var(--ast-global-color-5)","background-image":"","background-repeat":"repeat","background-position":"center center","background-size":"auto","background-attachment":"scroll","background-type":"","background-media":"","overlay-type":"","overlay-color":"","overlay-opacity":"","overlay-gradient":""},"tablet":{"background-color":"var(--ast-global-color-5)","background-image":"","background-repeat":"repeat","background-position":"center center","background-size":"auto","background-attachment":"scroll","background-type":"","background-media":"","overlay-type":"","overlay-color":"","overlay-opacity":"","overlay-gradient":""},"mobile":{"background-color":"var(--ast-global-color-5)","background-image":"","background-repeat":"repeat","background-position":"center center","background-size":"auto","background-attachment":"scroll","background-type":"","background-media":"","overlay-type":"","overlay-color":"","overlay-opacity":"","overlay-gradient":""}}},"product_brand":[],"product_cat":[250],"product_tag":[],"class_list":{"0":"post-4524","1":"product","2":"type-product","3":"status-publish","4":"has-post-thumbnail","6":"product_cat-wet-shirataki-rice","7":"desktop-align-left","8":"tablet-align-left","9":"mobile-align-left","10":"ast-product-gallery-layout-horizontal-slider","11":"ast-product-tabs-layout-horizontal","13":"first","14":"instock","15":"shipping-taxable","16":"product-type-simple"},"_links":{"self":[{"href":"https:\/\/sentaiyuanbio.com\/es\/wp-json\/wp\/v2\/product\/4524","targetHints":{"allow":["GET"]}}],"collection":[{"href":"https:\/\/sentaiyuanbio.com\/es\/wp-json\/wp\/v2\/product"}],"about":[{"href":"https:\/\/sentaiyuanbio.com\/es\/wp-json\/wp\/v2\/types\/product"}],"version-history":[{"count":0,"href":"https:\/\/sentaiyuanbio.com\/es\/wp-json\/wp\/v2\/product\/4524\/revisions"}],"wp:featuredmedia":[{"embeddable":true,"href":"https:\/\/sentaiyuanbio.com\/es\/wp-json\/wp\/v2\/media\/4530"}],"wp:attachment":[{"href":"https:\/\/sentaiyuanbio.com\/es\/wp-json\/wp\/v2\/media?parent=4524"}],"wp:term":[{"taxonomy":"product_brand","embeddable":true,"href":"https:\/\/sentaiyuanbio.com\/es\/wp-json\/wp\/v2\/product_brand?post=4524"},{"taxonomy":"product_cat","embeddable":true,"href":"https:\/\/sentaiyuanbio.com\/es\/wp-json\/wp\/v2\/product_cat?post=4524"},{"taxonomy":"product_tag","embeddable":true,"href":"https:\/\/sentaiyuanbio.com\/es\/wp-json\/wp\/v2\/product_tag?post=4524"}],"curies":[{"name":"wp","href":"https:\/\/api.w.org\/{rel}","templated":true}]}}