{"id":4534,"date":"2025-03-04T03:26:53","date_gmt":"2025-03-04T03:26:53","guid":{"rendered":"https:\/\/sentaiyuanbio.com\/?post_type=product&#038;p=4534"},"modified":"2025-03-05T09:56:20","modified_gmt":"2025-03-05T09:56:20","slug":"avena-konjac-arroz-a-granel","status":"publish","type":"product","link":"https:\/\/sentaiyuanbio.com\/es\/producto\/avena-konjac-arroz-a-granel\/","title":{"rendered":"Arroz Konjac de Avena a Granel, Arroz Konjac Shirataki"},"content":{"rendered":"<h2>Arroz konjac de avena a granel Caracter\u00edsticas principales<\/h2>\n<p>Ingredientes: Normalmente se elabora a partir de una combinaci\u00f3n de avena, konjac y agua. El componente konjac procede de la planta konjac, conocida por su cormo amil\u00e1ceo, que se utiliza en diversos suplementos diet\u00e9ticos para el control del peso y la obesidad. <a href=\"https:\/\/www.betterhealth.vic.gov.au\/health\/conditionsandtreatments\/cholesterol-healthy-eating-tips\" target=\"_blank\" rel=\"noopener\">control del colesterol<\/a>.<\/p>\n<p>Beneficios nutricionales: Es bajo en calor\u00edas, rico en fibra diet\u00e9tica y, a menudo, no contiene gluten, az\u00facar ni grasa. Esto la convierte en una opci\u00f3n excelente para quienes siguen una dieta baja en calor\u00edas o buscan controlar los niveles de az\u00facar en sangre.<\/p>\n<p>Textura y sabor: El arroz konjac de avena ofrece una textura ligeramente masticable similar a la del arroz tradicional, pero con un sabor neutro. A menudo se describe como inodoro, lo que aumenta su atractivo como sustituto del arroz.<\/p>\n<p>F\u00e1cil de preparar: Puede prepararse r\u00e1pidamente utilizando m\u00e9todos como el microondas, la sart\u00e9n o el hervido, por lo que resulta c\u00f3modo para las personas ocupadas.<\/p>\n<table>\n<tbody>\n<tr>\n<td>Nombre del producto<\/td>\n<td>Arroz Konjac de Avena a Granel, Arroz Konjac Shirataki<\/td>\n<\/tr>\n<tr>\n<td>Ingrediente principal<\/td>\n<td><a href=\"https:\/\/sentaiyuanbio.com\/es\/producto\/harina-de-name-konjac-polvo-de-name-konjac\/\" target=\"_blank\" rel=\"noopener\">Polvo de konjac<\/a>agua<\/td>\n<\/tr>\n<tr>\n<td>Sabores<\/td>\n<td>Sabores original, zanahoria, avena, algas, trigo sarraceno, jud\u00eda mungo y jud\u00eda roja<\/td>\n<\/tr>\n<tr>\n<td>Caracter\u00edstica<\/td>\n<td>Sin olor, bajo en calor\u00edas, bajo en carbohidratos, sin gluten, sin az\u00facar, sin grasa, sin OMG, rico en fibra<\/td>\n<\/tr>\n<tr>\n<td>Funciones<\/td>\n<td>Dieta vegetariana, p\u00e9rdida de peso, aumento de la saciedad<\/td>\n<\/tr>\n<tr>\n<td>Fibra diet\u00e9tica<\/td>\n<td>3g\/100g<\/td>\n<\/tr>\n<tr>\n<td>Calor\u00edas<\/td>\n<td>6Kcal\/100g<\/td>\n<\/tr>\n<tr>\n<td>Contenido de grasa<\/td>\n<td>0<\/td>\n<\/tr>\n<tr>\n<td>Peso<\/td>\n<td>Personalizado<\/td>\n<\/tr>\n<tr>\n<td>Tiempo de cocci\u00f3n<\/td>\n<td>3 minutos<\/td>\n<\/tr>\n<tr>\n<td>Duraci\u00f3n<\/td>\n<td>12 meses<\/td>\n<\/tr>\n<\/tbody>\n<\/table>\n<p>Cada 100 g contienen 3 g de fibra diet\u00e9tica, s\u00f3lo 6 kcal de energ\u00eda y nada de grasa. Muy adecuado para quienes persiguen la p\u00e9rdida de peso, el vegetarianismo o simplemente quieren aumentar la saciedad.<\/p>\n<h2>C\u00f3mo cocinar el arroz konjac de avena<\/h2>\n<p>Cocinar arroz de avena y konjac es r\u00e1pido y f\u00e1cil, lo que te permitir\u00e1 disfrutar de una comida sana y deliciosa en muy poco tiempo. Sigue estos sencillos pasos para prepararlo:<\/p>\n<p>Escurre y aclara: abre el paquete y escurre todo el l\u00edquido. Enjuaga bien el arroz shirataki konjac bajo agua fr\u00eda durante 1-2 minutos. Esto ayudar\u00e1 a eliminar el sabor alcalino y a pescado del konjac.<\/p>\n<p>Hervido o salteado: Aunque el arroz shirataki konjac ya est\u00e1 precocido y se puede comer sin m\u00e1s cocci\u00f3n, hervirlo o saltearlo puede mejorar su sabor. Para hervirlo, pon el arroz enjuagado en una olla con agua hirviendo durante 1-2 minutos y esc\u00farrelo. Para saltearlo, pon el arroz enjuagado en una sart\u00e9n antiadherente a fuego medio, removiendo de vez en cuando, hasta que el arroz est\u00e9 cocido y se haya evaporado cualquier resto de humedad.<\/p>\n<p>A\u00f1ade salsas y coberturas: Tiene un sabor neutro y es la base perfecta para tus salsas para pasta y aderezos favoritos. Combina el arroz shirataki konjac con tus salsas, verduras, prote\u00ednas y condimentos favoritos, removiendo bien para asegurar una distribuci\u00f3n uniforme.<\/p>\n<p>Calienta y sirve: Si tus salsas y aderezos ya est\u00e1n calientes, puedes servirlos. Si no, calienta el arroz, la salsa y los aderezos en una sart\u00e9n a fuego lento hasta que est\u00e9n bien calientes. Tambi\u00e9n puedes calentar la mezcla en el microondas durante 1-2 minutos, o a la temperatura que desees.<\/p>\n<p>Adorna y sirve: Emplata y adorna con hierbas frescas, queso u otros ingredientes a tu gusto. S\u00edrvelo inmediatamente para disfrutar de una comida deliciosa y sin remordimientos.<\/p>\n<p>Recuerda que el arroz konjac de avena es vers\u00e1til y puede utilizarse en una gran variedad de platos, desde los cl\u00e1sicos italianos hasta los salteados de inspiraci\u00f3n asi\u00e1tica. No tengas miedo de ser creativo y probar distintas combinaciones de sabores para encontrar tu comida perfecta.<\/p>\n<style>.embed-container { position: relative; padding-bottom: 56.25%; height: 0; overflow: hidden; max-width: 100%; } .embed-container iframe, .embed-container object, .embed-container embed { position: absolute; top: 0; left: 0; width: 100%; height: 100%; }<\/style>\n<div class=\"embed-container\"><iframe src=\"https:\/\/www.youtube.com\/embed\/BaWQKlIDx-U\" frameborder=\"0\" allowfullscreen=\"allowfullscreen\"><\/iframe><\/div>","protected":false},"excerpt":{"rendered":"<p>El Arroz Konjac de Avena (Arroz H\u00famedo) es una alternativa al arroz tradicional, baja en calor\u00edas y rica en fibra, que combina los beneficios de la avena y el konjac. Su alto contenido en fibra ayuda a aumentar la saciedad, lo que facilita el control del peso. Rico en fibra diet\u00e9tica, que facilita la digesti\u00f3n y favorece la salud intestinal.<\/p>","protected":false},"featured_media":4542,"template":"","meta":{"site-sidebar-layout":"default","site-content-layout":"","ast-site-content-layout":"default","site-content-style":"default","site-sidebar-style":"default","ast-global-header-display":"","ast-banner-title-visibility":"","ast-main-header-display":"","ast-hfb-above-header-display":"","ast-hfb-below-header-display":"","ast-hfb-mobile-header-display":"","site-post-title":"","ast-breadcrumbs-content":"","ast-featured-img":"","footer-sml-layout":"","ast-disable-related-posts":"","theme-transparent-header-meta":"default","adv-header-id-meta":"","stick-header-meta":"default","header-above-stick-meta":"","header-main-stick-meta":"","header-below-stick-meta":"","astra-migrate-meta-layouts":"set","ast-page-background-enabled":"default","ast-page-background-meta":{"desktop":{"background-color":"","background-image":"","background-repeat":"repeat","background-position":"center center","background-size":"auto","background-attachment":"scroll","background-type":"","background-media":"","overlay-type":"","overlay-color":"","overlay-opacity":"","overlay-gradient":""},"tablet":{"background-color":"","background-image":"","background-repeat":"repeat","background-position":"center center","background-size":"auto","background-attachment":"scroll","background-type":"","background-media":"","overlay-type":"","overlay-color":"","overlay-opacity":"","overlay-gradient":""},"mobile":{"background-color":"","background-image":"","background-repeat":"repeat","background-position":"center center","background-size":"auto","background-attachment":"scroll","background-type":"","background-media":"","overlay-type":"","overlay-color":"","overlay-opacity":"","overlay-gradient":""}},"ast-content-background-meta":{"desktop":{"background-color":"var(--ast-global-color-5)","background-image":"","background-repeat":"repeat","background-position":"center center","background-size":"auto","background-attachment":"scroll","background-type":"","background-media":"","overlay-type":"","overlay-color":"","overlay-opacity":"","overlay-gradient":""},"tablet":{"background-color":"var(--ast-global-color-5)","background-image":"","background-repeat":"repeat","background-position":"center center","background-size":"auto","background-attachment":"scroll","background-type":"","background-media":"","overlay-type":"","overlay-color":"","overlay-opacity":"","overlay-gradient":""},"mobile":{"background-color":"var(--ast-global-color-5)","background-image":"","background-repeat":"repeat","background-position":"center center","background-size":"auto","background-attachment":"scroll","background-type":"","background-media":"","overlay-type":"","overlay-color":"","overlay-opacity":"","overlay-gradient":""}}},"product_brand":[],"product_cat":[250],"product_tag":[],"class_list":{"0":"post-4534","1":"product","2":"type-product","3":"status-publish","4":"has-post-thumbnail","6":"product_cat-wet-shirataki-rice","7":"desktop-align-left","8":"tablet-align-left","9":"mobile-align-left","10":"ast-product-gallery-layout-horizontal-slider","11":"ast-product-tabs-layout-horizontal","13":"first","14":"instock","15":"shipping-taxable","16":"product-type-simple"},"_links":{"self":[{"href":"https:\/\/sentaiyuanbio.com\/es\/wp-json\/wp\/v2\/product\/4534","targetHints":{"allow":["GET"]}}],"collection":[{"href":"https:\/\/sentaiyuanbio.com\/es\/wp-json\/wp\/v2\/product"}],"about":[{"href":"https:\/\/sentaiyuanbio.com\/es\/wp-json\/wp\/v2\/types\/product"}],"version-history":[{"count":0,"href":"https:\/\/sentaiyuanbio.com\/es\/wp-json\/wp\/v2\/product\/4534\/revisions"}],"wp:featuredmedia":[{"embeddable":true,"href":"https:\/\/sentaiyuanbio.com\/es\/wp-json\/wp\/v2\/media\/4542"}],"wp:attachment":[{"href":"https:\/\/sentaiyuanbio.com\/es\/wp-json\/wp\/v2\/media?parent=4534"}],"wp:term":[{"taxonomy":"product_brand","embeddable":true,"href":"https:\/\/sentaiyuanbio.com\/es\/wp-json\/wp\/v2\/product_brand?post=4534"},{"taxonomy":"product_cat","embeddable":true,"href":"https:\/\/sentaiyuanbio.com\/es\/wp-json\/wp\/v2\/product_cat?post=4534"},{"taxonomy":"product_tag","embeddable":true,"href":"https:\/\/sentaiyuanbio.com\/es\/wp-json\/wp\/v2\/product_tag?post=4534"}],"curies":[{"name":"wp","href":"https:\/\/api.w.org\/{rel}","templated":true}]}}