{"id":4543,"date":"2025-03-04T07:04:09","date_gmt":"2025-03-04T07:04:09","guid":{"rendered":"https:\/\/sentaiyuanbio.com\/?post_type=product&#038;p=4543"},"modified":"2025-03-05T09:15:43","modified_gmt":"2025-03-05T09:15:43","slug":"alga-shirataki-arroz-konjac","status":"publish","type":"product","link":"https:\/\/sentaiyuanbio.com\/es\/producto\/alga-shirataki-arroz-konjac\/","title":{"rendered":"Arroz Shirataki Konjac de Algas, Arroz Shirataki H\u00famedo"},"content":{"rendered":"<h2>Arroz konjac Shirataki de algas marinas Caracter\u00edsticas principales<\/h2>\n<p>El arroz konjac Shirataki de algas es el mejor compa\u00f1ero para la p\u00e9rdida de grasa y un perfecto sustituto del arroz. Es bajo en grasas y calor\u00edas, s\u00f3lo 6kcal por cada 100 gramos, por lo que puede comer todo lo que quiera aunque controle su ingesta. El konjac aporta sensaci\u00f3n de saciedad y el delicioso sabor marino de las algas resulta exquisito sin preocuparse por engordar. Puede utilizarse para hacer bibimbap, arroz frito, gachas, etc. S\u00f3lo tiene que enjuagarla bajo el grifo durante 2-3 minutos para eliminar el olor a pescado, luego cocerla y a\u00f1adirla a la receta de su elecci\u00f3n.<\/p>\n<table>\n<tbody>\n<tr>\n<td>Nombre del producto<\/td>\n<td>Algas Shirataki Arroz Konjac<\/td>\n<\/tr>\n<tr>\n<td>Ingrediente principal<\/td>\n<td><a href=\"https:\/\/sentaiyuanbio.com\/es\/producto\/harina-de-name-konjac-polvo-de-name-konjac\/\" target=\"_blank\" rel=\"noopener\">Polvo de konjac<\/a>, <a href=\"https:\/\/regencyspices.hk\/products\/seaweed-ground-powder?srsltid=AfmBOopyFMW9OQcCqSg2UtTrrVRpxMW1hLqBxhhNTu-xTvyPbUEoVgHT\" target=\"_blank\" rel=\"noopener\">Polvo de algas<\/a>agua<\/td>\n<\/tr>\n<tr>\n<td>Sabores<\/td>\n<td>Sabores original, zanahoria, avena, algas, trigo sarraceno, jud\u00eda mungo y jud\u00eda roja<\/td>\n<\/tr>\n<tr>\n<td>Caracter\u00edstica<\/td>\n<td>Sin olor, bajo en calor\u00edas, bajo en carbohidratos, sin gluten, sin az\u00facar, sin grasa, sin OMG, rico en fibra<\/td>\n<\/tr>\n<tr>\n<td>Funciones<\/td>\n<td>Dieta vegetariana, p\u00e9rdida de peso, aumento de la saciedad<\/td>\n<\/tr>\n<tr>\n<td>Fibra diet\u00e9tica<\/td>\n<td>3g\/100g<\/td>\n<\/tr>\n<tr>\n<td>Calor\u00edas<\/td>\n<td>6Kcal\/100g<\/td>\n<\/tr>\n<tr>\n<td>Contenido de grasa<\/td>\n<td>0<\/td>\n<\/tr>\n<tr>\n<td>Peso<\/td>\n<td>Personalizado<\/td>\n<\/tr>\n<tr>\n<td>Tiempo de cocci\u00f3n<\/td>\n<td>3 minutos<\/td>\n<\/tr>\n<tr>\n<td>Duraci\u00f3n<\/td>\n<td>12 meses<\/td>\n<\/tr>\n<\/tbody>\n<\/table>\n<p><img fetchpriority=\"high\" decoding=\"async\" class=\"alignnone wp-image-4555 size-full\" src=\"https:\/\/sentaiyuanbio.com\/wp-content\/uploads\/2025\/03\/Help-to-balance-diet-2.jpg\" alt=\"Arroz konjac shirataki de algas, el mejor arroz konjac\" width=\"750\" height=\"400\" srcset=\"https:\/\/sentaiyuanbio.com\/wp-content\/uploads\/2025\/03\/Help-to-balance-diet-2.jpg 750w, https:\/\/sentaiyuanbio.com\/wp-content\/uploads\/2025\/03\/Help-to-balance-diet-2-300x160.jpg 300w, https:\/\/sentaiyuanbio.com\/wp-content\/uploads\/2025\/03\/Help-to-balance-diet-2-600x320.jpg 600w\" sizes=\"(max-width: 750px) 100vw, 750px\" \/><img decoding=\"async\" class=\"alignnone wp-image-4557 size-full\" src=\"https:\/\/sentaiyuanbio.com\/wp-content\/uploads\/2025\/03\/Start-the-instant-food-era2.jpg\" alt=\"Arroz konjac shirataki de algas, el mejor arroz konjac\" width=\"750\" height=\"750\" srcset=\"https:\/\/sentaiyuanbio.com\/wp-content\/uploads\/2025\/03\/Start-the-instant-food-era2.jpg 750w, https:\/\/sentaiyuanbio.com\/wp-content\/uploads\/2025\/03\/Start-the-instant-food-era2-600x600.jpg 600w, https:\/\/sentaiyuanbio.com\/wp-content\/uploads\/2025\/03\/Start-the-instant-food-era2-100x100.jpg 100w, https:\/\/sentaiyuanbio.com\/wp-content\/uploads\/2025\/03\/Start-the-instant-food-era2-300x300.jpg 300w, https:\/\/sentaiyuanbio.com\/wp-content\/uploads\/2025\/03\/Start-the-instant-food-era2-150x150.jpg 150w\" sizes=\"(max-width: 750px) 100vw, 750px\" \/><img decoding=\"async\" class=\"alignnone wp-image-4556 size-full\" src=\"https:\/\/sentaiyuanbio.com\/wp-content\/uploads\/2025\/03\/Seaweed-Konjac-Meal-Replacement-Rice.jpg\" alt=\"Arroz konjac shirataki de algas, el mejor arroz konjac\" width=\"750\" height=\"1100\" srcset=\"https:\/\/sentaiyuanbio.com\/wp-content\/uploads\/2025\/03\/Seaweed-Konjac-Meal-Replacement-Rice.jpg 750w, https:\/\/sentaiyuanbio.com\/wp-content\/uploads\/2025\/03\/Seaweed-Konjac-Meal-Replacement-Rice-205x300.jpg 205w, https:\/\/sentaiyuanbio.com\/wp-content\/uploads\/2025\/03\/Seaweed-Konjac-Meal-Replacement-Rice-698x1024.jpg 698w, https:\/\/sentaiyuanbio.com\/wp-content\/uploads\/2025\/03\/Seaweed-Konjac-Meal-Replacement-Rice-409x600.jpg 409w, https:\/\/sentaiyuanbio.com\/wp-content\/uploads\/2025\/03\/Seaweed-Konjac-Meal-Replacement-Rice-600x880.jpg 600w\" sizes=\"(max-width: 750px) 100vw, 750px\" \/><\/p>","protected":false},"excerpt":{"rendered":"<p>Este arroz shirataki de algas konjac no s\u00f3lo aporta un sabor \u00fanico, sino que tambi\u00e9n es bajo en calor\u00edas. Las bajas calor\u00edas y los bajos carbohidratos del konjac son muy adecuados para las personas que quieren adelgazar y controlar su peso. La adici\u00f3n de algas no s\u00f3lo a\u00f1ade un delicioso sabor marino, sino que tambi\u00e9n aporta ricas vitaminas y minerales como el calcio y el hierro.<\/p>","protected":false},"featured_media":4544,"template":"","meta":{"site-sidebar-layout":"default","site-content-layout":"","ast-site-content-layout":"default","site-content-style":"default","site-sidebar-style":"default","ast-global-header-display":"","ast-banner-title-visibility":"","ast-main-header-display":"","ast-hfb-above-header-display":"","ast-hfb-below-header-display":"","ast-hfb-mobile-header-display":"","site-post-title":"","ast-breadcrumbs-content":"","ast-featured-img":"","footer-sml-layout":"","ast-disable-related-posts":"","theme-transparent-header-meta":"default","adv-header-id-meta":"","stick-header-meta":"default","header-above-stick-meta":"","header-main-stick-meta":"","header-below-stick-meta":"","astra-migrate-meta-layouts":"set","ast-page-background-enabled":"default","ast-page-background-meta":{"desktop":{"background-color":"","background-image":"","background-repeat":"repeat","background-position":"center center","background-size":"auto","background-attachment":"scroll","background-type":"","background-media":"","overlay-type":"","overlay-color":"","overlay-opacity":"","overlay-gradient":""},"tablet":{"background-color":"","background-image":"","background-repeat":"repeat","background-position":"center center","background-size":"auto","background-attachment":"scroll","background-type":"","background-media":"","overlay-type":"","overlay-color":"","overlay-opacity":"","overlay-gradient":""},"mobile":{"background-color":"","background-image":"","background-repeat":"repeat","background-position":"center center","background-size":"auto","background-attachment":"scroll","background-type":"","background-media":"","overlay-type":"","overlay-color":"","overlay-opacity":"","overlay-gradient":""}},"ast-content-background-meta":{"desktop":{"background-color":"var(--ast-global-color-5)","background-image":"","background-repeat":"repeat","background-position":"center center","background-size":"auto","background-attachment":"scroll","background-type":"","background-media":"","overlay-type":"","overlay-color":"","overlay-opacity":"","overlay-gradient":""},"tablet":{"background-color":"var(--ast-global-color-5)","background-image":"","background-repeat":"repeat","background-position":"center center","background-size":"auto","background-attachment":"scroll","background-type":"","background-media":"","overlay-type":"","overlay-color":"","overlay-opacity":"","overlay-gradient":""},"mobile":{"background-color":"var(--ast-global-color-5)","background-image":"","background-repeat":"repeat","background-position":"center center","background-size":"auto","background-attachment":"scroll","background-type":"","background-media":"","overlay-type":"","overlay-color":"","overlay-opacity":"","overlay-gradient":""}}},"product_brand":[],"product_cat":[250],"product_tag":[],"class_list":{"0":"post-4543","1":"product","2":"type-product","3":"status-publish","4":"has-post-thumbnail","6":"product_cat-wet-shirataki-rice","7":"desktop-align-left","8":"tablet-align-left","9":"mobile-align-left","10":"ast-product-gallery-layout-horizontal-slider","11":"ast-product-tabs-layout-horizontal","13":"first","14":"instock","15":"shipping-taxable","16":"product-type-simple"},"_links":{"self":[{"href":"https:\/\/sentaiyuanbio.com\/es\/wp-json\/wp\/v2\/product\/4543","targetHints":{"allow":["GET"]}}],"collection":[{"href":"https:\/\/sentaiyuanbio.com\/es\/wp-json\/wp\/v2\/product"}],"about":[{"href":"https:\/\/sentaiyuanbio.com\/es\/wp-json\/wp\/v2\/types\/product"}],"version-history":[{"count":0,"href":"https:\/\/sentaiyuanbio.com\/es\/wp-json\/wp\/v2\/product\/4543\/revisions"}],"wp:featuredmedia":[{"embeddable":true,"href":"https:\/\/sentaiyuanbio.com\/es\/wp-json\/wp\/v2\/media\/4544"}],"wp:attachment":[{"href":"https:\/\/sentaiyuanbio.com\/es\/wp-json\/wp\/v2\/media?parent=4543"}],"wp:term":[{"taxonomy":"product_brand","embeddable":true,"href":"https:\/\/sentaiyuanbio.com\/es\/wp-json\/wp\/v2\/product_brand?post=4543"},{"taxonomy":"product_cat","embeddable":true,"href":"https:\/\/sentaiyuanbio.com\/es\/wp-json\/wp\/v2\/product_cat?post=4543"},{"taxonomy":"product_tag","embeddable":true,"href":"https:\/\/sentaiyuanbio.com\/es\/wp-json\/wp\/v2\/product_tag?post=4543"}],"curies":[{"name":"wp","href":"https:\/\/api.w.org\/{rel}","templated":true}]}}