{"id":4549,"date":"2025-03-04T07:40:15","date_gmt":"2025-03-04T07:40:15","guid":{"rendered":"https:\/\/sentaiyuanbio.com\/?post_type=product&#038;p=4549"},"modified":"2025-03-05T09:06:28","modified_gmt":"2025-03-05T09:06:28","slug":"arroz-shirataki-de-trigo-sarraceno","status":"publish","type":"product","link":"https:\/\/sentaiyuanbio.com\/es\/producto\/arroz-shirataki-de-trigo-sarraceno\/","title":{"rendered":"Arroz Shirataki de Alforf\u00f3n, Arroz Konjac de Alforf\u00f3n al por mayor"},"content":{"rendered":"<h2>Arroz Shirataki de trigo sarraceno Caracter\u00edsticas principales<\/h2>\n<p>El konjac en s\u00ed es bajo en calor\u00edas y carbohidratos, lo que lo hace muy adecuado para las personas que quieren perder grasa y controlar su peso. Al darle un mordisco, el aroma del trigo sarraceno y el suave sabor del konjac se mezclan a la perfecci\u00f3n, aportando una experiencia de sabor sana y deliciosa. Lo que es m\u00e1s digno de menci\u00f3n es que este fideo de konjac es asequible y adecuado para la dieta diaria, lo que puede satisfacer las papilas gustativas y cuidar la salud.<\/p>\n<p class=\"two_elementor_element\">He aqu\u00ed algunas de sus caracter\u00edsticas:<\/p>\n<ol>\n<li>Adecuado para dietas<\/li>\n<li>Arroz saludable<\/li>\n<li>Promueve la salud<\/li>\n<li>F\u00e1cil y saciante<\/li>\n<li>Un producto de alta calidad garantiza la seguridad alimentaria<\/li>\n<li>Pocas calor\u00edas<\/li>\n<li>Bajo contenido en carbohidratos<\/li>\n<li>Alto contenido de fibra<\/li>\n<li>Preparaci\u00f3n r\u00e1pida y sencilla<\/li>\n<li>Favorece la saciedad<\/li>\n<li>Adecuado para diversas restricciones diet\u00e9ticas<\/li>\n<\/ol>\n<table>\n<tbody>\n<tr>\n<td>Nombre del producto<\/td>\n<td>Arroz Shirataki de trigo sarraceno<\/td>\n<\/tr>\n<tr>\n<td>Ingrediente principal<\/td>\n<td><a href=\"https:\/\/sentaiyuanbio.com\/es\/producto\/harina-de-name-konjac-polvo-de-name-konjac\/\" target=\"_blank\" rel=\"noopener\">Polvo de konjac<\/a>, <a href=\"https:\/\/www.pns.hk\/en\/organic-buckwheat-flour\/p\/BP_149351\" target=\"_blank\" rel=\"noopener\">Alforf\u00f3n en polvo<\/a>agua<\/td>\n<\/tr>\n<tr>\n<td>Sabores<\/td>\n<td>Sabores original, zanahoria, avena, algas, trigo sarraceno, jud\u00eda mungo y jud\u00eda roja<\/td>\n<\/tr>\n<tr>\n<td>Caracter\u00edstica<\/td>\n<td>Sin olor, bajo en calor\u00edas, bajo en carbohidratos, sin gluten, sin az\u00facar, sin grasa, sin OMG, rico en fibra<\/td>\n<\/tr>\n<tr>\n<td>Funciones<\/td>\n<td>Dieta vegetariana, p\u00e9rdida de peso, aumento de la saciedad<\/td>\n<\/tr>\n<tr>\n<td>Fibra diet\u00e9tica<\/td>\n<td>3g\/100g<\/td>\n<\/tr>\n<tr>\n<td>Calor\u00edas<\/td>\n<td>6Kcal\/100g<\/td>\n<\/tr>\n<tr>\n<td>Contenido de grasa<\/td>\n<td>0<\/td>\n<\/tr>\n<tr>\n<td>Peso<\/td>\n<td>Personalizado<\/td>\n<\/tr>\n<tr>\n<td>Tiempo de cocci\u00f3n<\/td>\n<td>3 minutos<\/td>\n<\/tr>\n<tr>\n<td>Duraci\u00f3n<\/td>\n<td>12 meses<\/td>\n<\/tr>\n<\/tbody>\n<\/table>","protected":false},"excerpt":{"rendered":"<p>Este arroz shirataki de trigo sarraceno no s\u00f3lo aporta un sabor \u00fanico, sino que tambi\u00e9n es rico en valor nutritivo. La adici\u00f3n de trigo sarraceno le confiere un aroma a nuez y un sabor profundo, a la vez que le aporta prote\u00ednas ricas, fibra y una gran variedad de minerales.<\/p>","protected":false},"featured_media":4558,"template":"","meta":{"site-sidebar-layout":"default","site-content-layout":"","ast-site-content-layout":"default","site-content-style":"default","site-sidebar-style":"default","ast-global-header-display":"","ast-banner-title-visibility":"","ast-main-header-display":"","ast-hfb-above-header-display":"","ast-hfb-below-header-display":"","ast-hfb-mobile-header-display":"","site-post-title":"","ast-breadcrumbs-content":"","ast-featured-img":"","footer-sml-layout":"","ast-disable-related-posts":"","theme-transparent-header-meta":"default","adv-header-id-meta":"","stick-header-meta":"default","header-above-stick-meta":"","header-main-stick-meta":"","header-below-stick-meta":"","astra-migrate-meta-layouts":"set","ast-page-background-enabled":"default","ast-page-background-meta":{"desktop":{"background-color":"","background-image":"","background-repeat":"repeat","background-position":"center center","background-size":"auto","background-attachment":"scroll","background-type":"","background-media":"","overlay-type":"","overlay-color":"","overlay-opacity":"","overlay-gradient":""},"tablet":{"background-color":"","background-image":"","background-repeat":"repeat","background-position":"center center","background-size":"auto","background-attachment":"scroll","background-type":"","background-media":"","overlay-type":"","overlay-color":"","overlay-opacity":"","overlay-gradient":""},"mobile":{"background-color":"","background-image":"","background-repeat":"repeat","background-position":"center center","background-size":"auto","background-attachment":"scroll","background-type":"","background-media":"","overlay-type":"","overlay-color":"","overlay-opacity":"","overlay-gradient":""}},"ast-content-background-meta":{"desktop":{"background-color":"var(--ast-global-color-5)","background-image":"","background-repeat":"repeat","background-position":"center center","background-size":"auto","background-attachment":"scroll","background-type":"","background-media":"","overlay-type":"","overlay-color":"","overlay-opacity":"","overlay-gradient":""},"tablet":{"background-color":"var(--ast-global-color-5)","background-image":"","background-repeat":"repeat","background-position":"center center","background-size":"auto","background-attachment":"scroll","background-type":"","background-media":"","overlay-type":"","overlay-color":"","overlay-opacity":"","overlay-gradient":""},"mobile":{"background-color":"var(--ast-global-color-5)","background-image":"","background-repeat":"repeat","background-position":"center center","background-size":"auto","background-attachment":"scroll","background-type":"","background-media":"","overlay-type":"","overlay-color":"","overlay-opacity":"","overlay-gradient":""}}},"product_brand":[],"product_cat":[250],"product_tag":[],"class_list":{"0":"post-4549","1":"product","2":"type-product","3":"status-publish","4":"has-post-thumbnail","6":"product_cat-wet-shirataki-rice","7":"desktop-align-left","8":"tablet-align-left","9":"mobile-align-left","10":"ast-product-gallery-layout-horizontal-slider","11":"ast-product-tabs-layout-horizontal","13":"first","14":"instock","15":"shipping-taxable","16":"product-type-simple"},"_links":{"self":[{"href":"https:\/\/sentaiyuanbio.com\/es\/wp-json\/wp\/v2\/product\/4549","targetHints":{"allow":["GET"]}}],"collection":[{"href":"https:\/\/sentaiyuanbio.com\/es\/wp-json\/wp\/v2\/product"}],"about":[{"href":"https:\/\/sentaiyuanbio.com\/es\/wp-json\/wp\/v2\/types\/product"}],"version-history":[{"count":0,"href":"https:\/\/sentaiyuanbio.com\/es\/wp-json\/wp\/v2\/product\/4549\/revisions"}],"wp:featuredmedia":[{"embeddable":true,"href":"https:\/\/sentaiyuanbio.com\/es\/wp-json\/wp\/v2\/media\/4558"}],"wp:attachment":[{"href":"https:\/\/sentaiyuanbio.com\/es\/wp-json\/wp\/v2\/media?parent=4549"}],"wp:term":[{"taxonomy":"product_brand","embeddable":true,"href":"https:\/\/sentaiyuanbio.com\/es\/wp-json\/wp\/v2\/product_brand?post=4549"},{"taxonomy":"product_cat","embeddable":true,"href":"https:\/\/sentaiyuanbio.com\/es\/wp-json\/wp\/v2\/product_cat?post=4549"},{"taxonomy":"product_tag","embeddable":true,"href":"https:\/\/sentaiyuanbio.com\/es\/wp-json\/wp\/v2\/product_tag?post=4549"}],"curies":[{"name":"wp","href":"https:\/\/api.w.org\/{rel}","templated":true}]}}