{"id":4565,"date":"2025-03-04T08:38:06","date_gmt":"2025-03-04T08:38:06","guid":{"rendered":"https:\/\/sentaiyuanbio.com\/?post_type=product&#038;p=4565"},"modified":"2025-03-05T09:08:01","modified_gmt":"2025-03-05T09:08:01","slug":"arroz-mungo-konjac-al-por-mayor","status":"publish","type":"product","link":"https:\/\/sentaiyuanbio.com\/es\/producto\/arroz-mungo-konjac-al-por-mayor\/","title":{"rendered":"Arroz konjac de jud\u00edas mungo, Arroz konjac shirataki al por mayor"},"content":{"rendered":"<h2>Arroz konjac con jud\u00edas mungo Caracter\u00edsticas principales<\/h2>\n<p>El arroz konjac con jud\u00edas mungo es bajo en calor\u00edas y carbohidratos, y es muy adecuado para las personas que quieren perder grasa y controlar su peso.<\/p>\n<p>El konjac se combina con las jud\u00edas mungo. Los componentes polisac\u00e1ridos de las jud\u00edas mungo pueden potenciar la actividad de la lipoproteinasa s\u00e9rica, hidrolizar los triglic\u00e9ridos de las lipoprote\u00ednas para conseguir el efecto de reducir los l\u00edpidos sangu\u00edneos, previniendo y tratando as\u00ed la cardiopat\u00eda coronaria y la angina de pecho.<\/p>\n<p>Las jud\u00edas mungo contienen un tipo de globulina y polisac\u00e1ridos que pueden favorecer la descomposici\u00f3n del colesterol del cuerpo humano en \u00e1cido biliar en el h\u00edgado, acelerar la secreci\u00f3n de sales biliares en la bilis y reducir la absorci\u00f3n de colesterol en el intestino delgado.<\/p>\n<p>Al dar un bocado, la fragancia de las jud\u00edas mungo y el suave sabor del arroz shirataki konjac se integran a la perfecci\u00f3n, aportando una experiencia gustativa sana y deliciosa.<\/p>\n<p>Puede utilizarlo para elaborar diversos manjares, como bolas de arroz konjac, gachas de arroz konjac e incluso ensalada de arroz konjac, que pueden satisfacer el paladar y cuidar la salud.<\/p>\n<p>Ya sea para el desayuno, el almuerzo o la cena, este arroz konjac con jud\u00edas mungo es su mejor elecci\u00f3n.<\/p>\n<table>\n<tbody>\n<tr>\n<td>Nombre del producto<\/td>\n<td>Arroz konjac de jud\u00edas mungo, Arroz konjac shirataki al por mayor<\/td>\n<\/tr>\n<tr>\n<td>Ingrediente principal<\/td>\n<td><a href=\"https:\/\/sentaiyuanbio.com\/es\/producto\/glucomanano-de-raiz-de-konjac\/\" target=\"_blank\" rel=\"noopener\">Polvo de konjac<\/a>, <a href=\"https:\/\/naturapunkt.com\/blogs\/news\/mung-bean-powder\" target=\"_blank\" rel=\"noopener\">Polvo de jud\u00eda mungo<\/a>agua<\/td>\n<\/tr>\n<tr>\n<td>Sabores<\/td>\n<td>Sabores original, zanahoria, avena, algas, trigo sarraceno, jud\u00eda mungo y jud\u00eda roja<\/td>\n<\/tr>\n<tr>\n<td>Caracter\u00edstica<\/td>\n<td>Sin olor, bajo en calor\u00edas, bajo en carbohidratos, sin gluten, sin az\u00facar, sin grasa, sin OMG, rico en fibra<\/td>\n<\/tr>\n<tr>\n<td>Funciones<\/td>\n<td>Dieta vegetariana, p\u00e9rdida de peso, aumento de la saciedad<\/td>\n<\/tr>\n<tr>\n<td>Fibra diet\u00e9tica<\/td>\n<td>3g\/100g<\/td>\n<\/tr>\n<tr>\n<td>Calor\u00edas<\/td>\n<td>6Kcal\/100g<\/td>\n<\/tr>\n<tr>\n<td>Contenido de grasa<\/td>\n<td>0<\/td>\n<\/tr>\n<tr>\n<td>Peso<\/td>\n<td>Personalizado<\/td>\n<\/tr>\n<tr>\n<td>Tiempo de cocci\u00f3n<\/td>\n<td>3 minutos<\/td>\n<\/tr>\n<tr>\n<td>Duraci\u00f3n<\/td>\n<td>12 meses<\/td>\n<\/tr>\n<\/tbody>\n<\/table>\n<p><img fetchpriority=\"high\" decoding=\"async\" class=\"alignnone wp-image-4567 size-full\" src=\"https:\/\/sentaiyuanbio.com\/wp-content\/uploads\/2025\/03\/Mung-Bean-Konjac-Rice-2.webp\" alt=\"Arroz konjac de jud\u00edas mungo, Arroz konjac shirataki al por mayor\" width=\"750\" height=\"400\" srcset=\"https:\/\/sentaiyuanbio.com\/wp-content\/uploads\/2025\/03\/Mung-Bean-Konjac-Rice-2.webp 750w, https:\/\/sentaiyuanbio.com\/wp-content\/uploads\/2025\/03\/Mung-Bean-Konjac-Rice-2-300x160.webp 300w, https:\/\/sentaiyuanbio.com\/wp-content\/uploads\/2025\/03\/Mung-Bean-Konjac-Rice-2-600x320.webp 600w\" sizes=\"(max-width: 750px) 100vw, 750px\" \/><img decoding=\"async\" class=\"alignnone wp-image-4573 size-full\" src=\"https:\/\/sentaiyuanbio.com\/wp-content\/uploads\/2025\/03\/Mung-Bean-Konjac-Rice-8.webp\" alt=\"Arroz konjac de jud\u00edas mungo, Arroz konjac shirataki al por mayor\" width=\"750\" height=\"750\" srcset=\"https:\/\/sentaiyuanbio.com\/wp-content\/uploads\/2025\/03\/Mung-Bean-Konjac-Rice-8.webp 750w, https:\/\/sentaiyuanbio.com\/wp-content\/uploads\/2025\/03\/Mung-Bean-Konjac-Rice-8-600x600.webp 600w, https:\/\/sentaiyuanbio.com\/wp-content\/uploads\/2025\/03\/Mung-Bean-Konjac-Rice-8-100x100.webp 100w, https:\/\/sentaiyuanbio.com\/wp-content\/uploads\/2025\/03\/Mung-Bean-Konjac-Rice-8-300x300.webp 300w, https:\/\/sentaiyuanbio.com\/wp-content\/uploads\/2025\/03\/Mung-Bean-Konjac-Rice-8-150x150.webp 150w\" sizes=\"(max-width: 750px) 100vw, 750px\" \/><img decoding=\"async\" class=\"alignnone wp-image-4566 size-full\" src=\"https:\/\/sentaiyuanbio.com\/wp-content\/uploads\/2025\/03\/Mung-Bean-Konjac-Rice-1.webp\" alt=\"Arroz konjac de jud\u00edas mungo, Arroz konjac shirataki al por mayor\" width=\"750\" height=\"1100\" srcset=\"https:\/\/sentaiyuanbio.com\/wp-content\/uploads\/2025\/03\/Mung-Bean-Konjac-Rice-1.webp 750w, https:\/\/sentaiyuanbio.com\/wp-content\/uploads\/2025\/03\/Mung-Bean-Konjac-Rice-1-205x300.webp 205w, https:\/\/sentaiyuanbio.com\/wp-content\/uploads\/2025\/03\/Mung-Bean-Konjac-Rice-1-698x1024.webp 698w, https:\/\/sentaiyuanbio.com\/wp-content\/uploads\/2025\/03\/Mung-Bean-Konjac-Rice-1-409x600.webp 409w, https:\/\/sentaiyuanbio.com\/wp-content\/uploads\/2025\/03\/Mung-Bean-Konjac-Rice-1-600x880.webp 600w\" sizes=\"(max-width: 750px) 100vw, 750px\" \/><\/p>","protected":false},"excerpt":{"rendered":"<p>Este arroz konjac de jud\u00edas mungo no s\u00f3lo tiene importantes ventajas nutricionales, sino que tambi\u00e9n ofrece una experiencia de sabor \u00fanica. Las jud\u00edas mungo son ricas en prote\u00ednas, fibra, fosfol\u00edpidos y m\u00faltiples vitaminas, que pueden ayudar a regular el metabolismo y mejorar la salud intestinal.<\/p>","protected":false},"featured_media":4570,"template":"","meta":{"site-sidebar-layout":"default","site-content-layout":"","ast-site-content-layout":"default","site-content-style":"default","site-sidebar-style":"default","ast-global-header-display":"","ast-banner-title-visibility":"","ast-main-header-display":"","ast-hfb-above-header-display":"","ast-hfb-below-header-display":"","ast-hfb-mobile-header-display":"","site-post-title":"","ast-breadcrumbs-content":"","ast-featured-img":"","footer-sml-layout":"","ast-disable-related-posts":"","theme-transparent-header-meta":"default","adv-header-id-meta":"","stick-header-meta":"default","header-above-stick-meta":"","header-main-stick-meta":"","header-below-stick-meta":"","astra-migrate-meta-layouts":"set","ast-page-background-enabled":"default","ast-page-background-meta":{"desktop":{"background-color":"","background-image":"","background-repeat":"repeat","background-position":"center center","background-size":"auto","background-attachment":"scroll","background-type":"","background-media":"","overlay-type":"","overlay-color":"","overlay-opacity":"","overlay-gradient":""},"tablet":{"background-color":"","background-image":"","background-repeat":"repeat","background-position":"center center","background-size":"auto","background-attachment":"scroll","background-type":"","background-media":"","overlay-type":"","overlay-color":"","overlay-opacity":"","overlay-gradient":""},"mobile":{"background-color":"","background-image":"","background-repeat":"repeat","background-position":"center center","background-size":"auto","background-attachment":"scroll","background-type":"","background-media":"","overlay-type":"","overlay-color":"","overlay-opacity":"","overlay-gradient":""}},"ast-content-background-meta":{"desktop":{"background-color":"var(--ast-global-color-5)","background-image":"","background-repeat":"repeat","background-position":"center center","background-size":"auto","background-attachment":"scroll","background-type":"","background-media":"","overlay-type":"","overlay-color":"","overlay-opacity":"","overlay-gradient":""},"tablet":{"background-color":"var(--ast-global-color-5)","background-image":"","background-repeat":"repeat","background-position":"center center","background-size":"auto","background-attachment":"scroll","background-type":"","background-media":"","overlay-type":"","overlay-color":"","overlay-opacity":"","overlay-gradient":""},"mobile":{"background-color":"var(--ast-global-color-5)","background-image":"","background-repeat":"repeat","background-position":"center center","background-size":"auto","background-attachment":"scroll","background-type":"","background-media":"","overlay-type":"","overlay-color":"","overlay-opacity":"","overlay-gradient":""}}},"product_brand":[],"product_cat":[250],"product_tag":[],"class_list":{"0":"post-4565","1":"product","2":"type-product","3":"status-publish","4":"has-post-thumbnail","6":"product_cat-wet-shirataki-rice","7":"desktop-align-left","8":"tablet-align-left","9":"mobile-align-left","10":"ast-product-gallery-layout-horizontal-slider","11":"ast-product-tabs-layout-horizontal","13":"first","14":"instock","15":"shipping-taxable","16":"product-type-simple"},"_links":{"self":[{"href":"https:\/\/sentaiyuanbio.com\/es\/wp-json\/wp\/v2\/product\/4565","targetHints":{"allow":["GET"]}}],"collection":[{"href":"https:\/\/sentaiyuanbio.com\/es\/wp-json\/wp\/v2\/product"}],"about":[{"href":"https:\/\/sentaiyuanbio.com\/es\/wp-json\/wp\/v2\/types\/product"}],"version-history":[{"count":0,"href":"https:\/\/sentaiyuanbio.com\/es\/wp-json\/wp\/v2\/product\/4565\/revisions"}],"wp:featuredmedia":[{"embeddable":true,"href":"https:\/\/sentaiyuanbio.com\/es\/wp-json\/wp\/v2\/media\/4570"}],"wp:attachment":[{"href":"https:\/\/sentaiyuanbio.com\/es\/wp-json\/wp\/v2\/media?parent=4565"}],"wp:term":[{"taxonomy":"product_brand","embeddable":true,"href":"https:\/\/sentaiyuanbio.com\/es\/wp-json\/wp\/v2\/product_brand?post=4565"},{"taxonomy":"product_cat","embeddable":true,"href":"https:\/\/sentaiyuanbio.com\/es\/wp-json\/wp\/v2\/product_cat?post=4565"},{"taxonomy":"product_tag","embeddable":true,"href":"https:\/\/sentaiyuanbio.com\/es\/wp-json\/wp\/v2\/product_tag?post=4565"}],"curies":[{"name":"wp","href":"https:\/\/api.w.org\/{rel}","templated":true}]}}