{"id":4574,"date":"2025-03-05T03:42:02","date_gmt":"2025-03-05T03:42:02","guid":{"rendered":"https:\/\/sentaiyuanbio.com\/?post_type=product&#038;p=4574"},"modified":"2025-03-05T09:57:01","modified_gmt":"2025-03-05T09:57:01","slug":"arroz-konjac-zanahoria-al-por-mayor","status":"publish","type":"product","link":"https:\/\/sentaiyuanbio.com\/es\/producto\/arroz-konjac-zanahoria-al-por-mayor\/","title":{"rendered":"Arroz Konjac de Zanahoria a Granel, Arroz Shirataki Instant\u00e1neo al por Mayor"},"content":{"rendered":"<h2>Arroz konjac con zanahoria Descripci\u00f3n<\/h2>\n<p>El arroz konjac tambi\u00e9n se conoce como arroz Shirataki. \u00bfDe d\u00f3nde procede el arroz Shirataki? Como su nombre indica, el arroz Shirataki es originario de Jap\u00f3n. Se elabora a partir de la ra\u00edz de konjac, tambi\u00e9n conocida como \u00f1ame konjac o <a href=\"https:\/\/herbsocietyblog.wordpress.com\/2022\/11\/14\/devils-tongue-amorphophallus-konjac\/\" target=\"_blank\" rel=\"noopener\">lengua del diablo<\/a>. Tienen una textura gelatinosa y son una buena fuente de fibra diet\u00e9tica glucomanana. Para hacer el arroz, se extrae la fibra glucomanana de la ra\u00edz de konjac y se mezcla con agua y cal.<\/p>\n<p>Esto crea una sustancia gelatinosa llamada konjac, que se convierte en una sustancia parecida al arroz. El arroz acabado tiene 97% de agua y 3% de fibra no digerible, lo que lo convierte en un arroz sin calor\u00edas. Estos arroces se han ganado el apodo de \"arroz milagroso\" y son completamente paleo y sin calor\u00edas. Casi no tienen sabor por s\u00ed solos, pero tienen un ligero olor a pescado cuando se envasan en h\u00famedo. Esto se debe a que est\u00e1n envasados con agua, que puede enjuagarse f\u00e1cilmente.<\/p>\n<table>\n<tbody>\n<tr>\n<td>Nombre del producto<\/td>\n<td>Arroz Konjac de Zanahoria a Granel, Arroz Shirataki Instant\u00e1neo al por Mayor<\/td>\n<\/tr>\n<tr>\n<td>Ingrediente principal<\/td>\n<td><a href=\"https:\/\/sentaiyuanbio.com\/es\/producto\/harina-de-name-konjac-polvo-de-name-konjac\/\" target=\"_blank\" rel=\"noopener\">Polvo de konjac<\/a>, Zanahoria en polvo, agua<\/td>\n<\/tr>\n<tr>\n<td>Sabores<\/td>\n<td>Sabores original, zanahoria, avena, algas, trigo sarraceno, jud\u00eda mungo y jud\u00eda roja<\/td>\n<\/tr>\n<tr>\n<td>Caracter\u00edstica<\/td>\n<td>Sin olor, bajo en calor\u00edas, bajo en carbohidratos, sin gluten, sin az\u00facar, sin grasa, sin OMG, rico en fibra<\/td>\n<\/tr>\n<tr>\n<td>Funciones<\/td>\n<td>Dieta vegetariana, p\u00e9rdida de peso, aumento de la saciedad<\/td>\n<\/tr>\n<tr>\n<td>Fibra diet\u00e9tica<\/td>\n<td>3g\/100g<\/td>\n<\/tr>\n<tr>\n<td>Calor\u00edas<\/td>\n<td>6Kcal\/100g<\/td>\n<\/tr>\n<tr>\n<td>Contenido de grasa<\/td>\n<td>0<\/td>\n<\/tr>\n<tr>\n<td>Peso<\/td>\n<td>Personalizado<\/td>\n<\/tr>\n<tr>\n<td>Tiempo de cocci\u00f3n<\/td>\n<td>3 minutos<\/td>\n<\/tr>\n<tr>\n<td>Duraci\u00f3n<\/td>\n<td>12 meses<\/td>\n<\/tr>\n<\/tbody>\n<\/table>\n<p>Puedes utilizarlo para preparar una gran variedad de delicias, como bolas de arroz konjac con sabor a zanahoria, gachas de arroz konjac e incluso ensalada de arroz konjac, con verduras frescas y salsas saludables, que pueden satisfacer tu paladar y cuidar tu salud. Ya sea para desayunar, comer o cenar, este arroz konjac con sabor a zanahoria es tu mejor elecci\u00f3n.<\/p>\n<p><img fetchpriority=\"high\" decoding=\"async\" class=\"alignnone wp-image-4580 size-full\" src=\"https:\/\/sentaiyuanbio.com\/wp-content\/uploads\/2025\/03\/Carrot-Konjac-Rice-6.webp\" alt=\"Arroz konjac de zanahoria\" width=\"750\" height=\"400\" srcset=\"https:\/\/sentaiyuanbio.com\/wp-content\/uploads\/2025\/03\/Carrot-Konjac-Rice-6.webp 750w, https:\/\/sentaiyuanbio.com\/wp-content\/uploads\/2025\/03\/Carrot-Konjac-Rice-6-300x160.webp 300w, https:\/\/sentaiyuanbio.com\/wp-content\/uploads\/2025\/03\/Carrot-Konjac-Rice-6-600x320.webp 600w\" sizes=\"(max-width: 750px) 100vw, 750px\" \/><img decoding=\"async\" class=\"alignnone wp-image-4581 size-full\" src=\"https:\/\/sentaiyuanbio.com\/wp-content\/uploads\/2025\/03\/Carrot-Konjac-Rice-9.webp\" alt=\"Arroz konjac de zanahoria\" width=\"750\" height=\"750\" srcset=\"https:\/\/sentaiyuanbio.com\/wp-content\/uploads\/2025\/03\/Carrot-Konjac-Rice-9.webp 750w, https:\/\/sentaiyuanbio.com\/wp-content\/uploads\/2025\/03\/Carrot-Konjac-Rice-9-600x600.webp 600w, https:\/\/sentaiyuanbio.com\/wp-content\/uploads\/2025\/03\/Carrot-Konjac-Rice-9-100x100.webp 100w, https:\/\/sentaiyuanbio.com\/wp-content\/uploads\/2025\/03\/Carrot-Konjac-Rice-9-300x300.webp 300w, https:\/\/sentaiyuanbio.com\/wp-content\/uploads\/2025\/03\/Carrot-Konjac-Rice-9-150x150.webp 150w\" sizes=\"(max-width: 750px) 100vw, 750px\" \/><img decoding=\"async\" class=\"alignnone wp-image-4583 size-full\" src=\"https:\/\/sentaiyuanbio.com\/wp-content\/uploads\/2025\/03\/Carrot-Konjac-Rice-8.webp\" alt=\"Arroz konjac de zanahoria\" width=\"750\" height=\"770\" srcset=\"https:\/\/sentaiyuanbio.com\/wp-content\/uploads\/2025\/03\/Carrot-Konjac-Rice-8.webp 750w, https:\/\/sentaiyuanbio.com\/wp-content\/uploads\/2025\/03\/Carrot-Konjac-Rice-8-292x300.webp 292w, https:\/\/sentaiyuanbio.com\/wp-content\/uploads\/2025\/03\/Carrot-Konjac-Rice-8-584x600.webp 584w, https:\/\/sentaiyuanbio.com\/wp-content\/uploads\/2025\/03\/Carrot-Konjac-Rice-8-600x616.webp 600w\" sizes=\"(max-width: 750px) 100vw, 750px\" \/><\/p>\n<style>.embed-container { position: relative; padding-bottom: 56.25%; height: 0; overflow: hidden; max-width: 100%; } .embed-container iframe, .embed-container object, .embed-container embed { position: absolute; top: 0; left: 0; width: 100%; height: 100%; }<\/style>\n<div class=\"embed-container\"><iframe src=\"https:\/\/www.youtube.com\/embed\/IHFal7LWjK0\" frameborder=\"0\" allowfullscreen=\"allowfullscreen\"><\/iframe><\/div>","protected":false},"excerpt":{"rendered":"<p>Este arroz konjac de zanahoria no s\u00f3lo tiene importantes ventajas nutricionales, sino que tambi\u00e9n aporta una experiencia de sabor \u00fanica. Las zanahorias son ricas en vitamina A y fibra, que pueden ayudar a mejorar la visi\u00f3n y aumentar la inmunidad. El arroz konjac es bajo en calor\u00edas y carbohidratos, lo que resulta muy adecuado para las personas que quieren perder grasa y controlar su peso.<\/p>","protected":false},"featured_media":4575,"template":"","meta":{"site-sidebar-layout":"default","site-content-layout":"","ast-site-content-layout":"default","site-content-style":"default","site-sidebar-style":"default","ast-global-header-display":"","ast-banner-title-visibility":"","ast-main-header-display":"","ast-hfb-above-header-display":"","ast-hfb-below-header-display":"","ast-hfb-mobile-header-display":"","site-post-title":"","ast-breadcrumbs-content":"","ast-featured-img":"","footer-sml-layout":"","ast-disable-related-posts":"","theme-transparent-header-meta":"default","adv-header-id-meta":"","stick-header-meta":"default","header-above-stick-meta":"","header-main-stick-meta":"","header-below-stick-meta":"","astra-migrate-meta-layouts":"set","ast-page-background-enabled":"default","ast-page-background-meta":{"desktop":{"background-color":"","background-image":"","background-repeat":"repeat","background-position":"center center","background-size":"auto","background-attachment":"scroll","background-type":"","background-media":"","overlay-type":"","overlay-color":"","overlay-opacity":"","overlay-gradient":""},"tablet":{"background-color":"","background-image":"","background-repeat":"repeat","background-position":"center center","background-size":"auto","background-attachment":"scroll","background-type":"","background-media":"","overlay-type":"","overlay-color":"","overlay-opacity":"","overlay-gradient":""},"mobile":{"background-color":"","background-image":"","background-repeat":"repeat","background-position":"center center","background-size":"auto","background-attachment":"scroll","background-type":"","background-media":"","overlay-type":"","overlay-color":"","overlay-opacity":"","overlay-gradient":""}},"ast-content-background-meta":{"desktop":{"background-color":"var(--ast-global-color-5)","background-image":"","background-repeat":"repeat","background-position":"center center","background-size":"auto","background-attachment":"scroll","background-type":"","background-media":"","overlay-type":"","overlay-color":"","overlay-opacity":"","overlay-gradient":""},"tablet":{"background-color":"var(--ast-global-color-5)","background-image":"","background-repeat":"repeat","background-position":"center center","background-size":"auto","background-attachment":"scroll","background-type":"","background-media":"","overlay-type":"","overlay-color":"","overlay-opacity":"","overlay-gradient":""},"mobile":{"background-color":"var(--ast-global-color-5)","background-image":"","background-repeat":"repeat","background-position":"center center","background-size":"auto","background-attachment":"scroll","background-type":"","background-media":"","overlay-type":"","overlay-color":"","overlay-opacity":"","overlay-gradient":""}}},"product_brand":[],"product_cat":[250],"product_tag":[],"class_list":{"0":"post-4574","1":"product","2":"type-product","3":"status-publish","4":"has-post-thumbnail","6":"product_cat-wet-shirataki-rice","7":"desktop-align-left","8":"tablet-align-left","9":"mobile-align-left","10":"ast-product-gallery-layout-horizontal-slider","11":"ast-product-tabs-layout-horizontal","13":"first","14":"instock","15":"shipping-taxable","16":"product-type-simple"},"_links":{"self":[{"href":"https:\/\/sentaiyuanbio.com\/es\/wp-json\/wp\/v2\/product\/4574","targetHints":{"allow":["GET"]}}],"collection":[{"href":"https:\/\/sentaiyuanbio.com\/es\/wp-json\/wp\/v2\/product"}],"about":[{"href":"https:\/\/sentaiyuanbio.com\/es\/wp-json\/wp\/v2\/types\/product"}],"version-history":[{"count":0,"href":"https:\/\/sentaiyuanbio.com\/es\/wp-json\/wp\/v2\/product\/4574\/revisions"}],"wp:featuredmedia":[{"embeddable":true,"href":"https:\/\/sentaiyuanbio.com\/es\/wp-json\/wp\/v2\/media\/4575"}],"wp:attachment":[{"href":"https:\/\/sentaiyuanbio.com\/es\/wp-json\/wp\/v2\/media?parent=4574"}],"wp:term":[{"taxonomy":"product_brand","embeddable":true,"href":"https:\/\/sentaiyuanbio.com\/es\/wp-json\/wp\/v2\/product_brand?post=4574"},{"taxonomy":"product_cat","embeddable":true,"href":"https:\/\/sentaiyuanbio.com\/es\/wp-json\/wp\/v2\/product_cat?post=4574"},{"taxonomy":"product_tag","embeddable":true,"href":"https:\/\/sentaiyuanbio.com\/es\/wp-json\/wp\/v2\/product_tag?post=4574"}],"curies":[{"name":"wp","href":"https:\/\/api.w.org\/{rel}","templated":true}]}}