{"id":4604,"date":"2025-03-05T07:21:43","date_gmt":"2025-03-05T07:21:43","guid":{"rendered":"https:\/\/sentaiyuanbio.com\/?post_type=product&#038;p=4604"},"modified":"2025-03-05T09:07:34","modified_gmt":"2025-03-05T09:07:34","slug":"arroz-konjac-sustitutivo-de-la-harina-de-judias-rojas","status":"publish","type":"product","link":"https:\/\/sentaiyuanbio.com\/es\/producto\/arroz-konjac-sustitutivo-de-la-harina-de-judias-rojas\/","title":{"rendered":"Arroz konjac sustitutivo de las harinas de jud\u00edas rojas, arroz konjac multicereales"},"content":{"rendered":"<h2>Arroz konjac sustitutivo de la harina de jud\u00edas rojas Caracter\u00edsticas principales<\/h2>\n<ol>\n<li>Bajo en calor\u00edas<\/li>\n<li>Bajo en carbohidratos<\/li>\n<li>Alto contenido en fibra<\/li>\n<li>Sin gluten<\/li>\n<li>Textura gelatinosa<\/li>\n<li>Pr\u00e1cticamente ins\u00edpido<\/li>\n<li>R\u00e1pido y f\u00e1cil de preparar<\/li>\n<li>Favorece la saciedad<\/li>\n<li>Adecuado para diversas restricciones diet\u00e9ticas<\/li>\n<li>Puede ayudar a controlar el peso<\/li>\n<\/ol>\n<table>\n<tbody>\n<tr>\n<td>Nombre del producto<\/td>\n<td>Arroz konjac sustitutivo de las harinas de jud\u00edas rojas, arroz konjac multicereales<\/td>\n<\/tr>\n<tr>\n<td>Ingrediente principal<\/td>\n<td>Agua, <a href=\"https:\/\/sentaiyuanbio.com\/es\/producto\/arroz-konjac\/\" target=\"_blank\" rel=\"noopener\">Arroz konjac<\/a>, Arroz con avena, <a href=\"https:\/\/www.yuzubakes.com\/recipes\/barley-rice\" target=\"_blank\" rel=\"noopener\">Arroz con cebada<\/a>Frijoles rojos<\/td>\n<\/tr>\n<tr>\n<td>Sabores<\/td>\n<td>Original, zanahoria, avena, algas marinas<\/td>\n<\/tr>\n<tr>\n<td>Caracter\u00edstica<\/td>\n<td>Sin olor, bajo en calor\u00edas, bajo en carbohidratos, sin gluten, sin az\u00facar, sin grasa, sin OMG, rico en fibra<\/td>\n<\/tr>\n<tr>\n<td>Funciones<\/td>\n<td>Dieta vegetariana, p\u00e9rdida de peso, aumento de la saciedad<\/td>\n<\/tr>\n<tr>\n<td>Fibra diet\u00e9tica<\/td>\n<td>3,4 g\/100 g<\/td>\n<\/tr>\n<tr>\n<td>Calor\u00edas<\/td>\n<td>6Kcal\/100g<\/td>\n<\/tr>\n<tr>\n<td>Contenido de grasa<\/td>\n<td>0<\/td>\n<\/tr>\n<tr>\n<td>Peso<\/td>\n<td>Personalizado<\/td>\n<\/tr>\n<tr>\n<td>Tiempo de cocci\u00f3n<\/td>\n<td>3 minutos<\/td>\n<\/tr>\n<tr>\n<td>Duraci\u00f3n<\/td>\n<td>12 meses<\/td>\n<\/tr>\n<tr>\n<td>Paquete<\/td>\n<td>Bolsa interior + Bolsa de pie \/ Caja de papel<\/td>\n<\/tr>\n<tr>\n<td>Certificados<\/td>\n<td>IFS, BRC, KOSHER, HALAL, HACCP<\/td>\n<\/tr>\n<\/tbody>\n<\/table>\n<p>Es importante tener en cuenta que la textura y el sabor del arroz konjac sustitutivo de la harina de jud\u00edas rojas son diferentes de los del arroz tradicional. Algunas personas pueden tardar alg\u00fan tiempo en acostumbrarse a esta textura y sabor \u00fanicos. Se recomienda probar diferentes recetas y m\u00e9todos de cocci\u00f3n para encontrar la mejor manera de incorporarlo a las comidas.<\/p>\n<p>Puede utilizarlo para preparar una gran variedad de delicias, como bolas de arroz konjac, gachas de arroz konjac e incluso ensalada de arroz konjac, con verduras frescas y salsas saludables, que pueden satisfacer su paladar y cuidar su salud. Ya sea para el desayuno, la comida o la cena, este arroz konjac sustitutivo de las comidas a base de jud\u00edas rojas es su mejor elecci\u00f3n.<\/p>\n<p><img fetchpriority=\"high\" decoding=\"async\" class=\"alignnone wp-image-4605 size-full\" src=\"https:\/\/sentaiyuanbio.com\/wp-content\/uploads\/2025\/03\/Konjac-Red-Bean-Meal-Replacement-Rice-1.webp\" alt=\"Arroz konjac sustitutivo de las harinas de jud\u00edas rojas\" width=\"750\" height=\"400\" srcset=\"https:\/\/sentaiyuanbio.com\/wp-content\/uploads\/2025\/03\/Konjac-Red-Bean-Meal-Replacement-Rice-1.webp 750w, https:\/\/sentaiyuanbio.com\/wp-content\/uploads\/2025\/03\/Konjac-Red-Bean-Meal-Replacement-Rice-1-300x160.webp 300w, https:\/\/sentaiyuanbio.com\/wp-content\/uploads\/2025\/03\/Konjac-Red-Bean-Meal-Replacement-Rice-1-600x320.webp 600w\" sizes=\"(max-width: 750px) 100vw, 750px\" \/><img decoding=\"async\" class=\"alignnone wp-image-4612 size-full\" src=\"https:\/\/sentaiyuanbio.com\/wp-content\/uploads\/2025\/03\/Konjac-Red-Bean-Meal-Replacement-Rice-8.webp\" alt=\"Arroz konjac sustitutivo de las harinas de jud\u00edas rojas\" width=\"750\" height=\"750\" srcset=\"https:\/\/sentaiyuanbio.com\/wp-content\/uploads\/2025\/03\/Konjac-Red-Bean-Meal-Replacement-Rice-8.webp 750w, https:\/\/sentaiyuanbio.com\/wp-content\/uploads\/2025\/03\/Konjac-Red-Bean-Meal-Replacement-Rice-8-600x600.webp 600w, https:\/\/sentaiyuanbio.com\/wp-content\/uploads\/2025\/03\/Konjac-Red-Bean-Meal-Replacement-Rice-8-100x100.webp 100w, https:\/\/sentaiyuanbio.com\/wp-content\/uploads\/2025\/03\/Konjac-Red-Bean-Meal-Replacement-Rice-8-300x300.webp 300w, https:\/\/sentaiyuanbio.com\/wp-content\/uploads\/2025\/03\/Konjac-Red-Bean-Meal-Replacement-Rice-8-150x150.webp 150w\" sizes=\"(max-width: 750px) 100vw, 750px\" \/><img decoding=\"async\" class=\"alignnone wp-image-4606 size-full\" src=\"https:\/\/sentaiyuanbio.com\/wp-content\/uploads\/2025\/03\/Konjac-Red-Bean-Meal-Replacement-Rice-2.webp\" alt=\"Arroz konjac sustitutivo de las harinas de jud\u00edas rojas\" width=\"750\" height=\"1100\" srcset=\"https:\/\/sentaiyuanbio.com\/wp-content\/uploads\/2025\/03\/Konjac-Red-Bean-Meal-Replacement-Rice-2.webp 750w, https:\/\/sentaiyuanbio.com\/wp-content\/uploads\/2025\/03\/Konjac-Red-Bean-Meal-Replacement-Rice-2-205x300.webp 205w, https:\/\/sentaiyuanbio.com\/wp-content\/uploads\/2025\/03\/Konjac-Red-Bean-Meal-Replacement-Rice-2-698x1024.webp 698w, https:\/\/sentaiyuanbio.com\/wp-content\/uploads\/2025\/03\/Konjac-Red-Bean-Meal-Replacement-Rice-2-409x600.webp 409w, https:\/\/sentaiyuanbio.com\/wp-content\/uploads\/2025\/03\/Konjac-Red-Bean-Meal-Replacement-Rice-2-600x880.webp 600w\" sizes=\"(max-width: 750px) 100vw, 750px\" \/><\/p>\n<h2>C\u00f3mo cocinar<\/h2>\n<style>.embed-container { position: relative; padding-bottom: 56.25%; height: 0; overflow: hidden; max-width: 100%; } .embed-container iframe, .embed-container object, .embed-container embed { position: absolute; top: 0; left: 0; width: 100%; height: 100%; }<\/style>\n<div class=\"embed-container\"><iframe src=\"https:\/\/www.youtube.com\/embed\/aAjZbURZGV8\" frameborder=\"0\" allowfullscreen=\"allowfullscreen\"><\/iframe><\/div>","protected":false},"excerpt":{"rendered":"<p>Este arroz konjac sustitutivo de las comidas a base de jud\u00edas rojas no s\u00f3lo tiene importantes ventajas nutricionales, sino que tambi\u00e9n aporta una experiencia de sabor \u00fanica. El arroz konjac es bajo en calor\u00edas y carbohidratos, y es muy adecuado para las personas que quieren perder grasa y controlar su peso. Las jud\u00edas rojas son ricas en prote\u00ednas, fibra y m\u00faltiples vitaminas, que pueden ayudar a regular el metabolismo en el organismo y mejorar la salud intestinal.<\/p>","protected":false},"featured_media":4611,"template":"","meta":{"site-sidebar-layout":"default","site-content-layout":"","ast-site-content-layout":"default","site-content-style":"default","site-sidebar-style":"default","ast-global-header-display":"","ast-banner-title-visibility":"","ast-main-header-display":"","ast-hfb-above-header-display":"","ast-hfb-below-header-display":"","ast-hfb-mobile-header-display":"","site-post-title":"","ast-breadcrumbs-content":"","ast-featured-img":"","footer-sml-layout":"","ast-disable-related-posts":"","theme-transparent-header-meta":"default","adv-header-id-meta":"","stick-header-meta":"default","header-above-stick-meta":"","header-main-stick-meta":"","header-below-stick-meta":"","astra-migrate-meta-layouts":"set","ast-page-background-enabled":"default","ast-page-background-meta":{"desktop":{"background-color":"","background-image":"","background-repeat":"repeat","background-position":"center center","background-size":"auto","background-attachment":"scroll","background-type":"","background-media":"","overlay-type":"","overlay-color":"","overlay-opacity":"","overlay-gradient":""},"tablet":{"background-color":"","background-image":"","background-repeat":"repeat","background-position":"center center","background-size":"auto","background-attachment":"scroll","background-type":"","background-media":"","overlay-type":"","overlay-color":"","overlay-opacity":"","overlay-gradient":""},"mobile":{"background-color":"","background-image":"","background-repeat":"repeat","background-position":"center center","background-size":"auto","background-attachment":"scroll","background-type":"","background-media":"","overlay-type":"","overlay-color":"","overlay-opacity":"","overlay-gradient":""}},"ast-content-background-meta":{"desktop":{"background-color":"var(--ast-global-color-5)","background-image":"","background-repeat":"repeat","background-position":"center center","background-size":"auto","background-attachment":"scroll","background-type":"","background-media":"","overlay-type":"","overlay-color":"","overlay-opacity":"","overlay-gradient":""},"tablet":{"background-color":"var(--ast-global-color-5)","background-image":"","background-repeat":"repeat","background-position":"center center","background-size":"auto","background-attachment":"scroll","background-type":"","background-media":"","overlay-type":"","overlay-color":"","overlay-opacity":"","overlay-gradient":""},"mobile":{"background-color":"var(--ast-global-color-5)","background-image":"","background-repeat":"repeat","background-position":"center center","background-size":"auto","background-attachment":"scroll","background-type":"","background-media":"","overlay-type":"","overlay-color":"","overlay-opacity":"","overlay-gradient":""}}},"product_brand":[],"product_cat":[250],"product_tag":[],"class_list":{"0":"post-4604","1":"product","2":"type-product","3":"status-publish","4":"has-post-thumbnail","6":"product_cat-wet-shirataki-rice","7":"desktop-align-left","8":"tablet-align-left","9":"mobile-align-left","10":"ast-product-gallery-layout-horizontal-slider","11":"ast-product-tabs-layout-horizontal","13":"first","14":"instock","15":"shipping-taxable","16":"product-type-simple"},"_links":{"self":[{"href":"https:\/\/sentaiyuanbio.com\/es\/wp-json\/wp\/v2\/product\/4604","targetHints":{"allow":["GET"]}}],"collection":[{"href":"https:\/\/sentaiyuanbio.com\/es\/wp-json\/wp\/v2\/product"}],"about":[{"href":"https:\/\/sentaiyuanbio.com\/es\/wp-json\/wp\/v2\/types\/product"}],"version-history":[{"count":0,"href":"https:\/\/sentaiyuanbio.com\/es\/wp-json\/wp\/v2\/product\/4604\/revisions"}],"wp:featuredmedia":[{"embeddable":true,"href":"https:\/\/sentaiyuanbio.com\/es\/wp-json\/wp\/v2\/media\/4611"}],"wp:attachment":[{"href":"https:\/\/sentaiyuanbio.com\/es\/wp-json\/wp\/v2\/media?parent=4604"}],"wp:term":[{"taxonomy":"product_brand","embeddable":true,"href":"https:\/\/sentaiyuanbio.com\/es\/wp-json\/wp\/v2\/product_brand?post=4604"},{"taxonomy":"product_cat","embeddable":true,"href":"https:\/\/sentaiyuanbio.com\/es\/wp-json\/wp\/v2\/product_cat?post=4604"},{"taxonomy":"product_tag","embeddable":true,"href":"https:\/\/sentaiyuanbio.com\/es\/wp-json\/wp\/v2\/product_tag?post=4604"}],"curies":[{"name":"wp","href":"https:\/\/api.w.org\/{rel}","templated":true}]}}