{"id":4677,"date":"2025-03-06T07:42:48","date_gmt":"2025-03-06T07:42:48","guid":{"rendered":"https:\/\/sentaiyuanbio.com\/?post_type=product&#038;p=4677"},"modified":"2025-03-06T07:42:48","modified_gmt":"2025-03-06T07:42:48","slug":"lasana-de-konjac-fideos-para-lasana-shirataki","status":"publish","type":"product","link":"https:\/\/sentaiyuanbio.com\/es\/producto\/lasana-de-konjac-fideos-para-lasana-shirataki\/","title":{"rendered":"Lasa\u00f1a de konjac, fideos de lasa\u00f1a shirataki"},"content":{"rendered":"<h2>Descripci\u00f3n de lasa\u00f1a de konjac (fideos de lasa\u00f1a shirataki)<\/h2>\n<p class=\"translation-block\">El principal componente nutricional de la lasa\u00f1a de konjac es el glucomanano, una fibra diet\u00e9tica soluble de alta viscosidad. Casi no contiene grasas, az\u00facares, almid\u00f3n ni prote\u00ednas, y es muy baja en calor\u00edas y carbohidratos. Este alimento rico en fibra puede ayudar a promover la salud digestiva, reducir los niveles de az\u00facar y colesterol en sangre, y proporcionar una sensaci\u00f3n de saciedad, lo que puede ayudar a controlar el peso. Es una alternativa saludable a las dietas bajas en carbohidratos.<\/p>\n<p>En t\u00e9rminos de sabor, despu\u00e9s de una cocci\u00f3n adecuada, la lasa\u00f1a de Konjac puede presentar una textura similar a los espaguetis tradicionales, suave y no pegajosa.<\/p>\n<p class=\"translation-block\">Puedes combinarlo con una variedad de ingredientes, como salsa de tomate italiana, queso parmesano con ajo o salsas salteadas de estilo asi\u00e1tico para crear platos que sean saludables y deliciosos.<\/p>\n<p>Por ejemplo, combine capas de lasa\u00f1a de konjac con salchicha, salsa de tomate, verduras asadas y queso para formar una lasa\u00f1a baja en carbohidratos que sea sabrosa y nutritiva.<\/p>\n<table>\n<tbody>\n<tr>\n<td>Nombre del producto<\/td>\n<td>Lasa\u00f1a de konjac, fideos de lasa\u00f1a shirataki<\/td>\n<\/tr>\n<tr>\n<td>Ingrediente principal<\/td>\n<td>Polvo de konjac, agua<\/td>\n<\/tr>\n<tr>\n<td>Sabores<\/td>\n<td>Original, zanahoria, tomate, avena, espinacas, algas, soja, calabaza y m\u00e1s<\/td>\n<\/tr>\n<tr>\n<td>Caracter\u00edstica<\/td>\n<td>Sin olor, bajo en calor\u00edas, bajo en carbohidratos, sin gluten, sin az\u00facar, sin grasa, sin OMG, rico en fibra<\/td>\n<\/tr>\n<tr>\n<td>Funciones<\/td>\n<td>Dieta vegetariana, p\u00e9rdida de peso, aumento de la saciedad<\/td>\n<\/tr>\n<tr>\n<td>Fibra diet\u00e9tica<\/td>\n<td>3,4 g\/100 g<\/td>\n<\/tr>\n<tr>\n<td>Calor\u00edas<\/td>\n<td>6Kcal\/100g<\/td>\n<\/tr>\n<tr>\n<td>Contenido de grasa<\/td>\n<td>0<\/td>\n<\/tr>\n<tr>\n<td>Peso<\/td>\n<td>Personalizado<\/td>\n<\/tr>\n<tr>\n<td>Tiempo de cocci\u00f3n<\/td>\n<td>3 minutos<\/td>\n<\/tr>\n<tr>\n<td>Duraci\u00f3n<\/td>\n<td>12 meses<\/td>\n<\/tr>\n<tr>\n<td>Paquete<\/td>\n<td>Bolsa interior + Bolsa de pie \/ Caja de papel<\/td>\n<\/tr>\n<tr>\n<td>Certificados<\/td>\n<td>IFS, BRC, KOSHER, HALAL, HACCP<\/td>\n<\/tr>\n<\/tbody>\n<\/table>","protected":false},"excerpt":{"rendered":"<p>La lasa\u00f1a de konjac, tambi\u00e9n conocida como fideos de lasa\u00f1a shirataki, es una alternativa saludable baja en calor\u00edas y carbohidratos. Es rica en fibra diet\u00e9tica, especialmente glucano manitol, que ayuda a regular los niveles de az\u00facar y colesterol en sangre y a promover la salud digestiva.<\/p>","protected":false},"featured_media":4678,"template":"","meta":{"site-sidebar-layout":"default","site-content-layout":"","ast-site-content-layout":"default","site-content-style":"default","site-sidebar-style":"default","ast-global-header-display":"","ast-banner-title-visibility":"","ast-main-header-display":"","ast-hfb-above-header-display":"","ast-hfb-below-header-display":"","ast-hfb-mobile-header-display":"","site-post-title":"","ast-breadcrumbs-content":"","ast-featured-img":"","footer-sml-layout":"","ast-disable-related-posts":"","theme-transparent-header-meta":"default","adv-header-id-meta":"","stick-header-meta":"default","header-above-stick-meta":"","header-main-stick-meta":"","header-below-stick-meta":"","astra-migrate-meta-layouts":"set","ast-page-background-enabled":"default","ast-page-background-meta":{"desktop":{"background-color":"","background-image":"","background-repeat":"repeat","background-position":"center center","background-size":"auto","background-attachment":"scroll","background-type":"","background-media":"","overlay-type":"","overlay-color":"","overlay-opacity":"","overlay-gradient":""},"tablet":{"background-color":"","background-image":"","background-repeat":"repeat","background-position":"center center","background-size":"auto","background-attachment":"scroll","background-type":"","background-media":"","overlay-type":"","overlay-color":"","overlay-opacity":"","overlay-gradient":""},"mobile":{"background-color":"","background-image":"","background-repeat":"repeat","background-position":"center center","background-size":"auto","background-attachment":"scroll","background-type":"","background-media":"","overlay-type":"","overlay-color":"","overlay-opacity":"","overlay-gradient":""}},"ast-content-background-meta":{"desktop":{"background-color":"var(--ast-global-color-5)","background-image":"","background-repeat":"repeat","background-position":"center center","background-size":"auto","background-attachment":"scroll","background-type":"","background-media":"","overlay-type":"","overlay-color":"","overlay-opacity":"","overlay-gradient":""},"tablet":{"background-color":"var(--ast-global-color-5)","background-image":"","background-repeat":"repeat","background-position":"center center","background-size":"auto","background-attachment":"scroll","background-type":"","background-media":"","overlay-type":"","overlay-color":"","overlay-opacity":"","overlay-gradient":""},"mobile":{"background-color":"var(--ast-global-color-5)","background-image":"","background-repeat":"repeat","background-position":"center center","background-size":"auto","background-attachment":"scroll","background-type":"","background-media":"","overlay-type":"","overlay-color":"","overlay-opacity":"","overlay-gradient":""}}},"product_brand":[],"product_cat":[22],"product_tag":[],"class_list":{"0":"post-4677","1":"product","2":"type-product","3":"status-publish","4":"has-post-thumbnail","6":"product_cat-konjac-pasta","7":"desktop-align-left","8":"tablet-align-left","9":"mobile-align-left","10":"ast-product-gallery-layout-horizontal-slider","11":"ast-product-tabs-layout-horizontal","13":"first","14":"instock","15":"shipping-taxable","16":"product-type-simple"},"_links":{"self":[{"href":"https:\/\/sentaiyuanbio.com\/es\/wp-json\/wp\/v2\/product\/4677","targetHints":{"allow":["GET"]}}],"collection":[{"href":"https:\/\/sentaiyuanbio.com\/es\/wp-json\/wp\/v2\/product"}],"about":[{"href":"https:\/\/sentaiyuanbio.com\/es\/wp-json\/wp\/v2\/types\/product"}],"version-history":[{"count":0,"href":"https:\/\/sentaiyuanbio.com\/es\/wp-json\/wp\/v2\/product\/4677\/revisions"}],"wp:featuredmedia":[{"embeddable":true,"href":"https:\/\/sentaiyuanbio.com\/es\/wp-json\/wp\/v2\/media\/4678"}],"wp:attachment":[{"href":"https:\/\/sentaiyuanbio.com\/es\/wp-json\/wp\/v2\/media?parent=4677"}],"wp:term":[{"taxonomy":"product_brand","embeddable":true,"href":"https:\/\/sentaiyuanbio.com\/es\/wp-json\/wp\/v2\/product_brand?post=4677"},{"taxonomy":"product_cat","embeddable":true,"href":"https:\/\/sentaiyuanbio.com\/es\/wp-json\/wp\/v2\/product_cat?post=4677"},{"taxonomy":"product_tag","embeddable":true,"href":"https:\/\/sentaiyuanbio.com\/es\/wp-json\/wp\/v2\/product_tag?post=4677"}],"curies":[{"name":"wp","href":"https:\/\/api.w.org\/{rel}","templated":true}]}}