{"id":4687,"date":"2025-03-06T09:08:15","date_gmt":"2025-03-06T09:08:15","guid":{"rendered":"https:\/\/sentaiyuanbio.com\/?post_type=product&#038;p=4687"},"modified":"2025-03-06T09:08:15","modified_gmt":"2025-03-06T09:08:15","slug":"konjac-penne-fideos-shirataki-penne","status":"publish","type":"product","link":"https:\/\/sentaiyuanbio.com\/es\/producto\/konjac-penne-fideos-shirataki-penne\/","title":{"rendered":"Konjac Penne, Fideos Shirataki Penne"},"content":{"rendered":"<h2>Caracter\u00edsticas clave de Konjac Penne, Shirataki Noodles Penne<\/h2>\n<p>Bajo en calor\u00edas y carbohidratos: El penne de konjac es muy bajo en calor\u00edas y carbohidratos, lo que lo hace ideal para personas con dietas bajas en calor\u00edas o carbohidratos. Se suele usar como sustituto de la pasta com\u00fan en planes de control de peso y alimentaci\u00f3n con control de calor\u00edas.<\/p>\n<p>Ligero pero saciante: como excelente fuente de fibra, este peque\u00f1o paquete te ayuda a sentirte lleno por m\u00e1s tiempo y minimiza los antojos de bocadillos poco saludables.<\/p>\n<p>Sin gluten: Naturalmente sin gluten, es apto para personas con intolerancia al gluten o celiaqu\u00eda. Ofrece una alternativa para quienes necesitan evitar los cereales con gluten.<\/p>\n<p>Textura gelatinosa: La fibra de glucomanano de la pasta absorbe agua y se hincha, lo que le da una textura gelatinosa cuando se cocina y crea una textura masticable \u00fanica.<\/p>\n<p>Sabor neutro: A diferencia de otras conservas, no tiene un olor penetrante y su sabor neutro absorbe el sabor de las salsas, condimentos y otros ingredientes utilizados en los platos. Esta versatilidad la hace ideal para diversas recetas de pasta.<\/p>\n<p class=\"translation-block\">Bajo \u00edndice gluc\u00e9mico: Tiene un \u00edndice gluc\u00e9mico bajo, lo que significa que provoca un aumento lento y gradual de los niveles de az\u00facar en sangre en comparaci\u00f3n con alimentos ricos en carbohidratos. Esta propiedad es beneficiosa para quienes buscan controlar sus niveles de az\u00facar en sangre.<\/p>\n<table>\n<tbody>\n<tr>\n<td>Nombre del producto<\/td>\n<td>Konjac Penne, Fideos Shirataki Penne<\/td>\n<\/tr>\n<tr>\n<td>Ingrediente principal<\/td>\n<td>Polvo de konjac, agua<\/td>\n<\/tr>\n<tr>\n<td>Sabores<\/td>\n<td>Original, zanahoria, tomate, avena, espinacas, algas, soja, calabaza y m\u00e1s<\/td>\n<\/tr>\n<tr>\n<td>Caracter\u00edstica<\/td>\n<td>Sin olor, bajo en calor\u00edas, bajo en carbohidratos, sin gluten, sin az\u00facar, sin grasa, sin OMG, rico en fibra<\/td>\n<\/tr>\n<tr>\n<td>Funciones<\/td>\n<td>Dieta vegetariana, p\u00e9rdida de peso, aumento de la saciedad<\/td>\n<\/tr>\n<tr>\n<td>Fibra diet\u00e9tica<\/td>\n<td>3,4 g\/100 g<\/td>\n<\/tr>\n<tr>\n<td>Calor\u00edas<\/td>\n<td>6Kcal\/100g<\/td>\n<\/tr>\n<tr>\n<td>Contenido de grasa<\/td>\n<td>0<\/td>\n<\/tr>\n<tr>\n<td>Peso<\/td>\n<td>Personalizado<\/td>\n<\/tr>\n<tr>\n<td>Tiempo de cocci\u00f3n<\/td>\n<td>3 minutos<\/td>\n<\/tr>\n<tr>\n<td>Duraci\u00f3n<\/td>\n<td>12 meses<\/td>\n<\/tr>\n<tr>\n<td>Paquete<\/td>\n<td>Bolsa interior + Bolsa de pie \/ Caja de papel<\/td>\n<\/tr>\n<tr>\n<td>Certificados<\/td>\n<td>IFS, BRC, KOSHER, HALAL, HACCP<\/td>\n<\/tr>\n<\/tbody>\n<\/table>\n<p><img fetchpriority=\"high\" decoding=\"async\" class=\"alignnone wp-image-4696 size-full\" src=\"https:\/\/sentaiyuanbio.com\/wp-content\/uploads\/2025\/03\/Konjac-Penne-1-1.webp\" alt=\"Fideos Shirataki Penne\" width=\"600\" height=\"600\" srcset=\"https:\/\/sentaiyuanbio.com\/wp-content\/uploads\/2025\/03\/Konjac-Penne-1-1.webp 600w, https:\/\/sentaiyuanbio.com\/wp-content\/uploads\/2025\/03\/Konjac-Penne-1-1-100x100.webp 100w, https:\/\/sentaiyuanbio.com\/wp-content\/uploads\/2025\/03\/Konjac-Penne-1-1-300x300.webp 300w, https:\/\/sentaiyuanbio.com\/wp-content\/uploads\/2025\/03\/Konjac-Penne-1-1-150x150.webp 150w\" sizes=\"(max-width: 600px) 100vw, 600px\" \/><\/p>\n<h2>Receta cl\u00e1sica de penne de konjac<\/h2>\n<h3>1. Fideos shirataki penne con salsa de tomate al estilo italiano<\/h3>\n<p>Ingredientes: Pasta penne konjac, salsa de tomate, ajo, aceite de oliva, albahaca fresca, queso parmesano rallado.<\/p>\n<p>Pasos: Enjuague la pasta penne y esc\u00farrala. Caliente aceite de oliva en una sart\u00e9n y sofr\u00eda el ajo. Vierta la salsa de tomate y cocine hasta que espese. A\u00f1ada la pasta penne a la sart\u00e9n y saltee uniformemente. Espolvoree con queso parmesano rallado y albahaca fresca y sirva.<\/p>\n<h3>2. Ensalada de shirataki penne y verduras<\/h3>\n<p>Ingredientes: Fideos fettuccine de konjac, zanahorias, pepinos, pimientos rojos, pasta de s\u00e9samo, salsa de soja y vinagre.<\/p>\n<p>Pasos: Enjuague la pasta penne y esc\u00farrala. Corte las zanahorias, los pepinos y los pimientos rojos en tiras. Mezcle la pasta penne y las verduras picadas en un taz\u00f3n. Mezcle la pasta de s\u00e9samo, la salsa de soya y el vinagre para preparar un condimento y vi\u00e9rtalo en un taz\u00f3n para mezclar bien. Refrigere y sirva.<\/p>\n<h3>3. Pollo penne al curry shirataki<\/h3>\n<p>Ingredientes: Penne konjac, pechuga de pollo, curry en polvo, leche de coco, cebolla y ajo.<\/p>\n<p>Pasos: Enjuague la pasta penne y esc\u00farrala. Caliente aceite en una sart\u00e9n y sofr\u00eda la cebolla y el ajo. Agregue la pechuga de pollo y cocine hasta que cambie de color. A\u00f1ada el curry en polvo y la leche de coco y cocine hasta que la salsa espese. Agregue la pasta penne a la sart\u00e9n y saltee uniformemente. Sirva caliente.<\/p>\n<h2>4. Penne de konjac y gratinado de queso<\/h2>\n<p>Ingredientes: Fideos Shirataki, penne, queso rallado, huevos, mantequilla, sal y pimienta.<\/p>\n<p>Pasos: Enjuague el penne y esc\u00farralo. Caliente la mantequilla en una sart\u00e9n, agregue el queso rallado y revuelva hasta que se derrita. Agregue el penne a la sart\u00e9n y revuelva bien. Rompa los huevos en un taz\u00f3n y revuelva bien. Vierta la mezcla de penne en una bandeja para hornear y vierta la mezcla de huevo. Hornee hasta que est\u00e9 dorado.<\/p>\n<style>.embed-container { position: relative; padding-bottom: 56.25%; height: 0; overflow: hidden; max-width: 100%; } .embed-container iframe, .embed-container object, .embed-container embed { position: absolute; top: 0; left: 0; width: 100%; height: 100%; }<\/style>\n<div class=\"embed-container\"><iframe src=\"https:\/\/www.youtube.com\/embed\/mkNGaZF29no\" frameborder=\"0\" allowfullscreen=\"allowfullscreen\"><\/iframe><\/div>","protected":false},"excerpt":{"rendered":"<p class=\"translation-block\">El penne de konjac, o penne Shirataki, es un fideo saludable, bajo en calor\u00edas y carbohidratos, hecho de konjac. Su textura \u00fanica, masticable y suave absorbe perfectamente las salsas y a\u00f1ade sabor a diferentes ingredientes. Ya sea servido fr\u00edo, salteado o con sopa clara o salsa de tomate italiana, puedes preparar f\u00e1cilmente una comida saludable, deliciosa y sin calor\u00edas.<\/p>","protected":false},"featured_media":4688,"template":"","meta":{"site-sidebar-layout":"default","site-content-layout":"","ast-site-content-layout":"default","site-content-style":"default","site-sidebar-style":"default","ast-global-header-display":"","ast-banner-title-visibility":"","ast-main-header-display":"","ast-hfb-above-header-display":"","ast-hfb-below-header-display":"","ast-hfb-mobile-header-display":"","site-post-title":"","ast-breadcrumbs-content":"","ast-featured-img":"","footer-sml-layout":"","ast-disable-related-posts":"","theme-transparent-header-meta":"default","adv-header-id-meta":"","stick-header-meta":"default","header-above-stick-meta":"","header-main-stick-meta":"","header-below-stick-meta":"","astra-migrate-meta-layouts":"set","ast-page-background-enabled":"default","ast-page-background-meta":{"desktop":{"background-color":"","background-image":"","background-repeat":"repeat","background-position":"center center","background-size":"auto","background-attachment":"scroll","background-type":"","background-media":"","overlay-type":"","overlay-color":"","overlay-opacity":"","overlay-gradient":""},"tablet":{"background-color":"","background-image":"","background-repeat":"repeat","background-position":"center center","background-size":"auto","background-attachment":"scroll","background-type":"","background-media":"","overlay-type":"","overlay-color":"","overlay-opacity":"","overlay-gradient":""},"mobile":{"background-color":"","background-image":"","background-repeat":"repeat","background-position":"center center","background-size":"auto","background-attachment":"scroll","background-type":"","background-media":"","overlay-type":"","overlay-color":"","overlay-opacity":"","overlay-gradient":""}},"ast-content-background-meta":{"desktop":{"background-color":"var(--ast-global-color-5)","background-image":"","background-repeat":"repeat","background-position":"center center","background-size":"auto","background-attachment":"scroll","background-type":"","background-media":"","overlay-type":"","overlay-color":"","overlay-opacity":"","overlay-gradient":""},"tablet":{"background-color":"var(--ast-global-color-5)","background-image":"","background-repeat":"repeat","background-position":"center center","background-size":"auto","background-attachment":"scroll","background-type":"","background-media":"","overlay-type":"","overlay-color":"","overlay-opacity":"","overlay-gradient":""},"mobile":{"background-color":"var(--ast-global-color-5)","background-image":"","background-repeat":"repeat","background-position":"center center","background-size":"auto","background-attachment":"scroll","background-type":"","background-media":"","overlay-type":"","overlay-color":"","overlay-opacity":"","overlay-gradient":""}}},"product_brand":[],"product_cat":[22],"product_tag":[],"class_list":{"0":"post-4687","1":"product","2":"type-product","3":"status-publish","4":"has-post-thumbnail","6":"product_cat-konjac-pasta","7":"desktop-align-left","8":"tablet-align-left","9":"mobile-align-left","10":"ast-product-gallery-layout-horizontal-slider","11":"ast-product-tabs-layout-horizontal","13":"first","14":"instock","15":"shipping-taxable","16":"product-type-simple"},"_links":{"self":[{"href":"https:\/\/sentaiyuanbio.com\/es\/wp-json\/wp\/v2\/product\/4687","targetHints":{"allow":["GET"]}}],"collection":[{"href":"https:\/\/sentaiyuanbio.com\/es\/wp-json\/wp\/v2\/product"}],"about":[{"href":"https:\/\/sentaiyuanbio.com\/es\/wp-json\/wp\/v2\/types\/product"}],"version-history":[{"count":0,"href":"https:\/\/sentaiyuanbio.com\/es\/wp-json\/wp\/v2\/product\/4687\/revisions"}],"wp:featuredmedia":[{"embeddable":true,"href":"https:\/\/sentaiyuanbio.com\/es\/wp-json\/wp\/v2\/media\/4688"}],"wp:attachment":[{"href":"https:\/\/sentaiyuanbio.com\/es\/wp-json\/wp\/v2\/media?parent=4687"}],"wp:term":[{"taxonomy":"product_brand","embeddable":true,"href":"https:\/\/sentaiyuanbio.com\/es\/wp-json\/wp\/v2\/product_brand?post=4687"},{"taxonomy":"product_cat","embeddable":true,"href":"https:\/\/sentaiyuanbio.com\/es\/wp-json\/wp\/v2\/product_cat?post=4687"},{"taxonomy":"product_tag","embeddable":true,"href":"https:\/\/sentaiyuanbio.com\/es\/wp-json\/wp\/v2\/product_tag?post=4687"}],"curies":[{"name":"wp","href":"https:\/\/api.w.org\/{rel}","templated":true}]}}