{"id":4826,"date":"2025-05-09T07:46:53","date_gmt":"2025-05-09T07:46:53","guid":{"rendered":"https:\/\/sentaiyuanbio.com\/?post_type=product&#038;p=4826"},"modified":"2025-06-13T05:50:43","modified_gmt":"2025-06-13T05:50:43","slug":"paquete-de-fideos-pho-sabor-pollo","status":"publish","type":"product","link":"https:\/\/sentaiyuanbio.com\/es\/producto\/paquete-de-fideos-pho-sabor-pollo\/","title":{"rendered":"Paquete de fideos Pho, fideos Pho de pollo instant\u00e1neos"},"content":{"rendered":"<h2>Ingredientes del paquete de fideos Pho sabor pollo<\/h2>\n<p>Ingredientes: Fideos Konjac: Agua, <a href=\"https:\/\/sentaiyuanbio.com\/es\/producto\/harina-de-name-konjac-polvo-de-name-konjac\/\" target=\"_blank\" rel=\"noopener\">Polvo de konjac<\/a>, \u00c1cido c\u00edtrico; Condimento para pollo: Sal, Glutamato monos\u00f3dico (<a href=\"https:\/\/www.mayoclinic.org\/healthy-lifestyle\/nutrition-and-healthy-eating\/expert-answers\/monosodium-glutamate\/faq-20058196\" target=\"_blank\" rel=\"noopener\">GMS<\/a>), az\u00facar granulado blanco, cebolla en polvo, maltodextrina, aroma alimentario <a href=\"https:\/\/www.atamanchemicals.com\/disodium-5--ribonucleotide_u26322\/\" target=\"_blank\" rel=\"noopener\">5\u2032-Ribonucle\u00f3tido dis\u00f3dico<\/a>Ajo en polvo, apio en polvo, extracto de levadura, di\u00f3xido de silicio, c\u00farcuma en polvo, pimienta blanca en polvo, cebolla verde deshidratada, especias (pimienta negra en polvo, jengibre en polvo), \u00e1cido c\u00edtrico.<\/p>\n<p>Verduras: Cebolla verde, Zanahoria.<\/p>\n<p>Contiene: Productos de soja.<\/p>\n<p>Precauci\u00f3n: La taza y la sopa estar\u00e1n CALIENTES. Fuera del alcance de los ni\u00f1os.<\/p>\n<p>Conservaci\u00f3n: Almacenar a temperatura ambiente en un lugar fresco y seco. Mant\u00e9ngalo alejado de la luz fuerte y del calor.<\/p>\n<h2>Informaci\u00f3n nutricional<\/h2>\n<table border=\"1\" cellspacing=\"1\">\n<tbody>\n<tr>\n<td colspan=\"2\" align=\"center\">Informaci\u00f3n nutricional 107 g (3,77 oz)<\/td>\n<\/tr>\n<tr>\n<td align=\"center\" width=\"284\"><b>Energ\u00eda<\/b><\/td>\n<td align=\"center\" width=\"284\">10kcal<\/td>\n<\/tr>\n<tr>\n<td align=\"center\" width=\"284\"><b>Prote\u00edna<\/b><\/td>\n<td align=\"center\" width=\"284\">0g<\/td>\n<\/tr>\n<tr>\n<td align=\"center\" width=\"284\"><b>Grasa total<\/b><\/td>\n<td align=\"center\" width=\"284\">0g<\/td>\n<\/tr>\n<tr>\n<td align=\"center\" width=\"284\"><b>Carbohidratos totales<\/b><\/td>\n<td align=\"center\" width=\"284\">2g<\/td>\n<\/tr>\n<tr>\n<td align=\"center\" width=\"284\"><b>Fibra alimentaria<\/b><\/td>\n<td align=\"center\" width=\"284\">2g<\/td>\n<\/tr>\n<tr>\n<td align=\"center\" width=\"284\"><b>Sodio<\/b><\/td>\n<td align=\"center\" width=\"284\">460 mg<\/td>\n<\/tr>\n<tr>\n<td align=\"center\" width=\"284\"><b>Vitamina D<\/b><\/td>\n<td align=\"center\" width=\"284\">0<\/td>\n<\/tr>\n<tr>\n<td align=\"center\" width=\"284\"><b>Calcio<\/b><\/td>\n<td align=\"center\" width=\"284\">7,4 mg<\/td>\n<\/tr>\n<tr>\n<td align=\"center\" width=\"284\"><b>lron<\/b><\/td>\n<td align=\"center\" width=\"284\">0,12 mg<\/td>\n<\/tr>\n<tr>\n<td align=\"center\" width=\"284\"><b>Potasio<\/b><\/td>\n<td align=\"center\" width=\"284\">15,4 mg<\/td>\n<\/tr>\n<\/tbody>\n<\/table>\n<p><img fetchpriority=\"high\" decoding=\"async\" class=\"alignnone wp-image-4911 size-full\" src=\"https:\/\/sentaiyuanbio.com\/wp-content\/uploads\/2025\/05\/Instant-Chicken-Pho-Noodles-1.webp\" alt=\"Fideos Pho de pollo instant\u00e1neos\" width=\"750\" height=\"535\" srcset=\"https:\/\/sentaiyuanbio.com\/wp-content\/uploads\/2025\/05\/Instant-Chicken-Pho-Noodles-1.webp 750w, https:\/\/sentaiyuanbio.com\/wp-content\/uploads\/2025\/05\/Instant-Chicken-Pho-Noodles-1-300x214.webp 300w, https:\/\/sentaiyuanbio.com\/wp-content\/uploads\/2025\/05\/Instant-Chicken-Pho-Noodles-1-600x428.webp 600w\" sizes=\"(max-width: 750px) 100vw, 750px\" \/> <img decoding=\"async\" class=\"alignnone wp-image-4912 size-full\" src=\"https:\/\/sentaiyuanbio.com\/wp-content\/uploads\/2025\/05\/Instant-Chicken-Pho-Noodles-2-1.webp\" alt=\"Fideos Pho de pollo instant\u00e1neos\" width=\"750\" height=\"451\" srcset=\"https:\/\/sentaiyuanbio.com\/wp-content\/uploads\/2025\/05\/Instant-Chicken-Pho-Noodles-2-1.webp 750w, https:\/\/sentaiyuanbio.com\/wp-content\/uploads\/2025\/05\/Instant-Chicken-Pho-Noodles-2-1-300x180.webp 300w, https:\/\/sentaiyuanbio.com\/wp-content\/uploads\/2025\/05\/Instant-Chicken-Pho-Noodles-2-1-600x361.webp 600w\" sizes=\"(max-width: 750px) 100vw, 750px\" \/> <img decoding=\"async\" class=\"alignnone wp-image-4913 size-full\" src=\"https:\/\/sentaiyuanbio.com\/wp-content\/uploads\/2025\/05\/Instant-Chicken-Pho-Noodles-3.webp\" alt=\"Fideos Pho de pollo instant\u00e1neos\" width=\"750\" height=\"442\" srcset=\"https:\/\/sentaiyuanbio.com\/wp-content\/uploads\/2025\/05\/Instant-Chicken-Pho-Noodles-3.webp 750w, https:\/\/sentaiyuanbio.com\/wp-content\/uploads\/2025\/05\/Instant-Chicken-Pho-Noodles-3-300x177.webp 300w, https:\/\/sentaiyuanbio.com\/wp-content\/uploads\/2025\/05\/Instant-Chicken-Pho-Noodles-3-600x354.webp 600w\" sizes=\"(max-width: 750px) 100vw, 750px\" \/> <img loading=\"lazy\" decoding=\"async\" class=\"alignnone wp-image-4914 size-full\" src=\"https:\/\/sentaiyuanbio.com\/wp-content\/uploads\/2025\/05\/Instant-Chicken-Pho-Noodles-4.webp\" alt=\"Fideos Pho de pollo instant\u00e1neos\" width=\"750\" height=\"542\" srcset=\"https:\/\/sentaiyuanbio.com\/wp-content\/uploads\/2025\/05\/Instant-Chicken-Pho-Noodles-4.webp 750w, https:\/\/sentaiyuanbio.com\/wp-content\/uploads\/2025\/05\/Instant-Chicken-Pho-Noodles-4-300x217.webp 300w, https:\/\/sentaiyuanbio.com\/wp-content\/uploads\/2025\/05\/Instant-Chicken-Pho-Noodles-4-600x434.webp 600w\" sizes=\"(max-width: 750px) 100vw, 750px\" \/> <img loading=\"lazy\" decoding=\"async\" class=\"alignnone wp-image-4915 size-full\" src=\"https:\/\/sentaiyuanbio.com\/wp-content\/uploads\/2025\/05\/Instant-Chicken-Pho-Noodles-5.webp\" alt=\"Fideos Pho de pollo instant\u00e1neos\" width=\"750\" height=\"561\" srcset=\"https:\/\/sentaiyuanbio.com\/wp-content\/uploads\/2025\/05\/Instant-Chicken-Pho-Noodles-5.webp 750w, https:\/\/sentaiyuanbio.com\/wp-content\/uploads\/2025\/05\/Instant-Chicken-Pho-Noodles-5-300x224.webp 300w, https:\/\/sentaiyuanbio.com\/wp-content\/uploads\/2025\/05\/Instant-Chicken-Pho-Noodles-5-600x449.webp 600w\" sizes=\"(max-width: 750px) 100vw, 750px\" \/> <img loading=\"lazy\" decoding=\"async\" class=\"alignnone wp-image-4916 size-full\" src=\"https:\/\/sentaiyuanbio.com\/wp-content\/uploads\/2025\/05\/Instant-Chicken-Pho-Noodles-6.webp\" alt=\"Paquete de fideos Pho, fideos Pho de pollo instant\u00e1neos\" width=\"750\" height=\"631\" srcset=\"https:\/\/sentaiyuanbio.com\/wp-content\/uploads\/2025\/05\/Instant-Chicken-Pho-Noodles-6.webp 750w, https:\/\/sentaiyuanbio.com\/wp-content\/uploads\/2025\/05\/Instant-Chicken-Pho-Noodles-6-300x252.webp 300w, https:\/\/sentaiyuanbio.com\/wp-content\/uploads\/2025\/05\/Instant-Chicken-Pho-Noodles-6-600x505.webp 600w\" sizes=\"(max-width: 750px) 100vw, 750px\" \/> <img loading=\"lazy\" decoding=\"async\" class=\"alignnone wp-image-4917 size-full\" src=\"https:\/\/sentaiyuanbio.com\/wp-content\/uploads\/2025\/05\/Instant-Chicken-Pho-Noodles-7.webp\" alt=\"Paquete de fideos Pho, fideos Pho de pollo instant\u00e1neos\" width=\"750\" height=\"634\" srcset=\"https:\/\/sentaiyuanbio.com\/wp-content\/uploads\/2025\/05\/Instant-Chicken-Pho-Noodles-7.webp 750w, https:\/\/sentaiyuanbio.com\/wp-content\/uploads\/2025\/05\/Instant-Chicken-Pho-Noodles-7-300x254.webp 300w, https:\/\/sentaiyuanbio.com\/wp-content\/uploads\/2025\/05\/Instant-Chicken-Pho-Noodles-7-600x507.webp 600w\" sizes=\"(max-width: 750px) 100vw, 750px\" \/><\/p>","protected":false},"excerpt":{"rendered":"<p>\u00a1Prepare sus mini comidas con sus verduras y carnes favoritas! Listo en s\u00f3lo unos minutos: un bol de humeante y sedoso pho de pollo instant\u00e1neo listo para saciar su hambre a cualquier hora del d\u00eda o de la noche. CERO GRASAS TRANS: Nuestro paquete de fideos pho no contiene grasas trans, por lo que puede disfrutarlo sin preocupaciones.<\/p>","protected":false},"featured_media":4827,"template":"","meta":{"site-sidebar-layout":"default","site-content-layout":"","ast-site-content-layout":"default","site-content-style":"default","site-sidebar-style":"default","ast-global-header-display":"","ast-banner-title-visibility":"","ast-main-header-display":"","ast-hfb-above-header-display":"","ast-hfb-below-header-display":"","ast-hfb-mobile-header-display":"","site-post-title":"","ast-breadcrumbs-content":"","ast-featured-img":"","footer-sml-layout":"","ast-disable-related-posts":"","theme-transparent-header-meta":"default","adv-header-id-meta":"","stick-header-meta":"default","header-above-stick-meta":"","header-main-stick-meta":"","header-below-stick-meta":"","astra-migrate-meta-layouts":"set","ast-page-background-enabled":"default","ast-page-background-meta":{"desktop":{"background-color":"","background-image":"","background-repeat":"repeat","background-position":"center center","background-size":"auto","background-attachment":"scroll","background-type":"","background-media":"","overlay-type":"","overlay-color":"","overlay-opacity":"","overlay-gradient":""},"tablet":{"background-color":"","background-image":"","background-repeat":"repeat","background-position":"center center","background-size":"auto","background-attachment":"scroll","background-type":"","background-media":"","overlay-type":"","overlay-color":"","overlay-opacity":"","overlay-gradient":""},"mobile":{"background-color":"","background-image":"","background-repeat":"repeat","background-position":"center center","background-size":"auto","background-attachment":"scroll","background-type":"","background-media":"","overlay-type":"","overlay-color":"","overlay-opacity":"","overlay-gradient":""}},"ast-content-background-meta":{"desktop":{"background-color":"var(--ast-global-color-5)","background-image":"","background-repeat":"repeat","background-position":"center center","background-size":"auto","background-attachment":"scroll","background-type":"","background-media":"","overlay-type":"","overlay-color":"","overlay-opacity":"","overlay-gradient":""},"tablet":{"background-color":"var(--ast-global-color-5)","background-image":"","background-repeat":"repeat","background-position":"center center","background-size":"auto","background-attachment":"scroll","background-type":"","background-media":"","overlay-type":"","overlay-color":"","overlay-opacity":"","overlay-gradient":""},"mobile":{"background-color":"var(--ast-global-color-5)","background-image":"","background-repeat":"repeat","background-position":"center center","background-size":"auto","background-attachment":"scroll","background-type":"","background-media":"","overlay-type":"","overlay-color":"","overlay-opacity":"","overlay-gradient":""}}},"product_brand":[],"product_cat":[23,251],"product_tag":[],"class_list":{"0":"post-4826","1":"product","2":"type-product","3":"status-publish","4":"has-post-thumbnail","6":"product_cat-instant-konjac-noodles","7":"product_cat-instant-pho-noodles-wholesale","8":"desktop-align-left","9":"tablet-align-left","10":"mobile-align-left","11":"ast-product-gallery-layout-horizontal-slider","12":"ast-product-tabs-layout-horizontal","14":"first","15":"instock","16":"shipping-taxable","17":"product-type-simple"},"_links":{"self":[{"href":"https:\/\/sentaiyuanbio.com\/es\/wp-json\/wp\/v2\/product\/4826","targetHints":{"allow":["GET"]}}],"collection":[{"href":"https:\/\/sentaiyuanbio.com\/es\/wp-json\/wp\/v2\/product"}],"about":[{"href":"https:\/\/sentaiyuanbio.com\/es\/wp-json\/wp\/v2\/types\/product"}],"version-history":[{"count":0,"href":"https:\/\/sentaiyuanbio.com\/es\/wp-json\/wp\/v2\/product\/4826\/revisions"}],"wp:featuredmedia":[{"embeddable":true,"href":"https:\/\/sentaiyuanbio.com\/es\/wp-json\/wp\/v2\/media\/4827"}],"wp:attachment":[{"href":"https:\/\/sentaiyuanbio.com\/es\/wp-json\/wp\/v2\/media?parent=4826"}],"wp:term":[{"taxonomy":"product_brand","embeddable":true,"href":"https:\/\/sentaiyuanbio.com\/es\/wp-json\/wp\/v2\/product_brand?post=4826"},{"taxonomy":"product_cat","embeddable":true,"href":"https:\/\/sentaiyuanbio.com\/es\/wp-json\/wp\/v2\/product_cat?post=4826"},{"taxonomy":"product_tag","embeddable":true,"href":"https:\/\/sentaiyuanbio.com\/es\/wp-json\/wp\/v2\/product_tag?post=4826"}],"curies":[{"name":"wp","href":"https:\/\/api.w.org\/{rel}","templated":true}]}}