{"id":4860,"date":"2025-05-13T06:46:28","date_gmt":"2025-05-13T06:46:28","guid":{"rendered":"https:\/\/sentaiyuanbio.com\/?post_type=product&#038;p=4860"},"modified":"2025-06-13T02:37:09","modified_gmt":"2025-06-13T02:37:09","slug":"bol-de-pho-instantaneo-sabor-ternera","status":"publish","type":"product","link":"https:\/\/sentaiyuanbio.com\/es\/producto\/bol-de-pho-instantaneo-sabor-ternera\/","title":{"rendered":"Bol de Pho Instant\u00e1neo, Paquetes de Pho Instant\u00e1neo Sabor Carne 107g"},"content":{"rendered":"<h2>Descripci\u00f3n del Sabor Carne de Taz\u00f3n de Pho Instant\u00e1neo<\/h2>\n<p>Nuestro Taz\u00f3n de Pho Instant\u00e1neo Sabor Carne, elaborado por expertos, combina a la perfecci\u00f3n un rico caldo de carne de vacuno nunca frito sellado al vac\u00edo <a href=\"https:\/\/sentaiyuanbio.com\/es\/categoria-producto\/pasta-konjac\/\" target=\"_blank\" rel=\"noopener\">fideos konjac<\/a>. La reconfortante textura de las cebolletas, las zanahorias y los tiernos fideos konjac elevan tu experiencia gastron\u00f3mica.<\/p>\n<p>Tanto si eres un viajero ocupado como si buscas una escapada r\u00e1pida de la rutina diaria, disfruta de este plato meticulosamente elaborado. Del\u00e9itate con este aut\u00e9ntico plato que capta la esencia de la cultura culinaria asi\u00e1tica y disfruta de una c\u00f3moda experiencia gastron\u00f3mica.<\/p>\n<p>Explora otros incre\u00edbles cl\u00e1sicos asi\u00e1ticos de Hethstia, como el Taz\u00f3n Instant\u00e1neo Pho de Pollo, el Taz\u00f3n Instant\u00e1neo Pho de Curry Picante, el Taz\u00f3n Instant\u00e1neo Pho de Miso y el Taz\u00f3n Instant\u00e1neo Pho de Laksa.<\/p>\n<ul>\n<li>Fideos konjac de primera calidad - Nuestros fideos est\u00e1n perfectamente formulados para absorber el sabor umami del caldo, dej\u00e1ndolos suaves y masticables, \u00a1no empapados!<\/li>\n<li>R\u00e1pidos y f\u00e1ciles - \u00a1Nuestros fideos se cuecen en s\u00f3lo 3 minutos! \u00a1S\u00f3lo tienes que a\u00f1adir agua caliente!<\/li>\n<li>M\u00e1s sano - Sin gluten, sin OMG, sin colesterol y sin grasas trans.<\/li>\n<li>Sencillo, sin complicaciones: a\u00f1ade tus hierbas favoritas a este bol de fideos instant\u00e1neos, \u00a1o disfr\u00fatalo solo!<\/li>\n<\/ul>\n<h2>Ingredientes del Sabor a Carne de los Paquetes de Pho Instant\u00e1neo<\/h2>\n<p><strong>Ingredientes:<\/strong> Fideos Konjac: Agua, <a href=\"https:\/\/sentaiyuanbio.com\/es\/categoria-producto\/fibra-alimentaria-konjac\/\" target=\"_blank\" rel=\"noopener\">Polvo de konjac<\/a>\u00c1cido c\u00edtrico;<br \/>\n<strong>Condimento para ternera:<\/strong> Sal, aroma alimentario, glutamato monos\u00f3dico (GMS), az\u00facar blanco granulado, extracto de levadura, cebolla en polvo, cinco especias en polvo, 5\u2032-ribonucle\u00f3tido dis\u00f3dico, prote\u00edna vegetal hidrolizada, ajo en polvo, colorante caramelo, cebolla verde deshidratada, jengibre en polvo, pimienta negra en polvo, pimienta blanca en polvo, <a href=\"https:\/\/www.healthline.com\/health\/food-nutrition\/is-silicon-dioxide-in-supplements-safe\" target=\"_blank\" rel=\"noopener\">Di\u00f3xido de silicio<\/a>, <a href=\"https:\/\/pmc.ncbi.nlm.nih.gov\/articles\/PMC6409436\/\" target=\"_blank\" rel=\"noopener\">Maltodextrina<\/a><br \/>\n<strong>Verduras:<\/strong> Cebolla verde, Zanahoria.<br \/>\n<strong>Contiene:<\/strong> Productos de soja.<br \/>\n<strong>Precauci\u00f3n:<\/strong> La taza y la sopa estar\u00e1n CALIENTES. Fuera del alcance de los ni\u00f1os.<br \/>\n<strong>Almacenamiento:<\/strong> Gu\u00e1rdalo a temperatura ambiente en un lugar fresco y seco. Mantener alejado de la luz fuerte y el calor.<\/p>\n<h2>Lo que dicen los usuarios<\/h2>\n<p>Este bol de pho instant\u00e1neo es una forma estupenda de disfrutar del pho en casa. Puedo a\u00f1adir cebollas de verdeo picadas, cilantro o albahaca para redondear el sabor. Me gusta cubrir mi cuenco con algunas verduras frescas, como brotes de soja y lechuga. Es una forma r\u00e1pida y f\u00e1cil de satisfacer mis antojos de pho.<\/p>\n<h2>Informaci\u00f3n nutricional<\/h2>\n<table border=\"1\" cellspacing=\"1\">\n<tbody>\n<tr>\n<td colspan=\"2\" align=\"center\">Informaci\u00f3n nutricional 107 g (3,77 oz)<\/td>\n<\/tr>\n<tr>\n<td align=\"center\" width=\"284\"><b>Energ\u00eda<\/b><\/td>\n<td align=\"center\" width=\"284\">10kcal<\/td>\n<\/tr>\n<tr>\n<td align=\"center\" width=\"284\"><b>Prote\u00edna<\/b><\/td>\n<td align=\"center\" width=\"284\">&lt; 1g<\/td>\n<\/tr>\n<tr>\n<td align=\"center\" width=\"284\"><b>Grasa total<\/b><\/td>\n<td align=\"center\" width=\"284\">0g<\/td>\n<\/tr>\n<tr>\n<td align=\"center\" width=\"284\"><b>Carbohidratos totales<\/b><\/td>\n<td align=\"center\" width=\"284\">2g<\/td>\n<\/tr>\n<tr>\n<td align=\"center\" width=\"284\"><b>Fibra alimentaria<\/b><\/td>\n<td align=\"center\" width=\"284\">2g<\/td>\n<\/tr>\n<tr>\n<td align=\"center\" width=\"284\"><b>Sodio<\/b><\/td>\n<td align=\"center\" width=\"284\">460 mg<\/td>\n<\/tr>\n<tr>\n<td align=\"center\" width=\"284\"><b>Vitamina D<\/b><\/td>\n<td align=\"center\" width=\"284\">0<\/td>\n<\/tr>\n<tr>\n<td align=\"center\" width=\"284\"><b>Calcio<\/b><\/td>\n<td align=\"center\" width=\"284\">5,8 mg<\/td>\n<\/tr>\n<tr>\n<td align=\"center\" width=\"284\"><b>lron<\/b><\/td>\n<td align=\"center\" width=\"284\">0,1 mg<\/td>\n<\/tr>\n<tr>\n<td align=\"center\" width=\"284\"><b>Potasio<\/b><\/td>\n<td align=\"center\" width=\"284\">16,55 mg<\/td>\n<\/tr>\n<\/tbody>\n<\/table>\n<h2>Instrucciones de cocci\u00f3n<\/h2>\n<p>Escurre el agua del paquete y vac\u00eda el contenido de la bolsa de fideos en la taza.<br \/>\nA\u00f1ade el condimento.<br \/>\nVierte directamente el agua hirviendo.<br \/>\nO a\u00f1ade agua fr\u00eda hasta la l\u00ednea de flotaci\u00f3n y cali\u00e9ntalo en el microondas durante 2 minutos.<\/p>\n<p><img fetchpriority=\"high\" decoding=\"async\" class=\"alignnone wp-image-4929 size-full\" src=\"https:\/\/sentaiyuanbio.com\/wp-content\/uploads\/2025\/05\/Instant-Pho-Packets1.webp\" alt=\"Paquetes de Pho Instant\u00e1neo Sabor Ternera\" width=\"750\" height=\"578\" srcset=\"https:\/\/sentaiyuanbio.com\/wp-content\/uploads\/2025\/05\/Instant-Pho-Packets1.webp 750w, https:\/\/sentaiyuanbio.com\/wp-content\/uploads\/2025\/05\/Instant-Pho-Packets1-300x231.webp 300w, https:\/\/sentaiyuanbio.com\/wp-content\/uploads\/2025\/05\/Instant-Pho-Packets1-600x462.webp 600w\" sizes=\"(max-width: 750px) 100vw, 750px\" \/> <img decoding=\"async\" class=\"alignnone wp-image-4930 size-full\" src=\"https:\/\/sentaiyuanbio.com\/wp-content\/uploads\/2025\/05\/Instant-Pho-Packets2.webp\" alt=\"Paquetes de Pho Instant\u00e1neo Sabor Ternera\" width=\"750\" height=\"451\" srcset=\"https:\/\/sentaiyuanbio.com\/wp-content\/uploads\/2025\/05\/Instant-Pho-Packets2.webp 750w, https:\/\/sentaiyuanbio.com\/wp-content\/uploads\/2025\/05\/Instant-Pho-Packets2-300x180.webp 300w, https:\/\/sentaiyuanbio.com\/wp-content\/uploads\/2025\/05\/Instant-Pho-Packets2-600x361.webp 600w\" sizes=\"(max-width: 750px) 100vw, 750px\" \/> <img decoding=\"async\" class=\"alignnone wp-image-4931 size-full\" src=\"https:\/\/sentaiyuanbio.com\/wp-content\/uploads\/2025\/05\/Instant-Pho-Packets3.webp\" alt=\"Paquetes de Pho Instant\u00e1neo Sabor Ternera\" width=\"750\" height=\"442\" srcset=\"https:\/\/sentaiyuanbio.com\/wp-content\/uploads\/2025\/05\/Instant-Pho-Packets3.webp 750w, https:\/\/sentaiyuanbio.com\/wp-content\/uploads\/2025\/05\/Instant-Pho-Packets3-300x177.webp 300w, https:\/\/sentaiyuanbio.com\/wp-content\/uploads\/2025\/05\/Instant-Pho-Packets3-600x354.webp 600w\" sizes=\"(max-width: 750px) 100vw, 750px\" \/> <img loading=\"lazy\" decoding=\"async\" class=\"alignnone wp-image-4932 size-full\" src=\"https:\/\/sentaiyuanbio.com\/wp-content\/uploads\/2025\/05\/Instant-Pho-Packets4.webp\" alt=\"Paquetes de Pho Instant\u00e1neo Sabor Ternera\" width=\"750\" height=\"542\" srcset=\"https:\/\/sentaiyuanbio.com\/wp-content\/uploads\/2025\/05\/Instant-Pho-Packets4.webp 750w, https:\/\/sentaiyuanbio.com\/wp-content\/uploads\/2025\/05\/Instant-Pho-Packets4-300x217.webp 300w, https:\/\/sentaiyuanbio.com\/wp-content\/uploads\/2025\/05\/Instant-Pho-Packets4-600x434.webp 600w\" sizes=\"(max-width: 750px) 100vw, 750px\" \/> <img loading=\"lazy\" decoding=\"async\" class=\"alignnone wp-image-4933 size-full\" src=\"https:\/\/sentaiyuanbio.com\/wp-content\/uploads\/2025\/05\/Instant-Pho-Packets5.webp\" alt=\"Paquetes de Pho Instant\u00e1neo Sabor Ternera\" width=\"750\" height=\"561\" srcset=\"https:\/\/sentaiyuanbio.com\/wp-content\/uploads\/2025\/05\/Instant-Pho-Packets5.webp 750w, https:\/\/sentaiyuanbio.com\/wp-content\/uploads\/2025\/05\/Instant-Pho-Packets5-300x224.webp 300w, https:\/\/sentaiyuanbio.com\/wp-content\/uploads\/2025\/05\/Instant-Pho-Packets5-600x449.webp 600w\" sizes=\"(max-width: 750px) 100vw, 750px\" \/> <img loading=\"lazy\" decoding=\"async\" class=\"alignnone wp-image-4934 size-full\" src=\"https:\/\/sentaiyuanbio.com\/wp-content\/uploads\/2025\/05\/Instant-Pho-Packets6.webp\" alt=\"Paquetes de Pho Instant\u00e1neo Sabor Ternera\" width=\"750\" height=\"631\" srcset=\"https:\/\/sentaiyuanbio.com\/wp-content\/uploads\/2025\/05\/Instant-Pho-Packets6.webp 750w, https:\/\/sentaiyuanbio.com\/wp-content\/uploads\/2025\/05\/Instant-Pho-Packets6-300x252.webp 300w, https:\/\/sentaiyuanbio.com\/wp-content\/uploads\/2025\/05\/Instant-Pho-Packets6-600x505.webp 600w\" sizes=\"(max-width: 750px) 100vw, 750px\" \/> <img loading=\"lazy\" decoding=\"async\" class=\"alignnone wp-image-4935 size-full\" src=\"https:\/\/sentaiyuanbio.com\/wp-content\/uploads\/2025\/05\/Instant-Pho-Packets7.webp\" alt=\"Paquetes de Pho Instant\u00e1neo Sabor Ternera\" width=\"750\" height=\"634\" srcset=\"https:\/\/sentaiyuanbio.com\/wp-content\/uploads\/2025\/05\/Instant-Pho-Packets7.webp 750w, https:\/\/sentaiyuanbio.com\/wp-content\/uploads\/2025\/05\/Instant-Pho-Packets7-300x254.webp 300w, https:\/\/sentaiyuanbio.com\/wp-content\/uploads\/2025\/05\/Instant-Pho-Packets7-600x507.webp 600w\" sizes=\"(max-width: 750px) 100vw, 750px\" \/><\/p>","protected":false},"excerpt":{"rendered":"<p>Nuestro caracter\u00edstico sabor a ternera del taz\u00f3n de pho instant\u00e1neo est\u00e1 sazonado con una variedad de especias, como chile, pimienta, cebolla en polvo y cinco especias en polvo, para un sabor rico y delicioso.<br \/>\nCombinados con fideos konjac, absorben el sabor umami y dejan tus papilas gustativas con ganas de m\u00e1s. Cada paquete de paquetes de pho instant\u00e1neo contiene fideos konjac y paquetes de condimento para carne.<\/p>","protected":false},"featured_media":4861,"template":"","meta":{"site-sidebar-layout":"default","site-content-layout":"","ast-site-content-layout":"default","site-content-style":"default","site-sidebar-style":"default","ast-global-header-display":"","ast-banner-title-visibility":"","ast-main-header-display":"","ast-hfb-above-header-display":"","ast-hfb-below-header-display":"","ast-hfb-mobile-header-display":"","site-post-title":"","ast-breadcrumbs-content":"","ast-featured-img":"","footer-sml-layout":"","ast-disable-related-posts":"","theme-transparent-header-meta":"default","adv-header-id-meta":"","stick-header-meta":"default","header-above-stick-meta":"","header-main-stick-meta":"","header-below-stick-meta":"","astra-migrate-meta-layouts":"set","ast-page-background-enabled":"default","ast-page-background-meta":{"desktop":{"background-color":"","background-image":"","background-repeat":"repeat","background-position":"center center","background-size":"auto","background-attachment":"scroll","background-type":"","background-media":"","overlay-type":"","overlay-color":"","overlay-opacity":"","overlay-gradient":""},"tablet":{"background-color":"","background-image":"","background-repeat":"repeat","background-position":"center center","background-size":"auto","background-attachment":"scroll","background-type":"","background-media":"","overlay-type":"","overlay-color":"","overlay-opacity":"","overlay-gradient":""},"mobile":{"background-color":"","background-image":"","background-repeat":"repeat","background-position":"center center","background-size":"auto","background-attachment":"scroll","background-type":"","background-media":"","overlay-type":"","overlay-color":"","overlay-opacity":"","overlay-gradient":""}},"ast-content-background-meta":{"desktop":{"background-color":"var(--ast-global-color-5)","background-image":"","background-repeat":"repeat","background-position":"center center","background-size":"auto","background-attachment":"scroll","background-type":"","background-media":"","overlay-type":"","overlay-color":"","overlay-opacity":"","overlay-gradient":""},"tablet":{"background-color":"var(--ast-global-color-5)","background-image":"","background-repeat":"repeat","background-position":"center center","background-size":"auto","background-attachment":"scroll","background-type":"","background-media":"","overlay-type":"","overlay-color":"","overlay-opacity":"","overlay-gradient":""},"mobile":{"background-color":"var(--ast-global-color-5)","background-image":"","background-repeat":"repeat","background-position":"center center","background-size":"auto","background-attachment":"scroll","background-type":"","background-media":"","overlay-type":"","overlay-color":"","overlay-opacity":"","overlay-gradient":""}}},"product_brand":[],"product_cat":[23,251],"product_tag":[],"class_list":{"0":"post-4860","1":"product","2":"type-product","3":"status-publish","4":"has-post-thumbnail","6":"product_cat-instant-konjac-noodles","7":"product_cat-instant-pho-noodles-wholesale","8":"desktop-align-left","9":"tablet-align-left","10":"mobile-align-left","11":"ast-product-gallery-layout-horizontal-slider","12":"ast-product-tabs-layout-horizontal","14":"first","15":"instock","16":"shipping-taxable","17":"product-type-simple"},"_links":{"self":[{"href":"https:\/\/sentaiyuanbio.com\/es\/wp-json\/wp\/v2\/product\/4860","targetHints":{"allow":["GET"]}}],"collection":[{"href":"https:\/\/sentaiyuanbio.com\/es\/wp-json\/wp\/v2\/product"}],"about":[{"href":"https:\/\/sentaiyuanbio.com\/es\/wp-json\/wp\/v2\/types\/product"}],"version-history":[{"count":0,"href":"https:\/\/sentaiyuanbio.com\/es\/wp-json\/wp\/v2\/product\/4860\/revisions"}],"wp:featuredmedia":[{"embeddable":true,"href":"https:\/\/sentaiyuanbio.com\/es\/wp-json\/wp\/v2\/media\/4861"}],"wp:attachment":[{"href":"https:\/\/sentaiyuanbio.com\/es\/wp-json\/wp\/v2\/media?parent=4860"}],"wp:term":[{"taxonomy":"product_brand","embeddable":true,"href":"https:\/\/sentaiyuanbio.com\/es\/wp-json\/wp\/v2\/product_brand?post=4860"},{"taxonomy":"product_cat","embeddable":true,"href":"https:\/\/sentaiyuanbio.com\/es\/wp-json\/wp\/v2\/product_cat?post=4860"},{"taxonomy":"product_tag","embeddable":true,"href":"https:\/\/sentaiyuanbio.com\/es\/wp-json\/wp\/v2\/product_tag?post=4860"}],"curies":[{"name":"wp","href":"https:\/\/api.w.org\/{rel}","templated":true}]}}