{"id":4870,"date":"2025-05-13T09:24:20","date_gmt":"2025-05-13T09:24:20","guid":{"rendered":"https:\/\/sentaiyuanbio.com\/?post_type=product&#038;p=4870"},"modified":"2025-06-13T08:42:58","modified_gmt":"2025-06-13T08:42:58","slug":"fideos-instantaneos-pho-sabor-miso","status":"publish","type":"product","link":"https:\/\/sentaiyuanbio.com\/es\/producto\/fideos-instantaneos-pho-sabor-miso\/","title":{"rendered":"Fideos instant\u00e1neos Pho Sabor Miso, Fideos Pho envasados 122g"},"content":{"rendered":"<h2>Fideos instant\u00e1neos Pho Sabor Miso Descripci\u00f3n<\/h2>\n<p>Hethstia es una maestra de los fideos aut\u00e9nticos; mezcla a la perfecci\u00f3n los sabores salados de la cebolla, la zanahoria, el ajo y la salsa de soja, as\u00ed como el polvo de cinco especias, con los suaves fideos pho, y simplemente a\u00f1ade agua hirviendo para recrear el apetitoso sabor a miso de los fideos instant\u00e1neos pho. Servido con verduras crujientes, le recomendamos un chorrito de lima y las lonchas de ternera o champi\u00f1ones que elija para redondear este plato de fideos jugoso y f\u00e1cil de preparar.<br \/>\nLos fideos instant\u00e1neos son f\u00e1ciles de empaquetar en una taza, lo que los hace perfectos para viajar.<\/p>\n<p>Sin OMG y sin gluten. \u00a1Disfrute de unos deliciosos fideos de arroz con miso en 180 segundos!<\/p>\n<h2>Ingredientes de los fideos Pho envasados<\/h2>\n<p><strong>Ingredientes:<\/strong> Fideos konjac: Agua, <a href=\"https:\/\/sentaiyuanbio.com\/es\/categoria-producto\/fibra-alimentaria-konjac\/\" target=\"_blank\" rel=\"noopener\">Polvo de konjac<\/a>\u00c1cido c\u00edtrico.<br \/>\n<strong>Salsa:<\/strong> Salsa de miso (agua, soja no modificada gen\u00e9ticamente, arroz, sal comestible, alcohol comestible), agua, az\u00facar blanco granulado, <a href=\"https:\/\/en.wikipedia.org\/wiki\/Kombu\" target=\"_blank\" rel=\"noopener\">Kunbu<\/a> salsa (agua, algas secas, sal comestible), prote\u00edna vegetal hidrolizada \u00e1cida, sal comestible, potenciador del sabor (<a href=\"https:\/\/foodadditives.net\/flavor-enhancer\/disodium-5-ribonucleotides\/\" target=\"_blank\" rel=\"noopener\">5\u2032- ribonucle\u00f3tido dis\u00f3dico<\/a>).<br \/>\n<strong>Verduras:<\/strong> Cebolla verde, Zanahoria.<br \/>\n<strong>Contiene:<\/strong> Productos de soja.<br \/>\n<strong>Precauci\u00f3n:<\/strong> La taza y la sopa estar\u00e1n CALIENTES. Fuera del alcance de los ni\u00f1os.<br \/>\n<strong>Almacenamiento:<\/strong> Gu\u00e1rdalo a temperatura ambiente en un lugar fresco y seco. Mantener alejado de la luz fuerte y el calor.<\/p>\n<h2>Informaci\u00f3n nutricional<\/h2>\n<table border=\"1\" cellspacing=\"1\">\n<tbody>\n<tr>\n<td colspan=\"2\" align=\"center\">Informaci\u00f3n nutricional 4.31 OZ (122g)<\/td>\n<\/tr>\n<tr>\n<td align=\"center\" width=\"284\"><b>Energ\u00eda<\/b><\/td>\n<td align=\"center\" width=\"284\">20 kcal<\/td>\n<\/tr>\n<tr>\n<td align=\"center\" width=\"284\"><b>Prote\u00edna<\/b><\/td>\n<td align=\"center\" width=\"284\">0g<\/td>\n<\/tr>\n<tr>\n<td align=\"center\" width=\"284\"><b>Grasa total<\/b><\/td>\n<td align=\"center\" width=\"284\">0g<\/td>\n<\/tr>\n<tr>\n<td align=\"center\" width=\"284\"><b>Carbohidratos totales<\/b><\/td>\n<td align=\"center\" width=\"284\">3g<\/td>\n<\/tr>\n<tr>\n<td align=\"center\" width=\"284\"><b>Fibra alimentaria<\/b><\/td>\n<td align=\"center\" width=\"284\">1g<\/td>\n<\/tr>\n<tr>\n<td align=\"center\" width=\"284\"><b>Sodio<\/b><\/td>\n<td align=\"center\" width=\"284\">660mg<\/td>\n<\/tr>\n<tr>\n<td align=\"center\" width=\"284\"><b>Vitamina D<\/b><\/td>\n<td align=\"center\" width=\"284\">0<\/td>\n<\/tr>\n<tr>\n<td align=\"center\" width=\"284\"><b>Calcio<\/b><\/td>\n<td align=\"center\" width=\"284\">10 mg<\/td>\n<\/tr>\n<tr>\n<td align=\"center\" width=\"284\"><b>lron<\/b><\/td>\n<td align=\"center\" width=\"284\">0mg<\/td>\n<\/tr>\n<tr>\n<td align=\"center\" width=\"284\"><b>Potasio<\/b><\/td>\n<td align=\"center\" width=\"284\">91,4 mg<\/td>\n<\/tr>\n<\/tbody>\n<\/table>\n<p><img fetchpriority=\"high\" decoding=\"async\" class=\"alignnone wp-image-4879 size-full\" src=\"https:\/\/sentaiyuanbio.com\/wp-content\/uploads\/2025\/05\/packaged-pho-noodles-2.webp\" alt=\"fideos pho envasados\" width=\"600\" height=\"450\" srcset=\"https:\/\/sentaiyuanbio.com\/wp-content\/uploads\/2025\/05\/packaged-pho-noodles-2.webp 600w, https:\/\/sentaiyuanbio.com\/wp-content\/uploads\/2025\/05\/packaged-pho-noodles-2-300x225.webp 300w\" sizes=\"(max-width: 600px) 100vw, 600px\" \/>\u00a0<img decoding=\"async\" class=\"alignnone wp-image-4882 size-full\" style=\"font-weight: inherit;\" src=\"https:\/\/sentaiyuanbio.com\/wp-content\/uploads\/2025\/05\/pho-instant-noodles-miso-flavor-2.webp\" alt=\"fideos instant\u00e1neos pho sabor miso\" width=\"600\" height=\"450\" srcset=\"https:\/\/sentaiyuanbio.com\/wp-content\/uploads\/2025\/05\/pho-instant-noodles-miso-flavor-2.webp 600w, https:\/\/sentaiyuanbio.com\/wp-content\/uploads\/2025\/05\/pho-instant-noodles-miso-flavor-2-300x225.webp 300w\" sizes=\"(max-width: 600px) 100vw, 600px\" \/><img decoding=\"async\" class=\"alignnone wp-image-4880 size-full\" style=\"font-style: inherit; font-weight: inherit;\" src=\"https:\/\/sentaiyuanbio.com\/wp-content\/uploads\/2025\/05\/packaged-pho-noodles-3.webp\" alt=\"fideos pho envasados\" width=\"600\" height=\"450\" srcset=\"https:\/\/sentaiyuanbio.com\/wp-content\/uploads\/2025\/05\/packaged-pho-noodles-3.webp 600w, https:\/\/sentaiyuanbio.com\/wp-content\/uploads\/2025\/05\/packaged-pho-noodles-3-300x225.webp 300w\" sizes=\"(max-width: 600px) 100vw, 600px\" \/> <img loading=\"lazy\" decoding=\"async\" class=\"alignnone wp-image-4881 size-full\" style=\"font-style: inherit; font-weight: inherit;\" src=\"https:\/\/sentaiyuanbio.com\/wp-content\/uploads\/2025\/05\/pho-instant-noodles-miso-flavor-1.webp\" alt=\"fideos instant\u00e1neos pho sabor miso\" width=\"600\" height=\"450\" srcset=\"https:\/\/sentaiyuanbio.com\/wp-content\/uploads\/2025\/05\/pho-instant-noodles-miso-flavor-1.webp 600w, https:\/\/sentaiyuanbio.com\/wp-content\/uploads\/2025\/05\/pho-instant-noodles-miso-flavor-1-300x225.webp 300w\" sizes=\"(max-width: 600px) 100vw, 600px\" \/> <img loading=\"lazy\" decoding=\"async\" class=\"alignnone wp-image-4878 size-full\" style=\"font-style: inherit; font-weight: inherit;\" src=\"https:\/\/sentaiyuanbio.com\/wp-content\/uploads\/2025\/05\/packaged-pho-noodles-1.webp\" alt=\"fideos pho envasados\" width=\"600\" height=\"450\" srcset=\"https:\/\/sentaiyuanbio.com\/wp-content\/uploads\/2025\/05\/packaged-pho-noodles-1.webp 600w, https:\/\/sentaiyuanbio.com\/wp-content\/uploads\/2025\/05\/packaged-pho-noodles-1-300x225.webp 300w\" sizes=\"(max-width: 600px) 100vw, 600px\" \/><\/p>","protected":false},"excerpt":{"rendered":"<p>Hethstia es una marca china de fideos instant\u00e1neos con una gran variedad de sabores. Los fideos instant\u00e1neos son un alimento b\u00e1sico cotidiano, especialmente en los pa\u00edses asi\u00e1ticos, y son populares por su delicioso sabor y su r\u00e1pida y f\u00e1cil preparaci\u00f3n.  Los fideos instant\u00e1neos Hethstia presentan un paquete de condimento de miso con lima para fideos instant\u00e1neos Pho vietnamitas. S\u00f3lo tiene que verter agua caliente sobre los fideos Pho, a\u00f1adir el sobre de condimento y disfrutar del delicioso caldo en 3-4 minutos.<\/p>","protected":false},"featured_media":4871,"template":"","meta":{"site-sidebar-layout":"default","site-content-layout":"","ast-site-content-layout":"default","site-content-style":"default","site-sidebar-style":"default","ast-global-header-display":"","ast-banner-title-visibility":"","ast-main-header-display":"","ast-hfb-above-header-display":"","ast-hfb-below-header-display":"","ast-hfb-mobile-header-display":"","site-post-title":"","ast-breadcrumbs-content":"","ast-featured-img":"","footer-sml-layout":"","ast-disable-related-posts":"","theme-transparent-header-meta":"default","adv-header-id-meta":"","stick-header-meta":"default","header-above-stick-meta":"","header-main-stick-meta":"","header-below-stick-meta":"","astra-migrate-meta-layouts":"set","ast-page-background-enabled":"default","ast-page-background-meta":{"desktop":{"background-color":"","background-image":"","background-repeat":"repeat","background-position":"center center","background-size":"auto","background-attachment":"scroll","background-type":"","background-media":"","overlay-type":"","overlay-color":"","overlay-opacity":"","overlay-gradient":""},"tablet":{"background-color":"","background-image":"","background-repeat":"repeat","background-position":"center center","background-size":"auto","background-attachment":"scroll","background-type":"","background-media":"","overlay-type":"","overlay-color":"","overlay-opacity":"","overlay-gradient":""},"mobile":{"background-color":"","background-image":"","background-repeat":"repeat","background-position":"center center","background-size":"auto","background-attachment":"scroll","background-type":"","background-media":"","overlay-type":"","overlay-color":"","overlay-opacity":"","overlay-gradient":""}},"ast-content-background-meta":{"desktop":{"background-color":"var(--ast-global-color-5)","background-image":"","background-repeat":"repeat","background-position":"center center","background-size":"auto","background-attachment":"scroll","background-type":"","background-media":"","overlay-type":"","overlay-color":"","overlay-opacity":"","overlay-gradient":""},"tablet":{"background-color":"var(--ast-global-color-5)","background-image":"","background-repeat":"repeat","background-position":"center center","background-size":"auto","background-attachment":"scroll","background-type":"","background-media":"","overlay-type":"","overlay-color":"","overlay-opacity":"","overlay-gradient":""},"mobile":{"background-color":"var(--ast-global-color-5)","background-image":"","background-repeat":"repeat","background-position":"center center","background-size":"auto","background-attachment":"scroll","background-type":"","background-media":"","overlay-type":"","overlay-color":"","overlay-opacity":"","overlay-gradient":""}}},"product_brand":[],"product_cat":[23,251],"product_tag":[],"class_list":{"0":"post-4870","1":"product","2":"type-product","3":"status-publish","4":"has-post-thumbnail","6":"product_cat-instant-konjac-noodles","7":"product_cat-instant-pho-noodles-wholesale","8":"desktop-align-left","9":"tablet-align-left","10":"mobile-align-left","11":"ast-product-gallery-layout-horizontal-slider","12":"ast-product-tabs-layout-horizontal","14":"first","15":"instock","16":"shipping-taxable","17":"product-type-simple"},"_links":{"self":[{"href":"https:\/\/sentaiyuanbio.com\/es\/wp-json\/wp\/v2\/product\/4870","targetHints":{"allow":["GET"]}}],"collection":[{"href":"https:\/\/sentaiyuanbio.com\/es\/wp-json\/wp\/v2\/product"}],"about":[{"href":"https:\/\/sentaiyuanbio.com\/es\/wp-json\/wp\/v2\/types\/product"}],"version-history":[{"count":0,"href":"https:\/\/sentaiyuanbio.com\/es\/wp-json\/wp\/v2\/product\/4870\/revisions"}],"wp:featuredmedia":[{"embeddable":true,"href":"https:\/\/sentaiyuanbio.com\/es\/wp-json\/wp\/v2\/media\/4871"}],"wp:attachment":[{"href":"https:\/\/sentaiyuanbio.com\/es\/wp-json\/wp\/v2\/media?parent=4870"}],"wp:term":[{"taxonomy":"product_brand","embeddable":true,"href":"https:\/\/sentaiyuanbio.com\/es\/wp-json\/wp\/v2\/product_brand?post=4870"},{"taxonomy":"product_cat","embeddable":true,"href":"https:\/\/sentaiyuanbio.com\/es\/wp-json\/wp\/v2\/product_cat?post=4870"},{"taxonomy":"product_tag","embeddable":true,"href":"https:\/\/sentaiyuanbio.com\/es\/wp-json\/wp\/v2\/product_tag?post=4870"}],"curies":[{"name":"wp","href":"https:\/\/api.w.org\/{rel}","templated":true}]}}