{"id":4921,"date":"2025-05-19T08:21:57","date_gmt":"2025-05-19T08:21:57","guid":{"rendered":"https:\/\/sentaiyuanbio.com\/?post_type=product&#038;p=4921"},"modified":"2026-01-06T02:17:24","modified_gmt":"2026-01-06T02:17:24","slug":"plato-de-sopa-de-fideos-pho","status":"publish","type":"product","link":"https:\/\/sentaiyuanbio.com\/es\/producto\/plato-de-sopa-de-fideos-pho\/","title":{"rendered":"Taz\u00f3n de sopa de fideos Pho, paquete de fideos Pho"},"content":{"rendered":"<h2>Taz\u00f3n de sopa de fideos Pho Descripci\u00f3n<\/h2>\n<p>Los cuencos de pho de Sentaiyuan no contienen gluten, glutamato monos\u00f3dico, productos l\u00e1cteos ni son bajos en carbohidratos, por lo que son aptos para una gran variedad de preferencias y restricciones diet\u00e9ticas.<\/p>\n<p>Taz\u00f3n de sopa de fideos pho de cinco sabores (laksa, miso, curry picante, pollo y ternera): Estos cuencos de pho son algo m\u00e1s que una comida; son los mejores amigos de su despensa. Tenga unos cuantos a mano para estar preparado para lo desconocido. Son perfectos cuando necesita una comida r\u00e1pida y nutritiva para seguir adelante, sin importar lo que le espere.<\/p>\n<p>Comb\u00ednelo con nuestros paquetes de condimentos para estar preparada para lo desconocido. Convi\u00e9rtalo en un imprescindible de su cocina para tener la energ\u00eda que necesita para afrontar cada d\u00eda con confianza. \u00a1No lo deje al azar! \u00a1Pida el suyo hoy y prep\u00e1rese para la vida!<\/p>\n<h2>Ingredientes del paquete de fideos Pho<\/h2>\n<p>Ingredientes: Fideos Konjac: Agua, <a href=\"https:\/\/sentaiyuanbio.com\/es\/producto\/konjac-en-polvo\/\" target=\"_blank\" rel=\"noopener\">Polvo de konjac<\/a>\u00c1cido c\u00edtrico.<br \/>\nSalsa: Agua, az\u00facar blanco granulado, sal, salsa de soja fermentada (agua, soja desgrasada, sal), cebolla, ajo, jengibre, prote\u00edna vegetal hidrolizada con \u00e1cido en polvo, extracto de levadura, aceite de soja, lim\u00f3n, especias (an\u00eds estrellado, canela, pimienta negra, chile triturado, chile en polvo), aroma alimentario (aceite de soja, aceite de an\u00eds, <a href=\"https:\/\/www.webmd.com\/vitamins\/ai\/ingredientmono-915\/medium-chain-triglycerides-mcts\" target=\"_blank\" rel=\"noopener\">Triglic\u00e9ridos de cadena media<\/a>, vitamina E).<br \/>\nVerduras: Cebolla verde, Zanahoria.<br \/>\nContiene: Productos de soja.<\/p>\n<h2>Informaci\u00f3n nutricional<\/h2>\n<table border=\"1\" cellspacing=\"1\">\n<tbody>\n<tr>\n<td colspan=\"2\" align=\"center\">Informaci\u00f3n nutricional 4.31 OZ (122g)<\/td>\n<\/tr>\n<tr>\n<td align=\"center\" width=\"284\"><b>Energ\u00eda<\/b><\/td>\n<td align=\"center\" width=\"284\">15 kcal<\/td>\n<\/tr>\n<tr>\n<td align=\"center\" width=\"284\"><b>Prote\u00edna<\/b><\/td>\n<td align=\"center\" width=\"284\">0g<\/td>\n<\/tr>\n<tr>\n<td align=\"center\" width=\"284\"><b>Grasa total<\/b><\/td>\n<td align=\"center\" width=\"284\">0g<\/td>\n<\/tr>\n<tr>\n<td align=\"center\" width=\"284\"><b>Carbohidratos totales<\/b><\/td>\n<td align=\"center\" width=\"284\">2g<\/td>\n<\/tr>\n<tr>\n<td align=\"center\" width=\"284\"><b>Fibra alimentaria<\/b><\/td>\n<td align=\"center\" width=\"284\">2g<\/td>\n<\/tr>\n<tr>\n<td align=\"center\" width=\"284\"><b>Sodio<\/b><\/td>\n<td align=\"center\" width=\"284\">570mg<\/td>\n<\/tr>\n<tr>\n<td align=\"center\" width=\"284\"><b>Vitamina D<\/b><\/td>\n<td align=\"center\" width=\"284\">0<\/td>\n<\/tr>\n<tr>\n<td align=\"center\" width=\"284\"><b>Calcio<\/b><\/td>\n<td align=\"center\" width=\"284\">30 mg<\/td>\n<\/tr>\n<tr>\n<td align=\"center\" width=\"284\"><b>lron<\/b><\/td>\n<td align=\"center\" width=\"284\">0,8 mg<\/td>\n<\/tr>\n<tr>\n<td align=\"center\" width=\"284\"><b>Potasio<\/b><\/td>\n<td align=\"center\" width=\"284\">150 mg<\/td>\n<\/tr>\n<\/tbody>\n<\/table>\n<p><img fetchpriority=\"high\" decoding=\"async\" class=\"alignnone wp-image-4978 size-full\" src=\"https:\/\/sentaiyuanbio.com\/wp-content\/uploads\/2025\/05\/Pho-Noodles-Package_1.webp\" alt=\"Paquete de fideos Pho\" width=\"750\" height=\"583\" srcset=\"https:\/\/sentaiyuanbio.com\/wp-content\/uploads\/2025\/05\/Pho-Noodles-Package_1.webp 750w, https:\/\/sentaiyuanbio.com\/wp-content\/uploads\/2025\/05\/Pho-Noodles-Package_1-300x233.webp 300w, https:\/\/sentaiyuanbio.com\/wp-content\/uploads\/2025\/05\/Pho-Noodles-Package_1-600x466.webp 600w\" sizes=\"(max-width: 750px) 100vw, 750px\" \/> <img decoding=\"async\" class=\"alignnone wp-image-4979 size-full\" src=\"https:\/\/sentaiyuanbio.com\/wp-content\/uploads\/2025\/05\/Pho-Noodles-Package_2.webp\" alt=\"Paquete de fideos Pho\" width=\"750\" height=\"593\" srcset=\"https:\/\/sentaiyuanbio.com\/wp-content\/uploads\/2025\/05\/Pho-Noodles-Package_2.webp 750w, https:\/\/sentaiyuanbio.com\/wp-content\/uploads\/2025\/05\/Pho-Noodles-Package_2-300x237.webp 300w, https:\/\/sentaiyuanbio.com\/wp-content\/uploads\/2025\/05\/Pho-Noodles-Package_2-600x474.webp 600w\" sizes=\"(max-width: 750px) 100vw, 750px\" \/> <img decoding=\"async\" class=\"alignnone wp-image-4980 size-full\" src=\"https:\/\/sentaiyuanbio.com\/wp-content\/uploads\/2025\/05\/Pho-Noodles-Package_3.webp\" alt=\"Paquete de fideos Pho\" width=\"750\" height=\"456\" srcset=\"https:\/\/sentaiyuanbio.com\/wp-content\/uploads\/2025\/05\/Pho-Noodles-Package_3.webp 750w, https:\/\/sentaiyuanbio.com\/wp-content\/uploads\/2025\/05\/Pho-Noodles-Package_3-300x182.webp 300w, https:\/\/sentaiyuanbio.com\/wp-content\/uploads\/2025\/05\/Pho-Noodles-Package_3-600x365.webp 600w\" sizes=\"(max-width: 750px) 100vw, 750px\" \/> <img loading=\"lazy\" decoding=\"async\" class=\"alignnone wp-image-4981 size-full\" src=\"https:\/\/sentaiyuanbio.com\/wp-content\/uploads\/2025\/05\/Pho-Noodles-Package_4.webp\" alt=\"Paquete de fideos Pho\" width=\"750\" height=\"442\" srcset=\"https:\/\/sentaiyuanbio.com\/wp-content\/uploads\/2025\/05\/Pho-Noodles-Package_4.webp 750w, https:\/\/sentaiyuanbio.com\/wp-content\/uploads\/2025\/05\/Pho-Noodles-Package_4-300x177.webp 300w, https:\/\/sentaiyuanbio.com\/wp-content\/uploads\/2025\/05\/Pho-Noodles-Package_4-600x354.webp 600w\" sizes=\"(max-width: 750px) 100vw, 750px\" \/> <img loading=\"lazy\" decoding=\"async\" class=\"alignnone wp-image-4983 size-full\" src=\"https:\/\/sentaiyuanbio.com\/wp-content\/uploads\/2025\/05\/Pho-Noodles-Package5_5.webp\" alt=\"Paquete de fideos Pho\" width=\"750\" height=\"585\" srcset=\"https:\/\/sentaiyuanbio.com\/wp-content\/uploads\/2025\/05\/Pho-Noodles-Package5_5.webp 750w, https:\/\/sentaiyuanbio.com\/wp-content\/uploads\/2025\/05\/Pho-Noodles-Package5_5-300x234.webp 300w, https:\/\/sentaiyuanbio.com\/wp-content\/uploads\/2025\/05\/Pho-Noodles-Package5_5-600x468.webp 600w\" sizes=\"(max-width: 750px) 100vw, 750px\" \/><br \/>\n<img loading=\"lazy\" decoding=\"async\" class=\"alignnone wp-image-4982 size-full\" src=\"https:\/\/sentaiyuanbio.com\/wp-content\/uploads\/2025\/05\/Pho-Noodles-Package_6.webp\" alt=\"Paquete de fideos Pho\" width=\"750\" height=\"524\" srcset=\"https:\/\/sentaiyuanbio.com\/wp-content\/uploads\/2025\/05\/Pho-Noodles-Package_6.webp 750w, https:\/\/sentaiyuanbio.com\/wp-content\/uploads\/2025\/05\/Pho-Noodles-Package_6-300x210.webp 300w, https:\/\/sentaiyuanbio.com\/wp-content\/uploads\/2025\/05\/Pho-Noodles-Package_6-600x419.webp 600w\" sizes=\"(max-width: 750px) 100vw, 750px\" \/><\/p>","protected":false},"excerpt":{"rendered":"<p>Presentamos el taz\u00f3n de sopa de fideos pho de Sentaiyuan, una maravilla culinaria que lleva a su mesa una apreciada tradici\u00f3n familiar y la hace f\u00e1cil de disfrutar en cuesti\u00f3n de minutos. Con pasi\u00f3n por la excelencia, hemos llevado el aut\u00e9ntico pho vietnamita a un nuevo nivel de exquisitez conservando el sabor original. Dos deliciosas opciones para elevar su experiencia pho: Saboree los sabores cl\u00e1sicos o a\u00f1ada un sobre de aceite sazonador. El taz\u00f3n de sopa de fideos pho le ofrece dos sabores en un solo taz\u00f3n: los sabores aut\u00e9nticos que le encantan, m\u00e1s una opci\u00f3n extra para elevar su experiencia pho. Descubra una nueva era del pho con Sentaiyuan.<\/p>","protected":false},"featured_media":4923,"template":"","meta":{"site-sidebar-layout":"default","site-content-layout":"","ast-site-content-layout":"default","site-content-style":"default","site-sidebar-style":"default","ast-global-header-display":"","ast-banner-title-visibility":"","ast-main-header-display":"","ast-hfb-above-header-display":"","ast-hfb-below-header-display":"","ast-hfb-mobile-header-display":"","site-post-title":"","ast-breadcrumbs-content":"","ast-featured-img":"","footer-sml-layout":"","ast-disable-related-posts":"","theme-transparent-header-meta":"default","adv-header-id-meta":"","stick-header-meta":"default","header-above-stick-meta":"","header-main-stick-meta":"","header-below-stick-meta":"","astra-migrate-meta-layouts":"set","ast-page-background-enabled":"default","ast-page-background-meta":{"desktop":{"background-color":"","background-image":"","background-repeat":"repeat","background-position":"center center","background-size":"auto","background-attachment":"scroll","background-type":"","background-media":"","overlay-type":"","overlay-color":"","overlay-opacity":"","overlay-gradient":""},"tablet":{"background-color":"","background-image":"","background-repeat":"repeat","background-position":"center center","background-size":"auto","background-attachment":"scroll","background-type":"","background-media":"","overlay-type":"","overlay-color":"","overlay-opacity":"","overlay-gradient":""},"mobile":{"background-color":"","background-image":"","background-repeat":"repeat","background-position":"center center","background-size":"auto","background-attachment":"scroll","background-type":"","background-media":"","overlay-type":"","overlay-color":"","overlay-opacity":"","overlay-gradient":""}},"ast-content-background-meta":{"desktop":{"background-color":"var(--ast-global-color-5)","background-image":"","background-repeat":"repeat","background-position":"center center","background-size":"auto","background-attachment":"scroll","background-type":"","background-media":"","overlay-type":"","overlay-color":"","overlay-opacity":"","overlay-gradient":""},"tablet":{"background-color":"var(--ast-global-color-5)","background-image":"","background-repeat":"repeat","background-position":"center center","background-size":"auto","background-attachment":"scroll","background-type":"","background-media":"","overlay-type":"","overlay-color":"","overlay-opacity":"","overlay-gradient":""},"mobile":{"background-color":"var(--ast-global-color-5)","background-image":"","background-repeat":"repeat","background-position":"center center","background-size":"auto","background-attachment":"scroll","background-type":"","background-media":"","overlay-type":"","overlay-color":"","overlay-opacity":"","overlay-gradient":""}}},"product_brand":[],"product_cat":[23,251],"product_tag":[32],"class_list":{"0":"post-4921","1":"product","2":"type-product","3":"status-publish","4":"has-post-thumbnail","6":"product_cat-instant-konjac-noodles","7":"product_cat-instant-pho-noodles-wholesale","8":"product_tag-konjac-pasta","9":"desktop-align-left","10":"tablet-align-left","11":"mobile-align-left","12":"ast-product-gallery-layout-horizontal-slider","13":"ast-product-tabs-layout-horizontal","15":"first","16":"instock","17":"shipping-taxable","18":"product-type-simple"},"_links":{"self":[{"href":"https:\/\/sentaiyuanbio.com\/es\/wp-json\/wp\/v2\/product\/4921","targetHints":{"allow":["GET"]}}],"collection":[{"href":"https:\/\/sentaiyuanbio.com\/es\/wp-json\/wp\/v2\/product"}],"about":[{"href":"https:\/\/sentaiyuanbio.com\/es\/wp-json\/wp\/v2\/types\/product"}],"version-history":[{"count":0,"href":"https:\/\/sentaiyuanbio.com\/es\/wp-json\/wp\/v2\/product\/4921\/revisions"}],"wp:featuredmedia":[{"embeddable":true,"href":"https:\/\/sentaiyuanbio.com\/es\/wp-json\/wp\/v2\/media\/4923"}],"wp:attachment":[{"href":"https:\/\/sentaiyuanbio.com\/es\/wp-json\/wp\/v2\/media?parent=4921"}],"wp:term":[{"taxonomy":"product_brand","embeddable":true,"href":"https:\/\/sentaiyuanbio.com\/es\/wp-json\/wp\/v2\/product_brand?post=4921"},{"taxonomy":"product_cat","embeddable":true,"href":"https:\/\/sentaiyuanbio.com\/es\/wp-json\/wp\/v2\/product_cat?post=4921"},{"taxonomy":"product_tag","embeddable":true,"href":"https:\/\/sentaiyuanbio.com\/es\/wp-json\/wp\/v2\/product_tag?post=4921"}],"curies":[{"name":"wp","href":"https:\/\/api.w.org\/{rel}","templated":true}]}}