{"id":5131,"date":"2025-06-17T02:57:36","date_gmt":"2025-06-17T02:57:36","guid":{"rendered":"https:\/\/sentaiyuanbio.com\/?post_type=product&#038;p=5131"},"modified":"2025-06-17T02:57:36","modified_gmt":"2025-06-17T02:57:36","slug":"fideos-ramen-ricos-en-proteinas-a-granel","status":"publish","type":"product","link":"https:\/\/sentaiyuanbio.com\/es\/producto\/fideos-ramen-ricos-en-proteinas-a-granel\/","title":{"rendered":"Fideos Ramen Altos en Prote\u00ednas Sabor Curry Picante a Granel"},"content":{"rendered":"<p>Nuestros fideos ramen ricos en prote\u00ednas est\u00e1n dise\u00f1ados para facilitarle la consecuci\u00f3n de un estilo de vida m\u00e1s saludable y potenciar sus objetivos de ingesta de prote\u00ednas.<br \/>\nLa combinaci\u00f3n definitiva de prote\u00ednas, comodidad y variedad: nuestro combo de fideos ramen instant\u00e1neos con prote\u00ednas saludables incluye cuatro deliciosos fideos instant\u00e1neos de origen vegetal: Sabor pollo, sabor col picante, sabor curry picante y sabor ternera.<\/p>\n<h2>Fideos ramen ricos en prote\u00ednas sabor curry picante Ingredientes<\/h2>\n<p><strong>Ingredientes:<\/strong><br \/>\n<strong>Ramen:<\/strong> Gluten vital de trigo, Prote\u00edna de guisante, Harina de trigo, Harina de alforf\u00f3n, Fibra de guisante en polvo, Almid\u00f3n de tapioca, <a href=\"https:\/\/sentaiyuanbio.com\/es\/producto\/harina-de-name-konjac-polvo-de-name-konjac\/\" target=\"_blank\" rel=\"noopener\">Harina de konjac<\/a>, <a href=\"https:\/\/hethstia.com\/konjac-powder-vs-xanthan-gum\/\" target=\"_blank\" rel=\"noopener\">Goma xantana<\/a>, <a href=\"https:\/\/pubchem.ncbi.nlm.nih.gov\/compound\/Sodium-Carbonate\" target=\"_blank\" rel=\"noopener\">Carbonato s\u00f3dico<\/a>.<\/p>\n<p><strong>Condimento de curry picante:<\/strong> Sal, chile en polvo, ajo en polvo, cebolla en polvo, curry en polvo, aceite de soja, almid\u00f3n, extracto de levadura, prote\u00edna vegetal hidrolizada con \u00e1cido en polvo, tomate en polvo, 5\u2032-ribonucle\u00f3tido dis\u00f3dico, aroma alimentario.<\/p>\n<p><strong>Verduras:<\/strong> Cebolla verde, Zanahoria.<\/p>\n<p><strong>Contiene:<\/strong> Trigo, productos de soja.<\/p>\n<p><strong>Caducidad:<\/strong> 24 meses.<\/p>\n<p><strong>Almacenamiento:<\/strong> Gu\u00e1rdalo a temperatura ambiente en un lugar fresco y seco. Mantener alejado de la luz fuerte y el calor.<\/p>\n<h3>Informaci\u00f3n nutricional - Porci\u00f3n 1 bolsa(66g)<\/h3>\n<table border=\"1\" cellspacing=\"1\">\n<tbody>\n<tr>\n<td align=\"center\" width=\"284\">Energ\u00eda<\/td>\n<td align=\"center\" width=\"284\">220 Kcal<\/td>\n<\/tr>\n<tr>\n<td align=\"center\" width=\"284\">Carbohidratos totales<\/td>\n<td align=\"center\" width=\"284\">18g<\/td>\n<\/tr>\n<tr>\n<td align=\"center\" width=\"284\">Grasa total<\/td>\n<td align=\"center\" width=\"284\">2g<\/td>\n<\/tr>\n<tr>\n<td align=\"center\" width=\"284\">Prote\u00edna<\/td>\n<td align=\"center\" width=\"284\">32g<\/td>\n<\/tr>\n<tr>\n<td align=\"center\" width=\"284\">Fibra alimentaria<\/td>\n<td align=\"center\" width=\"284\">4g<\/td>\n<\/tr>\n<tr>\n<td align=\"center\" width=\"284\">Sodio<\/td>\n<td align=\"center\" width=\"284\">660 mg<\/td>\n<\/tr>\n<tr>\n<td align=\"center\" width=\"284\">Hierro<\/td>\n<td align=\"center\" width=\"284\">5,5 mg<\/td>\n<\/tr>\n<tr>\n<td align=\"center\" width=\"284\">Potasio<\/td>\n<td align=\"center\" width=\"284\">177 mg<\/td>\n<\/tr>\n<tr>\n<td align=\"center\" width=\"284\">Calcio<\/td>\n<td align=\"center\" width=\"284\">53 mg<\/td>\n<\/tr>\n<\/tbody>\n<\/table>\n<p><img fetchpriority=\"high\" decoding=\"async\" class=\"alignnone wp-image-5140 size-full\" title=\"ramen rico en prote\u00ednas y bajo en carbohidratos\" src=\"https:\/\/sentaiyuanbio.com\/wp-content\/uploads\/2025\/06\/high-protein-low-carb-ramen_1.webp\" alt=\"ramen rico en prote\u00ednas y bajo en carbohidratos\" width=\"750\" height=\"522\" srcset=\"https:\/\/sentaiyuanbio.com\/wp-content\/uploads\/2025\/06\/high-protein-low-carb-ramen_1.webp 750w, https:\/\/sentaiyuanbio.com\/wp-content\/uploads\/2025\/06\/high-protein-low-carb-ramen_1-300x209.webp 300w, https:\/\/sentaiyuanbio.com\/wp-content\/uploads\/2025\/06\/high-protein-low-carb-ramen_1-600x418.webp 600w\" sizes=\"(max-width: 750px) 100vw, 750px\" \/> <img decoding=\"async\" class=\"alignnone wp-image-5141 size-full\" title=\"ramen rico en prote\u00ednas y bajo en carbohidratos\" src=\"https:\/\/sentaiyuanbio.com\/wp-content\/uploads\/2025\/06\/high-protein-low-carb-ramen_2.webp\" alt=\"ramen rico en prote\u00ednas y bajo en carbohidratos\" width=\"750\" height=\"416\" srcset=\"https:\/\/sentaiyuanbio.com\/wp-content\/uploads\/2025\/06\/high-protein-low-carb-ramen_2.webp 750w, https:\/\/sentaiyuanbio.com\/wp-content\/uploads\/2025\/06\/high-protein-low-carb-ramen_2-300x166.webp 300w, https:\/\/sentaiyuanbio.com\/wp-content\/uploads\/2025\/06\/high-protein-low-carb-ramen_2-600x333.webp 600w\" sizes=\"(max-width: 750px) 100vw, 750px\" \/> <img decoding=\"async\" class=\"alignnone wp-image-5142 size-full\" title=\"ramen rico en prote\u00ednas y bajo en carbohidratos\" src=\"https:\/\/sentaiyuanbio.com\/wp-content\/uploads\/2025\/06\/high-protein-low-carb-ramen_3.webp\" alt=\"ramen rico en prote\u00ednas y bajo en carbohidratos\" width=\"750\" height=\"666\" srcset=\"https:\/\/sentaiyuanbio.com\/wp-content\/uploads\/2025\/06\/high-protein-low-carb-ramen_3.webp 750w, https:\/\/sentaiyuanbio.com\/wp-content\/uploads\/2025\/06\/high-protein-low-carb-ramen_3-300x266.webp 300w, https:\/\/sentaiyuanbio.com\/wp-content\/uploads\/2025\/06\/high-protein-low-carb-ramen_3-600x533.webp 600w\" sizes=\"(max-width: 750px) 100vw, 750px\" \/> <img loading=\"lazy\" decoding=\"async\" class=\"alignnone wp-image-5143 size-full\" title=\"ramen prote\u00ednico saludable\" src=\"https:\/\/sentaiyuanbio.com\/wp-content\/uploads\/2025\/06\/high-protein-low-carb-ramen_4.webp\" alt=\"ramen prote\u00ednico saludable\" width=\"750\" height=\"565\" srcset=\"https:\/\/sentaiyuanbio.com\/wp-content\/uploads\/2025\/06\/high-protein-low-carb-ramen_4.webp 750w, https:\/\/sentaiyuanbio.com\/wp-content\/uploads\/2025\/06\/high-protein-low-carb-ramen_4-300x226.webp 300w, https:\/\/sentaiyuanbio.com\/wp-content\/uploads\/2025\/06\/high-protein-low-carb-ramen_4-600x452.webp 600w\" sizes=\"(max-width: 750px) 100vw, 750px\" \/> <img loading=\"lazy\" decoding=\"async\" class=\"alignnone wp-image-5144 size-full\" title=\"ramen prote\u00ednico saludable\" src=\"https:\/\/sentaiyuanbio.com\/wp-content\/uploads\/2025\/06\/high-protein-low-carb-ramen_5.webp\" alt=\"ramen prote\u00ednico saludable\" width=\"750\" height=\"602\" srcset=\"https:\/\/sentaiyuanbio.com\/wp-content\/uploads\/2025\/06\/high-protein-low-carb-ramen_5.webp 750w, https:\/\/sentaiyuanbio.com\/wp-content\/uploads\/2025\/06\/high-protein-low-carb-ramen_5-300x241.webp 300w, https:\/\/sentaiyuanbio.com\/wp-content\/uploads\/2025\/06\/high-protein-low-carb-ramen_5-600x482.webp 600w\" sizes=\"(max-width: 750px) 100vw, 750px\" \/> <img loading=\"lazy\" decoding=\"async\" class=\"alignnone wp-image-5145 size-full\" title=\"ramen prote\u00ednico saludable\" src=\"https:\/\/sentaiyuanbio.com\/wp-content\/uploads\/2025\/06\/high-protein-low-carb-ramen_6.webp\" alt=\"ramen prote\u00ednico saludable\" width=\"750\" height=\"524\" srcset=\"https:\/\/sentaiyuanbio.com\/wp-content\/uploads\/2025\/06\/high-protein-low-carb-ramen_6.webp 750w, https:\/\/sentaiyuanbio.com\/wp-content\/uploads\/2025\/06\/high-protein-low-carb-ramen_6-300x210.webp 300w, https:\/\/sentaiyuanbio.com\/wp-content\/uploads\/2025\/06\/high-protein-low-carb-ramen_6-600x419.webp 600w\" sizes=\"(max-width: 750px) 100vw, 750px\" \/> <img loading=\"lazy\" decoding=\"async\" class=\"alignnone wp-image-5146 size-full\" title=\"ramen prote\u00ednico saludable\" src=\"https:\/\/sentaiyuanbio.com\/wp-content\/uploads\/2025\/06\/high-protein-low-carb-ramen_7.webp\" alt=\"ramen prote\u00ednico saludable\" width=\"750\" height=\"555\" srcset=\"https:\/\/sentaiyuanbio.com\/wp-content\/uploads\/2025\/06\/high-protein-low-carb-ramen_7.webp 750w, https:\/\/sentaiyuanbio.com\/wp-content\/uploads\/2025\/06\/high-protein-low-carb-ramen_7-300x222.webp 300w, https:\/\/sentaiyuanbio.com\/wp-content\/uploads\/2025\/06\/high-protein-low-carb-ramen_7-600x444.webp 600w\" sizes=\"(max-width: 750px) 100vw, 750px\" \/><\/p>","protected":false},"excerpt":{"rendered":"<p>Cumpla sus objetivos prote\u00ednicos con un bol de ramen con el que puede sentirse bien. Sentaiyuan presenta el primer ramen proteico saludable, con 32 gramos de prote\u00edna vegetal 100%, equivalente a 5 huevos. Tambi\u00e9n est\u00e1 enriquecido con una amplia gama de micronutrientes necesarios para el cuerpo humano. En s\u00f3lo 5 minutos, podr\u00e1 disfrutar de un nutritivo bol de abundante ramen. Es ideal para una comida proteica o post-entrenamiento, y puede combinarlo con sus ingredientes favoritos o tomarlo solo.<\/p>","protected":false},"featured_media":5132,"template":"","meta":{"site-sidebar-layout":"default","site-content-layout":"","ast-site-content-layout":"default","site-content-style":"default","site-sidebar-style":"default","ast-global-header-display":"","ast-banner-title-visibility":"","ast-main-header-display":"","ast-hfb-above-header-display":"","ast-hfb-below-header-display":"","ast-hfb-mobile-header-display":"","site-post-title":"","ast-breadcrumbs-content":"","ast-featured-img":"","footer-sml-layout":"","ast-disable-related-posts":"","theme-transparent-header-meta":"default","adv-header-id-meta":"","stick-header-meta":"default","header-above-stick-meta":"","header-main-stick-meta":"","header-below-stick-meta":"","astra-migrate-meta-layouts":"set","ast-page-background-enabled":"default","ast-page-background-meta":{"desktop":{"background-color":"","background-image":"","background-repeat":"repeat","background-position":"center center","background-size":"auto","background-attachment":"scroll","background-type":"","background-media":"","overlay-type":"","overlay-color":"","overlay-opacity":"","overlay-gradient":""},"tablet":{"background-color":"","background-image":"","background-repeat":"repeat","background-position":"center center","background-size":"auto","background-attachment":"scroll","background-type":"","background-media":"","overlay-type":"","overlay-color":"","overlay-opacity":"","overlay-gradient":""},"mobile":{"background-color":"","background-image":"","background-repeat":"repeat","background-position":"center center","background-size":"auto","background-attachment":"scroll","background-type":"","background-media":"","overlay-type":"","overlay-color":"","overlay-opacity":"","overlay-gradient":""}},"ast-content-background-meta":{"desktop":{"background-color":"var(--ast-global-color-5)","background-image":"","background-repeat":"repeat","background-position":"center center","background-size":"auto","background-attachment":"scroll","background-type":"","background-media":"","overlay-type":"","overlay-color":"","overlay-opacity":"","overlay-gradient":""},"tablet":{"background-color":"var(--ast-global-color-5)","background-image":"","background-repeat":"repeat","background-position":"center center","background-size":"auto","background-attachment":"scroll","background-type":"","background-media":"","overlay-type":"","overlay-color":"","overlay-opacity":"","overlay-gradient":""},"mobile":{"background-color":"var(--ast-global-color-5)","background-image":"","background-repeat":"repeat","background-position":"center center","background-size":"auto","background-attachment":"scroll","background-type":"","background-media":"","overlay-type":"","overlay-color":"","overlay-opacity":"","overlay-gradient":""}}},"product_brand":[],"product_cat":[248],"product_tag":[],"class_list":{"0":"post-5131","1":"product","2":"type-product","3":"status-publish","4":"has-post-thumbnail","6":"product_cat-low-carb-high-protein-noodles","7":"desktop-align-left","8":"tablet-align-left","9":"mobile-align-left","10":"ast-product-gallery-layout-horizontal-slider","11":"ast-product-tabs-layout-horizontal","13":"first","14":"instock","15":"shipping-taxable","16":"product-type-simple"},"_links":{"self":[{"href":"https:\/\/sentaiyuanbio.com\/es\/wp-json\/wp\/v2\/product\/5131","targetHints":{"allow":["GET"]}}],"collection":[{"href":"https:\/\/sentaiyuanbio.com\/es\/wp-json\/wp\/v2\/product"}],"about":[{"href":"https:\/\/sentaiyuanbio.com\/es\/wp-json\/wp\/v2\/types\/product"}],"version-history":[{"count":0,"href":"https:\/\/sentaiyuanbio.com\/es\/wp-json\/wp\/v2\/product\/5131\/revisions"}],"wp:featuredmedia":[{"embeddable":true,"href":"https:\/\/sentaiyuanbio.com\/es\/wp-json\/wp\/v2\/media\/5132"}],"wp:attachment":[{"href":"https:\/\/sentaiyuanbio.com\/es\/wp-json\/wp\/v2\/media?parent=5131"}],"wp:term":[{"taxonomy":"product_brand","embeddable":true,"href":"https:\/\/sentaiyuanbio.com\/es\/wp-json\/wp\/v2\/product_brand?post=5131"},{"taxonomy":"product_cat","embeddable":true,"href":"https:\/\/sentaiyuanbio.com\/es\/wp-json\/wp\/v2\/product_cat?post=5131"},{"taxonomy":"product_tag","embeddable":true,"href":"https:\/\/sentaiyuanbio.com\/es\/wp-json\/wp\/v2\/product_tag?post=5131"}],"curies":[{"name":"wp","href":"https:\/\/api.w.org\/{rel}","templated":true}]}}