{"id":5160,"date":"2025-06-17T07:11:05","date_gmt":"2025-06-17T07:11:05","guid":{"rendered":"https:\/\/sentaiyuanbio.com\/?post_type=product&#038;p=5160"},"modified":"2025-06-17T07:15:57","modified_gmt":"2025-06-17T07:15:57","slug":"fideos-proteinicos-instantaneos","status":"publish","type":"product","link":"https:\/\/sentaiyuanbio.com\/es\/producto\/fideos-proteinicos-instantaneos\/","title":{"rendered":"Fideos prote\u00ednicos instant\u00e1neos, Fideos espagueti ricos en prote\u00ednas sabor kimchi picante"},"content":{"rendered":"<p>Sentaiyuan ha reinterpretado la cocina asi\u00e1tica de una forma m\u00e1s nutritiva. Empezamos con unos fideos prote\u00ednicos instant\u00e1neos ricos, reconfortantes, sabrosos y memorables.<\/p>\n<p>Nuestro \u00fanico objetivo: crear un ramen m\u00e1s nutritivo y delicioso recreando el satisfactorio sabor de los fideos espagueti proteicos mediante ingredientes de mejor calidad y sabores cuidadosamente elaborados.<\/p>\n<h2>Fideos prote\u00ednicos instant\u00e1neos Ingredientes:<\/h2>\n<p>Ramen: Gluten vital de trigo, Prote\u00edna de guisante, Harina de trigo, Harina de alforf\u00f3n, Fibra de guisante en polvo, Almid\u00f3n de tapioca, <a href=\"https:\/\/sentaiyuanbio.com\/es\/producto\/konjac-en-polvo\/\" target=\"_blank\" rel=\"noopener\">Polvo de konjac<\/a>, Goma xantana, Carbonato s\u00f3dico.<\/p>\n<p>Condimento de curry picante: Sal, chile en polvo, ajo en polvo, cebolla en polvo, curry en polvo, aceite de soja, almid\u00f3n, extracto de levadura, prote\u00edna vegetal hidrolizada con \u00e1cido en polvo, tomate en polvo, <a href=\"https:\/\/www.atamanchemicals.com\/disodium-5--ribonucleotide_u26322\/\" target=\"_blank\" rel=\"noopener\">5\u2032-Ribonucle\u00f3tido dis\u00f3dico<\/a>, Aromatizante alimentario.<\/p>\n<p>Verduras: Cebolla verde, Zanahoria.<\/p>\n<p>Contiene: Trigo, productos de soja.<\/p>\n<p>Conservaci\u00f3n: Cons\u00e9rvese en un lugar fresco y seco. Mant\u00e9ngalo alejado de la luz y el calor.<\/p>\n<h3>Informaci\u00f3n nutricional - Porci\u00f3n 1 bolsa(66g)<\/h3>\n<table border=\"1\" cellspacing=\"1\">\n<tbody>\n<tr>\n<td align=\"center\" width=\"284\">Energ\u00eda<\/td>\n<td align=\"center\" width=\"284\">200 Kcal<\/td>\n<\/tr>\n<tr>\n<td align=\"center\" width=\"284\">Carbohidratos totales<\/td>\n<td align=\"center\" width=\"284\">20g<\/td>\n<\/tr>\n<tr>\n<td align=\"center\" width=\"284\">Grasa total<\/td>\n<td align=\"center\" width=\"284\">1.5g<\/td>\n<\/tr>\n<tr>\n<td align=\"center\" width=\"284\">Prote\u00edna<\/td>\n<td align=\"center\" width=\"284\">32g<\/td>\n<\/tr>\n<tr>\n<td align=\"center\" width=\"284\">Fibra alimentaria<\/td>\n<td align=\"center\" width=\"284\">4g<\/td>\n<\/tr>\n<tr>\n<td align=\"center\" width=\"284\">Sodio<\/td>\n<td align=\"center\" width=\"284\">580 mg<\/td>\n<\/tr>\n<tr>\n<td align=\"center\" width=\"284\">Hierro<\/td>\n<td align=\"center\" width=\"284\">4,5 mg<\/td>\n<\/tr>\n<tr>\n<td align=\"center\" width=\"284\">Potasio<\/td>\n<td align=\"center\" width=\"284\">172 mg<\/td>\n<\/tr>\n<tr>\n<td align=\"center\" width=\"284\">Calcio<\/td>\n<td align=\"center\" width=\"284\">41 mg<\/td>\n<\/tr>\n<\/tbody>\n<\/table>\n<p><img fetchpriority=\"high\" decoding=\"async\" class=\"alignnone wp-image-5169 size-full\" title=\"Fideos espagueti ricos en prote\u00ednas\" src=\"https:\/\/sentaiyuanbio.com\/wp-content\/uploads\/2025\/06\/High-Protein-Spaghetti-Noodles_1.webp\" alt=\"Fideos espagueti ricos en prote\u00ednas\" width=\"750\" height=\"577\" srcset=\"https:\/\/sentaiyuanbio.com\/wp-content\/uploads\/2025\/06\/High-Protein-Spaghetti-Noodles_1.webp 750w, https:\/\/sentaiyuanbio.com\/wp-content\/uploads\/2025\/06\/High-Protein-Spaghetti-Noodles_1-300x231.webp 300w, https:\/\/sentaiyuanbio.com\/wp-content\/uploads\/2025\/06\/High-Protein-Spaghetti-Noodles_1-600x462.webp 600w\" sizes=\"(max-width: 750px) 100vw, 750px\" \/> <img decoding=\"async\" class=\"alignnone wp-image-5170 size-full\" title=\"Fideos espagueti ricos en prote\u00ednas\" src=\"https:\/\/sentaiyuanbio.com\/wp-content\/uploads\/2025\/06\/High-Protein-Spaghetti-Noodles_2.webp\" alt=\"Fideos espagueti ricos en prote\u00ednas\" width=\"750\" height=\"476\" srcset=\"https:\/\/sentaiyuanbio.com\/wp-content\/uploads\/2025\/06\/High-Protein-Spaghetti-Noodles_2.webp 750w, https:\/\/sentaiyuanbio.com\/wp-content\/uploads\/2025\/06\/High-Protein-Spaghetti-Noodles_2-300x190.webp 300w, https:\/\/sentaiyuanbio.com\/wp-content\/uploads\/2025\/06\/High-Protein-Spaghetti-Noodles_2-600x381.webp 600w\" sizes=\"(max-width: 750px) 100vw, 750px\" \/> <img decoding=\"async\" class=\"alignnone wp-image-5171 size-full\" title=\"Fideos espagueti ricos en prote\u00ednas\" src=\"https:\/\/sentaiyuanbio.com\/wp-content\/uploads\/2025\/06\/High-Protein-Spaghetti-Noodles_3.webp\" alt=\"Fideos espagueti ricos en prote\u00ednas\" width=\"750\" height=\"575\" srcset=\"https:\/\/sentaiyuanbio.com\/wp-content\/uploads\/2025\/06\/High-Protein-Spaghetti-Noodles_3.webp 750w, https:\/\/sentaiyuanbio.com\/wp-content\/uploads\/2025\/06\/High-Protein-Spaghetti-Noodles_3-300x230.webp 300w, https:\/\/sentaiyuanbio.com\/wp-content\/uploads\/2025\/06\/High-Protein-Spaghetti-Noodles_3-600x460.webp 600w\" sizes=\"(max-width: 750px) 100vw, 750px\" \/> <img loading=\"lazy\" decoding=\"async\" class=\"alignnone wp-image-5172 size-full\" title=\"Fideos espagueti ricos en prote\u00ednas\" src=\"https:\/\/sentaiyuanbio.com\/wp-content\/uploads\/2025\/06\/High-Protein-Spaghetti-Noodles_4.webp\" alt=\"Fideos espagueti ricos en prote\u00ednas\" width=\"750\" height=\"597\" srcset=\"https:\/\/sentaiyuanbio.com\/wp-content\/uploads\/2025\/06\/High-Protein-Spaghetti-Noodles_4.webp 750w, https:\/\/sentaiyuanbio.com\/wp-content\/uploads\/2025\/06\/High-Protein-Spaghetti-Noodles_4-300x239.webp 300w, https:\/\/sentaiyuanbio.com\/wp-content\/uploads\/2025\/06\/High-Protein-Spaghetti-Noodles_4-600x478.webp 600w\" sizes=\"(max-width: 750px) 100vw, 750px\" \/> <img loading=\"lazy\" decoding=\"async\" class=\"alignnone wp-image-5173 size-full\" title=\"Fideos espagueti ricos en prote\u00ednas\" src=\"https:\/\/sentaiyuanbio.com\/wp-content\/uploads\/2025\/06\/High-Protein-Spaghetti-Noodles_5.webp\" alt=\"Fideos espagueti ricos en prote\u00ednas\" width=\"750\" height=\"600\" srcset=\"https:\/\/sentaiyuanbio.com\/wp-content\/uploads\/2025\/06\/High-Protein-Spaghetti-Noodles_5.webp 750w, https:\/\/sentaiyuanbio.com\/wp-content\/uploads\/2025\/06\/High-Protein-Spaghetti-Noodles_5-300x240.webp 300w, https:\/\/sentaiyuanbio.com\/wp-content\/uploads\/2025\/06\/High-Protein-Spaghetti-Noodles_5-600x480.webp 600w\" sizes=\"(max-width: 750px) 100vw, 750px\" \/> <img loading=\"lazy\" decoding=\"async\" class=\"alignnone wp-image-5174 size-full\" title=\"Fideos espagueti ricos en prote\u00ednas\" src=\"https:\/\/sentaiyuanbio.com\/wp-content\/uploads\/2025\/06\/High-Protein-Spaghetti-Noodles_6.webp\" alt=\"Fideos espagueti ricos en prote\u00ednas\" width=\"750\" height=\"601\" srcset=\"https:\/\/sentaiyuanbio.com\/wp-content\/uploads\/2025\/06\/High-Protein-Spaghetti-Noodles_6.webp 750w, https:\/\/sentaiyuanbio.com\/wp-content\/uploads\/2025\/06\/High-Protein-Spaghetti-Noodles_6-300x240.webp 300w, https:\/\/sentaiyuanbio.com\/wp-content\/uploads\/2025\/06\/High-Protein-Spaghetti-Noodles_6-600x481.webp 600w\" sizes=\"(max-width: 750px) 100vw, 750px\" \/> <img loading=\"lazy\" decoding=\"async\" class=\"alignnone wp-image-5175 size-full\" title=\"Fideos espagueti ricos en prote\u00ednas\" src=\"https:\/\/sentaiyuanbio.com\/wp-content\/uploads\/2025\/06\/High-Protein-Spaghetti-Noodles_7.webp\" alt=\"Fideos espagueti ricos en prote\u00ednas\" width=\"750\" height=\"479\" srcset=\"https:\/\/sentaiyuanbio.com\/wp-content\/uploads\/2025\/06\/High-Protein-Spaghetti-Noodles_7.webp 750w, https:\/\/sentaiyuanbio.com\/wp-content\/uploads\/2025\/06\/High-Protein-Spaghetti-Noodles_7-300x192.webp 300w, https:\/\/sentaiyuanbio.com\/wp-content\/uploads\/2025\/06\/High-Protein-Spaghetti-Noodles_7-600x383.webp 600w\" sizes=\"(max-width: 750px) 100vw, 750px\" \/><\/p>","protected":false},"excerpt":{"rendered":"<p>Sentaiyuan presenta estos fideos prote\u00ednicos instant\u00e1neos sorprendentemente saludables que contienen 32 gramos de prote\u00ednas, casi tanto como un batido prote\u00ednico normal, y son ramen vegano 100% a base de plantas. Estos fideos espagueti ricos en prote\u00ednas se disputan el primer puesto en las listas de golosinas imprescindibles de los entusiastas del fitness porque son sabrosos, f\u00e1ciles de preparar e incre\u00edblemente saludables. Lo que es a\u00fan m\u00e1s emocionante es que con este nuevo sabor, kimchi picante, los fideos son m\u00e1s suaves, Q-tier, m\u00e1s masticables, m\u00e1s f\u00e1ciles para el paladar y tardan menos tiempo en cocinarse.<\/p>","protected":false},"featured_media":5161,"template":"","meta":{"site-sidebar-layout":"default","site-content-layout":"","ast-site-content-layout":"default","site-content-style":"default","site-sidebar-style":"default","ast-global-header-display":"","ast-banner-title-visibility":"","ast-main-header-display":"","ast-hfb-above-header-display":"","ast-hfb-below-header-display":"","ast-hfb-mobile-header-display":"","site-post-title":"","ast-breadcrumbs-content":"","ast-featured-img":"","footer-sml-layout":"","ast-disable-related-posts":"","theme-transparent-header-meta":"default","adv-header-id-meta":"","stick-header-meta":"default","header-above-stick-meta":"","header-main-stick-meta":"","header-below-stick-meta":"","astra-migrate-meta-layouts":"set","ast-page-background-enabled":"default","ast-page-background-meta":{"desktop":{"background-color":"","background-image":"","background-repeat":"repeat","background-position":"center center","background-size":"auto","background-attachment":"scroll","background-type":"","background-media":"","overlay-type":"","overlay-color":"","overlay-opacity":"","overlay-gradient":""},"tablet":{"background-color":"","background-image":"","background-repeat":"repeat","background-position":"center center","background-size":"auto","background-attachment":"scroll","background-type":"","background-media":"","overlay-type":"","overlay-color":"","overlay-opacity":"","overlay-gradient":""},"mobile":{"background-color":"","background-image":"","background-repeat":"repeat","background-position":"center center","background-size":"auto","background-attachment":"scroll","background-type":"","background-media":"","overlay-type":"","overlay-color":"","overlay-opacity":"","overlay-gradient":""}},"ast-content-background-meta":{"desktop":{"background-color":"var(--ast-global-color-5)","background-image":"","background-repeat":"repeat","background-position":"center center","background-size":"auto","background-attachment":"scroll","background-type":"","background-media":"","overlay-type":"","overlay-color":"","overlay-opacity":"","overlay-gradient":""},"tablet":{"background-color":"var(--ast-global-color-5)","background-image":"","background-repeat":"repeat","background-position":"center center","background-size":"auto","background-attachment":"scroll","background-type":"","background-media":"","overlay-type":"","overlay-color":"","overlay-opacity":"","overlay-gradient":""},"mobile":{"background-color":"var(--ast-global-color-5)","background-image":"","background-repeat":"repeat","background-position":"center center","background-size":"auto","background-attachment":"scroll","background-type":"","background-media":"","overlay-type":"","overlay-color":"","overlay-opacity":"","overlay-gradient":""}}},"product_brand":[],"product_cat":[248],"product_tag":[],"class_list":{"0":"post-5160","1":"product","2":"type-product","3":"status-publish","4":"has-post-thumbnail","6":"product_cat-low-carb-high-protein-noodles","7":"desktop-align-left","8":"tablet-align-left","9":"mobile-align-left","10":"ast-product-gallery-layout-horizontal-slider","11":"ast-product-tabs-layout-horizontal","13":"first","14":"instock","15":"shipping-taxable","16":"product-type-simple"},"_links":{"self":[{"href":"https:\/\/sentaiyuanbio.com\/es\/wp-json\/wp\/v2\/product\/5160","targetHints":{"allow":["GET"]}}],"collection":[{"href":"https:\/\/sentaiyuanbio.com\/es\/wp-json\/wp\/v2\/product"}],"about":[{"href":"https:\/\/sentaiyuanbio.com\/es\/wp-json\/wp\/v2\/types\/product"}],"version-history":[{"count":0,"href":"https:\/\/sentaiyuanbio.com\/es\/wp-json\/wp\/v2\/product\/5160\/revisions"}],"wp:featuredmedia":[{"embeddable":true,"href":"https:\/\/sentaiyuanbio.com\/es\/wp-json\/wp\/v2\/media\/5161"}],"wp:attachment":[{"href":"https:\/\/sentaiyuanbio.com\/es\/wp-json\/wp\/v2\/media?parent=5160"}],"wp:term":[{"taxonomy":"product_brand","embeddable":true,"href":"https:\/\/sentaiyuanbio.com\/es\/wp-json\/wp\/v2\/product_brand?post=5160"},{"taxonomy":"product_cat","embeddable":true,"href":"https:\/\/sentaiyuanbio.com\/es\/wp-json\/wp\/v2\/product_cat?post=5160"},{"taxonomy":"product_tag","embeddable":true,"href":"https:\/\/sentaiyuanbio.com\/es\/wp-json\/wp\/v2\/product_tag?post=5160"}],"curies":[{"name":"wp","href":"https:\/\/api.w.org\/{rel}","templated":true}]}}