{"id":5180,"date":"2025-06-20T07:09:17","date_gmt":"2025-06-20T07:09:17","guid":{"rendered":"https:\/\/sentaiyuanbio.com\/?post_type=product&#038;p=5180"},"modified":"2025-06-20T08:25:42","modified_gmt":"2025-06-20T08:25:42","slug":"taza-de-fideos-altos-en-proteinas-curry-picante","status":"publish","type":"product","link":"https:\/\/sentaiyuanbio.com\/es\/producto\/taza-de-fideos-altos-en-proteinas-curry-picante\/","title":{"rendered":"Taza de fideos hiperproteicos sabor curry picante 32 g de prote\u00ednas por raci\u00f3n"},"content":{"rendered":"<h2>Taza de fideos ricos en prote\u00ednas sabor curry picante Ingredientes<\/h2>\n<p><strong>Ramen:<\/strong> Gluten vital de trigo, Prote\u00edna de guisante, Harina de trigo, Harina de alforf\u00f3n, Fibra de guisante en polvo, Almid\u00f3n de tapioca, Harina de konjac, Goma xantana, Carbonato s\u00f3dico.<\/p>\n<p><strong>Condimento de curry picante:<\/strong> Sal, chile en polvo, ajo en polvo, cebolla en polvo, curry en polvo, aceite de soja, almid\u00f3n, extracto de levadura, prote\u00edna vegetal hidrolizada con \u00e1cido en polvo, tomate en polvo, <a href=\"https:\/\/foodadditives.net\/flavor-enhancer\/disodium-5-ribonucleotides\/\" target=\"_blank\" rel=\"noopener\">5\u2032-Ribonucle\u00f3tido dis\u00f3dico<\/a>, Aromatizante alimentario.<\/p>\n<p><strong>Verduras:<\/strong> Cebolla verde, Zanahoria.<\/p>\n<p><strong>Contiene:<\/strong> Trigo, productos de soja.<\/p>\n<h3>Informaci\u00f3n nutricional - Porci\u00f3n 1 bolsa(66g)<\/h3>\n<table border=\"1\" cellspacing=\"1\">\n<tbody>\n<tr>\n<td align=\"center\" width=\"284\">Energ\u00eda<\/td>\n<td align=\"center\" width=\"284\">220 Kcal<\/td>\n<\/tr>\n<tr>\n<td align=\"center\" width=\"284\">Carbohidratos totales<\/td>\n<td align=\"center\" width=\"284\">18g<\/td>\n<\/tr>\n<tr>\n<td align=\"center\" width=\"284\">Grasa total<\/td>\n<td align=\"center\" width=\"284\">2g<\/td>\n<\/tr>\n<tr>\n<td align=\"center\" width=\"284\">Prote\u00edna<\/td>\n<td align=\"center\" width=\"284\">32g<\/td>\n<\/tr>\n<tr>\n<td align=\"center\" width=\"284\">Fibra alimentaria<\/td>\n<td align=\"center\" width=\"284\">4g<\/td>\n<\/tr>\n<tr>\n<td align=\"center\" width=\"284\">Sodio<\/td>\n<td align=\"center\" width=\"284\">660 mg<\/td>\n<\/tr>\n<tr>\n<td align=\"center\" width=\"284\">Hierro<\/td>\n<td align=\"center\" width=\"284\">5,5 mg<\/td>\n<\/tr>\n<tr>\n<td align=\"center\" width=\"284\">Potasio<\/td>\n<td align=\"center\" width=\"284\">177 mg<\/td>\n<\/tr>\n<tr>\n<td align=\"center\" width=\"284\">Calcio<\/td>\n<td align=\"center\" width=\"284\">53 mg<\/td>\n<\/tr>\n<\/tbody>\n<\/table>\n<h3>Historia de la marca de fideos altos en prote\u00ednas<\/h3>\n<p>En 2018, cuando el equipo de I+D de Sentaiyuan inspeccionaba las bases de cultivo de konjac en la regi\u00f3n tibetana de Sichuan occidental, se tropez\u00f3 con un h\u00e1bito diet\u00e9tico especial de los pastores locales: mezclan queso de yak en polvo con fideos de cebada para hacer \"fideos energ\u00e9ticos\" resistentes al almacenamiento y ricos en prote\u00ednas para el pastoreo de larga distancia. Esta sencilla pero sabia receta duplica el contenido prote\u00ednico de los fideos, haci\u00e9ndolos muy saciantes y proporcionando energ\u00eda duradera, incluso en los d\u00edas m\u00e1s fr\u00edos.<\/p>\n<p>Este descubrimiento conmovi\u00f3 los pensamientos del experto cient\u00edfico del equipo, el profesor Li: \"Si la gente moderna tambi\u00e9n puede comer fideos tan ricos en prote\u00ednas, \u00bfpodr\u00e1 resolver el problema de la \"carbo-dependencia\" que prevalece en las poblaciones urbanas?\"<\/p>\n<p>De vuelta al laboratorio, el equipo comenz\u00f3 a experimentar con la combinaci\u00f3n de prote\u00ednas vegetales (por ejemplo, prote\u00ednas de soja y guisantes) con prote\u00ednas de trigo tradicionales, pero descubrieron que el sabor era \u00e1spero y dif\u00edcil de aceptar por el p\u00fablico en general.<\/p>\n<p>Hasta que un \"experimento fallido\" fortuito -el investigador se equivoc\u00f3 al extrudir a alta temperatura el <a href=\"https:\/\/sentaiyuanbio.com\/es\/producto\/fabricante-de-goma-konjac\/\" target=\"_blank\" rel=\"noopener\">goma konjac<\/a> y la mezcla de prote\u00ednas, se obtienen accidentalmente los \"fideos prote\u00ednicos\" el\u00e1sticos y con gluten, cuya textura se asemeja a la de los espaguetis, pero que contienen tres veces m\u00e1s prote\u00ednas que los fideos ordinarios.<\/p>\n<p>No estamos creando nuevos alimentos; estamos descodificando la sabidur\u00eda nutricional de nuestros antepasados.<\/p>\n<p><img fetchpriority=\"high\" decoding=\"async\" class=\"alignnone wp-image-5199 size-full\" title=\"fideos ricos en prote\u00ednas \" src=\"https:\/\/sentaiyuanbio.com\/wp-content\/uploads\/2025\/06\/high-protein-noodles-1.webp\" alt=\"fideos ricos en prote\u00ednas \" width=\"750\" height=\"599\" srcset=\"https:\/\/sentaiyuanbio.com\/wp-content\/uploads\/2025\/06\/high-protein-noodles-1.webp 750w, https:\/\/sentaiyuanbio.com\/wp-content\/uploads\/2025\/06\/high-protein-noodles-1-300x240.webp 300w, https:\/\/sentaiyuanbio.com\/wp-content\/uploads\/2025\/06\/high-protein-noodles-1-600x479.webp 600w\" sizes=\"(max-width: 750px) 100vw, 750px\" \/> <img decoding=\"async\" class=\"alignnone wp-image-5200 size-full\" title=\"fideos ricos en prote\u00ednas \" src=\"https:\/\/sentaiyuanbio.com\/wp-content\/uploads\/2025\/06\/high-protein-noodles-2.webp\" alt=\"fideos ricos en prote\u00ednas \" width=\"750\" height=\"403\" srcset=\"https:\/\/sentaiyuanbio.com\/wp-content\/uploads\/2025\/06\/high-protein-noodles-2.webp 750w, https:\/\/sentaiyuanbio.com\/wp-content\/uploads\/2025\/06\/high-protein-noodles-2-300x161.webp 300w, https:\/\/sentaiyuanbio.com\/wp-content\/uploads\/2025\/06\/high-protein-noodles-2-600x322.webp 600w\" sizes=\"(max-width: 750px) 100vw, 750px\" \/> <img decoding=\"async\" class=\"alignnone wp-image-5201 size-full\" title=\"fideos ricos en prote\u00ednas \" src=\"https:\/\/sentaiyuanbio.com\/wp-content\/uploads\/2025\/06\/high-protein-noodles-3.webp\" alt=\"fideos ricos en prote\u00ednas \" width=\"750\" height=\"585\" srcset=\"https:\/\/sentaiyuanbio.com\/wp-content\/uploads\/2025\/06\/high-protein-noodles-3.webp 750w, https:\/\/sentaiyuanbio.com\/wp-content\/uploads\/2025\/06\/high-protein-noodles-3-300x234.webp 300w, https:\/\/sentaiyuanbio.com\/wp-content\/uploads\/2025\/06\/high-protein-noodles-3-600x468.webp 600w\" sizes=\"(max-width: 750px) 100vw, 750px\" \/> <img loading=\"lazy\" decoding=\"async\" class=\"alignnone wp-image-5202 size-full\" title=\"fideos ricos en prote\u00ednas \" src=\"https:\/\/sentaiyuanbio.com\/wp-content\/uploads\/2025\/06\/high-protein-noodles-4.webp\" alt=\"fideos ricos en prote\u00ednas \" width=\"750\" height=\"722\" srcset=\"https:\/\/sentaiyuanbio.com\/wp-content\/uploads\/2025\/06\/high-protein-noodles-4.webp 750w, https:\/\/sentaiyuanbio.com\/wp-content\/uploads\/2025\/06\/high-protein-noodles-4-300x289.webp 300w, https:\/\/sentaiyuanbio.com\/wp-content\/uploads\/2025\/06\/high-protein-noodles-4-600x578.webp 600w\" sizes=\"(max-width: 750px) 100vw, 750px\" \/> <img loading=\"lazy\" decoding=\"async\" class=\"alignnone wp-image-5203 size-full\" title=\"fideos ricos en prote\u00ednas \" src=\"https:\/\/sentaiyuanbio.com\/wp-content\/uploads\/2025\/06\/high-protein-noodles-5.webp\" alt=\"fideos ricos en prote\u00ednas \" width=\"750\" height=\"577\" srcset=\"https:\/\/sentaiyuanbio.com\/wp-content\/uploads\/2025\/06\/high-protein-noodles-5.webp 750w, https:\/\/sentaiyuanbio.com\/wp-content\/uploads\/2025\/06\/high-protein-noodles-5-300x231.webp 300w, https:\/\/sentaiyuanbio.com\/wp-content\/uploads\/2025\/06\/high-protein-noodles-5-600x462.webp 600w\" sizes=\"(max-width: 750px) 100vw, 750px\" \/> <img loading=\"lazy\" decoding=\"async\" class=\"alignnone wp-image-5204 size-full\" title=\"fideos ricos en prote\u00ednas \" src=\"https:\/\/sentaiyuanbio.com\/wp-content\/uploads\/2025\/06\/high-protein-noodles-6.webp\" alt=\"fideos ricos en prote\u00ednas \" width=\"750\" height=\"502\" srcset=\"https:\/\/sentaiyuanbio.com\/wp-content\/uploads\/2025\/06\/high-protein-noodles-6.webp 750w, https:\/\/sentaiyuanbio.com\/wp-content\/uploads\/2025\/06\/high-protein-noodles-6-300x201.webp 300w, https:\/\/sentaiyuanbio.com\/wp-content\/uploads\/2025\/06\/high-protein-noodles-6-600x402.webp 600w\" sizes=\"(max-width: 750px) 100vw, 750px\" \/><\/p>","protected":false},"excerpt":{"rendered":"<p>Sentaiyuan se enorgullece de presentar la nueva taza de fideos con alto contenido prote\u00ednico sabor curry picante: la combinaci\u00f3n perfecta de exquisitez, comodidad y nutrici\u00f3n para ayudarle a comenzar su vida activa. Cada taza de fideos contiene 32 gramos de prote\u00ednas y 220 kcal, y tarda menos de 5 minutos en prepararse, \u00a1lo que la convierte en una opci\u00f3n r\u00e1pida y saludable para la gente ocupada!<br \/>\nHemos creado un ramen delicioso y nutritivo a base de plantas que es significativamente menos gravoso para el medio ambiente. Es bueno para nuestro cuerpo, \u00a1y juntos podemos crear un cambio duradero!<\/p>","protected":false},"featured_media":5181,"template":"","meta":{"site-sidebar-layout":"default","site-content-layout":"","ast-site-content-layout":"default","site-content-style":"default","site-sidebar-style":"default","ast-global-header-display":"","ast-banner-title-visibility":"","ast-main-header-display":"","ast-hfb-above-header-display":"","ast-hfb-below-header-display":"","ast-hfb-mobile-header-display":"","site-post-title":"","ast-breadcrumbs-content":"","ast-featured-img":"","footer-sml-layout":"","ast-disable-related-posts":"","theme-transparent-header-meta":"default","adv-header-id-meta":"","stick-header-meta":"default","header-above-stick-meta":"","header-main-stick-meta":"","header-below-stick-meta":"","astra-migrate-meta-layouts":"set","ast-page-background-enabled":"default","ast-page-background-meta":{"desktop":{"background-color":"","background-image":"","background-repeat":"repeat","background-position":"center center","background-size":"auto","background-attachment":"scroll","background-type":"","background-media":"","overlay-type":"","overlay-color":"","overlay-opacity":"","overlay-gradient":""},"tablet":{"background-color":"","background-image":"","background-repeat":"repeat","background-position":"center center","background-size":"auto","background-attachment":"scroll","background-type":"","background-media":"","overlay-type":"","overlay-color":"","overlay-opacity":"","overlay-gradient":""},"mobile":{"background-color":"","background-image":"","background-repeat":"repeat","background-position":"center center","background-size":"auto","background-attachment":"scroll","background-type":"","background-media":"","overlay-type":"","overlay-color":"","overlay-opacity":"","overlay-gradient":""}},"ast-content-background-meta":{"desktop":{"background-color":"var(--ast-global-color-5)","background-image":"","background-repeat":"repeat","background-position":"center center","background-size":"auto","background-attachment":"scroll","background-type":"","background-media":"","overlay-type":"","overlay-color":"","overlay-opacity":"","overlay-gradient":""},"tablet":{"background-color":"var(--ast-global-color-5)","background-image":"","background-repeat":"repeat","background-position":"center center","background-size":"auto","background-attachment":"scroll","background-type":"","background-media":"","overlay-type":"","overlay-color":"","overlay-opacity":"","overlay-gradient":""},"mobile":{"background-color":"var(--ast-global-color-5)","background-image":"","background-repeat":"repeat","background-position":"center center","background-size":"auto","background-attachment":"scroll","background-type":"","background-media":"","overlay-type":"","overlay-color":"","overlay-opacity":"","overlay-gradient":""}}},"product_brand":[],"product_cat":[248],"product_tag":[],"class_list":{"0":"post-5180","1":"product","2":"type-product","3":"status-publish","4":"has-post-thumbnail","6":"product_cat-low-carb-high-protein-noodles","7":"desktop-align-left","8":"tablet-align-left","9":"mobile-align-left","10":"ast-product-gallery-layout-horizontal-slider","11":"ast-product-tabs-layout-horizontal","13":"first","14":"instock","15":"shipping-taxable","16":"product-type-simple"},"_links":{"self":[{"href":"https:\/\/sentaiyuanbio.com\/es\/wp-json\/wp\/v2\/product\/5180","targetHints":{"allow":["GET"]}}],"collection":[{"href":"https:\/\/sentaiyuanbio.com\/es\/wp-json\/wp\/v2\/product"}],"about":[{"href":"https:\/\/sentaiyuanbio.com\/es\/wp-json\/wp\/v2\/types\/product"}],"version-history":[{"count":0,"href":"https:\/\/sentaiyuanbio.com\/es\/wp-json\/wp\/v2\/product\/5180\/revisions"}],"wp:featuredmedia":[{"embeddable":true,"href":"https:\/\/sentaiyuanbio.com\/es\/wp-json\/wp\/v2\/media\/5181"}],"wp:attachment":[{"href":"https:\/\/sentaiyuanbio.com\/es\/wp-json\/wp\/v2\/media?parent=5180"}],"wp:term":[{"taxonomy":"product_brand","embeddable":true,"href":"https:\/\/sentaiyuanbio.com\/es\/wp-json\/wp\/v2\/product_brand?post=5180"},{"taxonomy":"product_cat","embeddable":true,"href":"https:\/\/sentaiyuanbio.com\/es\/wp-json\/wp\/v2\/product_cat?post=5180"},{"taxonomy":"product_tag","embeddable":true,"href":"https:\/\/sentaiyuanbio.com\/es\/wp-json\/wp\/v2\/product_tag?post=5180"}],"curies":[{"name":"wp","href":"https:\/\/api.w.org\/{rel}","templated":true}]}}