{"id":5215,"date":"2025-06-24T07:08:22","date_gmt":"2025-06-24T07:08:22","guid":{"rendered":"https:\/\/sentaiyuanbio.com\/?post_type=product&#038;p=5215"},"modified":"2025-10-27T03:25:52","modified_gmt":"2025-10-27T03:25:52","slug":"taza-de-fideos-instantaneos-ricos-en-proteinas-62g","status":"publish","type":"product","link":"https:\/\/sentaiyuanbio.com\/es\/producto\/taza-de-fideos-instantaneos-ricos-en-proteinas-62g\/","title":{"rendered":"Taza de fideos instant\u00e1neos ricos en prote\u00ednas sabor kimchi picante 1 taza(62g)"},"content":{"rendered":"<p>Esta taza de fideos instant\u00e1neos ricos en prote\u00ednas contiene hasta 32 gramos de prote\u00ednas por raci\u00f3n y es rica en vitaminas, minerales, fibra diet\u00e9tica y otros nutrientes necesarios para una dieta sana.<\/p>\n<p>No necesita cuchara ni agitaci\u00f3n: a\u00f1ada agua hirviendo, o caliente en el microondas con agua caliente, y disfrute de su comida vegetal instant\u00e1nea.<\/p>\n<h2>Taza de fideos instant\u00e1neos ricos en prote\u00ednas sabor kimchi picante Ingredientes<\/h2>\n<p><strong>Ramen:<\/strong> Gluten vital de trigo, Prote\u00edna de guisante, Harina de trigo, Harina de alforf\u00f3n, Fibra de guisante en polvo, Almid\u00f3n de tapioca, <a href=\"https:\/\/sentaiyuanbio.com\/es\/producto\/harina-de-name-konjac-polvo-de-name-konjac\/\" target=\"_blank\" rel=\"noopener\">Polvo de konjac<\/a>, Goma xantana, Carbonato s\u00f3dico.<\/p>\n<p><strong>Condimento picante Kimchi:<\/strong> Sal comestible, glutamato monos\u00f3dico (<a href=\"https:\/\/www.mayoclinic.org\/healthy-lifestyle\/nutrition-and-healthy-eating\/expert-answers\/monosodium-glutamate\/faq-20058196\" target=\"_blank\" rel=\"noopener\">GMS<\/a>), saborizante comestible, az\u00facar blanco granulado, col en polvo, prote\u00edna vegetal hidrolizada con \u00e1cido en polvo, extracto de levadura, cebolla en polvo, chile en polvo, champi\u00f1\u00f3n en polvo, especias, \u00e1cido DL-m\u00e1lico, \u00e1cido c\u00edtrico, antiaglomerante.<\/p>\n<p><strong>Kimchi:<\/strong> Col Napa, Pimiento Rojo en Polvo, Ajo, Jengibre, Az\u00facar.<\/p>\n<p><strong>Contiene:<\/strong> Trigo, productos de soja.<\/p>\n<h3>Informaci\u00f3n nutricional - Raci\u00f3n 1 taza(66g)<\/h3>\n<table border=\"1\" cellspacing=\"1\">\n<tbody>\n<tr>\n<td align=\"center\" width=\"284\">Energ\u00eda<\/td>\n<td align=\"center\" width=\"284\">200 Kcal<\/td>\n<\/tr>\n<tr>\n<td align=\"center\" width=\"284\">Carbohidratos totales<\/td>\n<td align=\"center\" width=\"284\">20g<\/td>\n<\/tr>\n<tr>\n<td align=\"center\" width=\"284\">Grasa total<\/td>\n<td align=\"center\" width=\"284\">1.5g<\/td>\n<\/tr>\n<tr>\n<td align=\"center\" width=\"284\">Prote\u00edna<\/td>\n<td align=\"center\" width=\"284\">32g<\/td>\n<\/tr>\n<tr>\n<td align=\"center\" width=\"284\">Fibra alimentaria<\/td>\n<td align=\"center\" width=\"284\">4g<\/td>\n<\/tr>\n<tr>\n<td align=\"center\" width=\"284\">Sodio<\/td>\n<td align=\"center\" width=\"284\">580 mg<\/td>\n<\/tr>\n<tr>\n<td align=\"center\" width=\"284\">Hierro<\/td>\n<td align=\"center\" width=\"284\">4,5 mg<\/td>\n<\/tr>\n<tr>\n<td align=\"center\" width=\"284\">Potasio<\/td>\n<td align=\"center\" width=\"284\">172 mg<\/td>\n<\/tr>\n<tr>\n<td align=\"center\" width=\"284\">Calcio<\/td>\n<td align=\"center\" width=\"284\">41 mg<\/td>\n<\/tr>\n<\/tbody>\n<\/table>\n<h3>Historia de la marca de fideos instant\u00e1neos ricos en prote\u00ednas<\/h3>\n<p>En 2018, el equipo de Sentaiyuan descubri\u00f3 una receta tradicional de fideos ricos en prote\u00ednas en el T\u00edbet. Inspir\u00e1ndose en ella, el equipo desarroll\u00f3 unos fideos prote\u00ednicos de konjac masticables y parecidos a la pasta mediante un avance accidental: la mezcla de goma konjac y prote\u00ednas vegetales. El resultado: unos deliciosos fideos bajos en carbohidratos con el triple de prote\u00ednas que la pasta normal.<\/p>\n<p><img fetchpriority=\"high\" decoding=\"async\" class=\"alignnone wp-image-5224 size-full\" title=\"Fideos instant\u00e1neos ricos en prote\u00ednas\" src=\"https:\/\/sentaiyuanbio.com\/wp-content\/uploads\/2025\/06\/Protein-Instant-Noodles-1.webp\" alt=\"Fideos instant\u00e1neos prote\u00ednicos\" width=\"750\" height=\"563\" srcset=\"https:\/\/sentaiyuanbio.com\/wp-content\/uploads\/2025\/06\/Protein-Instant-Noodles-1.webp 750w, https:\/\/sentaiyuanbio.com\/wp-content\/uploads\/2025\/06\/Protein-Instant-Noodles-1-300x225.webp 300w, https:\/\/sentaiyuanbio.com\/wp-content\/uploads\/2025\/06\/Protein-Instant-Noodles-1-600x450.webp 600w\" sizes=\"(max-width: 750px) 100vw, 750px\" \/> <img decoding=\"async\" class=\"alignnone wp-image-5225 size-full\" title=\"Fideos instant\u00e1neos ricos en prote\u00ednas\" src=\"https:\/\/sentaiyuanbio.com\/wp-content\/uploads\/2025\/06\/Protein-Instant-Noodles-2.webp\" alt=\"Fideos instant\u00e1neos prote\u00ednicos\" width=\"750\" height=\"615\" srcset=\"https:\/\/sentaiyuanbio.com\/wp-content\/uploads\/2025\/06\/Protein-Instant-Noodles-2.webp 750w, https:\/\/sentaiyuanbio.com\/wp-content\/uploads\/2025\/06\/Protein-Instant-Noodles-2-300x246.webp 300w, https:\/\/sentaiyuanbio.com\/wp-content\/uploads\/2025\/06\/Protein-Instant-Noodles-2-600x492.webp 600w\" sizes=\"(max-width: 750px) 100vw, 750px\" \/> <img decoding=\"async\" class=\"alignnone wp-image-5226 size-full\" title=\"Fideos instant\u00e1neos ricos en prote\u00ednas\" src=\"https:\/\/sentaiyuanbio.com\/wp-content\/uploads\/2025\/06\/Protein-Instant-Noodles-3.webp\" alt=\"Fideos instant\u00e1neos prote\u00ednicos\" width=\"750\" height=\"615\" srcset=\"https:\/\/sentaiyuanbio.com\/wp-content\/uploads\/2025\/06\/Protein-Instant-Noodles-3.webp 750w, https:\/\/sentaiyuanbio.com\/wp-content\/uploads\/2025\/06\/Protein-Instant-Noodles-3-300x246.webp 300w, https:\/\/sentaiyuanbio.com\/wp-content\/uploads\/2025\/06\/Protein-Instant-Noodles-3-600x492.webp 600w\" sizes=\"(max-width: 750px) 100vw, 750px\" \/> <img loading=\"lazy\" decoding=\"async\" class=\"alignnone wp-image-5227 size-full\" title=\"Fideos instant\u00e1neos ricos en prote\u00ednas\" src=\"https:\/\/sentaiyuanbio.com\/wp-content\/uploads\/2025\/06\/Protein-Instant-Noodles-4.webp\" alt=\"Fideos instant\u00e1neos prote\u00ednicos\" width=\"750\" height=\"612\" srcset=\"https:\/\/sentaiyuanbio.com\/wp-content\/uploads\/2025\/06\/Protein-Instant-Noodles-4.webp 750w, https:\/\/sentaiyuanbio.com\/wp-content\/uploads\/2025\/06\/Protein-Instant-Noodles-4-300x245.webp 300w, https:\/\/sentaiyuanbio.com\/wp-content\/uploads\/2025\/06\/Protein-Instant-Noodles-4-600x490.webp 600w\" sizes=\"(max-width: 750px) 100vw, 750px\" \/> <img loading=\"lazy\" decoding=\"async\" class=\"alignnone wp-image-5228 size-full\" title=\"Fideos instant\u00e1neos ricos en prote\u00ednas\" src=\"https:\/\/sentaiyuanbio.com\/wp-content\/uploads\/2025\/06\/Protein-Instant-Noodles-5.webp\" alt=\"Fideos instant\u00e1neos ricos en prote\u00ednas\" width=\"750\" height=\"589\" srcset=\"https:\/\/sentaiyuanbio.com\/wp-content\/uploads\/2025\/06\/Protein-Instant-Noodles-5.webp 750w, https:\/\/sentaiyuanbio.com\/wp-content\/uploads\/2025\/06\/Protein-Instant-Noodles-5-300x236.webp 300w, https:\/\/sentaiyuanbio.com\/wp-content\/uploads\/2025\/06\/Protein-Instant-Noodles-5-600x471.webp 600w\" sizes=\"(max-width: 750px) 100vw, 750px\" \/> <img loading=\"lazy\" decoding=\"async\" class=\"alignnone wp-image-5229 size-full\" title=\"Fideos instant\u00e1neos ricos en prote\u00ednas\" src=\"https:\/\/sentaiyuanbio.com\/wp-content\/uploads\/2025\/06\/Protein-Instant-Noodles-6.webp\" alt=\"Fideos instant\u00e1neos ricos en prote\u00ednas \" width=\"750\" height=\"478\" srcset=\"https:\/\/sentaiyuanbio.com\/wp-content\/uploads\/2025\/06\/Protein-Instant-Noodles-6.webp 750w, https:\/\/sentaiyuanbio.com\/wp-content\/uploads\/2025\/06\/Protein-Instant-Noodles-6-300x191.webp 300w, https:\/\/sentaiyuanbio.com\/wp-content\/uploads\/2025\/06\/Protein-Instant-Noodles-6-600x382.webp 600w\" sizes=\"(max-width: 750px) 100vw, 750px\" \/><\/p>","protected":false},"excerpt":{"rendered":"<p>Presentamos los Fideos Instant\u00e1neos Copa Altos en Prote\u00ednas Sabor Kimchi Picante con Puras Plantas y Prote\u00ednas. Disfrute del rico, saciante y picante sabor a kimchi sin absolutamente ning\u00fan ingrediente de origen animal.<br \/>\nEn Sentaiyuan, creemos que todo el mundo merece tener acceso a comidas deliciosas, nutritivas y asequibles. Por eso elaboramos fideos ricos en prote\u00ednas que combinan un rico sabor con una nutrici\u00f3n real para conseguir un manjar delicioso que encender\u00e1 sus papilas gustativas y nutrir\u00e1 su cuerpo y su alma.<\/p>","protected":false},"featured_media":5216,"template":"","meta":{"site-sidebar-layout":"default","site-content-layout":"","ast-site-content-layout":"default","site-content-style":"default","site-sidebar-style":"default","ast-global-header-display":"","ast-banner-title-visibility":"","ast-main-header-display":"","ast-hfb-above-header-display":"","ast-hfb-below-header-display":"","ast-hfb-mobile-header-display":"","site-post-title":"","ast-breadcrumbs-content":"","ast-featured-img":"","footer-sml-layout":"","ast-disable-related-posts":"","theme-transparent-header-meta":"default","adv-header-id-meta":"","stick-header-meta":"default","header-above-stick-meta":"","header-main-stick-meta":"","header-below-stick-meta":"","astra-migrate-meta-layouts":"set","ast-page-background-enabled":"default","ast-page-background-meta":{"desktop":{"background-color":"","background-image":"","background-repeat":"repeat","background-position":"center center","background-size":"auto","background-attachment":"scroll","background-type":"","background-media":"","overlay-type":"","overlay-color":"","overlay-opacity":"","overlay-gradient":""},"tablet":{"background-color":"","background-image":"","background-repeat":"repeat","background-position":"center center","background-size":"auto","background-attachment":"scroll","background-type":"","background-media":"","overlay-type":"","overlay-color":"","overlay-opacity":"","overlay-gradient":""},"mobile":{"background-color":"","background-image":"","background-repeat":"repeat","background-position":"center center","background-size":"auto","background-attachment":"scroll","background-type":"","background-media":"","overlay-type":"","overlay-color":"","overlay-opacity":"","overlay-gradient":""}},"ast-content-background-meta":{"desktop":{"background-color":"var(--ast-global-color-5)","background-image":"","background-repeat":"repeat","background-position":"center center","background-size":"auto","background-attachment":"scroll","background-type":"","background-media":"","overlay-type":"","overlay-color":"","overlay-opacity":"","overlay-gradient":""},"tablet":{"background-color":"var(--ast-global-color-5)","background-image":"","background-repeat":"repeat","background-position":"center center","background-size":"auto","background-attachment":"scroll","background-type":"","background-media":"","overlay-type":"","overlay-color":"","overlay-opacity":"","overlay-gradient":""},"mobile":{"background-color":"var(--ast-global-color-5)","background-image":"","background-repeat":"repeat","background-position":"center center","background-size":"auto","background-attachment":"scroll","background-type":"","background-media":"","overlay-type":"","overlay-color":"","overlay-opacity":"","overlay-gradient":""}}},"product_brand":[],"product_cat":[248],"product_tag":[],"class_list":{"0":"post-5215","1":"product","2":"type-product","3":"status-publish","4":"has-post-thumbnail","6":"product_cat-low-carb-high-protein-noodles","7":"desktop-align-left","8":"tablet-align-left","9":"mobile-align-left","10":"ast-product-gallery-layout-horizontal-slider","11":"ast-product-tabs-layout-horizontal","13":"first","14":"instock","15":"shipping-taxable","16":"product-type-simple"},"_links":{"self":[{"href":"https:\/\/sentaiyuanbio.com\/es\/wp-json\/wp\/v2\/product\/5215","targetHints":{"allow":["GET"]}}],"collection":[{"href":"https:\/\/sentaiyuanbio.com\/es\/wp-json\/wp\/v2\/product"}],"about":[{"href":"https:\/\/sentaiyuanbio.com\/es\/wp-json\/wp\/v2\/types\/product"}],"version-history":[{"count":0,"href":"https:\/\/sentaiyuanbio.com\/es\/wp-json\/wp\/v2\/product\/5215\/revisions"}],"wp:featuredmedia":[{"embeddable":true,"href":"https:\/\/sentaiyuanbio.com\/es\/wp-json\/wp\/v2\/media\/5216"}],"wp:attachment":[{"href":"https:\/\/sentaiyuanbio.com\/es\/wp-json\/wp\/v2\/media?parent=5215"}],"wp:term":[{"taxonomy":"product_brand","embeddable":true,"href":"https:\/\/sentaiyuanbio.com\/es\/wp-json\/wp\/v2\/product_brand?post=5215"},{"taxonomy":"product_cat","embeddable":true,"href":"https:\/\/sentaiyuanbio.com\/es\/wp-json\/wp\/v2\/product_cat?post=5215"},{"taxonomy":"product_tag","embeddable":true,"href":"https:\/\/sentaiyuanbio.com\/es\/wp-json\/wp\/v2\/product_tag?post=5215"}],"curies":[{"name":"wp","href":"https:\/\/api.w.org\/{rel}","templated":true}]}}