{"id":5376,"date":"2025-11-10T09:30:34","date_gmt":"2025-11-10T09:30:34","guid":{"rendered":"https:\/\/sentaiyuanbio.com\/?post_type=product&#038;p=5376"},"modified":"2025-11-13T07:19:14","modified_gmt":"2025-11-13T07:19:14","slug":"fideos-ricos-en-proteinas-pollo-teriyaki","status":"publish","type":"product","link":"https:\/\/sentaiyuanbio.com\/es\/producto\/fideos-ricos-en-proteinas-pollo-teriyaki\/","title":{"rendered":"Fideos Altos en Prote\u00ednas Sabor Pollo Teriyaki, 60g Ramen, 20g Salsa"},"content":{"rendered":"<h2>Fideos con alto contenido prote\u00ednico Sabor Pollo Teriyaki Declaraci\u00f3n de ingredientes<\/h2>\n<p><strong>Ramen:<\/strong> Gluten vital de trigo 34,7%, Prote\u00edna de guisante 23,6%, Harina de trigo 17,5%, Harina de alforf\u00f3n 10,2%, Fibra de guisante 6,7%, Almid\u00f3n de tapioca 4,5%, Sal 1,5%, <a href=\"https:\/\/sentaiyuanbio.com\/es\/producto\/harina-de-name-konjac-polvo-de-name-konjac\/\" target=\"_blank\" rel=\"noopener\">Harina de konjac<\/a> 0.5%, <a href=\"https:\/\/hethstia.com\/konjac-powder-vs-xanthan-gum\/\" target=\"_blank\" rel=\"noopener\">Goma xantana<\/a> 0,6%(Espesante, E415), Carbonato s\u00f3dico 0,2%(Regulador de la acidez, E500).<\/p>\n<p><strong>Paquete de Salsa Sabor Pollo Teriyaki:<\/strong> Az\u00facar 34%, Pasta de trigo dulce(Agua, Harina de trigo, Sal, Sorbato pot\u00e1sico(Conservante, E202)) 25%, Aceite de soja 11%, Agua 8.8%, Sal 6%, Salsa de soja(Agua 42%, Soja 42%, Sal 16%) 6%, Vinagre de manzana(Agua, Zumo de espino concentrado, Zumo de manzana concentrado, Sal) 4%, Prote\u00edna de soja hidrolizada en polvo 2%, Jengibre 1%, Extracto de levadura 1%, Colorante caramelo(Colorante, E150a) 0.5%, aroma 0,2%, goma xantana (espesante, E415) 0,2%, 5\u2032-ribonucle\u00f3tidos dis\u00f3dicos (potenciador del sabor, E635) 0,2%, \u00e1cido c\u00edtrico (regulador de la acidez, E330) 0,1%.<\/p>\n<h2>Informaci\u00f3n nutricional<\/h2>\n<table border=\"1\" cellspacing=\"1\">\n<tbody>\n<tr>\n<td align=\"center\" width=\"284\"><b>Art\u00edculos<\/b><\/td>\n<td align=\"center\" width=\"284\">por 80 g<\/td>\n<td align=\"center\" width=\"284\">por 100 g<\/td>\n<\/tr>\n<tr>\n<td align=\"center\" width=\"284\"><b>Energ\u00eda<\/b><\/td>\n<td align=\"center\" width=\"284\">1156kJ\/274kcal<\/td>\n<td align=\"center\" width=\"284\">1446kJ\/342kcal<\/td>\n<\/tr>\n<tr>\n<td align=\"center\" width=\"284\"><b>Grasa total<\/b><\/td>\n<td align=\"center\" width=\"284\">3.6g<\/td>\n<td align=\"center\" width=\"284\">4.5g<\/td>\n<\/tr>\n<tr>\n<td align=\"center\" width=\"284\">- Grasas saturadas<\/td>\n<td align=\"center\" width=\"284\">0.7g<\/td>\n<td align=\"center\" width=\"284\">0.8g<\/td>\n<\/tr>\n<tr>\n<td align=\"center\" width=\"284\">- Grasas trans<\/td>\n<td align=\"center\" width=\"284\">0g<\/td>\n<td align=\"center\" width=\"284\">0g<\/td>\n<\/tr>\n<tr>\n<td align=\"center\" width=\"284\"><b>Sodio<\/b><\/td>\n<td align=\"center\" width=\"284\">1263 mg<\/td>\n<td align=\"center\" width=\"284\">1579 mg<\/td>\n<\/tr>\n<tr>\n<td align=\"center\" width=\"284\"><b>Sal<\/b><\/td>\n<td align=\"center\" width=\"284\">3.16 g<\/td>\n<td align=\"center\" width=\"284\">3.95 g<\/td>\n<\/tr>\n<tr>\n<td align=\"center\" width=\"284\"><b>Carbohidratos totales<\/b><\/td>\n<td align=\"center\" width=\"284\">29.8g<\/td>\n<td align=\"center\" width=\"284\">37.2g<\/td>\n<\/tr>\n<tr>\n<td align=\"center\" width=\"284\">- Az\u00facares totales<\/td>\n<td align=\"center\" width=\"284\">8.0g<\/td>\n<td align=\"center\" width=\"284\">10.0g<\/td>\n<\/tr>\n<tr>\n<td align=\"center\" width=\"284\">Fibra alimentaria<\/td>\n<td align=\"center\" width=\"284\">3.8g<\/td>\n<td align=\"center\" width=\"284\">4.8g<\/td>\n<\/tr>\n<tr>\n<td align=\"center\" width=\"284\"><b>Prote\u00edna<\/b><\/td>\n<td align=\"center\" width=\"284\">28.6g<\/td>\n<td align=\"center\" width=\"284\">35.8g<\/td>\n<\/tr>\n<\/tbody>\n<\/table>\n<h2>Informaci\u00f3n sobre al\u00e9rgenos<\/h2>\n<table border=\"1\" cellspacing=\"1\">\n<tbody>\n<tr>\n<td align=\"center\" width=\"284\"><b>Componentes<\/b><\/td>\n<td align=\"center\" width=\"284\"><b>Contiene (como ingrediente o parte de ingrediente)<\/b><\/td>\n<td align=\"center\" width=\"284\"><b>Puede contener (procedente de la transformaci\u00f3n)<\/b><\/td>\n<td align=\"center\" width=\"284\"><b>Puede contener (en la empresa)<\/b><\/td>\n<\/tr>\n<tr>\n<td align=\"center\" width=\"284\"><b>Al\u00e9rgenos<\/b><\/td>\n<td align=\"center\" width=\"284\"><b>S\u00ed\/No<\/b><\/td>\n<td align=\"center\" width=\"284\"><b>S\u00ed\/No<\/b><\/td>\n<td align=\"center\" width=\"284\"><b>S\u00ed\/No<\/b><\/td>\n<\/tr>\n<tr>\n<td align=\"center\" width=\"284\">Cereales (trigo, centeno, cebada, avena, alforf\u00f3n, espelta, etc. o sus variedades h\u00edbridas)<\/td>\n<td align=\"center\" width=\"284\">S\u00ed<\/td>\n<td align=\"center\" width=\"284\">No<\/td>\n<td align=\"center\" width=\"284\">No<\/td>\n<\/tr>\n<tr>\n<td align=\"center\" width=\"284\">Crust\u00e1ceos y sus productos<\/td>\n<td align=\"center\" width=\"284\">No<\/td>\n<td align=\"center\" width=\"284\">No<\/td>\n<td align=\"center\" width=\"284\">No<\/td>\n<\/tr>\n<tr>\n<td align=\"center\" width=\"284\">Huevos y sus productos<\/td>\n<td align=\"center\" width=\"284\">No<\/td>\n<td align=\"center\" width=\"284\">No<\/td>\n<td align=\"center\" width=\"284\">No<\/td>\n<\/tr>\n<tr>\n<td align=\"center\" width=\"284\">Pescado y productos a base de pescado<\/td>\n<td align=\"center\" width=\"284\">No<\/td>\n<td align=\"center\" width=\"284\">No<\/td>\n<td align=\"center\" width=\"284\">No<\/td>\n<\/tr>\n<tr>\n<td align=\"center\" width=\"284\">Cacahuetes y productos a base de cacahuetes<\/td>\n<td align=\"center\" width=\"284\">No<\/td>\n<td align=\"center\" width=\"284\">No<\/td>\n<td align=\"center\" width=\"284\">No<\/td>\n<\/tr>\n<tr>\n<td align=\"center\" width=\"284\">Soja y sus productos<\/td>\n<td align=\"center\" width=\"284\">S\u00ed<\/td>\n<td align=\"center\" width=\"284\">No<\/td>\n<td align=\"center\" width=\"284\">No<\/td>\n<\/tr>\n<tr>\n<td align=\"center\" width=\"284\">Leche y productos l\u00e1cteos (incluida la lactosa)<\/td>\n<td align=\"center\" width=\"284\">No<\/td>\n<td align=\"center\" width=\"284\">No<\/td>\n<td align=\"center\" width=\"284\">No<\/td>\n<\/tr>\n<tr>\n<td align=\"center\" width=\"284\">Frutos de c\u00e1scara, almendras, avellanas, nueces, anacardos, pacanas, nueces del Brasil, pistachos, macadamias, nueces de Queensland y sus productos derivados<\/td>\n<td align=\"center\" width=\"284\">No<\/td>\n<td align=\"center\" width=\"284\">No<\/td>\n<td align=\"center\" width=\"284\">No<\/td>\n<\/tr>\n<tr>\n<td align=\"center\" width=\"284\">Apio y productos a base de apio<\/td>\n<td align=\"center\" width=\"284\">No<\/td>\n<td align=\"center\" width=\"284\">No<\/td>\n<td align=\"center\" width=\"284\">No<\/td>\n<\/tr>\n<tr>\n<td align=\"center\" width=\"284\">Mostaza y productos a base de mostaza<\/td>\n<td align=\"center\" width=\"284\">No<\/td>\n<td align=\"center\" width=\"284\">No<\/td>\n<td align=\"center\" width=\"284\">No<\/td>\n<\/tr>\n<tr>\n<td align=\"center\" width=\"284\">Semillas de s\u00e9samo y sus productos<\/td>\n<td align=\"center\" width=\"284\">No<\/td>\n<td align=\"center\" width=\"284\">No<\/td>\n<td align=\"center\" width=\"284\">No<\/td>\n<\/tr>\n<tr>\n<td align=\"center\" width=\"284\">Di\u00f3xido de azufre y sulfitos en concentraciones superiores a 10 mg\/kg o 10 mg\/litro expresados en SO2<\/td>\n<td align=\"center\" width=\"284\">No<\/td>\n<td align=\"center\" width=\"284\">No<\/td>\n<td align=\"center\" width=\"284\">No<\/td>\n<\/tr>\n<tr>\n<td align=\"center\" width=\"284\">Lupino y sus productos<\/td>\n<td align=\"center\" width=\"284\">No<\/td>\n<td align=\"center\" width=\"284\">No<\/td>\n<td align=\"center\" width=\"284\">No<\/td>\n<\/tr>\n<tr>\n<td align=\"center\" width=\"284\">Moluscos y sus productos<\/td>\n<td align=\"center\" width=\"284\">No<\/td>\n<td align=\"center\" width=\"284\">No<\/td>\n<td align=\"center\" width=\"284\">No<\/td>\n<\/tr>\n<\/tbody>\n<\/table>\n<p><img fetchpriority=\"high\" decoding=\"async\" class=\"alignnone wp-image-5382 size-full\" title=\"Fideos ricos en prote\u00ednas Pollo Teriyaki\" src=\"https:\/\/sentaiyuanbio.com\/wp-content\/uploads\/2025\/11\/High-Protein-Noodles-Teriyaki-Chicken_1.webp\" alt=\"Fideos ricos en prote\u00ednas Pollo Teriyaki\" width=\"750\" height=\"600\" srcset=\"https:\/\/sentaiyuanbio.com\/wp-content\/uploads\/2025\/11\/High-Protein-Noodles-Teriyaki-Chicken_1.webp 750w, https:\/\/sentaiyuanbio.com\/wp-content\/uploads\/2025\/11\/High-Protein-Noodles-Teriyaki-Chicken_1-300x240.webp 300w, https:\/\/sentaiyuanbio.com\/wp-content\/uploads\/2025\/11\/High-Protein-Noodles-Teriyaki-Chicken_1-15x12.webp 15w, https:\/\/sentaiyuanbio.com\/wp-content\/uploads\/2025\/11\/High-Protein-Noodles-Teriyaki-Chicken_1-600x480.webp 600w\" sizes=\"(max-width: 750px) 100vw, 750px\" \/> <img decoding=\"async\" class=\"alignnone wp-image-5383 size-full\" title=\"Fideos ricos en prote\u00ednas Pollo Teriyaki\" src=\"https:\/\/sentaiyuanbio.com\/wp-content\/uploads\/2025\/11\/High-Protein-Noodles-Teriyaki-Chicken_2.webp\" alt=\"Fideos ricos en prote\u00ednas Pollo Teriyaki\" width=\"750\" height=\"533\" srcset=\"https:\/\/sentaiyuanbio.com\/wp-content\/uploads\/2025\/11\/High-Protein-Noodles-Teriyaki-Chicken_2.webp 750w, https:\/\/sentaiyuanbio.com\/wp-content\/uploads\/2025\/11\/High-Protein-Noodles-Teriyaki-Chicken_2-300x213.webp 300w, https:\/\/sentaiyuanbio.com\/wp-content\/uploads\/2025\/11\/High-Protein-Noodles-Teriyaki-Chicken_2-18x12.webp 18w, https:\/\/sentaiyuanbio.com\/wp-content\/uploads\/2025\/11\/High-Protein-Noodles-Teriyaki-Chicken_2-600x426.webp 600w\" sizes=\"(max-width: 750px) 100vw, 750px\" \/> <img decoding=\"async\" class=\"alignnone wp-image-5384 size-full\" title=\"Fideos ricos en prote\u00ednas Pollo Teriyaki\" src=\"https:\/\/sentaiyuanbio.com\/wp-content\/uploads\/2025\/11\/High-Protein-Noodles-Teriyaki-Chicken_3.webp\" alt=\"Fideos ricos en prote\u00ednas Pollo Teriyaki\" width=\"750\" height=\"667\" srcset=\"https:\/\/sentaiyuanbio.com\/wp-content\/uploads\/2025\/11\/High-Protein-Noodles-Teriyaki-Chicken_3.webp 750w, https:\/\/sentaiyuanbio.com\/wp-content\/uploads\/2025\/11\/High-Protein-Noodles-Teriyaki-Chicken_3-300x267.webp 300w, https:\/\/sentaiyuanbio.com\/wp-content\/uploads\/2025\/11\/High-Protein-Noodles-Teriyaki-Chicken_3-13x12.webp 13w, https:\/\/sentaiyuanbio.com\/wp-content\/uploads\/2025\/11\/High-Protein-Noodles-Teriyaki-Chicken_3-600x534.webp 600w\" sizes=\"(max-width: 750px) 100vw, 750px\" \/> <img loading=\"lazy\" decoding=\"async\" class=\"alignnone wp-image-5385 size-full\" title=\"Fideos ricos en prote\u00ednas Pollo Teriyaki\" src=\"https:\/\/sentaiyuanbio.com\/wp-content\/uploads\/2025\/11\/High-Protein-Noodles-Teriyaki-Chicken_4.webp\" alt=\"Fideos ricos en prote\u00ednas Pollo Teriyaki\" width=\"750\" height=\"660\" srcset=\"https:\/\/sentaiyuanbio.com\/wp-content\/uploads\/2025\/11\/High-Protein-Noodles-Teriyaki-Chicken_4.webp 750w, https:\/\/sentaiyuanbio.com\/wp-content\/uploads\/2025\/11\/High-Protein-Noodles-Teriyaki-Chicken_4-300x264.webp 300w, https:\/\/sentaiyuanbio.com\/wp-content\/uploads\/2025\/11\/High-Protein-Noodles-Teriyaki-Chicken_4-14x12.webp 14w, https:\/\/sentaiyuanbio.com\/wp-content\/uploads\/2025\/11\/High-Protein-Noodles-Teriyaki-Chicken_4-600x528.webp 600w\" sizes=\"(max-width: 750px) 100vw, 750px\" \/> <img loading=\"lazy\" decoding=\"async\" class=\"alignnone wp-image-5386 size-full\" title=\"Fideos ricos en prote\u00ednas Pollo Teriyaki\" src=\"https:\/\/sentaiyuanbio.com\/wp-content\/uploads\/2025\/11\/High-Protein-Noodles-Teriyaki-Chicken_5.webp\" alt=\"Fideos ricos en prote\u00ednas Pollo Teriyaki\" width=\"750\" height=\"668\" srcset=\"https:\/\/sentaiyuanbio.com\/wp-content\/uploads\/2025\/11\/High-Protein-Noodles-Teriyaki-Chicken_5.webp 750w, https:\/\/sentaiyuanbio.com\/wp-content\/uploads\/2025\/11\/High-Protein-Noodles-Teriyaki-Chicken_5-300x267.webp 300w, https:\/\/sentaiyuanbio.com\/wp-content\/uploads\/2025\/11\/High-Protein-Noodles-Teriyaki-Chicken_5-13x12.webp 13w, https:\/\/sentaiyuanbio.com\/wp-content\/uploads\/2025\/11\/High-Protein-Noodles-Teriyaki-Chicken_5-600x534.webp 600w\" sizes=\"(max-width: 750px) 100vw, 750px\" \/><\/p>","protected":false},"excerpt":{"rendered":"<p>\u00bfTienes antojo de una comida caliente, deliciosa y saciante sin consumir demasiados carbohidratos? Este plato de fideos con alto contenido proteico y sabor a pollo teriyaki es la elecci\u00f3n perfecta.<br \/>\nCada 100 gramos de este plato de fideos contiene 35,8 gramos de prote\u00ednas y s\u00f3lo 37,2 gramos de hidratos de carbono. Basta con a\u00f1adir agua caliente a una olla y cocer durante 5 minutos para disfrutar de un delicioso plato de fideos sin culpa.<\/p>","protected":false},"featured_media":5378,"template":"","meta":{"site-sidebar-layout":"default","site-content-layout":"","ast-site-content-layout":"default","site-content-style":"default","site-sidebar-style":"default","ast-global-header-display":"","ast-banner-title-visibility":"","ast-main-header-display":"","ast-hfb-above-header-display":"","ast-hfb-below-header-display":"","ast-hfb-mobile-header-display":"","site-post-title":"","ast-breadcrumbs-content":"","ast-featured-img":"","footer-sml-layout":"","ast-disable-related-posts":"","theme-transparent-header-meta":"default","adv-header-id-meta":"","stick-header-meta":"default","header-above-stick-meta":"","header-main-stick-meta":"","header-below-stick-meta":"","astra-migrate-meta-layouts":"set","ast-page-background-enabled":"default","ast-page-background-meta":{"desktop":{"background-color":"","background-image":"","background-repeat":"repeat","background-position":"center center","background-size":"auto","background-attachment":"scroll","background-type":"","background-media":"","overlay-type":"","overlay-color":"","overlay-opacity":"","overlay-gradient":""},"tablet":{"background-color":"","background-image":"","background-repeat":"repeat","background-position":"center center","background-size":"auto","background-attachment":"scroll","background-type":"","background-media":"","overlay-type":"","overlay-color":"","overlay-opacity":"","overlay-gradient":""},"mobile":{"background-color":"","background-image":"","background-repeat":"repeat","background-position":"center center","background-size":"auto","background-attachment":"scroll","background-type":"","background-media":"","overlay-type":"","overlay-color":"","overlay-opacity":"","overlay-gradient":""}},"ast-content-background-meta":{"desktop":{"background-color":"var(--ast-global-color-5)","background-image":"","background-repeat":"repeat","background-position":"center center","background-size":"auto","background-attachment":"scroll","background-type":"","background-media":"","overlay-type":"","overlay-color":"","overlay-opacity":"","overlay-gradient":""},"tablet":{"background-color":"var(--ast-global-color-5)","background-image":"","background-repeat":"repeat","background-position":"center center","background-size":"auto","background-attachment":"scroll","background-type":"","background-media":"","overlay-type":"","overlay-color":"","overlay-opacity":"","overlay-gradient":""},"mobile":{"background-color":"var(--ast-global-color-5)","background-image":"","background-repeat":"repeat","background-position":"center center","background-size":"auto","background-attachment":"scroll","background-type":"","background-media":"","overlay-type":"","overlay-color":"","overlay-opacity":"","overlay-gradient":""}}},"product_brand":[],"product_cat":[248],"product_tag":[],"class_list":{"0":"post-5376","1":"product","2":"type-product","3":"status-publish","4":"has-post-thumbnail","6":"product_cat-low-carb-high-protein-noodles","7":"desktop-align-left","8":"tablet-align-left","9":"mobile-align-left","10":"ast-product-gallery-layout-horizontal-slider","11":"ast-product-tabs-layout-horizontal","13":"first","14":"instock","15":"shipping-taxable","16":"product-type-simple"},"_links":{"self":[{"href":"https:\/\/sentaiyuanbio.com\/es\/wp-json\/wp\/v2\/product\/5376","targetHints":{"allow":["GET"]}}],"collection":[{"href":"https:\/\/sentaiyuanbio.com\/es\/wp-json\/wp\/v2\/product"}],"about":[{"href":"https:\/\/sentaiyuanbio.com\/es\/wp-json\/wp\/v2\/types\/product"}],"version-history":[{"count":0,"href":"https:\/\/sentaiyuanbio.com\/es\/wp-json\/wp\/v2\/product\/5376\/revisions"}],"wp:featuredmedia":[{"embeddable":true,"href":"https:\/\/sentaiyuanbio.com\/es\/wp-json\/wp\/v2\/media\/5378"}],"wp:attachment":[{"href":"https:\/\/sentaiyuanbio.com\/es\/wp-json\/wp\/v2\/media?parent=5376"}],"wp:term":[{"taxonomy":"product_brand","embeddable":true,"href":"https:\/\/sentaiyuanbio.com\/es\/wp-json\/wp\/v2\/product_brand?post=5376"},{"taxonomy":"product_cat","embeddable":true,"href":"https:\/\/sentaiyuanbio.com\/es\/wp-json\/wp\/v2\/product_cat?post=5376"},{"taxonomy":"product_tag","embeddable":true,"href":"https:\/\/sentaiyuanbio.com\/es\/wp-json\/wp\/v2\/product_tag?post=5376"}],"curies":[{"name":"wp","href":"https:\/\/api.w.org\/{rel}","templated":true}]}}