{"id":5403,"date":"2025-11-12T06:12:29","date_gmt":"2025-11-12T06:12:29","guid":{"rendered":"https:\/\/sentaiyuanbio.com\/?post_type=product&#038;p=5403"},"modified":"2025-11-12T06:47:59","modified_gmt":"2025-11-12T06:47:59","slug":"ramen-teriyaki-rico-en-proteinas-y-bajo-en-carbohidratos","status":"publish","type":"product","link":"https:\/\/sentaiyuanbio.com\/es\/producto\/ramen-teriyaki-rico-en-proteinas-y-bajo-en-carbohidratos\/","title":{"rendered":"Ramen Alto en Proteinas Bajo en Carbohidratos Sabor Carne Teriyaki, Protein For Ramen"},"content":{"rendered":"<h2>Declaraci\u00f3n de Ingredientes del Sabor Ramen Teriyaki Beef, Alto en Prote\u00ednas y Bajo en Carbohidratos<\/h2>\n<p><strong>Ramen:<\/strong> Gluten vital de trigo 34,7%, Prote\u00edna de guisante 23,6%, Harina de trigo 17,5%, Harina de alforf\u00f3n 10,2%, Fibra de guisante 6,7%, Almid\u00f3n de tapioca 4,5%, Sal 1,5%, <a href=\"https:\/\/sentaiyuanbio.com\/es\/producto\/harina-de-name-konjac-polvo-de-name-konjac\/\" target=\"_blank\" rel=\"noopener\">Harina de konjac<\/a> 0.5%, <a href=\"https:\/\/hethstia.com\/konjac-powder-vs-xanthan-gum\/\" target=\"_blank\" rel=\"noopener\">Goma xantana<\/a> 0,6%(Espesante, E415), Carbonato s\u00f3dico 0,2%(Regulador de la acidez, E500).<\/p>\n<p><strong>Sobre de Salsa Sabor Carne Teriyaki:<\/strong> Pasta de trigo dulce(Agua, Harina de trigo, Sal, Sorbato pot\u00e1sico(Conservante, E202)) 30%, Az\u00facar 28%, Salsa de soja(Agua 42%, Soja 42%, Sal 16%) 12%, Agua 9.8%, sal 6%, aceite de soja 5%, vinagre de manzana(agua, zumo de espino concentrado, zumo de manzana concentrado, sal) 4%, prote\u00edna de soja hidrolizada en polvo 2%, extracto de levadura 2%, colorante caramelo(colorante, E150a) 0,5%, goma xantana(espesante, E415) 0,3%, 5\u2032-ribonucle\u00f3tidos dis\u00f3dicos(potenciador del sabor, E635)<br \/>\n0,2%, Aromatizante 0,2%.<\/p>\n<h2>Informaci\u00f3n nutricional<\/h2>\n<table border=\"1\" cellspacing=\"1\">\n<tbody>\n<tr>\n<td align=\"center\" width=\"284\"><b>Art\u00edculos<\/b><\/td>\n<td align=\"center\" width=\"284\">por 80 g<\/td>\n<td align=\"center\" width=\"284\">por 100 g<\/td>\n<\/tr>\n<tr>\n<td align=\"center\" width=\"284\"><b>Energ\u00eda<\/b><\/td>\n<td align=\"center\" width=\"284\">1112kJ\/263kcal<\/td>\n<td align=\"center\" width=\"284\">1390kJ\/329kcal<\/td>\n<\/tr>\n<tr>\n<td align=\"center\" width=\"284\"><b>Grasa total<\/b><\/td>\n<td align=\"center\" width=\"284\">2.6g<\/td>\n<td align=\"center\" width=\"284\">3.3g<\/td>\n<\/tr>\n<tr>\n<td align=\"center\" width=\"284\">- Grasas saturadas<\/td>\n<td align=\"center\" width=\"284\">0.6g<\/td>\n<td align=\"center\" width=\"284\">0.7g<\/td>\n<\/tr>\n<tr>\n<td align=\"center\" width=\"284\">- Grasas trans<\/td>\n<td align=\"center\" width=\"284\">0g<\/td>\n<td align=\"center\" width=\"284\">0g<\/td>\n<\/tr>\n<tr>\n<td align=\"center\" width=\"284\"><b>Sodio<\/b><\/td>\n<td align=\"center\" width=\"284\">1267 mg<\/td>\n<td align=\"center\" width=\"284\">1584 mg<\/td>\n<\/tr>\n<tr>\n<td align=\"center\" width=\"284\"><b>Sal<\/b><\/td>\n<td align=\"center\" width=\"284\">3.17 g<\/td>\n<td align=\"center\" width=\"284\">3.96 g<\/td>\n<\/tr>\n<tr>\n<td align=\"center\" width=\"284\"><b>Carbohidratos totales<\/b><\/td>\n<td align=\"center\" width=\"284\">29.0g<\/td>\n<td align=\"center\" width=\"284\">36.3g<\/td>\n<\/tr>\n<tr>\n<td align=\"center\" width=\"284\">- Az\u00facares totales<\/td>\n<td align=\"center\" width=\"284\">7.8g<\/td>\n<td align=\"center\" width=\"284\">9.7g<\/td>\n<\/tr>\n<tr>\n<td align=\"center\" width=\"284\">Fibra alimentaria<\/td>\n<td align=\"center\" width=\"284\">3.8g<\/td>\n<td align=\"center\" width=\"284\">4.8g<\/td>\n<\/tr>\n<tr>\n<td align=\"center\" width=\"284\"><b>Prote\u00edna<\/b><\/td>\n<td align=\"center\" width=\"284\">28.9g<\/td>\n<td align=\"center\" width=\"284\">36.1g<\/td>\n<\/tr>\n<\/tbody>\n<\/table>\n<h2>Informaci\u00f3n sobre al\u00e9rgenos<\/h2>\n<table border=\"1\" cellspacing=\"1\">\n<tbody>\n<tr>\n<td align=\"center\" width=\"284\"><b>Componentes<\/b><\/td>\n<td align=\"center\" width=\"284\"><b>Contiene (como ingrediente o parte de ingrediente)<\/b><\/td>\n<td align=\"center\" width=\"284\"><b>Puede contener (procedente de la transformaci\u00f3n)<\/b><\/td>\n<td align=\"center\" width=\"284\"><b>Puede contener (en la empresa)<\/b><\/td>\n<\/tr>\n<tr>\n<td align=\"center\" width=\"284\"><b>Al\u00e9rgenos<\/b><\/td>\n<td align=\"center\" width=\"284\"><b>S\u00ed\/No<\/b><\/td>\n<td align=\"center\" width=\"284\"><b>S\u00ed\/No<\/b><\/td>\n<td align=\"center\" width=\"284\"><b>S\u00ed\/No<\/b><\/td>\n<\/tr>\n<tr>\n<td align=\"center\" width=\"284\">Cereales (trigo, centeno, cebada, avena, alforf\u00f3n, espelta, etc. o sus variedades h\u00edbridas)<\/td>\n<td align=\"center\" width=\"284\">S\u00ed<\/td>\n<td align=\"center\" width=\"284\">No<\/td>\n<td align=\"center\" width=\"284\">No<\/td>\n<\/tr>\n<tr>\n<td align=\"center\" width=\"284\">Crust\u00e1ceos y sus productos<\/td>\n<td align=\"center\" width=\"284\">No<\/td>\n<td align=\"center\" width=\"284\">No<\/td>\n<td align=\"center\" width=\"284\">No<\/td>\n<\/tr>\n<tr>\n<td align=\"center\" width=\"284\">Huevos y sus productos<\/td>\n<td align=\"center\" width=\"284\">No<\/td>\n<td align=\"center\" width=\"284\">No<\/td>\n<td align=\"center\" width=\"284\">No<\/td>\n<\/tr>\n<tr>\n<td align=\"center\" width=\"284\">Pescado y productos a base de pescado<\/td>\n<td align=\"center\" width=\"284\">No<\/td>\n<td align=\"center\" width=\"284\">No<\/td>\n<td align=\"center\" width=\"284\">No<\/td>\n<\/tr>\n<tr>\n<td align=\"center\" width=\"284\">Cacahuetes y productos a base de cacahuetes<\/td>\n<td align=\"center\" width=\"284\">No<\/td>\n<td align=\"center\" width=\"284\">No<\/td>\n<td align=\"center\" width=\"284\">No<\/td>\n<\/tr>\n<tr>\n<td align=\"center\" width=\"284\">Soja y sus productos<\/td>\n<td align=\"center\" width=\"284\">S\u00ed<\/td>\n<td align=\"center\" width=\"284\">No<\/td>\n<td align=\"center\" width=\"284\">No<\/td>\n<\/tr>\n<tr>\n<td align=\"center\" width=\"284\">Leche y productos l\u00e1cteos (incluida la lactosa)<\/td>\n<td align=\"center\" width=\"284\">No<\/td>\n<td align=\"center\" width=\"284\">No<\/td>\n<td align=\"center\" width=\"284\">No<\/td>\n<\/tr>\n<tr>\n<td align=\"center\" width=\"284\">Frutos de c\u00e1scara, almendras, avellanas, nueces, anacardos, pacanas, nueces del Brasil, pistachos, macadamias, nueces de Queensland y sus productos derivados<\/td>\n<td align=\"center\" width=\"284\">No<\/td>\n<td align=\"center\" width=\"284\">No<\/td>\n<td align=\"center\" width=\"284\">No<\/td>\n<\/tr>\n<tr>\n<td align=\"center\" width=\"284\">Apio y productos a base de apio<\/td>\n<td align=\"center\" width=\"284\">No<\/td>\n<td align=\"center\" width=\"284\">No<\/td>\n<td align=\"center\" width=\"284\">No<\/td>\n<\/tr>\n<tr>\n<td align=\"center\" width=\"284\">Mostaza y productos a base de mostaza<\/td>\n<td align=\"center\" width=\"284\">No<\/td>\n<td align=\"center\" width=\"284\">No<\/td>\n<td align=\"center\" width=\"284\">No<\/td>\n<\/tr>\n<tr>\n<td align=\"center\" width=\"284\">Semillas de s\u00e9samo y sus productos<\/td>\n<td align=\"center\" width=\"284\">No<\/td>\n<td align=\"center\" width=\"284\">No<\/td>\n<td align=\"center\" width=\"284\">No<\/td>\n<\/tr>\n<tr>\n<td align=\"center\" width=\"284\">Di\u00f3xido de azufre y sulfitos en concentraciones superiores a 10 mg\/kg o 10 mg\/litro expresados en SO2<\/td>\n<td align=\"center\" width=\"284\">No<\/td>\n<td align=\"center\" width=\"284\">No<\/td>\n<td align=\"center\" width=\"284\">No<\/td>\n<\/tr>\n<tr>\n<td align=\"center\" width=\"284\">Lupino y sus productos<\/td>\n<td align=\"center\" width=\"284\">No<\/td>\n<td align=\"center\" width=\"284\">No<\/td>\n<td align=\"center\" width=\"284\">No<\/td>\n<\/tr>\n<tr>\n<td align=\"center\" width=\"284\">Moluscos y sus productos<\/td>\n<td align=\"center\" width=\"284\">No<\/td>\n<td align=\"center\" width=\"284\">No<\/td>\n<td align=\"center\" width=\"284\">No<\/td>\n<\/tr>\n<\/tbody>\n<\/table>\n<p><img fetchpriority=\"high\" decoding=\"async\" class=\"alignnone wp-image-5413 size-full\" title=\"Ramen rico en prote\u00ednas\" src=\"https:\/\/sentaiyuanbio.com\/wp-content\/uploads\/2025\/11\/Protein-For-Ramen_1.webp\" alt=\"Ramen rico en prote\u00ednas\" width=\"750\" height=\"600\" srcset=\"https:\/\/sentaiyuanbio.com\/wp-content\/uploads\/2025\/11\/Protein-For-Ramen_1.webp 750w, https:\/\/sentaiyuanbio.com\/wp-content\/uploads\/2025\/11\/Protein-For-Ramen_1-300x240.webp 300w, https:\/\/sentaiyuanbio.com\/wp-content\/uploads\/2025\/11\/Protein-For-Ramen_1-15x12.webp 15w, https:\/\/sentaiyuanbio.com\/wp-content\/uploads\/2025\/11\/Protein-For-Ramen_1-600x480.webp 600w\" sizes=\"(max-width: 750px) 100vw, 750px\" \/> <img decoding=\"async\" class=\"alignnone wp-image-5414 size-full\" title=\"Ramen rico en prote\u00ednas\" src=\"https:\/\/sentaiyuanbio.com\/wp-content\/uploads\/2025\/11\/Protein-For-Ramen_2.webp\" alt=\"Ramen rico en prote\u00ednas\" width=\"750\" height=\"533\" srcset=\"https:\/\/sentaiyuanbio.com\/wp-content\/uploads\/2025\/11\/Protein-For-Ramen_2.webp 750w, https:\/\/sentaiyuanbio.com\/wp-content\/uploads\/2025\/11\/Protein-For-Ramen_2-300x213.webp 300w, https:\/\/sentaiyuanbio.com\/wp-content\/uploads\/2025\/11\/Protein-For-Ramen_2-18x12.webp 18w, https:\/\/sentaiyuanbio.com\/wp-content\/uploads\/2025\/11\/Protein-For-Ramen_2-600x426.webp 600w\" sizes=\"(max-width: 750px) 100vw, 750px\" \/> <img decoding=\"async\" class=\"alignnone wp-image-5415 size-full\" title=\"Ramen rico en prote\u00ednas\" src=\"https:\/\/sentaiyuanbio.com\/wp-content\/uploads\/2025\/11\/Protein-For-Ramen_3.webp\" alt=\"Ramen rico en prote\u00ednas\" width=\"750\" height=\"667\" srcset=\"https:\/\/sentaiyuanbio.com\/wp-content\/uploads\/2025\/11\/Protein-For-Ramen_3.webp 750w, https:\/\/sentaiyuanbio.com\/wp-content\/uploads\/2025\/11\/Protein-For-Ramen_3-300x267.webp 300w, https:\/\/sentaiyuanbio.com\/wp-content\/uploads\/2025\/11\/Protein-For-Ramen_3-13x12.webp 13w, https:\/\/sentaiyuanbio.com\/wp-content\/uploads\/2025\/11\/Protein-For-Ramen_3-600x534.webp 600w\" sizes=\"(max-width: 750px) 100vw, 750px\" \/> <img loading=\"lazy\" decoding=\"async\" class=\"alignnone wp-image-5416 size-full\" title=\"Ramen rico en prote\u00ednas\" src=\"https:\/\/sentaiyuanbio.com\/wp-content\/uploads\/2025\/11\/Protein-For-Ramen_4.webp\" alt=\"Ramen rico en prote\u00ednas\" width=\"750\" height=\"660\" srcset=\"https:\/\/sentaiyuanbio.com\/wp-content\/uploads\/2025\/11\/Protein-For-Ramen_4.webp 750w, https:\/\/sentaiyuanbio.com\/wp-content\/uploads\/2025\/11\/Protein-For-Ramen_4-300x264.webp 300w, https:\/\/sentaiyuanbio.com\/wp-content\/uploads\/2025\/11\/Protein-For-Ramen_4-14x12.webp 14w, https:\/\/sentaiyuanbio.com\/wp-content\/uploads\/2025\/11\/Protein-For-Ramen_4-600x528.webp 600w\" sizes=\"(max-width: 750px) 100vw, 750px\" \/> <img loading=\"lazy\" decoding=\"async\" class=\"alignnone wp-image-5417 size-full\" title=\"Ramen rico en prote\u00ednas\" src=\"https:\/\/sentaiyuanbio.com\/wp-content\/uploads\/2025\/11\/Protein-For-Ramen_5.webp\" alt=\"Ramen rico en prote\u00ednas\" width=\"750\" height=\"668\" srcset=\"https:\/\/sentaiyuanbio.com\/wp-content\/uploads\/2025\/11\/Protein-For-Ramen_5.webp 750w, https:\/\/sentaiyuanbio.com\/wp-content\/uploads\/2025\/11\/Protein-For-Ramen_5-300x267.webp 300w, https:\/\/sentaiyuanbio.com\/wp-content\/uploads\/2025\/11\/Protein-For-Ramen_5-13x12.webp 13w, https:\/\/sentaiyuanbio.com\/wp-content\/uploads\/2025\/11\/Protein-For-Ramen_5-600x534.webp 600w\" sizes=\"(max-width: 750px) 100vw, 750px\" \/><\/p>","protected":false},"excerpt":{"rendered":"<p>Si quiere hacer ramen bajo en calor\u00edas con el m\u00e9todo m\u00e1s sencillo, entonces debe probar mi Ramen de 5 Minutos Alto en Prote\u00ednas y Bajo en Carbohidratos Sabor Carne Teriyaki. Este paquete de salsa de ramen contiene la cl\u00e1sica carne de teriyaki favorita de todos, combinada con un sabroso caldo de carne y aderezada con cebollas verdes frescas, semillas de s\u00e9samo y copos de chile. \u00a1Disfrute de un delicioso almuerzo en cuesti\u00f3n de minutos!<\/p>","protected":false},"featured_media":5412,"template":"","meta":{"site-sidebar-layout":"default","site-content-layout":"","ast-site-content-layout":"default","site-content-style":"default","site-sidebar-style":"default","ast-global-header-display":"","ast-banner-title-visibility":"","ast-main-header-display":"","ast-hfb-above-header-display":"","ast-hfb-below-header-display":"","ast-hfb-mobile-header-display":"","site-post-title":"","ast-breadcrumbs-content":"","ast-featured-img":"","footer-sml-layout":"","ast-disable-related-posts":"","theme-transparent-header-meta":"default","adv-header-id-meta":"","stick-header-meta":"default","header-above-stick-meta":"","header-main-stick-meta":"","header-below-stick-meta":"","astra-migrate-meta-layouts":"set","ast-page-background-enabled":"default","ast-page-background-meta":{"desktop":{"background-color":"","background-image":"","background-repeat":"repeat","background-position":"center center","background-size":"auto","background-attachment":"scroll","background-type":"","background-media":"","overlay-type":"","overlay-color":"","overlay-opacity":"","overlay-gradient":""},"tablet":{"background-color":"","background-image":"","background-repeat":"repeat","background-position":"center center","background-size":"auto","background-attachment":"scroll","background-type":"","background-media":"","overlay-type":"","overlay-color":"","overlay-opacity":"","overlay-gradient":""},"mobile":{"background-color":"","background-image":"","background-repeat":"repeat","background-position":"center center","background-size":"auto","background-attachment":"scroll","background-type":"","background-media":"","overlay-type":"","overlay-color":"","overlay-opacity":"","overlay-gradient":""}},"ast-content-background-meta":{"desktop":{"background-color":"var(--ast-global-color-5)","background-image":"","background-repeat":"repeat","background-position":"center center","background-size":"auto","background-attachment":"scroll","background-type":"","background-media":"","overlay-type":"","overlay-color":"","overlay-opacity":"","overlay-gradient":""},"tablet":{"background-color":"var(--ast-global-color-5)","background-image":"","background-repeat":"repeat","background-position":"center center","background-size":"auto","background-attachment":"scroll","background-type":"","background-media":"","overlay-type":"","overlay-color":"","overlay-opacity":"","overlay-gradient":""},"mobile":{"background-color":"var(--ast-global-color-5)","background-image":"","background-repeat":"repeat","background-position":"center center","background-size":"auto","background-attachment":"scroll","background-type":"","background-media":"","overlay-type":"","overlay-color":"","overlay-opacity":"","overlay-gradient":""}}},"product_brand":[],"product_cat":[248],"product_tag":[],"class_list":{"0":"post-5403","1":"product","2":"type-product","3":"status-publish","4":"has-post-thumbnail","6":"product_cat-low-carb-high-protein-noodles","7":"desktop-align-left","8":"tablet-align-left","9":"mobile-align-left","10":"ast-product-gallery-layout-horizontal-slider","11":"ast-product-tabs-layout-horizontal","13":"first","14":"instock","15":"shipping-taxable","16":"product-type-simple"},"_links":{"self":[{"href":"https:\/\/sentaiyuanbio.com\/es\/wp-json\/wp\/v2\/product\/5403","targetHints":{"allow":["GET"]}}],"collection":[{"href":"https:\/\/sentaiyuanbio.com\/es\/wp-json\/wp\/v2\/product"}],"about":[{"href":"https:\/\/sentaiyuanbio.com\/es\/wp-json\/wp\/v2\/types\/product"}],"version-history":[{"count":0,"href":"https:\/\/sentaiyuanbio.com\/es\/wp-json\/wp\/v2\/product\/5403\/revisions"}],"wp:featuredmedia":[{"embeddable":true,"href":"https:\/\/sentaiyuanbio.com\/es\/wp-json\/wp\/v2\/media\/5412"}],"wp:attachment":[{"href":"https:\/\/sentaiyuanbio.com\/es\/wp-json\/wp\/v2\/media?parent=5403"}],"wp:term":[{"taxonomy":"product_brand","embeddable":true,"href":"https:\/\/sentaiyuanbio.com\/es\/wp-json\/wp\/v2\/product_brand?post=5403"},{"taxonomy":"product_cat","embeddable":true,"href":"https:\/\/sentaiyuanbio.com\/es\/wp-json\/wp\/v2\/product_cat?post=5403"},{"taxonomy":"product_tag","embeddable":true,"href":"https:\/\/sentaiyuanbio.com\/es\/wp-json\/wp\/v2\/product_tag?post=5403"}],"curies":[{"name":"wp","href":"https:\/\/api.w.org\/{rel}","templated":true}]}}