{"id":5562,"date":"2026-01-05T07:50:50","date_gmt":"2026-01-05T07:50:50","guid":{"rendered":"https:\/\/sentaiyuanbio.com\/?post_type=product&#038;p=5562"},"modified":"2026-01-05T08:44:19","modified_gmt":"2026-01-05T08:44:19","slug":"fideos-bajos-en-carbohidratos-y-ricos-en-proteinas","status":"publish","type":"product","link":"https:\/\/sentaiyuanbio.com\/es\/producto\/fideos-bajos-en-carbohidratos-y-ricos-en-proteinas\/","title":{"rendered":"Fideos bajos en carbohidratos y ricos en prote\u00ednas, Ramen saludable apto para cetog\u00e9nicos"},"content":{"rendered":"<h2>Fideos Ramen bajos en carbohidratos y ricos en prote\u00ednas Ingredientes<\/h2>\n<p>Gluten vital de trigo, Prote\u00edna de guisante, Harina de trigo, Harina de alforf\u00f3n, Fibra de guisante en polvo, Almid\u00f3n de tapioca, <a href=\"https:\/\/sentaiyuanbio.com\/es\/producto\/harina-de-name-konjac-polvo-de-name-konjac\/\" target=\"_blank\" rel=\"noopener\">Harina de konjac<\/a>,\u00a0<a href=\"https:\/\/hethstia.com\/konjac-powder-vs-xanthan-gum\/\" target=\"_blank\" rel=\"noopener\">Goma xantana<\/a>, Carbonato s\u00f3dico.<\/p>\n<h2>Fideos bajos en carbohidratos y ricos en prote\u00ednas Informaci\u00f3n nutricional<\/h2>\n<table border=\"1\" cellspacing=\"1\">\n<tbody>\n<tr>\n<td align=\"center\" width=\"284\"><b>Art\u00edculos<\/b><\/td>\n<td align=\"center\" width=\"284\">por 55 g<\/td>\n<\/tr>\n<tr>\n<td align=\"center\" width=\"284\"><b>Energ\u00eda<\/b><\/td>\n<td align=\"center\" width=\"284\">200kcal<\/td>\n<\/tr>\n<tr>\n<td align=\"center\" width=\"284\"><b>Grasa total<\/b><\/td>\n<td align=\"center\" width=\"284\">1g<\/td>\n<\/tr>\n<tr>\n<td align=\"center\" width=\"284\">- Grasas saturadas<\/td>\n<td align=\"center\" width=\"284\">0g<\/td>\n<\/tr>\n<tr>\n<td align=\"center\" width=\"284\">- Grasas trans<\/td>\n<td align=\"center\" width=\"284\">0g<\/td>\n<\/tr>\n<tr>\n<td align=\"center\" width=\"284\"><b>Sodio<\/b><\/td>\n<td align=\"center\" width=\"284\">260 mg<\/td>\n<\/tr>\n<tr>\n<td align=\"center\" width=\"284\"><b>Carbohidratos totales<\/b><\/td>\n<td align=\"center\" width=\"284\">15g<\/td>\n<\/tr>\n<tr>\n<td align=\"center\" width=\"284\">- Az\u00facares totales<\/td>\n<td align=\"center\" width=\"284\">0g<\/td>\n<\/tr>\n<tr>\n<td align=\"center\" width=\"284\">Fibra alimentaria<\/td>\n<td align=\"center\" width=\"284\">3g<\/td>\n<\/tr>\n<tr>\n<td align=\"center\" width=\"284\"><b>Prote\u00edna<\/b><\/td>\n<td align=\"center\" width=\"284\">30g<\/td>\n<\/tr>\n<\/tbody>\n<\/table>\n<p><img fetchpriority=\"high\" decoding=\"async\" class=\"alignleft wp-image-5570 size-full\" title=\"Fideos bajos en carbohidratos, saludables y ricos en prote\u00ednas\" src=\"https:\/\/sentaiyuanbio.com\/wp-content\/uploads\/2026\/01\/Healthy-high-protein-noodles-3.webp\" alt=\"Fideos sanos ricos en prote\u00ednas\" width=\"1000\" height=\"1000\" srcset=\"https:\/\/sentaiyuanbio.com\/wp-content\/uploads\/2026\/01\/Healthy-high-protein-noodles-3.webp 1000w, https:\/\/sentaiyuanbio.com\/wp-content\/uploads\/2026\/01\/Healthy-high-protein-noodles-3-300x300.webp 300w, https:\/\/sentaiyuanbio.com\/wp-content\/uploads\/2026\/01\/Healthy-high-protein-noodles-3-150x150.webp 150w, https:\/\/sentaiyuanbio.com\/wp-content\/uploads\/2026\/01\/Healthy-high-protein-noodles-3-768x768.webp 768w, https:\/\/sentaiyuanbio.com\/wp-content\/uploads\/2026\/01\/Healthy-high-protein-noodles-3-12x12.webp 12w, https:\/\/sentaiyuanbio.com\/wp-content\/uploads\/2026\/01\/Healthy-high-protein-noodles-3-600x600.webp 600w, https:\/\/sentaiyuanbio.com\/wp-content\/uploads\/2026\/01\/Healthy-high-protein-noodles-3-100x100.webp 100w\" sizes=\"(max-width: 1000px) 100vw, 1000px\" \/><img decoding=\"async\" class=\"alignleft wp-image-5569 size-full\" title=\"Fideos bajos en carbohidratos, saludables y ricos en prote\u00ednas\" src=\"https:\/\/sentaiyuanbio.com\/wp-content\/uploads\/2026\/01\/Healthy-high-protein-noodles-2.webp\" alt=\"Fideos sanos ricos en prote\u00ednas\" width=\"1000\" height=\"1000\" srcset=\"https:\/\/sentaiyuanbio.com\/wp-content\/uploads\/2026\/01\/Healthy-high-protein-noodles-2.webp 1000w, https:\/\/sentaiyuanbio.com\/wp-content\/uploads\/2026\/01\/Healthy-high-protein-noodles-2-300x300.webp 300w, https:\/\/sentaiyuanbio.com\/wp-content\/uploads\/2026\/01\/Healthy-high-protein-noodles-2-150x150.webp 150w, https:\/\/sentaiyuanbio.com\/wp-content\/uploads\/2026\/01\/Healthy-high-protein-noodles-2-768x768.webp 768w, https:\/\/sentaiyuanbio.com\/wp-content\/uploads\/2026\/01\/Healthy-high-protein-noodles-2-12x12.webp 12w, https:\/\/sentaiyuanbio.com\/wp-content\/uploads\/2026\/01\/Healthy-high-protein-noodles-2-600x600.webp 600w, https:\/\/sentaiyuanbio.com\/wp-content\/uploads\/2026\/01\/Healthy-high-protein-noodles-2-100x100.webp 100w\" sizes=\"(max-width: 1000px) 100vw, 1000px\" \/><\/p>","protected":false},"excerpt":{"rendered":"<p>Cada raci\u00f3n de 55 g de fideos contiene hasta 30 g de prote\u00ednas y s\u00f3lo 15 g de hidratos de carbono: 50% menos hidratos de carbono que las principales marcas del mercado y 3 veces m\u00e1s prote\u00ednas.<br \/>\nApto para veganos, sin OGM, sin fritos, perfecto para vegetarianos y entusiastas del fitness: \u00a1un plato delicioso e incre\u00edblemente sano!<br \/>\nSi te apetece un taz\u00f3n de fideos caliente, delicioso y saciante sin sobrecargarte de carbohidratos, este plato de fideos es la opci\u00f3n perfecta para ti.<\/p>","protected":false},"featured_media":5563,"template":"","meta":{"site-sidebar-layout":"default","site-content-layout":"","ast-site-content-layout":"default","site-content-style":"default","site-sidebar-style":"default","ast-global-header-display":"","ast-banner-title-visibility":"","ast-main-header-display":"","ast-hfb-above-header-display":"","ast-hfb-below-header-display":"","ast-hfb-mobile-header-display":"","site-post-title":"","ast-breadcrumbs-content":"","ast-featured-img":"","footer-sml-layout":"","ast-disable-related-posts":"","theme-transparent-header-meta":"default","adv-header-id-meta":"","stick-header-meta":"default","header-above-stick-meta":"","header-main-stick-meta":"","header-below-stick-meta":"","astra-migrate-meta-layouts":"set","ast-page-background-enabled":"default","ast-page-background-meta":{"desktop":{"background-color":"","background-image":"","background-repeat":"repeat","background-position":"center center","background-size":"auto","background-attachment":"scroll","background-type":"","background-media":"","overlay-type":"","overlay-color":"","overlay-opacity":"","overlay-gradient":""},"tablet":{"background-color":"","background-image":"","background-repeat":"repeat","background-position":"center center","background-size":"auto","background-attachment":"scroll","background-type":"","background-media":"","overlay-type":"","overlay-color":"","overlay-opacity":"","overlay-gradient":""},"mobile":{"background-color":"","background-image":"","background-repeat":"repeat","background-position":"center center","background-size":"auto","background-attachment":"scroll","background-type":"","background-media":"","overlay-type":"","overlay-color":"","overlay-opacity":"","overlay-gradient":""}},"ast-content-background-meta":{"desktop":{"background-color":"var(--ast-global-color-5)","background-image":"","background-repeat":"repeat","background-position":"center center","background-size":"auto","background-attachment":"scroll","background-type":"","background-media":"","overlay-type":"","overlay-color":"","overlay-opacity":"","overlay-gradient":""},"tablet":{"background-color":"var(--ast-global-color-5)","background-image":"","background-repeat":"repeat","background-position":"center center","background-size":"auto","background-attachment":"scroll","background-type":"","background-media":"","overlay-type":"","overlay-color":"","overlay-opacity":"","overlay-gradient":""},"mobile":{"background-color":"var(--ast-global-color-5)","background-image":"","background-repeat":"repeat","background-position":"center center","background-size":"auto","background-attachment":"scroll","background-type":"","background-media":"","overlay-type":"","overlay-color":"","overlay-opacity":"","overlay-gradient":""}}},"product_brand":[],"product_cat":[248],"product_tag":[],"class_list":{"0":"post-5562","1":"product","2":"type-product","3":"status-publish","4":"has-post-thumbnail","6":"product_cat-low-carb-high-protein-noodles","7":"desktop-align-left","8":"tablet-align-left","9":"mobile-align-left","10":"ast-product-gallery-layout-horizontal-slider","11":"ast-product-tabs-layout-horizontal","13":"first","14":"instock","15":"shipping-taxable","16":"product-type-simple"},"_links":{"self":[{"href":"https:\/\/sentaiyuanbio.com\/es\/wp-json\/wp\/v2\/product\/5562","targetHints":{"allow":["GET"]}}],"collection":[{"href":"https:\/\/sentaiyuanbio.com\/es\/wp-json\/wp\/v2\/product"}],"about":[{"href":"https:\/\/sentaiyuanbio.com\/es\/wp-json\/wp\/v2\/types\/product"}],"version-history":[{"count":0,"href":"https:\/\/sentaiyuanbio.com\/es\/wp-json\/wp\/v2\/product\/5562\/revisions"}],"wp:featuredmedia":[{"embeddable":true,"href":"https:\/\/sentaiyuanbio.com\/es\/wp-json\/wp\/v2\/media\/5563"}],"wp:attachment":[{"href":"https:\/\/sentaiyuanbio.com\/es\/wp-json\/wp\/v2\/media?parent=5562"}],"wp:term":[{"taxonomy":"product_brand","embeddable":true,"href":"https:\/\/sentaiyuanbio.com\/es\/wp-json\/wp\/v2\/product_brand?post=5562"},{"taxonomy":"product_cat","embeddable":true,"href":"https:\/\/sentaiyuanbio.com\/es\/wp-json\/wp\/v2\/product_cat?post=5562"},{"taxonomy":"product_tag","embeddable":true,"href":"https:\/\/sentaiyuanbio.com\/es\/wp-json\/wp\/v2\/product_tag?post=5562"}],"curies":[{"name":"wp","href":"https:\/\/api.w.org\/{rel}","templated":true}]}}