{"id":5973,"date":"2026-03-26T03:38:13","date_gmt":"2026-03-26T03:38:13","guid":{"rendered":"https:\/\/sentaiyuanbio.com\/"},"modified":"2026-03-26T03:39:27","modified_gmt":"2026-03-26T03:39:27","slug":"fabricante-de-jalea-de-konjac-de-arandanos","status":"publish","type":"product","link":"https:\/\/sentaiyuanbio.com\/es\/producto\/fabricante-de-jalea-de-konjac-de-arandanos\/","title":{"rendered":"Jalea de konjac de ar\u00e1ndanos, Fabricante de jalea de konjac"},"content":{"rendered":"<h2>1. Jalea de konjac de ar\u00e1ndanos Ingredientes<\/h2>\n<p>Agua, zumo concentrado de ar\u00e1ndanos, eritritol, <a href=\"https:\/\/sentaiyuanbio.com\/es\/producto\/konjac-en-polvo\/\" target=\"_blank\" rel=\"noopener\">Polvo de konjac<\/a>, Carragenina, vitamina C, \u00e1cido c\u00edtrico, cloruro pot\u00e1sico, sorbato pot\u00e1sico.<\/p>\n<h2>2. Especificaciones de la gelatina konjac de ar\u00e1ndanos: Peso y tama\u00f1o<\/h2>\n<p>Tama\u00f1o del producto: Personalizable<br \/>\nPeso escurrido: Personalizable<br \/>\nPeso neto: 150 g<br \/>\nPeso bruto: 155 g<br \/>\nTipo de envase: Bolsa de pie<\/p>\n<h2>3. Especificaciones f\u00edsicas de la jalea konjac de ar\u00e1ndanos<\/h2>\n<p>Color: Azul<br \/>\nSabor: Sabor a ar\u00e1ndanos<br \/>\nTextura: Suave y lisa<br \/>\nAspecto f\u00edsico: Gel semifluido<\/p>\n<h2>4. Caracter\u00edsticas del producto<\/h2>\n<p>Tipo instant\u00e1neo\/Tipo precocinado Tipo instant\u00e1neo<br \/>\nSin gluten: S\u00ed<br \/>\nSin OMG: S\u00ed<br \/>\nNo al\u00e9rgeno: S\u00ed<br \/>\nSin aditivos: S\u00ed<br \/>\nEcol\u00f3gico disponible: No<\/p>\n<h2>5. Otras especificaciones<\/h2>\n<p>Caducidad: 18 meses<br \/>\nConservaci\u00f3n: Conservar en un lugar fresco y seco. Se sirve mejor fr\u00edo. Refrig\u00e9relo despu\u00e9s de abrirlo y cons\u00famalo en el plazo de 1 d\u00eda.<\/p>\n<table border=\"1\" cellspacing=\"1\">\n<tbody>\n<tr>\n<td width=\"284\"><b>Az\u00facar total<\/b><\/td>\n<td width=\"284\">0g\/150ml<\/td>\n<\/tr>\n<tr>\n<td width=\"284\"><b>Vitamina C<\/b><\/td>\n<td width=\"284\">375mg\/150ml<\/td>\n<\/tr>\n<tr>\n<td width=\"284\"><b>Prote\u00edna<\/b><\/td>\n<td width=\"284\">0g\/150ml<\/td>\n<\/tr>\n<tr>\n<td width=\"284\"><b>Calcio<\/b><\/td>\n<td width=\"284\">15mg\/150ml<\/td>\n<\/tr>\n<tr>\n<td width=\"284\"><b>Potasio<\/b><\/td>\n<td width=\"284\">60mg\/150ml<\/td>\n<\/tr>\n<tr>\n<td width=\"284\"><b>Energ\u00eda<\/b><\/td>\n<td width=\"284\">5 kcal\/150ml<\/td>\n<\/tr>\n<tr>\n<td width=\"284\"><b>Carbohidratos totales<\/b><\/td>\n<td width=\"284\">6g\/150ml<\/td>\n<\/tr>\n<tr>\n<td width=\"284\"><b>Sodio<\/b><\/td>\n<td width=\"284\">15mg\/150ml<\/td>\n<\/tr>\n<tr>\n<td width=\"284\"><b>Grasa total<\/b><\/td>\n<td width=\"284\">0g<\/td>\n<\/tr>\n<\/tbody>\n<\/table>\n<p><img fetchpriority=\"high\" decoding=\"async\" class=\"alignnone wp-image-5984 size-full\" title=\"Jalea de konjac a granel Ar\u00e1ndano\" src=\"https:\/\/sentaiyuanbio.com\/wp-content\/uploads\/2026\/03\/Konjac-Jelly-Bulk-Blueberry-1.webp\" alt=\"Jalea de konjac a granel Ar\u00e1ndano\" width=\"750\" height=\"620\" srcset=\"https:\/\/sentaiyuanbio.com\/wp-content\/uploads\/2026\/03\/Konjac-Jelly-Bulk-Blueberry-1.webp 750w, https:\/\/sentaiyuanbio.com\/wp-content\/uploads\/2026\/03\/Konjac-Jelly-Bulk-Blueberry-1-300x248.webp 300w, https:\/\/sentaiyuanbio.com\/wp-content\/uploads\/2026\/03\/Konjac-Jelly-Bulk-Blueberry-1-15x12.webp 15w, https:\/\/sentaiyuanbio.com\/wp-content\/uploads\/2026\/03\/Konjac-Jelly-Bulk-Blueberry-1-600x496.webp 600w\" sizes=\"(max-width: 750px) 100vw, 750px\" \/><br \/>\n<img decoding=\"async\" class=\"alignnone wp-image-5982 size-full\" title=\"Jalea de konjac a granel Ar\u00e1ndano\" src=\"https:\/\/sentaiyuanbio.com\/wp-content\/uploads\/2026\/03\/Konjac-Jelly-Bulk-Blueberry-2.webp\" alt=\"Jalea de konjac a granel Ar\u00e1ndano\" width=\"750\" height=\"621\" srcset=\"https:\/\/sentaiyuanbio.com\/wp-content\/uploads\/2026\/03\/Konjac-Jelly-Bulk-Blueberry-2.webp 750w, https:\/\/sentaiyuanbio.com\/wp-content\/uploads\/2026\/03\/Konjac-Jelly-Bulk-Blueberry-2-300x248.webp 300w, https:\/\/sentaiyuanbio.com\/wp-content\/uploads\/2026\/03\/Konjac-Jelly-Bulk-Blueberry-2-14x12.webp 14w, https:\/\/sentaiyuanbio.com\/wp-content\/uploads\/2026\/03\/Konjac-Jelly-Bulk-Blueberry-2-600x497.webp 600w\" sizes=\"(max-width: 750px) 100vw, 750px\" \/><br \/>\n<img decoding=\"async\" class=\"alignnone wp-image-5983 size-full\" title=\"Jalea de konjac a granel Ar\u00e1ndano\" src=\"https:\/\/sentaiyuanbio.com\/wp-content\/uploads\/2026\/03\/Konjac-Jelly-Bulk-Blueberry-3.webp\" alt=\"Jalea de konjac a granel Ar\u00e1ndano\" width=\"750\" height=\"620\" srcset=\"https:\/\/sentaiyuanbio.com\/wp-content\/uploads\/2026\/03\/Konjac-Jelly-Bulk-Blueberry-3.webp 750w, https:\/\/sentaiyuanbio.com\/wp-content\/uploads\/2026\/03\/Konjac-Jelly-Bulk-Blueberry-3-300x248.webp 300w, https:\/\/sentaiyuanbio.com\/wp-content\/uploads\/2026\/03\/Konjac-Jelly-Bulk-Blueberry-3-15x12.webp 15w, https:\/\/sentaiyuanbio.com\/wp-content\/uploads\/2026\/03\/Konjac-Jelly-Bulk-Blueberry-3-600x496.webp 600w\" sizes=\"(max-width: 750px) 100vw, 750px\" \/><br \/>\n<img loading=\"lazy\" decoding=\"async\" class=\"alignnone wp-image-5980 size-full\" title=\"Jalea de konjac a granel Ar\u00e1ndano\" src=\"https:\/\/sentaiyuanbio.com\/wp-content\/uploads\/2026\/03\/Konjac-Jelly-Bulk-Blueberry-4.webp\" alt=\"Jalea de konjac a granel Ar\u00e1ndano\" width=\"750\" height=\"557\" srcset=\"https:\/\/sentaiyuanbio.com\/wp-content\/uploads\/2026\/03\/Konjac-Jelly-Bulk-Blueberry-4.webp 750w, https:\/\/sentaiyuanbio.com\/wp-content\/uploads\/2026\/03\/Konjac-Jelly-Bulk-Blueberry-4-300x223.webp 300w, https:\/\/sentaiyuanbio.com\/wp-content\/uploads\/2026\/03\/Konjac-Jelly-Bulk-Blueberry-4-16x12.webp 16w, https:\/\/sentaiyuanbio.com\/wp-content\/uploads\/2026\/03\/Konjac-Jelly-Bulk-Blueberry-4-600x446.webp 600w\" sizes=\"(max-width: 750px) 100vw, 750px\" \/><br \/>\n<img loading=\"lazy\" decoding=\"async\" class=\"alignnone wp-image-5981 size-full\" title=\"Jalea de konjac a granel Ar\u00e1ndano\" src=\"https:\/\/sentaiyuanbio.com\/wp-content\/uploads\/2026\/03\/Konjac-Jelly-Bulk-Blueberry-5.webp\" alt=\"Jalea de konjac a granel Ar\u00e1ndano\" width=\"750\" height=\"555\" srcset=\"https:\/\/sentaiyuanbio.com\/wp-content\/uploads\/2026\/03\/Konjac-Jelly-Bulk-Blueberry-5.webp 750w, https:\/\/sentaiyuanbio.com\/wp-content\/uploads\/2026\/03\/Konjac-Jelly-Bulk-Blueberry-5-300x222.webp 300w, https:\/\/sentaiyuanbio.com\/wp-content\/uploads\/2026\/03\/Konjac-Jelly-Bulk-Blueberry-5-16x12.webp 16w, https:\/\/sentaiyuanbio.com\/wp-content\/uploads\/2026\/03\/Konjac-Jelly-Bulk-Blueberry-5-600x444.webp 600w\" sizes=\"(max-width: 750px) 100vw, 750px\" \/><\/p>","protected":false},"excerpt":{"rendered":"<p>M\u00e1s all\u00e1 de su delicioso sabor, esta jalea de konjac y ar\u00e1ndanos es una fuente de beneficios para la salud dise\u00f1ada para fortalecer el organismo desde el interior.<\/p>\n<p>Naturalmente rica en fibra soluble, ayuda a la digesti\u00f3n y estimula el metabolismo manteniendo un perfil sin carbohidratos que encaja perfectamente en cualquier plan de control de peso. Tambi\u00e9n hemos mejorado la f\u00f3rmula con vitamina C para reforzar la salud inmunitaria.<\/p>","protected":false},"featured_media":5976,"template":"","meta":{"site-sidebar-layout":"default","site-content-layout":"","ast-site-content-layout":"default","site-content-style":"default","site-sidebar-style":"default","ast-global-header-display":"","ast-banner-title-visibility":"","ast-main-header-display":"","ast-hfb-above-header-display":"","ast-hfb-below-header-display":"","ast-hfb-mobile-header-display":"","site-post-title":"","ast-breadcrumbs-content":"","ast-featured-img":"","footer-sml-layout":"","ast-disable-related-posts":"","theme-transparent-header-meta":"default","adv-header-id-meta":"","stick-header-meta":"default","header-above-stick-meta":"","header-main-stick-meta":"","header-below-stick-meta":"","astra-migrate-meta-layouts":"set","ast-page-background-enabled":"default","ast-page-background-meta":{"desktop":{"background-color":"","background-image":"","background-repeat":"repeat","background-position":"center center","background-size":"auto","background-attachment":"scroll","background-type":"","background-media":"","overlay-type":"","overlay-color":"","overlay-opacity":"","overlay-gradient":""},"tablet":{"background-color":"","background-image":"","background-repeat":"repeat","background-position":"center center","background-size":"auto","background-attachment":"scroll","background-type":"","background-media":"","overlay-type":"","overlay-color":"","overlay-opacity":"","overlay-gradient":""},"mobile":{"background-color":"","background-image":"","background-repeat":"repeat","background-position":"center center","background-size":"auto","background-attachment":"scroll","background-type":"","background-media":"","overlay-type":"","overlay-color":"","overlay-opacity":"","overlay-gradient":""}},"ast-content-background-meta":{"desktop":{"background-color":"var(--ast-global-color-5)","background-image":"","background-repeat":"repeat","background-position":"center center","background-size":"auto","background-attachment":"scroll","background-type":"","background-media":"","overlay-type":"","overlay-color":"","overlay-opacity":"","overlay-gradient":""},"tablet":{"background-color":"var(--ast-global-color-5)","background-image":"","background-repeat":"repeat","background-position":"center center","background-size":"auto","background-attachment":"scroll","background-type":"","background-media":"","overlay-type":"","overlay-color":"","overlay-opacity":"","overlay-gradient":""},"mobile":{"background-color":"var(--ast-global-color-5)","background-image":"","background-repeat":"repeat","background-position":"center center","background-size":"auto","background-attachment":"scroll","background-type":"","background-media":"","overlay-type":"","overlay-color":"","overlay-opacity":"","overlay-gradient":""}}},"product_brand":[],"product_cat":[52],"product_tag":[],"class_list":{"0":"post-5973","1":"product","2":"type-product","3":"status-publish","4":"has-post-thumbnail","6":"product_cat-konjac-powder-jelly","7":"desktop-align-left","8":"tablet-align-left","9":"mobile-align-left","10":"ast-product-gallery-layout-horizontal-slider","11":"ast-product-tabs-layout-horizontal","13":"first","14":"instock","15":"shipping-taxable","16":"product-type-simple"},"_links":{"self":[{"href":"https:\/\/sentaiyuanbio.com\/es\/wp-json\/wp\/v2\/product\/5973","targetHints":{"allow":["GET"]}}],"collection":[{"href":"https:\/\/sentaiyuanbio.com\/es\/wp-json\/wp\/v2\/product"}],"about":[{"href":"https:\/\/sentaiyuanbio.com\/es\/wp-json\/wp\/v2\/types\/product"}],"version-history":[{"count":3,"href":"https:\/\/sentaiyuanbio.com\/es\/wp-json\/wp\/v2\/product\/5973\/revisions"}],"predecessor-version":[{"id":5987,"href":"https:\/\/sentaiyuanbio.com\/es\/wp-json\/wp\/v2\/product\/5973\/revisions\/5987"}],"wp:featuredmedia":[{"embeddable":true,"href":"https:\/\/sentaiyuanbio.com\/es\/wp-json\/wp\/v2\/media\/5976"}],"wp:attachment":[{"href":"https:\/\/sentaiyuanbio.com\/es\/wp-json\/wp\/v2\/media?parent=5973"}],"wp:term":[{"taxonomy":"product_brand","embeddable":true,"href":"https:\/\/sentaiyuanbio.com\/es\/wp-json\/wp\/v2\/product_brand?post=5973"},{"taxonomy":"product_cat","embeddable":true,"href":"https:\/\/sentaiyuanbio.com\/es\/wp-json\/wp\/v2\/product_cat?post=5973"},{"taxonomy":"product_tag","embeddable":true,"href":"https:\/\/sentaiyuanbio.com\/es\/wp-json\/wp\/v2\/product_tag?post=5973"}],"curies":[{"name":"wp","href":"https:\/\/api.w.org\/{rel}","templated":true}]}}