{"id":6233,"date":"2026-05-12T07:25:24","date_gmt":"2026-05-12T07:25:24","guid":{"rendered":"https:\/\/sentaiyuanbio.com\/"},"modified":"2026-05-12T07:27:02","modified_gmt":"2026-05-12T07:27:02","slug":"ramen-udon-rico-en-proteinas-sabor-ternera","status":"publish","type":"product","link":"https:\/\/sentaiyuanbio.com\/es\/producto\/ramen-udon-rico-en-proteinas-sabor-ternera\/","title":{"rendered":"Udon Ramen con alto contenido prote\u00ednico sabor a ternera"},"content":{"rendered":"<h2>Udon Ramen con alto contenido prote\u00ednico sabor a ternera Informaci\u00f3n nutricional<\/h2>\n<p><strong>Condimento Sabor Carne de Vacuno:<\/strong> Sal, glutamato monos\u00f3dico, az\u00facar, chile en polvo, mezcla de aromas de carne de vacuno (sal, extracto de levadura, maltodextrina, 5\u2032-ribonucle\u00f3tidos dis\u00f3dicos, aroma artificial de carne de vacuno, di\u00f3xido de silicio), salsa de soja en polvo (salsa de soja elaborada (agua, soja, trigo, sal), maltodextrina, sal, colorante caramelo, glutamato monos\u00f3dico, 5\u2032-ribonucle\u00f3tidos dis\u00f3dicos), especias, almid\u00f3n de ma\u00edz, 5\u2032-ribonucle\u00f3tidos dis\u00f3dicos, colorante caramelo, extracto de levadura, goma guar, succinato dis\u00f3dico, aceite de s\u00e9samo.<\/p>\n<table border=\"1\" cellspacing=\"1\">\n<tbody>\n<tr>\n<td align=\"center\" width=\"284\"><b>Energ\u00eda<\/b><\/td>\n<td align=\"center\" width=\"284\">210kcal<\/td>\n<\/tr>\n<tr>\n<td align=\"center\" width=\"284\"><b>Grasa total<\/b><\/td>\n<td align=\"center\" width=\"284\">1g<\/td>\n<\/tr>\n<tr>\n<td align=\"center\" width=\"284\"><b>Sodio<\/b><\/td>\n<td align=\"center\" width=\"284\">780 mg<\/td>\n<\/tr>\n<tr>\n<td align=\"center\" width=\"284\"><b>Carbohidratos totales<\/b><\/td>\n<td align=\"center\" width=\"284\">28g<\/td>\n<\/tr>\n<tr>\n<td align=\"center\" width=\"284\"><b>Fibra alimentaria<\/b><\/td>\n<td align=\"center\" width=\"284\">3g<\/td>\n<\/tr>\n<tr>\n<td align=\"center\" width=\"284\"><b>Az\u00facar total<\/b><\/td>\n<td align=\"center\" width=\"284\">1g<\/td>\n<\/tr>\n<tr>\n<td align=\"center\" width=\"284\"><b>Prote\u00edna<\/b><\/td>\n<td align=\"center\" width=\"284\">22g<\/td>\n<\/tr>\n<\/tbody>\n<\/table>\n<p><img fetchpriority=\"high\" decoding=\"async\" class=\"alignnone wp-image-6237 size-full\" title=\"Udon Ramen alto en prote\u00ednas sabor ternera, ramen proteico vegano\" src=\"https:\/\/sentaiyuanbio.com\/wp-content\/uploads\/2026\/05\/Udon-Ramen-Beef-3.webp\" alt=\"Udon Ramen alto en prote\u00ednas sabor ternera, ramen proteico vegano\" width=\"1000\" height=\"1000\" srcset=\"https:\/\/sentaiyuanbio.com\/wp-content\/uploads\/2026\/05\/Udon-Ramen-Beef-3.webp 1000w, https:\/\/sentaiyuanbio.com\/wp-content\/uploads\/2026\/05\/Udon-Ramen-Beef-3-300x300.webp 300w, https:\/\/sentaiyuanbio.com\/wp-content\/uploads\/2026\/05\/Udon-Ramen-Beef-3-150x150.webp 150w, https:\/\/sentaiyuanbio.com\/wp-content\/uploads\/2026\/05\/Udon-Ramen-Beef-3-768x768.webp 768w, https:\/\/sentaiyuanbio.com\/wp-content\/uploads\/2026\/05\/Udon-Ramen-Beef-3-12x12.webp 12w, https:\/\/sentaiyuanbio.com\/wp-content\/uploads\/2026\/05\/Udon-Ramen-Beef-3-600x600.webp 600w, https:\/\/sentaiyuanbio.com\/wp-content\/uploads\/2026\/05\/Udon-Ramen-Beef-3-100x100.webp 100w\" sizes=\"(max-width: 1000px) 100vw, 1000px\" \/><\/p>\n<h2>Caracter\u00edsticas del ramen bajo en calor\u00edas y rico en prote\u00ednas<\/h2>\n<p><img decoding=\"async\" class=\"alignnone wp-image-6238 size-full\" title=\"Fabricante de ramen prote\u00ednico vegano\" src=\"https:\/\/sentaiyuanbio.com\/wp-content\/uploads\/2026\/05\/Udon-Ramen-Beef-4.webp\" alt=\"Fabricante de ramen prote\u00ednico vegano\" width=\"1000\" height=\"1000\" srcset=\"https:\/\/sentaiyuanbio.com\/wp-content\/uploads\/2026\/05\/Udon-Ramen-Beef-4.webp 1000w, https:\/\/sentaiyuanbio.com\/wp-content\/uploads\/2026\/05\/Udon-Ramen-Beef-4-300x300.webp 300w, https:\/\/sentaiyuanbio.com\/wp-content\/uploads\/2026\/05\/Udon-Ramen-Beef-4-150x150.webp 150w, https:\/\/sentaiyuanbio.com\/wp-content\/uploads\/2026\/05\/Udon-Ramen-Beef-4-768x768.webp 768w, https:\/\/sentaiyuanbio.com\/wp-content\/uploads\/2026\/05\/Udon-Ramen-Beef-4-12x12.webp 12w, https:\/\/sentaiyuanbio.com\/wp-content\/uploads\/2026\/05\/Udon-Ramen-Beef-4-600x600.webp 600w, https:\/\/sentaiyuanbio.com\/wp-content\/uploads\/2026\/05\/Udon-Ramen-Beef-4-100x100.webp 100w\" sizes=\"(max-width: 1000px) 100vw, 1000px\" \/><\/p>\n<h2>En comparaci\u00f3n con los fideos normales<\/h2>\n<p><img decoding=\"async\" class=\"alignnone wp-image-6243 size-full\" title=\"Fabricante de ramen prote\u00ednico vegano\" src=\"https:\/\/sentaiyuanbio.com\/wp-content\/uploads\/2026\/05\/Udon-Ramen-Beef_1.webp\" alt=\"Fabricante de ramen prote\u00ednico vegano\" width=\"750\" height=\"661\" srcset=\"https:\/\/sentaiyuanbio.com\/wp-content\/uploads\/2026\/05\/Udon-Ramen-Beef_1.webp 750w, https:\/\/sentaiyuanbio.com\/wp-content\/uploads\/2026\/05\/Udon-Ramen-Beef_1-300x264.webp 300w, https:\/\/sentaiyuanbio.com\/wp-content\/uploads\/2026\/05\/Udon-Ramen-Beef_1-14x12.webp 14w, https:\/\/sentaiyuanbio.com\/wp-content\/uploads\/2026\/05\/Udon-Ramen-Beef_1-600x529.webp 600w\" sizes=\"(max-width: 750px) 100vw, 750px\" \/> <img loading=\"lazy\" decoding=\"async\" class=\"alignnone wp-image-6244 size-full\" title=\"Fabricante de ramen prote\u00ednico vegano\" src=\"https:\/\/sentaiyuanbio.com\/wp-content\/uploads\/2026\/05\/Udon-Ramen-Beef_2.webp\" alt=\"Fabricante de ramen prote\u00ednico vegano\" width=\"750\" height=\"592\" srcset=\"https:\/\/sentaiyuanbio.com\/wp-content\/uploads\/2026\/05\/Udon-Ramen-Beef_2.webp 750w, https:\/\/sentaiyuanbio.com\/wp-content\/uploads\/2026\/05\/Udon-Ramen-Beef_2-300x237.webp 300w, https:\/\/sentaiyuanbio.com\/wp-content\/uploads\/2026\/05\/Udon-Ramen-Beef_2-15x12.webp 15w, https:\/\/sentaiyuanbio.com\/wp-content\/uploads\/2026\/05\/Udon-Ramen-Beef_2-600x474.webp 600w\" sizes=\"(max-width: 750px) 100vw, 750px\" \/> <img loading=\"lazy\" decoding=\"async\" class=\"alignnone wp-image-6245 size-full\" title=\"Fabricante de ramen prote\u00ednico vegano\" src=\"https:\/\/sentaiyuanbio.com\/wp-content\/uploads\/2026\/05\/Udon-Ramen-Beef_3.webp\" alt=\"Fabricante de ramen prote\u00ednico vegano\" width=\"750\" height=\"549\" srcset=\"https:\/\/sentaiyuanbio.com\/wp-content\/uploads\/2026\/05\/Udon-Ramen-Beef_3.webp 750w, https:\/\/sentaiyuanbio.com\/wp-content\/uploads\/2026\/05\/Udon-Ramen-Beef_3-300x220.webp 300w, https:\/\/sentaiyuanbio.com\/wp-content\/uploads\/2026\/05\/Udon-Ramen-Beef_3-16x12.webp 16w, https:\/\/sentaiyuanbio.com\/wp-content\/uploads\/2026\/05\/Udon-Ramen-Beef_3-600x439.webp 600w\" sizes=\"(max-width: 750px) 100vw, 750px\" \/> <img loading=\"lazy\" decoding=\"async\" class=\"alignnone wp-image-6246 size-full\" title=\"Fabricante de ramen prote\u00ednico vegano\" src=\"https:\/\/sentaiyuanbio.com\/wp-content\/uploads\/2026\/05\/Udon-Ramen-Beef_4.webp\" alt=\"Fabricante de ramen prote\u00ednico vegano\" width=\"750\" height=\"612\" srcset=\"https:\/\/sentaiyuanbio.com\/wp-content\/uploads\/2026\/05\/Udon-Ramen-Beef_4.webp 750w, https:\/\/sentaiyuanbio.com\/wp-content\/uploads\/2026\/05\/Udon-Ramen-Beef_4-300x245.webp 300w, https:\/\/sentaiyuanbio.com\/wp-content\/uploads\/2026\/05\/Udon-Ramen-Beef_4-15x12.webp 15w, https:\/\/sentaiyuanbio.com\/wp-content\/uploads\/2026\/05\/Udon-Ramen-Beef_4-600x490.webp 600w\" sizes=\"(max-width: 750px) 100vw, 750px\" \/> <img loading=\"lazy\" decoding=\"async\" class=\"alignnone wp-image-6247 size-full\" title=\"Fabricante de ramen prote\u00ednico vegano\" src=\"https:\/\/sentaiyuanbio.com\/wp-content\/uploads\/2026\/05\/Udon-Ramen-Beef_5.webp\" alt=\"Fabricante de ramen prote\u00ednico vegano\" width=\"750\" height=\"593\" srcset=\"https:\/\/sentaiyuanbio.com\/wp-content\/uploads\/2026\/05\/Udon-Ramen-Beef_5.webp 750w, https:\/\/sentaiyuanbio.com\/wp-content\/uploads\/2026\/05\/Udon-Ramen-Beef_5-300x237.webp 300w, https:\/\/sentaiyuanbio.com\/wp-content\/uploads\/2026\/05\/Udon-Ramen-Beef_5-15x12.webp 15w, https:\/\/sentaiyuanbio.com\/wp-content\/uploads\/2026\/05\/Udon-Ramen-Beef_5-600x474.webp 600w\" sizes=\"(max-width: 750px) 100vw, 750px\" \/> <img loading=\"lazy\" decoding=\"async\" class=\"alignnone wp-image-6248 size-full\" title=\"Fabricante de ramen prote\u00ednico vegano\" src=\"https:\/\/sentaiyuanbio.com\/wp-content\/uploads\/2026\/05\/Udon-Ramen-Beef_6.webp\" alt=\"Fabricante de ramen prote\u00ednico vegano\" width=\"750\" height=\"615\" srcset=\"https:\/\/sentaiyuanbio.com\/wp-content\/uploads\/2026\/05\/Udon-Ramen-Beef_6.webp 750w, https:\/\/sentaiyuanbio.com\/wp-content\/uploads\/2026\/05\/Udon-Ramen-Beef_6-300x246.webp 300w, https:\/\/sentaiyuanbio.com\/wp-content\/uploads\/2026\/05\/Udon-Ramen-Beef_6-15x12.webp 15w, https:\/\/sentaiyuanbio.com\/wp-content\/uploads\/2026\/05\/Udon-Ramen-Beef_6-600x492.webp 600w\" sizes=\"(max-width: 750px) 100vw, 750px\" \/> <img loading=\"lazy\" decoding=\"async\" class=\"alignnone wp-image-6249 size-full\" title=\"Fabricante de ramen prote\u00ednico vegano\" src=\"https:\/\/sentaiyuanbio.com\/wp-content\/uploads\/2026\/05\/Udon-Ramen-Beef_7.webp\" alt=\"Fabricante de ramen prote\u00ednico vegano\" width=\"750\" height=\"600\" srcset=\"https:\/\/sentaiyuanbio.com\/wp-content\/uploads\/2026\/05\/Udon-Ramen-Beef_7.webp 750w, https:\/\/sentaiyuanbio.com\/wp-content\/uploads\/2026\/05\/Udon-Ramen-Beef_7-300x240.webp 300w, https:\/\/sentaiyuanbio.com\/wp-content\/uploads\/2026\/05\/Udon-Ramen-Beef_7-15x12.webp 15w, https:\/\/sentaiyuanbio.com\/wp-content\/uploads\/2026\/05\/Udon-Ramen-Beef_7-600x480.webp 600w\" sizes=\"(max-width: 750px) 100vw, 750px\" \/><\/p>","protected":false},"excerpt":{"rendered":"<p><strong>Udon Ramen de alto contenido prote\u00ednico con sabor a carne de vacuno Ingredientes<\/strong>: Gluten Vital de Trigo, Harina de Trigo, Prote\u00edna de Guisante, Almid\u00f3n de Tapioca, Fibra de Guisante, F\u00e9cula de Patata, Harina Glutinosa de Arroz, Goma Xantana, Harina de Konjac, Sal, Carbonato S\u00f3dico.<\/p>\n<p><strong>Verduras:<\/strong> Zanahoria deshidratada, cebolla verde deshidratada.<\/p>\n<p><strong>Informaci\u00f3n sobre al\u00e9rgenos:<\/strong> Contiene trigo, soja y s\u00e9samo.<\/p>","protected":false},"featured_media":6241,"template":"","meta":{"site-sidebar-layout":"default","site-content-layout":"","ast-site-content-layout":"default","site-content-style":"default","site-sidebar-style":"default","ast-global-header-display":"","ast-banner-title-visibility":"","ast-main-header-display":"","ast-hfb-above-header-display":"","ast-hfb-below-header-display":"","ast-hfb-mobile-header-display":"","site-post-title":"","ast-breadcrumbs-content":"","ast-featured-img":"","footer-sml-layout":"","ast-disable-related-posts":"","theme-transparent-header-meta":"default","adv-header-id-meta":"","stick-header-meta":"default","header-above-stick-meta":"","header-main-stick-meta":"","header-below-stick-meta":"","astra-migrate-meta-layouts":"set","ast-page-background-enabled":"default","ast-page-background-meta":{"desktop":{"background-color":"","background-image":"","background-repeat":"repeat","background-position":"center center","background-size":"auto","background-attachment":"scroll","background-type":"","background-media":"","overlay-type":"","overlay-color":"","overlay-opacity":"","overlay-gradient":""},"tablet":{"background-color":"","background-image":"","background-repeat":"repeat","background-position":"center center","background-size":"auto","background-attachment":"scroll","background-type":"","background-media":"","overlay-type":"","overlay-color":"","overlay-opacity":"","overlay-gradient":""},"mobile":{"background-color":"","background-image":"","background-repeat":"repeat","background-position":"center center","background-size":"auto","background-attachment":"scroll","background-type":"","background-media":"","overlay-type":"","overlay-color":"","overlay-opacity":"","overlay-gradient":""}},"ast-content-background-meta":{"desktop":{"background-color":"var(--ast-global-color-5)","background-image":"","background-repeat":"repeat","background-position":"center center","background-size":"auto","background-attachment":"scroll","background-type":"","background-media":"","overlay-type":"","overlay-color":"","overlay-opacity":"","overlay-gradient":""},"tablet":{"background-color":"var(--ast-global-color-5)","background-image":"","background-repeat":"repeat","background-position":"center center","background-size":"auto","background-attachment":"scroll","background-type":"","background-media":"","overlay-type":"","overlay-color":"","overlay-opacity":"","overlay-gradient":""},"mobile":{"background-color":"var(--ast-global-color-5)","background-image":"","background-repeat":"repeat","background-position":"center center","background-size":"auto","background-attachment":"scroll","background-type":"","background-media":"","overlay-type":"","overlay-color":"","overlay-opacity":"","overlay-gradient":""}}},"product_brand":[],"product_cat":[255],"product_tag":[],"class_list":{"0":"post-6233","1":"product","2":"type-product","3":"status-publish","4":"has-post-thumbnail","6":"product_cat-high-protein-udon-noodles","7":"desktop-align-left","8":"tablet-align-left","9":"mobile-align-left","10":"ast-product-gallery-layout-horizontal-slider","11":"ast-product-tabs-layout-horizontal","13":"first","14":"instock","15":"shipping-taxable","16":"product-type-simple"},"_links":{"self":[{"href":"https:\/\/sentaiyuanbio.com\/es\/wp-json\/wp\/v2\/product\/6233","targetHints":{"allow":["GET"]}}],"collection":[{"href":"https:\/\/sentaiyuanbio.com\/es\/wp-json\/wp\/v2\/product"}],"about":[{"href":"https:\/\/sentaiyuanbio.com\/es\/wp-json\/wp\/v2\/types\/product"}],"version-history":[{"count":4,"href":"https:\/\/sentaiyuanbio.com\/es\/wp-json\/wp\/v2\/product\/6233\/revisions"}],"predecessor-version":[{"id":6253,"href":"https:\/\/sentaiyuanbio.com\/es\/wp-json\/wp\/v2\/product\/6233\/revisions\/6253"}],"wp:featuredmedia":[{"embeddable":true,"href":"https:\/\/sentaiyuanbio.com\/es\/wp-json\/wp\/v2\/media\/6241"}],"wp:attachment":[{"href":"https:\/\/sentaiyuanbio.com\/es\/wp-json\/wp\/v2\/media?parent=6233"}],"wp:term":[{"taxonomy":"product_brand","embeddable":true,"href":"https:\/\/sentaiyuanbio.com\/es\/wp-json\/wp\/v2\/product_brand?post=6233"},{"taxonomy":"product_cat","embeddable":true,"href":"https:\/\/sentaiyuanbio.com\/es\/wp-json\/wp\/v2\/product_cat?post=6233"},{"taxonomy":"product_tag","embeddable":true,"href":"https:\/\/sentaiyuanbio.com\/es\/wp-json\/wp\/v2\/product_tag?post=6233"}],"curies":[{"name":"wp","href":"https:\/\/api.w.org\/{rel}","templated":true}]}}