{"id":1364,"date":"2024-05-06T06:24:37","date_gmt":"2024-05-06T06:24:37","guid":{"rendered":"https:\/\/sentaiyuanbio.com\/?post_type=product&#038;p=1364"},"modified":"2026-04-20T08:22:36","modified_gmt":"2026-04-20T08:22:36","slug":"spaghetti-konjac-pates-hypocaloriques-shirataki-bio","status":"publish","type":"product","link":"https:\/\/sentaiyuanbio.com\/fr\/produit\/spaghetti-konjac-pates-hypocaloriques-shirataki-bio\/","title":{"rendered":"Spaghetti de Konjac bio, fabricant de p\u00e2tes Shirataki"},"content":{"rendered":"<p class=\"translation-block\">Les fibres v\u00e9g\u00e9tales naturelles contenues dans les spaghettis de Konjac ne se contentent pas de calmer votre faim, elles vous aident \u00e9galement \u00e0 perdre du poids. Que vous cherchiez \u00e0 perdre du poids sans avoir faim ou que vous soyez <a href=\"https:\/\/www.who.int\/news-room\/fact-sheets\/detail\/diabetes\" target=\"_blank\" rel=\"noopener\">Diab\u00e9tique<\/a> \u00e0 la recherche d'une alternative aux nouilles sans sucre et sans glucides, <a href=\"https:\/\/sentaiyuanbio.com\/fr\/konjac\/\" target=\"_blank\" rel=\"noopener\">Konjac<\/a> est une alternative id\u00e9ale pour tous ceux qui veulent \u00eatre beaux et le rester, sans culpabilit\u00e9 !<\/p>\n<h2><strong>Fonctions des spaghettis de Konjac :<\/strong><\/h2>\n<p>D\u00e9sintoxication, r\u00e9gime alimentaire, d\u00e9f\u00e9cation, nettoyage de l'estomac, pr\u00e9vention des maladies, pr\u00e9vention du diab\u00e8te, \u00e9quilibre en sel, suppl\u00e9ment de calcium, pr\u00e9vention du cancer.<\/p>\n<h2><strong>Sp\u00e9cifications des spaghettis de konjac :<\/strong><\/h2>\n<p>Diam\u00e8tre : 1,8-2,5 mm<\/p>\n<p>Longueur : 10-20cm<\/p>\n<p>Stockage : Stocker dans un endroit frais et sec. A l'abri de la lumi\u00e8re et de la chaleur.<\/p>\n<p>Capacit\u00e9 d'approvisionnement : 3000X20HQ\/an<\/p>\n<p>Dur\u00e9e de conservation : 1 an en cas de stockage ad\u00e9quat.<\/p>\n<h2><strong>Valeurs nutritives<\/strong><\/h2>\n<table class=\"aliDataTable\" style=\"width: 293px;\">\n<tbody>\n<tr align=\"left\">\n<td style=\"font-style: normal; width: 130.5pt; color: #000000; font-size: 10pt;\"><span style=\"font-family: georgia, palatino; font-size: 16px;\">Taille de la portion<\/span><\/td>\n<td style=\"font-style: normal; width: 89.25pt; color: #000000; font-size: 10pt;\"><span style=\"font-family: georgia, palatino; color: #3366ff; font-size: 16px;\">100g<\/span><\/td>\n<\/tr>\n<tr align=\"left\">\n<td style=\"font-style: normal; color: #000000; font-size: 10pt;\"><span style=\"font-family: georgia, palatino; font-size: 16px;\">L'\u00e9nergie<\/span><\/td>\n<td style=\"font-style: normal; color: #000000; font-size: 10pt;\"><span style=\"font-family: georgia, palatino; color: #3366ff; font-size: 16px;\">6 kcal<\/span><\/td>\n<\/tr>\n<tr align=\"left\">\n<td style=\"font-style: normal; color: #000000; font-size: 10pt;\"><span style=\"font-family: georgia, palatino; font-size: 16px;\">Prot\u00e9ines<\/span><\/td>\n<td style=\"font-style: normal; color: #000000; font-size: 10pt;\"><span style=\"font-family: georgia, palatino; color: #3366ff; font-size: 16px;\">&lt;0.5g<\/span><\/td>\n<\/tr>\n<tr align=\"left\">\n<td style=\"font-style: normal; color: #000000; font-size: 10pt;\"><span style=\"font-family: georgia, palatino; font-size: 16px;\">Graisses totales<\/span><\/td>\n<td style=\"font-style: normal; color: #000000; font-size: 10pt;\"><span style=\"font-family: georgia, palatino; color: #3366ff; font-size: 16px;\">&lt;0.5g<\/span><\/td>\n<\/tr>\n<tr align=\"left\">\n<td style=\"font-style: normal; color: #000000; font-size: 10pt;\"><span style=\"font-family: georgia, palatino; font-size: 16px;\">Acides gras satur\u00e9s<\/span><\/td>\n<td style=\"font-style: normal; color: #000000; font-size: 10pt;\"><span style=\"font-family: georgia, palatino; color: #3366ff; font-size: 16px;\">&lt;0.1g<\/span><\/td>\n<\/tr>\n<tr align=\"left\">\n<td style=\"font-style: normal; color: #000000; font-size: 10pt;\"><span style=\"font-family: georgia, palatino; font-size: 16px;\">Acides gras trans<\/span><\/td>\n<td style=\"font-style: normal; color: #000000; font-size: 10pt;\"><span style=\"font-family: georgia, palatino; color: #3366ff; font-size: 16px;\">&lt;0.1g<\/span><\/td>\n<\/tr>\n<tr align=\"left\">\n<td style=\"font-style: normal; color: #000000; font-size: 10pt;\"><span style=\"font-family: georgia, palatino; font-size: 16px;\">Glucides totaux<\/span><\/td>\n<td style=\"font-style: normal; color: #000000; font-size: 10pt;\"><span style=\"font-family: georgia, palatino; color: #3366ff; font-size: 16px;\">3.5g<\/span><\/td>\n<\/tr>\n<tr align=\"left\">\n<td style=\"font-style: normal; color: #000000; font-size: 10pt;\"><span style=\"font-family: georgia, palatino; font-size: 16px;\">Sucre<\/span><\/td>\n<td style=\"font-style: normal; color: #000000; font-size: 10pt;\"><span style=\"font-family: georgia, palatino; color: #3366ff; font-size: 16px;\">&lt;0.5g<\/span><\/td>\n<\/tr>\n<tr align=\"left\">\n<td style=\"font-style: normal; color: #000000; font-size: 10pt;\"><span style=\"font-family: georgia, palatino; font-size: 16px;\">Fibres alimentaires<\/span><\/td>\n<td style=\"font-style: normal; color: #000000; font-size: 10pt;\"><span style=\"font-family: georgia, palatino; color: #3366ff; font-size: 16px;\">3.0g<\/span><\/td>\n<\/tr>\n<tr align=\"left\">\n<td style=\"font-style: normal; color: #000000; font-size: 10pt;\"><span style=\"font-family: georgia, palatino; font-size: 16px;\">Sodium<\/span><\/td>\n<td style=\"font-style: normal; color: #000000; font-size: 10pt;\"><span style=\"font-family: georgia, palatino; color: #3366ff; font-size: 16px;\">&lt;5mg<\/span><\/td>\n<\/tr>\n<\/tbody>\n<\/table>","protected":false},"excerpt":{"rendered":"<p>Les fibres v\u00e9g\u00e9tales naturelles contenues dans les spaghettis de Konjac apaisent votre faim et vous aident \u00e0 perdre du poids. Vous voulez perdre du poids sans avoir faim ?<\/p>","protected":false},"featured_media":3877,"template":"","meta":{"site-sidebar-layout":"default","site-content-layout":"","ast-site-content-layout":"default","site-content-style":"default","site-sidebar-style":"default","ast-global-header-display":"","ast-banner-title-visibility":"","ast-main-header-display":"","ast-hfb-above-header-display":"","ast-hfb-below-header-display":"","ast-hfb-mobile-header-display":"","site-post-title":"","ast-breadcrumbs-content":"","ast-featured-img":"","footer-sml-layout":"","ast-disable-related-posts":"","theme-transparent-header-meta":"default","adv-header-id-meta":"","stick-header-meta":"default","header-above-stick-meta":"","header-main-stick-meta":"","header-below-stick-meta":"","astra-migrate-meta-layouts":"set","ast-page-background-enabled":"default","ast-page-background-meta":{"desktop":{"background-color":"","background-image":"","background-repeat":"repeat","background-position":"center center","background-size":"auto","background-attachment":"scroll","background-type":"","background-media":"","overlay-type":"","overlay-color":"","overlay-opacity":"","overlay-gradient":""},"tablet":{"background-color":"","background-image":"","background-repeat":"repeat","background-position":"center center","background-size":"auto","background-attachment":"scroll","background-type":"","background-media":"","overlay-type":"","overlay-color":"","overlay-opacity":"","overlay-gradient":""},"mobile":{"background-color":"","background-image":"","background-repeat":"repeat","background-position":"center center","background-size":"auto","background-attachment":"scroll","background-type":"","background-media":"","overlay-type":"","overlay-color":"","overlay-opacity":"","overlay-gradient":""}},"ast-content-background-meta":{"desktop":{"background-color":"var(--ast-global-color-5)","background-image":"","background-repeat":"repeat","background-position":"center center","background-size":"auto","background-attachment":"scroll","background-type":"","background-media":"","overlay-type":"","overlay-color":"","overlay-opacity":"","overlay-gradient":""},"tablet":{"background-color":"var(--ast-global-color-5)","background-image":"","background-repeat":"repeat","background-position":"center center","background-size":"auto","background-attachment":"scroll","background-type":"","background-media":"","overlay-type":"","overlay-color":"","overlay-opacity":"","overlay-gradient":""},"mobile":{"background-color":"var(--ast-global-color-5)","background-image":"","background-repeat":"repeat","background-position":"center center","background-size":"auto","background-attachment":"scroll","background-type":"","background-media":"","overlay-type":"","overlay-color":"","overlay-opacity":"","overlay-gradient":""}}},"product_brand":[],"product_cat":[22],"product_tag":[29],"class_list":{"0":"post-1364","1":"product","2":"type-product","3":"status-publish","4":"has-post-thumbnail","6":"product_cat-konjac-pasta","7":"product_tag-konjac-spaghetti","8":"desktop-align-left","9":"tablet-align-left","10":"mobile-align-left","11":"ast-product-gallery-layout-horizontal-slider","12":"ast-product-tabs-layout-horizontal","14":"first","15":"instock","16":"shipping-taxable","17":"product-type-simple"},"_links":{"self":[{"href":"https:\/\/sentaiyuanbio.com\/fr\/wp-json\/wp\/v2\/product\/1364","targetHints":{"allow":["GET"]}}],"collection":[{"href":"https:\/\/sentaiyuanbio.com\/fr\/wp-json\/wp\/v2\/product"}],"about":[{"href":"https:\/\/sentaiyuanbio.com\/fr\/wp-json\/wp\/v2\/types\/product"}],"version-history":[{"count":1,"href":"https:\/\/sentaiyuanbio.com\/fr\/wp-json\/wp\/v2\/product\/1364\/revisions"}],"predecessor-version":[{"id":6158,"href":"https:\/\/sentaiyuanbio.com\/fr\/wp-json\/wp\/v2\/product\/1364\/revisions\/6158"}],"wp:featuredmedia":[{"embeddable":true,"href":"https:\/\/sentaiyuanbio.com\/fr\/wp-json\/wp\/v2\/media\/3877"}],"wp:attachment":[{"href":"https:\/\/sentaiyuanbio.com\/fr\/wp-json\/wp\/v2\/media?parent=1364"}],"wp:term":[{"taxonomy":"product_brand","embeddable":true,"href":"https:\/\/sentaiyuanbio.com\/fr\/wp-json\/wp\/v2\/product_brand?post=1364"},{"taxonomy":"product_cat","embeddable":true,"href":"https:\/\/sentaiyuanbio.com\/fr\/wp-json\/wp\/v2\/product_cat?post=1364"},{"taxonomy":"product_tag","embeddable":true,"href":"https:\/\/sentaiyuanbio.com\/fr\/wp-json\/wp\/v2\/product_tag?post=1364"}],"curies":[{"name":"wp","href":"https:\/\/api.w.org\/{rel}","templated":true}]}}