{"id":1367,"date":"2024-05-06T06:37:51","date_gmt":"2024-05-06T06:37:51","guid":{"rendered":"https:\/\/sentaiyuanbio.com\/?post_type=product&#038;p=1367"},"modified":"2025-02-24T07:20:05","modified_gmt":"2025-02-24T07:20:05","slug":"fettucine-de-konjac-shirataki","status":"publish","type":"product","link":"https:\/\/sentaiyuanbio.com\/fr\/produit\/fettucine-de-konjac-shirataki\/","title":{"rendered":"Fettuccine aux nouilles miracles, aliments di\u00e9t\u00e9tiques sans sucre"},"content":{"rendered":"<p class=\"translation-block\">Les nouilles miracles fettuccine sont fabriqu\u00e9es \u00e0 partir de fibres solubles naturelles - <a href=\"https:\/\/sentaiyuanbio.com\/fr\/produit\/glucomannane-de-racine-de-konjac\/\" target=\"_blank\" rel=\"noopener\">Glucomannane de konjac<\/a> (KGM) et d'eau, c'est un aliment naturel \u00e0 tr\u00e8s faible teneur en glucides et en glyc\u00e9mie, les p\u00e2tes de Konjac peuvent \u00eatre fabriqu\u00e9es dans de nombreux styles et formes diff\u00e9rents tels que les nouilles, toutes sortes de p\u00e2tes.<\/p>\n<p>Les fettuccine de nouilles miracles sont \u00e9galement appel\u00e9es nouilles shirataki ou nouilles konnyaku.<\/p>\n<p class=\"translation-block\">Les aliments miracles sont des g\u00e9latines blanches, presque transparentes, emball\u00e9es dans des sacs en plastique remplis d'eau. Ils se composent principalement de glucomannane de konjac <a href=\"https:\/\/hethstia.com\/soluble-and-insoluble-fiber-konjac-rice\/\" target=\"_blank\" rel=\"noopener\">fibres solubles<\/a> et sont tr\u00e8s peu glyc\u00e9miques, donc particuli\u00e8rement indiqu\u00e9s pour les personnes souffrant de diab\u00e8te.<\/p>\n<table class=\"aliDataTable\" style=\"width: 80%;\" border=\"1\">\n<tbody>\n<tr>\n<td style=\"text-align: center; background-color: #339d2f;\" colspan=\"2\" valign=\"top\"><span style=\"font-family: times new roman,times; color: #ffffff; font-size: 24px;\"><strong>Nouilles fettuccine Shirataki Valeur nutritive<\/strong><\/span><\/td>\n<\/tr>\n<tr>\n<td>Taille de la portion<\/td>\n<td>\u00a0\u00a0\u00a0\u00a0\u00a0\u00a0\u00a0\u00a0\u00a0\u00a0\u00a0\u00a0\u00a0\u00a0\u00a0\u00a0\u00a0\u00a0\u00a0 \u00a0\u00a0\u00a0100g<\/td>\n<\/tr>\n<tr>\n<td>L'\u00e9nergie<\/td>\n<td>\u00a0\u00a0\u00a0\u00a0\u00a0\u00a0\u00a0\u00a0\u00a0\u00a0\u00a0\u00a0\u00a0\u00a0\u00a0\u00a0\u00a0\u00a0\u00a0 6kcal\/100g<\/td>\n<\/tr>\n<tr>\n<td>Prot\u00e9ines<\/td>\n<td>\u00a0\u00a0\u00a0\u00a0\u00a0\u00a0\u00a0\u00a0\u00a0\u00a0\u00a0\u00a0\u00a0\u00a0\u00a0\u00a0\u00a0\u00a0\u00a0 &lt;0,5g\/100g<\/td>\n<\/tr>\n<tr>\n<td>Graisses totales<\/td>\n<td>\u00a0\u00a0\u00a0\u00a0\u00a0\u00a0\u00a0\u00a0\u00a0\u00a0\u00a0\u00a0\u00a0\u00a0\u00a0\u00a0\u00a0\u00a0\u00a0 &lt;0,5g\/100g<\/td>\n<\/tr>\n<tr>\n<td>Acides gras satur\u00e9s<\/td>\n<td>\u00a0\u00a0\u00a0\u00a0\u00a0\u00a0\u00a0\u00a0\u00a0\u00a0\u00a0\u00a0\u00a0\u00a0\u00a0\u00a0\u00a0\u00a0\u00a0 &lt;0,1g\/100g<\/td>\n<\/tr>\n<tr>\n<td>Acides gras trans<\/td>\n<td>\u00a0\u00a0\u00a0\u00a0\u00a0\u00a0\u00a0\u00a0\u00a0\u00a0\u00a0\u00a0\u00a0\u00a0\u00a0\u00a0\u00a0\u00a0\u00a0 &lt;0,1g\/100g<\/td>\n<\/tr>\n<tr>\n<td>Glucides totaux<\/td>\n<td>\u00a0\u00a0\u00a0\u00a0\u00a0\u00a0\u00a0\u00a0\u00a0\u00a0\u00a0\u00a0\u00a0\u00a0\u00a0\u00a0\u00a0\u00a0\u00a0 3,5g\/100g<\/td>\n<\/tr>\n<tr>\n<td>Sucre<\/td>\n<td>\u00a0\u00a0\u00a0\u00a0\u00a0\u00a0\u00a0\u00a0\u00a0\u00a0\u00a0\u00a0\u00a0\u00a0\u00a0\u00a0\u00a0\u00a0\u00a0 &lt;0,5g\/100g<\/td>\n<\/tr>\n<tr>\n<td>Fibres alimentaires<\/td>\n<td>\u00a0\u00a0\u00a0\u00a0\u00a0\u00a0\u00a0\u00a0\u00a0\u00a0\u00a0\u00a0\u00a0\u00a0\u00a0\u00a0\u00a0\u00a0\u00a0\u00a0 3,0g\/100g<\/td>\n<\/tr>\n<tr>\n<td>Sodium<\/td>\n<td>\u00a0\u00a0\u00a0\u00a0\u00a0\u00a0\u00a0\u00a0\u00a0\u00a0\u00a0\u00a0\u00a0\u00a0\u00a0\u00a0\u00a0\u00a0\u00a0\u00a0&lt;5mg\/100g<\/td>\n<\/tr>\n<\/tbody>\n<\/table>\n<p>&nbsp;<\/p>\n<h2>Comment pr\u00e9parer les fettucines aux nouilles miracles :<\/h2>\n<p>1. Vider l'eau du sachet.<\/p>\n<p>2. Bien rincer les p\u00e2tes de konjac sous l'eau courante ti\u00e8de et les \u00e9goutter.<\/p>\n<p>3. Cuire les p\u00e2tes au konjac dans de l'eau bouillante ou au micro-ondes pendant 3 \u00e0 5 minutes.<\/p>\n<p>4. Ajoutez \u00e0 la sauce pour p\u00e2tes, au saut\u00e9, \u00e0 la soupe ou \u00e0 la salade de votre choix, puis d\u00e9gustez !<\/p>\n<style>.embed-container { position: relative; padding-bottom: 56.25%; height: 0; overflow: hidden; max-width: 100%; } .embed-container iframe, .embed-container object, .embed-container embed { position: absolute; top: 0; left: 0; width: 100%; height: 100%; }<\/style>\n<div class=\"embed-container\"><iframe src=\"https:\/\/www.youtube.com\/embed\/NUjvaym7i74\" frameborder=\"0\" allowfullscreen=\"allowfullscreen\"><\/iframe><\/div>","protected":false},"excerpt":{"rendered":"<p>Les fettucines Miracle Noodle sont fabriqu\u00e9es \u00e0 partir de fibres solubles naturelles - le glucomannane de konjac (KGM) - et d'eau. Il s'agit d'un aliment naturel \u00e0 tr\u00e8s faible teneur en glucides et en glyc\u00e9mie.<\/p>","protected":false},"featured_media":3927,"template":"","meta":{"site-sidebar-layout":"default","site-content-layout":"","ast-site-content-layout":"default","site-content-style":"default","site-sidebar-style":"default","ast-global-header-display":"","ast-banner-title-visibility":"","ast-main-header-display":"","ast-hfb-above-header-display":"","ast-hfb-below-header-display":"","ast-hfb-mobile-header-display":"","site-post-title":"","ast-breadcrumbs-content":"","ast-featured-img":"","footer-sml-layout":"","ast-disable-related-posts":"","theme-transparent-header-meta":"default","adv-header-id-meta":"","stick-header-meta":"default","header-above-stick-meta":"","header-main-stick-meta":"","header-below-stick-meta":"","astra-migrate-meta-layouts":"set","ast-page-background-enabled":"default","ast-page-background-meta":{"desktop":{"background-color":"","background-image":"","background-repeat":"repeat","background-position":"center center","background-size":"auto","background-attachment":"scroll","background-type":"","background-media":"","overlay-type":"","overlay-color":"","overlay-opacity":"","overlay-gradient":""},"tablet":{"background-color":"","background-image":"","background-repeat":"repeat","background-position":"center center","background-size":"auto","background-attachment":"scroll","background-type":"","background-media":"","overlay-type":"","overlay-color":"","overlay-opacity":"","overlay-gradient":""},"mobile":{"background-color":"","background-image":"","background-repeat":"repeat","background-position":"center center","background-size":"auto","background-attachment":"scroll","background-type":"","background-media":"","overlay-type":"","overlay-color":"","overlay-opacity":"","overlay-gradient":""}},"ast-content-background-meta":{"desktop":{"background-color":"var(--ast-global-color-5)","background-image":"","background-repeat":"repeat","background-position":"center center","background-size":"auto","background-attachment":"scroll","background-type":"","background-media":"","overlay-type":"","overlay-color":"","overlay-opacity":"","overlay-gradient":""},"tablet":{"background-color":"var(--ast-global-color-5)","background-image":"","background-repeat":"repeat","background-position":"center center","background-size":"auto","background-attachment":"scroll","background-type":"","background-media":"","overlay-type":"","overlay-color":"","overlay-opacity":"","overlay-gradient":""},"mobile":{"background-color":"var(--ast-global-color-5)","background-image":"","background-repeat":"repeat","background-position":"center center","background-size":"auto","background-attachment":"scroll","background-type":"","background-media":"","overlay-type":"","overlay-color":"","overlay-opacity":"","overlay-gradient":""}}},"product_brand":[],"product_cat":[22],"product_tag":[31],"class_list":{"0":"post-1367","1":"product","2":"type-product","3":"status-publish","4":"has-post-thumbnail","6":"product_cat-konjac-pasta","7":"product_tag-konjac-fettuccine","8":"desktop-align-left","9":"tablet-align-left","10":"mobile-align-left","11":"ast-product-gallery-layout-horizontal-slider","12":"ast-product-tabs-layout-horizontal","14":"first","15":"instock","16":"shipping-taxable","17":"product-type-simple"},"_links":{"self":[{"href":"https:\/\/sentaiyuanbio.com\/fr\/wp-json\/wp\/v2\/product\/1367","targetHints":{"allow":["GET"]}}],"collection":[{"href":"https:\/\/sentaiyuanbio.com\/fr\/wp-json\/wp\/v2\/product"}],"about":[{"href":"https:\/\/sentaiyuanbio.com\/fr\/wp-json\/wp\/v2\/types\/product"}],"version-history":[{"count":0,"href":"https:\/\/sentaiyuanbio.com\/fr\/wp-json\/wp\/v2\/product\/1367\/revisions"}],"wp:featuredmedia":[{"embeddable":true,"href":"https:\/\/sentaiyuanbio.com\/fr\/wp-json\/wp\/v2\/media\/3927"}],"wp:attachment":[{"href":"https:\/\/sentaiyuanbio.com\/fr\/wp-json\/wp\/v2\/media?parent=1367"}],"wp:term":[{"taxonomy":"product_brand","embeddable":true,"href":"https:\/\/sentaiyuanbio.com\/fr\/wp-json\/wp\/v2\/product_brand?post=1367"},{"taxonomy":"product_cat","embeddable":true,"href":"https:\/\/sentaiyuanbio.com\/fr\/wp-json\/wp\/v2\/product_cat?post=1367"},{"taxonomy":"product_tag","embeddable":true,"href":"https:\/\/sentaiyuanbio.com\/fr\/wp-json\/wp\/v2\/product_tag?post=1367"}],"curies":[{"name":"wp","href":"https:\/\/api.w.org\/{rel}","templated":true}]}}