{"id":1375,"date":"2024-05-06T07:16:40","date_gmt":"2024-05-06T07:16:40","guid":{"rendered":"https:\/\/sentaiyuanbio.com\/?post_type=product&#038;p=1375"},"modified":"2025-02-27T01:43:32","modified_gmt":"2025-02-27T01:43:32","slug":"nouilles-udon-au-konjac-pur-sans-amidon","status":"publish","type":"product","link":"https:\/\/sentaiyuanbio.com\/fr\/produit\/nouilles-udon-au-konjac-pur-sans-amidon\/","title":{"rendered":"Nouilles udon de konjac, Nouilles de konjac pures sans amidon"},"content":{"rendered":"<h2>Nouilles Konjac Udon Description<\/h2>\n<p>Les nouilles de konjac sont parfois appel\u00e9es <a href=\"https:\/\/sentaiyuanbio.com\/fr\/product-category\/pates-au-konjac\/\" target=\"_blank\" rel=\"noopener\">nouilles shirataki<\/a>. Ils sont fabriqu\u00e9s \u00e0 partir de poudre de konjac, un l\u00e9gume-racine riche en amidon cultiv\u00e9 dans toute l'Asie.<\/p>\n<p>Les nouilles de konjac constituent l'ingr\u00e9dient principal des udon konjac. Les nouilles konjac udon sont un excellent accompagnement pour les soupes et les rago\u00fbts asiatiques.<\/p>\n<p>Les nouilles de konjac ont peu de go\u00fbt en elles-m\u00eames. Elles sont plus savoureuses lorsqu'elles sont utilis\u00e9es dans des soupes \u00e9pic\u00e9es, des currys et des saut\u00e9s. Elles peuvent \u00e9galement \u00eatre servies froides, avec de la sauce soja, du mirin et de la vinaigrette au gingembre.<\/p>\n<p>Les fibres v\u00e9g\u00e9tales naturelles contenues dans les nouilles de konjac comblent non seulement votre faim, mais vous aident \u00e9galement \u00e0 perdre du poids. Que vous souhaitiez perdre du poids sans avoir faim, ou que vous souhaitiez une alimentation \u00e9quilibr\u00e9e, les nouilles de konjac vous aideront \u00e0 perdre du poids. <a href=\"https:\/\/my.clevelandclinic.org\/health\/diseases\/7104-diabetes\" target=\"_blank\" rel=\"noopener\">Diab\u00e9tique<\/a> \u00e0 la recherche d'une alternative aux nouilles sans sucre et sans hydrates de carbone, le konjac est une alternative id\u00e9ale pour tous ceux qui veulent \u00eatre beaux et le rester, sans culpabilit\u00e9 !<\/p>\n<h2>Nouilles Konjac Udon Sp\u00e9cifications :<\/h2>\n<p>Diam\u00e8tre : 1,8-2,5 mm<\/p>\n<p>Longueur : 15-20cm<\/p>\n<p>Poids : 200g\/sac ou selon votre demande.<\/p>\n<p>Stockage : Stocker dans un endroit frais et sec. A l'abri de la lumi\u00e8re et de la chaleur.<\/p>\n<p>Capacit\u00e9 d'approvisionnement : 3000X20HQ\/an<\/p>\n<p>Dur\u00e9e de conservation : 1 an en cas de stockage ad\u00e9quat.<\/p>\n<h2>Donn\u00e9es nutritionnelles<\/h2>\n<p>Il y a environ 12 calories par 100 grammes de nouilles konjac udon.<\/p>\n<p>La teneur en glucides est de 1,7 gramme.<\/p>\n<p><strong>Faible teneur en calories<\/strong>: Les nouilles Konjac Udon ne contiennent que 12 calories par 100 g, ce qui convient aux personnes qui contr\u00f4lent leur apport calorique.<\/p>\n<p><strong>Tr\u00e8s rassasiant<\/strong>: Les nouilles konjac udon \u00e9tant d\u00e9pourvues de prot\u00e9ines et de graisses, elles peuvent augmenter la sati\u00e9t\u00e9, mais il faut veiller \u00e0 les associer \u00e0 d'autres aliments riches en nutriments, tels que les l\u00e9gumes et la viande, afin de garantir un r\u00e9gime alimentaire \u00e9quilibr\u00e9.<\/p>\n<table class=\"aliDataTable\" style=\"width: 293px;\">\n<tbody>\n<tr align=\"left\">\n<td style=\"font-style: normal; width: 130.5pt; color: #000000; font-size: 10pt;\"><span style=\"font-family: georgia, palatino; font-size: 16px;\">Taille de la portion<\/span><\/td>\n<td style=\"font-style: normal; width: 89.25pt; color: #000000; font-size: 10pt;\"><span style=\"font-family: georgia, palatino; color: #3366ff; font-size: 16px;\">100g<\/span><\/td>\n<\/tr>\n<tr align=\"left\">\n<td style=\"font-style: normal; color: #000000; font-size: 10pt;\"><span style=\"font-family: georgia, palatino; font-size: 16px;\">L'\u00e9nergie<\/span><\/td>\n<td style=\"font-style: normal; color: #000000; font-size: 10pt;\"><span style=\"font-family: georgia, palatino; color: #3366ff; font-size: 16px;\">6 kcal<\/span><\/td>\n<\/tr>\n<tr align=\"left\">\n<td style=\"font-style: normal; color: #000000; font-size: 10pt;\"><span style=\"font-family: georgia, palatino; font-size: 16px;\">Prot\u00e9ines<\/span><\/td>\n<td style=\"font-style: normal; color: #000000; font-size: 10pt;\"><span style=\"font-family: georgia, palatino; color: #3366ff; font-size: 16px;\">&lt;0.5g<\/span><\/td>\n<\/tr>\n<tr align=\"left\">\n<td style=\"font-style: normal; color: #000000; font-size: 10pt;\"><span style=\"font-family: georgia, palatino; font-size: 16px;\">Graisses totales<\/span><\/td>\n<td style=\"font-style: normal; color: #000000; font-size: 10pt;\"><span style=\"font-family: georgia, palatino; color: #3366ff; font-size: 16px;\">&lt;0.5g<\/span><\/td>\n<\/tr>\n<tr align=\"left\">\n<td style=\"font-style: normal; color: #000000; font-size: 10pt;\"><span style=\"font-family: georgia, palatino; font-size: 16px;\">Acides gras satur\u00e9s<\/span><\/td>\n<td style=\"font-style: normal; color: #000000; font-size: 10pt;\"><span style=\"font-family: georgia, palatino; color: #3366ff; font-size: 16px;\">&lt;0.1g<\/span><\/td>\n<\/tr>\n<tr align=\"left\">\n<td style=\"font-style: normal; color: #000000; font-size: 10pt;\"><span style=\"font-family: georgia, palatino; font-size: 16px;\">Acides gras trans<\/span><\/td>\n<td style=\"font-style: normal; color: #000000; font-size: 10pt;\"><span style=\"font-family: georgia, palatino; color: #3366ff; font-size: 16px;\">&lt;0.1g<\/span><\/td>\n<\/tr>\n<tr align=\"left\">\n<td style=\"font-style: normal; color: #000000; font-size: 10pt;\"><span style=\"font-family: georgia, palatino; font-size: 16px;\">Glucides totaux<\/span><\/td>\n<td style=\"font-style: normal; color: #000000; font-size: 10pt;\"><span style=\"font-family: georgia, palatino; color: #3366ff; font-size: 16px;\">3.5g<\/span><\/td>\n<\/tr>\n<tr align=\"left\">\n<td style=\"font-style: normal; color: #000000; font-size: 10pt;\"><span style=\"font-family: georgia, palatino; font-size: 16px;\">Sucre<\/span><\/td>\n<td style=\"font-style: normal; color: #000000; font-size: 10pt;\"><span style=\"font-family: georgia, palatino; color: #3366ff; font-size: 16px;\">&lt;0.5g<\/span><\/td>\n<\/tr>\n<tr align=\"left\">\n<td style=\"font-style: normal; color: #000000; font-size: 10pt;\"><span style=\"font-family: georgia, palatino; font-size: 16px;\">Fibres alimentaires<\/span><\/td>\n<td style=\"font-style: normal; color: #000000; font-size: 10pt;\"><span style=\"font-family: georgia, palatino; color: #3366ff; font-size: 16px;\">3.0g<\/span><\/td>\n<\/tr>\n<tr align=\"left\">\n<td style=\"font-style: normal; color: #000000; font-size: 10pt;\"><span style=\"font-family: georgia, palatino; font-size: 16px;\">Sodium<\/span><\/td>\n<td style=\"font-style: normal; color: #000000; font-size: 10pt;\"><span style=\"font-family: georgia, palatino; color: #3366ff; font-size: 16px;\">&lt;5mg<\/span><\/td>\n<\/tr>\n<\/tbody>\n<\/table>\n<div id=\"gtx-trans\" style=\"position: absolute; left: 794px; top: -2px;\">\n<div class=\"gtx-trans-icon\"><\/div>\n<\/div>","protected":false},"excerpt":{"rendered":"<p>Les fibres v\u00e9g\u00e9tales naturelles contenues dans les nouilles konjac udon rassasient et vous aident \u00e0 perdre du poids.<\/p>\n<div id=\"gtx-trans\" style=\"position: absolute; left: 326px; top: -3px;\">\n<div class=\"gtx-trans-icon\"><\/div>\n<\/div>","protected":false},"featured_media":4222,"template":"","meta":{"site-sidebar-layout":"default","site-content-layout":"","ast-site-content-layout":"default","site-content-style":"default","site-sidebar-style":"default","ast-global-header-display":"","ast-banner-title-visibility":"","ast-main-header-display":"","ast-hfb-above-header-display":"","ast-hfb-below-header-display":"","ast-hfb-mobile-header-display":"","site-post-title":"","ast-breadcrumbs-content":"","ast-featured-img":"","footer-sml-layout":"","ast-disable-related-posts":"","theme-transparent-header-meta":"default","adv-header-id-meta":"","stick-header-meta":"default","header-above-stick-meta":"","header-main-stick-meta":"","header-below-stick-meta":"","astra-migrate-meta-layouts":"set","ast-page-background-enabled":"default","ast-page-background-meta":{"desktop":{"background-color":"","background-image":"","background-repeat":"repeat","background-position":"center center","background-size":"auto","background-attachment":"scroll","background-type":"","background-media":"","overlay-type":"","overlay-color":"","overlay-opacity":"","overlay-gradient":""},"tablet":{"background-color":"","background-image":"","background-repeat":"repeat","background-position":"center center","background-size":"auto","background-attachment":"scroll","background-type":"","background-media":"","overlay-type":"","overlay-color":"","overlay-opacity":"","overlay-gradient":""},"mobile":{"background-color":"","background-image":"","background-repeat":"repeat","background-position":"center center","background-size":"auto","background-attachment":"scroll","background-type":"","background-media":"","overlay-type":"","overlay-color":"","overlay-opacity":"","overlay-gradient":""}},"ast-content-background-meta":{"desktop":{"background-color":"var(--ast-global-color-5)","background-image":"","background-repeat":"repeat","background-position":"center center","background-size":"auto","background-attachment":"scroll","background-type":"","background-media":"","overlay-type":"","overlay-color":"","overlay-opacity":"","overlay-gradient":""},"tablet":{"background-color":"var(--ast-global-color-5)","background-image":"","background-repeat":"repeat","background-position":"center center","background-size":"auto","background-attachment":"scroll","background-type":"","background-media":"","overlay-type":"","overlay-color":"","overlay-opacity":"","overlay-gradient":""},"mobile":{"background-color":"var(--ast-global-color-5)","background-image":"","background-repeat":"repeat","background-position":"center center","background-size":"auto","background-attachment":"scroll","background-type":"","background-media":"","overlay-type":"","overlay-color":"","overlay-opacity":"","overlay-gradient":""}}},"product_brand":[],"product_cat":[22],"product_tag":[],"class_list":{"0":"post-1375","1":"product","2":"type-product","3":"status-publish","4":"has-post-thumbnail","6":"product_cat-konjac-pasta","7":"desktop-align-left","8":"tablet-align-left","9":"mobile-align-left","10":"ast-product-gallery-layout-horizontal-slider","11":"ast-product-tabs-layout-horizontal","13":"first","14":"instock","15":"shipping-taxable","16":"product-type-simple"},"_links":{"self":[{"href":"https:\/\/sentaiyuanbio.com\/fr\/wp-json\/wp\/v2\/product\/1375","targetHints":{"allow":["GET"]}}],"collection":[{"href":"https:\/\/sentaiyuanbio.com\/fr\/wp-json\/wp\/v2\/product"}],"about":[{"href":"https:\/\/sentaiyuanbio.com\/fr\/wp-json\/wp\/v2\/types\/product"}],"version-history":[{"count":0,"href":"https:\/\/sentaiyuanbio.com\/fr\/wp-json\/wp\/v2\/product\/1375\/revisions"}],"wp:featuredmedia":[{"embeddable":true,"href":"https:\/\/sentaiyuanbio.com\/fr\/wp-json\/wp\/v2\/media\/4222"}],"wp:attachment":[{"href":"https:\/\/sentaiyuanbio.com\/fr\/wp-json\/wp\/v2\/media?parent=1375"}],"wp:term":[{"taxonomy":"product_brand","embeddable":true,"href":"https:\/\/sentaiyuanbio.com\/fr\/wp-json\/wp\/v2\/product_brand?post=1375"},{"taxonomy":"product_cat","embeddable":true,"href":"https:\/\/sentaiyuanbio.com\/fr\/wp-json\/wp\/v2\/product_cat?post=1375"},{"taxonomy":"product_tag","embeddable":true,"href":"https:\/\/sentaiyuanbio.com\/fr\/wp-json\/wp\/v2\/product_tag?post=1375"}],"curies":[{"name":"wp","href":"https:\/\/api.w.org\/{rel}","templated":true}]}}