{"id":1379,"date":"2024-05-06T07:42:55","date_gmt":"2024-05-06T07:42:55","guid":{"rendered":"https:\/\/sentaiyuanbio.com\/?post_type=product&#038;p=1379"},"modified":"2025-03-06T09:12:17","modified_gmt":"2025-03-06T09:12:17","slug":"riz-konjac","status":"publish","type":"product","link":"https:\/\/sentaiyuanbio.com\/fr\/produit\/riz-konjac\/","title":{"rendered":"Riz Konjac, riz Shirataki humide HACCP Kasher"},"content":{"rendered":"<h2><strong>Qu'est-ce que le konjac ?<\/strong><\/h2>\n<p>La plante konjac (<a href=\"https:\/\/en.wikipedia.org\/wiki\/Amorphophallus\" target=\"_blank\" rel=\"noopener\">Amorphophallus<\/a> konjac) pousse sur des pentes situ\u00e9es entre 2000 et 4000 pieds au-dessus du niveau de la mer, o\u00f9 elle profite de l'air et de l'eau purs de l'habitat. La partie comestible du konjac est la racine, qui ressemble \u00e0 une pomme de terre ou \u00e0 un taro de forme ovale. Une id\u00e9e fausse tr\u00e8s r\u00e9pandue est que <a href=\"https:\/\/sentaiyuanbio.com\/fr\/produit\/pates-au-konjac-regime-au-konjac-nouilles-instantanees-au-wok\/\" target=\"_blank\" rel=\"noopener\">Nouilles de konjac<\/a> sont des nouilles \u00e0 l'igname - ce n'est pas le cas. Bien que la racine de konjac ressemble \u00e0 d'autres l\u00e9gumes-racines, elle appartient \u00e0 une autre famille de plantes. Alors que les pommes de terre et les ignames sont connues pour leur forte teneur en amidon, le konjac contient beaucoup de fibres et tr\u00e8s peu d'amidon.<\/p>\n<h2><strong>Quels sont les avantages pour la sant\u00e9 du riz Konjac (riz Shirataki) ?<\/strong><\/h2>\n<p>Le riz konjac est fabriqu\u00e9 \u00e0 partir de <strong>farine de konjac<\/strong> contenant une fibre alimentaire hydrosoluble, le glucomannane. Des \u00e9tudes ont montr\u00e9 que le glucomannane de konjac dans l'alimentation est b\u00e9n\u00e9fique pour notre sant\u00e9 \u00e0 bien des \u00e9gards<\/p>\n<p>1. Gestion du poids - Le glucomannane remplit l'estomac et ralentit la digestion, ce qui permet au consommateur de se sentir rassasi\u00e9 plus longtemps, r\u00e9duisant ainsi l'envie de manger des repas lourds ou des en-cas.<\/p>\n<p>2. Aider \u00e0 contr\u00f4ler le taux de sucre dans le sang - En prolongeant le temps n\u00e9cessaire \u00e0 la digestion d'un repas, les sucres et les glucides provenant d'autres aliments sont trait\u00e9s plus lentement, ce qui r\u00e9duit les pics de sucre dans le sang.<\/p>\n<p class=\"translation-block\">3. R\u00e9duire le cholest\u00e9rol - Dans le syst\u00e8me digestif, le gel de glucomannane inhibe l'absorption des lipides, tels que les <a href=\"https:\/\/medlineplus.gov\/ldlthebadcholesterol.html\" target=\"_blank\" rel=\"noopener\">LDL (mauvais cholest\u00e9rol)<\/a>.<\/p>\n<p>4. R\u00e9guler le transit intestinal - Comme de nombreux aliments contenant des fibres alimentaires, le glucomannane peut aider \u00e0 r\u00e9guler le transit intestinal.<\/p>\n<p><strong>Conditions de stockage :<\/strong><\/p>\n<p>Conserver dans un endroit frais et sec, \u00e9viter la lumi\u00e8re directe du soleil, r\u00e9frig\u00e9rer apr\u00e8s ouverture et utiliser dans les 3 jours ; ne pas congeler.<\/p>\n<p>1. Sp\u00e9cification : 2,4 mm*15 cm<\/p>\n<p class=\"translation-block\">2. Certificats:<strong> <\/strong>BRC, FDA, HACCP, HALAL, KOSHER ;<\/p>\n<p>3. D\u00e9lai de livraison : 30 jours apr\u00e8s r\u00e9ception de l'acompte ;<\/p>\n<p>4. Dur\u00e9e de conservation : 12 mois ;<\/p>\n<h2><strong>Le mode d'emploi de l'alimentation pour<\/strong><strong> du riz Konjac pr\u00e9cuit :<\/strong><\/h2>\n<p>1. Ouvrir l'emballage et \u00e9vacuer le liquide ;<\/p>\n<p>2. Rincer le riz sous l'eau du robinet pendant deux ou trois minutes ;<\/p>\n<p>3. Ajouter le riz dans une po\u00eale et faire frire pendant 2 \u00e0 3 minutes, ajouter les \u00e9pices, les sauces ou la soupe que vous souhaitez ;<\/p>\n<p>4. Si vous ne souhaitez pas faire frire le riz, vous pouvez le r\u00e9chauffer au micro-ondes pendant 1 \u00e0 2 minutes ;<\/p>\n<p>Veuillez noter que le riz est tr\u00e8s absorbant et qu'il absorbera donc les sauces et prendra les saveurs avec lesquelles vous les ferez cuire.<\/p>\n<h2><strong>Le mode d'emploi du riz konjac instantan\u00e9 :<\/strong><\/h2>\n<p>1. Ouvrir l'emballage et \u00e9vacuer le liquide ;<\/p>\n<p>2. Laver le riz Konjac sous l'eau du robinet pendant deux ou trois minutes ;<\/p>\n<p>3. Mettre le riz Konjac dans un bol, ajouter de l'eau bouillante et \u00e9goutter l'eau bouillante ;<\/p>\n<p>4. Ajouter les \u00e9pices, la sauce ou la soupe de votre choix ;<\/p>\n<p>5. Ensuite, vous pouvez en profiter.<\/p>\n<style>.embed-container { position: relative; padding-bottom: 56.25%; height: 0; overflow: hidden; max-width: 100%; } .embed-container iframe, .embed-container object, .embed-container embed { position: absolute; top: 0; left: 0; width: 100%; height: 100%; }<\/style>\n<div class=\"embed-container\"><iframe src=\"https:\/\/www.youtube.com\/embed\/Y9r1fgiu6-A?si=6i8G14LRLhNx0Kq8\" frameborder=\"0\" allowfullscreen=\"allowfullscreen\"><\/iframe><\/div>","protected":false},"excerpt":{"rendered":"<p>Le riz konjac (riz Shirataki) est fabriqu\u00e9 \u00e0 partir de farine de konjac qui contient une fibre alimentaire hydrosoluble, le glucomannane. Des \u00e9tudes ont montr\u00e9 que le glucomannane de konjac dans l'alimentation est b\u00e9n\u00e9fique pour notre sant\u00e9 \u00e0 bien des \u00e9gards.<\/p>","protected":false},"featured_media":3868,"template":"","meta":{"site-sidebar-layout":"default","site-content-layout":"","ast-site-content-layout":"default","site-content-style":"default","site-sidebar-style":"default","ast-global-header-display":"","ast-banner-title-visibility":"","ast-main-header-display":"","ast-hfb-above-header-display":"","ast-hfb-below-header-display":"","ast-hfb-mobile-header-display":"","site-post-title":"","ast-breadcrumbs-content":"","ast-featured-img":"","footer-sml-layout":"","ast-disable-related-posts":"","theme-transparent-header-meta":"default","adv-header-id-meta":"","stick-header-meta":"default","header-above-stick-meta":"","header-main-stick-meta":"","header-below-stick-meta":"","astra-migrate-meta-layouts":"set","ast-page-background-enabled":"default","ast-page-background-meta":{"desktop":{"background-color":"","background-image":"","background-repeat":"repeat","background-position":"center center","background-size":"auto","background-attachment":"scroll","background-type":"","background-media":"","overlay-type":"","overlay-color":"","overlay-opacity":"","overlay-gradient":""},"tablet":{"background-color":"","background-image":"","background-repeat":"repeat","background-position":"center center","background-size":"auto","background-attachment":"scroll","background-type":"","background-media":"","overlay-type":"","overlay-color":"","overlay-opacity":"","overlay-gradient":""},"mobile":{"background-color":"","background-image":"","background-repeat":"repeat","background-position":"center center","background-size":"auto","background-attachment":"scroll","background-type":"","background-media":"","overlay-type":"","overlay-color":"","overlay-opacity":"","overlay-gradient":""}},"ast-content-background-meta":{"desktop":{"background-color":"var(--ast-global-color-5)","background-image":"","background-repeat":"repeat","background-position":"center center","background-size":"auto","background-attachment":"scroll","background-type":"","background-media":"","overlay-type":"","overlay-color":"","overlay-opacity":"","overlay-gradient":""},"tablet":{"background-color":"var(--ast-global-color-5)","background-image":"","background-repeat":"repeat","background-position":"center center","background-size":"auto","background-attachment":"scroll","background-type":"","background-media":"","overlay-type":"","overlay-color":"","overlay-opacity":"","overlay-gradient":""},"mobile":{"background-color":"var(--ast-global-color-5)","background-image":"","background-repeat":"repeat","background-position":"center center","background-size":"auto","background-attachment":"scroll","background-type":"","background-media":"","overlay-type":"","overlay-color":"","overlay-opacity":"","overlay-gradient":""}}},"product_brand":[],"product_cat":[250],"product_tag":[37],"class_list":{"0":"post-1379","1":"product","2":"type-product","3":"status-publish","4":"has-post-thumbnail","6":"product_cat-wet-shirataki-rice","7":"product_tag-konjac-rice","8":"desktop-align-left","9":"tablet-align-left","10":"mobile-align-left","11":"ast-product-gallery-layout-horizontal-slider","12":"ast-product-tabs-layout-horizontal","14":"first","15":"instock","16":"shipping-taxable","17":"product-type-simple"},"_links":{"self":[{"href":"https:\/\/sentaiyuanbio.com\/fr\/wp-json\/wp\/v2\/product\/1379","targetHints":{"allow":["GET"]}}],"collection":[{"href":"https:\/\/sentaiyuanbio.com\/fr\/wp-json\/wp\/v2\/product"}],"about":[{"href":"https:\/\/sentaiyuanbio.com\/fr\/wp-json\/wp\/v2\/types\/product"}],"version-history":[{"count":0,"href":"https:\/\/sentaiyuanbio.com\/fr\/wp-json\/wp\/v2\/product\/1379\/revisions"}],"wp:featuredmedia":[{"embeddable":true,"href":"https:\/\/sentaiyuanbio.com\/fr\/wp-json\/wp\/v2\/media\/3868"}],"wp:attachment":[{"href":"https:\/\/sentaiyuanbio.com\/fr\/wp-json\/wp\/v2\/media?parent=1379"}],"wp:term":[{"taxonomy":"product_brand","embeddable":true,"href":"https:\/\/sentaiyuanbio.com\/fr\/wp-json\/wp\/v2\/product_brand?post=1379"},{"taxonomy":"product_cat","embeddable":true,"href":"https:\/\/sentaiyuanbio.com\/fr\/wp-json\/wp\/v2\/product_cat?post=1379"},{"taxonomy":"product_tag","embeddable":true,"href":"https:\/\/sentaiyuanbio.com\/fr\/wp-json\/wp\/v2\/product_tag?post=1379"}],"curies":[{"name":"wp","href":"https:\/\/api.w.org\/{rel}","templated":true}]}}