{"id":1383,"date":"2024-01-06T07:52:27","date_gmt":"2024-01-06T07:52:27","guid":{"rendered":"https:\/\/sentaiyuanbio.com\/?post_type=product&#038;p=1383"},"modified":"2025-02-24T07:31:14","modified_gmt":"2025-02-24T07:31:14","slug":"gateau-de-konjac","status":"publish","type":"product","link":"https:\/\/sentaiyuanbio.com\/fr\/produit\/gateau-de-konjac\/","title":{"rendered":"G\u00e2teau de Konjac, tofu de Konjac, fournisseur de tofu Shirataki"},"content":{"rendered":"<h2><strong>Qu'est-ce que le konjac ?<\/strong><\/h2>\n<p>La plante de konjac (Amorphophallus konjac) pousse sur des pentes situ\u00e9es entre 2000 et 4000 pieds au-dessus du niveau de la mer, o\u00f9 elle profite de l'air et de l'eau purs de l'habitat. La partie comestible de la plante de konjac est la racine, qui ressemble \u00e0 une pomme de terre ou \u00e0 un taro de forme ovale. On croit souvent \u00e0 tort que les nouilles de konjac sont des nouilles d'igname - ce n'est pas le cas. Bien que la racine de konjac ressemble \u00e0 d'autres l\u00e9gumes-racines, elle appartient \u00e0 une autre famille de plantes. Alors que les pommes de terre et les ignames sont connues pour leur forte teneur en amidon, le konjac contient beaucoup de fibres et tr\u00e8s peu d'amidon.<\/p>\n<h2><strong>Quels sont les bienfaits pour la sant\u00e9 du g\u00e2teau de Konjac (tofu de Konjac) ?<\/strong><\/h2>\n<p>Le g\u00e2teau de konjac est fabriqu\u00e9 \u00e0 partir de farine de konjac contenant du glucomannane, une fibre alimentaire hydrosoluble. Des \u00e9tudes ont d\u00e9montr\u00e9 que le glucomannane de konjac, pr\u00e9sent dans l'alimentation, est b\u00e9n\u00e9fique pour la sant\u00e9 \u00e0 bien des \u00e9gards.<\/p>\n<p>1. Gestion du poids - <a href=\"https:\/\/sentaiyuanbio.com\/fr\/produit\/glucomannane-de-konjac-sans-gluten\/\" target=\"_blank\" rel=\"noopener\">Glucomannane<\/a> remplit l'estomac et ralentit le processus de digestion, ce qui permet au consommateur de se sentir rassasi\u00e9 plus longtemps, r\u00e9duisant ainsi l'envie de repas ou d'en-cas trop copieux.<\/p>\n<p>2. Aider \u00e0 contr\u00f4ler le taux de sucre dans le sang - En prolongeant le temps n\u00e9cessaire \u00e0 la digestion d'un repas, les sucres et les glucides provenant d'autres aliments sont trait\u00e9s plus lentement, ce qui r\u00e9duit les pics de sucre dans le sang.<\/p>\n<p class=\"translation-block\">3. R\u00e9duire le cholest\u00e9rol - Dans le syst\u00e8me digestif, le gel de glucomannane inhibe l'absorption des lipides, tels que les <a href=\"https:\/\/medlineplus.gov\/ldlthebadcholesterol.html\" target=\"_blank\" rel=\"noopener\">LDL (mauvais cholest\u00e9rol)<\/a>.<\/p>\n<p>4. R\u00e9guler le transit intestinal - Comme pour de nombreux aliments contenant des <a href=\"https:\/\/www.betterhealth.vic.gov.au\/health\/healthyliving\/fibre-in-food\" target=\"_blank\" rel=\"noopener\">fibres alimentaires<\/a>Le glucomannane peut aider \u00e0 r\u00e9guler le transit intestinal.<\/p>\n<h2><strong>Conditions de stockage :<\/strong><\/h2>\n<p>Conserver dans un endroit frais et sec, \u00e9viter la lumi\u00e8re directe du soleil, r\u00e9frig\u00e9rer apr\u00e8s ouverture et utiliser dans les 3 jours ; ne pas congeler.<\/p>\n<p>1. Sp\u00e9cification : 2,4 mm*15 cm<\/p>\n<p class=\"translation-block\">2. Certificats:<strong> <\/strong>BRC, FDA, HACCP, HALAL, KOSHER ;<\/p>\n<p>3. D\u00e9lai de livraison : 30 jours apr\u00e8s r\u00e9ception de l'acompte ;<\/p>\n<p>4. Dur\u00e9e de conservation : 12 mois ;<\/p>","protected":false},"excerpt":{"rendered":"<p>Le g\u00e2teau de konjac (tofu de konjac) est fait avec de la <a href=\"https:\/\/sentaiyuanbio.com\/fr\/produit\/farine-digname-konjac-poudre-digname-konjac\/\" target=\"_blank\" rel=\"noopener\">farine de konjac<\/a> contenant une fibre alimentaire hydrosoluble, le glucomannane. Des \u00e9tudes ont montr\u00e9 que le glucomannane de konjac dans l'alimentation est b\u00e9n\u00e9fique pour notre sant\u00e9 \u00e0 bien des \u00e9gards.<\/p>","protected":false},"featured_media":1384,"template":"","meta":{"site-sidebar-layout":"default","site-content-layout":"","ast-site-content-layout":"default","site-content-style":"default","site-sidebar-style":"default","ast-global-header-display":"","ast-banner-title-visibility":"","ast-main-header-display":"","ast-hfb-above-header-display":"","ast-hfb-below-header-display":"","ast-hfb-mobile-header-display":"","site-post-title":"","ast-breadcrumbs-content":"","ast-featured-img":"","footer-sml-layout":"","ast-disable-related-posts":"","theme-transparent-header-meta":"default","adv-header-id-meta":"","stick-header-meta":"default","header-above-stick-meta":"","header-main-stick-meta":"","header-below-stick-meta":"","astra-migrate-meta-layouts":"set","ast-page-background-enabled":"default","ast-page-background-meta":{"desktop":{"background-color":"","background-image":"","background-repeat":"repeat","background-position":"center center","background-size":"auto","background-attachment":"scroll","background-type":"","background-media":"","overlay-type":"","overlay-color":"","overlay-opacity":"","overlay-gradient":""},"tablet":{"background-color":"","background-image":"","background-repeat":"repeat","background-position":"center center","background-size":"auto","background-attachment":"scroll","background-type":"","background-media":"","overlay-type":"","overlay-color":"","overlay-opacity":"","overlay-gradient":""},"mobile":{"background-color":"","background-image":"","background-repeat":"repeat","background-position":"center center","background-size":"auto","background-attachment":"scroll","background-type":"","background-media":"","overlay-type":"","overlay-color":"","overlay-opacity":"","overlay-gradient":""}},"ast-content-background-meta":{"desktop":{"background-color":"var(--ast-global-color-5)","background-image":"","background-repeat":"repeat","background-position":"center center","background-size":"auto","background-attachment":"scroll","background-type":"","background-media":"","overlay-type":"","overlay-color":"","overlay-opacity":"","overlay-gradient":""},"tablet":{"background-color":"var(--ast-global-color-5)","background-image":"","background-repeat":"repeat","background-position":"center center","background-size":"auto","background-attachment":"scroll","background-type":"","background-media":"","overlay-type":"","overlay-color":"","overlay-opacity":"","overlay-gradient":""},"mobile":{"background-color":"var(--ast-global-color-5)","background-image":"","background-repeat":"repeat","background-position":"center center","background-size":"auto","background-attachment":"scroll","background-type":"","background-media":"","overlay-type":"","overlay-color":"","overlay-opacity":"","overlay-gradient":""}}},"product_brand":[],"product_cat":[22],"product_tag":[38],"class_list":{"0":"post-1383","1":"product","2":"type-product","3":"status-publish","4":"has-post-thumbnail","6":"product_cat-konjac-pasta","7":"product_tag-konjac-cake","8":"desktop-align-left","9":"tablet-align-left","10":"mobile-align-left","11":"ast-product-gallery-layout-horizontal-slider","12":"ast-product-tabs-layout-horizontal","14":"first","15":"instock","16":"shipping-taxable","17":"product-type-simple"},"_links":{"self":[{"href":"https:\/\/sentaiyuanbio.com\/fr\/wp-json\/wp\/v2\/product\/1383","targetHints":{"allow":["GET"]}}],"collection":[{"href":"https:\/\/sentaiyuanbio.com\/fr\/wp-json\/wp\/v2\/product"}],"about":[{"href":"https:\/\/sentaiyuanbio.com\/fr\/wp-json\/wp\/v2\/types\/product"}],"version-history":[{"count":0,"href":"https:\/\/sentaiyuanbio.com\/fr\/wp-json\/wp\/v2\/product\/1383\/revisions"}],"wp:featuredmedia":[{"embeddable":true,"href":"https:\/\/sentaiyuanbio.com\/fr\/wp-json\/wp\/v2\/media\/1384"}],"wp:attachment":[{"href":"https:\/\/sentaiyuanbio.com\/fr\/wp-json\/wp\/v2\/media?parent=1383"}],"wp:term":[{"taxonomy":"product_brand","embeddable":true,"href":"https:\/\/sentaiyuanbio.com\/fr\/wp-json\/wp\/v2\/product_brand?post=1383"},{"taxonomy":"product_cat","embeddable":true,"href":"https:\/\/sentaiyuanbio.com\/fr\/wp-json\/wp\/v2\/product_cat?post=1383"},{"taxonomy":"product_tag","embeddable":true,"href":"https:\/\/sentaiyuanbio.com\/fr\/wp-json\/wp\/v2\/product_tag?post=1383"}],"curies":[{"name":"wp","href":"https:\/\/api.w.org\/{rel}","templated":true}]}}