{"id":1391,"date":"2024-05-07T07:12:04","date_gmt":"2024-05-07T07:12:04","guid":{"rendered":"https:\/\/sentaiyuanbio.com\/?post_type=product&#038;p=1391"},"modified":"2026-04-20T08:16:06","modified_gmt":"2026-04-20T08:16:06","slug":"nouilles-konjac-fettuccine-sans-gluten-nouilles-instantanees","status":"publish","type":"product","link":"https:\/\/sentaiyuanbio.com\/fr\/produit\/nouilles-konjac-fettuccine-sans-gluten-nouilles-instantanees\/","title":{"rendered":"Konjac Fettuccine Noodles Fabricant de nouilles instantan\u00e9es"},"content":{"rendered":"<h2><strong>Qu'est-ce que le konjac ?<\/strong><\/h2>\n<p>La plante de konjac (Amorphophallus konjac) pousse sur des pentes situ\u00e9es entre 2000 et 4000 pieds au-dessus du niveau de la mer, o\u00f9 elle profite de l'air et de l'eau purs de l'habitat. La partie comestible de la plante de konjac est la racine, qui ressemble \u00e0 une pomme de terre ou \u00e0 un taro de forme ovale. On croit souvent \u00e0 tort que les nouilles de konjac sont des nouilles d'igname - ce n'est pas le cas. Bien que la racine de konjac ressemble \u00e0 d'autres l\u00e9gumes-racines, elle appartient \u00e0 une autre famille de plantes. Alors que les pommes de terre et les ignames sont connues pour leur forte teneur en amidon, le konjac contient beaucoup de fibres et tr\u00e8s peu d'amidon.<\/p>\n<h2><strong>Quels sont les avantages pour la sant\u00e9 des nouilles fettuccine de konjac ?<\/strong><\/h2>\n<p>Les fettucines de konjac sont fabriqu\u00e9es \u00e0 partir de poudre de konjac contenant une fibre alimentaire hydrosoluble, le glucomannane. Des \u00e9tudes ont montr\u00e9 que le glucomannane de konjac dans l'alimentation est b\u00e9n\u00e9fique pour notre sant\u00e9 \u00e0 bien des \u00e9gards<\/p>\n<p>1. Gestion du poids - Le glucomannane remplit l'estomac et ralentit la digestion, ce qui permet au consommateur de se sentir rassasi\u00e9 plus longtemps, r\u00e9duisant ainsi l'envie de manger des repas lourds ou des en-cas.<\/p>\n<p>2. Aider \u00e0 contr\u00f4ler le taux de sucre dans le sang - En prolongeant le temps n\u00e9cessaire \u00e0 la digestion d'un repas, les sucres et les glucides provenant d'autres aliments sont trait\u00e9s plus lentement, ce qui r\u00e9duit les pics de sucre dans le sang.<\/p>\n<p class=\"translation-block\">3. R\u00e9duire le cholest\u00e9rol - Dans le syst\u00e8me digestif, le gel de glucomannane inhibe l'absorption des lipides, tels que les <a href=\"https:\/\/medlineplus.gov\/ldlthebadcholesterol.html\" target=\"_blank\" rel=\"noopener\">LDL (mauvais cholest\u00e9rol)<\/a>.<\/p>\n<p>4. R\u00e9guler le transit intestinal - Comme pour de nombreux aliments contenant des fibres alimentaires, <a href=\"https:\/\/hethstia.com\/konjac-powder\/konjac-glucomannan-powder\/\" target=\"_blank\" rel=\"noopener\">poudre de glucomannane<\/a> peut aider \u00e0 r\u00e9guler le transit intestinal.<\/p>\n<p><strong>Conditions de stockage :<\/strong><\/p>\n<p>Conserver dans un endroit frais et sec, \u00e9viter la lumi\u00e8re directe du soleil, r\u00e9frig\u00e9rer apr\u00e8s ouverture et utiliser dans les 3 jours ; ne pas congeler.<\/p>\n<p>1. Sp\u00e9cification : 0,8 cm*15 cm<\/p>\n<p class=\"translation-block\">2. Certificats:<strong> <\/strong>BRC, FDA, HACCP, HALAL, KOSHER ;<\/p>\n<p>3. D\u00e9lai de livraison : 30 jours apr\u00e8s r\u00e9ception de l'acompte ;<\/p>\n<p>4. Dur\u00e9e de conservation : 12 mois ;<\/p>\n<h2>Le mode d'emploi des nouilles Fettuccine de Konjac pr\u00e9cuites :<\/h2>\n<p>1. Ouvrir l'emballage et \u00e9vacuer le liquide ;<br \/>\n2. Rincer les fettuccine sous l'eau du robinet pendant deux ou trois minutes ;<\/p>\n<p>3. Ajouter les fettuccine dans une po\u00eale et les faire frire pendant 2 \u00e0 3 minutes, ajouter les \u00e9pices, les sauces ou la soupe que vous souhaitez ;<\/p>\n<p>4. Si vous ne souhaitez pas faire frire les fettuccine, vous pouvez les r\u00e9chauffer au micro-ondes pendant 1 \u00e0 2 minutes ;<\/p>\n<p>Veuillez noter que les fettuccine sont tr\u00e8s absorbants et qu'ils absorbent donc les sauces et prennent les saveurs avec lesquelles vous les cuisinez.<\/p>\n<h2><strong>Le mode d'emploi des nouilles fettuccine instantan\u00e9es de Konjac :<\/strong><\/h2>\n<p>1. Ouvrir l'emballage et \u00e9vacuer le liquide ;<\/p>\n<p>2. Laver les fettuccine sous l'eau du robinet pendant deux ou trois minutes ;<\/p>\n<p>3. Mettre les fettuccine dans un bol, ajouter de l'eau bouillante et \u00e9goutter l'eau bouillante ;<\/p>\n<p>4. Ajouter les \u00e9pices, la sauce ou la soupe de votre choix ;<\/p>\n<p>5. Ensuite, vous pouvez en profiter.<\/p>\n<p>Veuillez noter que les p\u00e2tes sont tr\u00e8s absorbantes et qu'elles absorbent donc les sauces et prennent les saveurs avec lesquelles vous les cuisinez.<\/p>\n<p><strong>Donn\u00e9es nutritionnelles<\/strong><\/p>\n<table class=\"aliDataTable\">\n<tbody>\n<tr align=\"left\">\n<td>Taille de la portion<\/td>\n<td>100g<\/td>\n<\/tr>\n<tr align=\"left\">\n<td>L'\u00e9nergie<\/td>\n<td>6 kcal<\/td>\n<\/tr>\n<tr align=\"left\">\n<td>Prot\u00e9ines<\/td>\n<td>&lt;0.5g<\/td>\n<\/tr>\n<tr align=\"left\">\n<td>Graisses totales<\/td>\n<td>&lt;0.5g<\/td>\n<\/tr>\n<tr align=\"left\">\n<td>Acides gras satur\u00e9s<\/td>\n<td>&lt;0.1g<\/td>\n<\/tr>\n<tr align=\"left\">\n<td>Acides gras trans<\/td>\n<td>&lt;0.1g<\/td>\n<\/tr>\n<tr align=\"left\">\n<td>Glucides totaux<\/td>\n<td>3.5g<\/td>\n<\/tr>\n<tr align=\"left\">\n<td>Sucre<\/td>\n<td>&lt;0.5g<\/td>\n<\/tr>\n<tr align=\"left\">\n<td>Fibres alimentaires<\/td>\n<td>3.0g<\/td>\n<\/tr>\n<tr align=\"left\">\n<td>Sodium<\/td>\n<td>&lt;5mg<\/td>\n<\/tr>\n<\/tbody>\n<\/table>\n<p>&nbsp;<\/p>","protected":false},"excerpt":{"rendered":"<p>Les nouilles fettuccine de konjac sont fabriqu\u00e9es avec de la farine de konjac qui contient une fibre alimentaire soluble dans l'eau <a href=\"https:\/\/sentaiyuanbio.com\/fr\/produit\/glucomannane-de-racine-de-konjac\/\" target=\"_blank\" rel=\"noopener\">glucomannane<\/a>. Des \u00e9tudes ont montr\u00e9 que le glucomannane de konjac dans l'alimentation est b\u00e9n\u00e9fique pour notre sant\u00e9 \u00e0 bien des \u00e9gards.<\/p>","protected":false},"featured_media":3852,"template":"","meta":{"site-sidebar-layout":"default","site-content-layout":"","ast-site-content-layout":"default","site-content-style":"default","site-sidebar-style":"default","ast-global-header-display":"","ast-banner-title-visibility":"","ast-main-header-display":"","ast-hfb-above-header-display":"","ast-hfb-below-header-display":"","ast-hfb-mobile-header-display":"","site-post-title":"","ast-breadcrumbs-content":"","ast-featured-img":"","footer-sml-layout":"","ast-disable-related-posts":"","theme-transparent-header-meta":"default","adv-header-id-meta":"","stick-header-meta":"default","header-above-stick-meta":"","header-main-stick-meta":"","header-below-stick-meta":"","astra-migrate-meta-layouts":"set","ast-page-background-enabled":"default","ast-page-background-meta":{"desktop":{"background-color":"","background-image":"","background-repeat":"repeat","background-position":"center center","background-size":"auto","background-attachment":"scroll","background-type":"","background-media":"","overlay-type":"","overlay-color":"","overlay-opacity":"","overlay-gradient":""},"tablet":{"background-color":"","background-image":"","background-repeat":"repeat","background-position":"center center","background-size":"auto","background-attachment":"scroll","background-type":"","background-media":"","overlay-type":"","overlay-color":"","overlay-opacity":"","overlay-gradient":""},"mobile":{"background-color":"","background-image":"","background-repeat":"repeat","background-position":"center center","background-size":"auto","background-attachment":"scroll","background-type":"","background-media":"","overlay-type":"","overlay-color":"","overlay-opacity":"","overlay-gradient":""}},"ast-content-background-meta":{"desktop":{"background-color":"var(--ast-global-color-5)","background-image":"","background-repeat":"repeat","background-position":"center center","background-size":"auto","background-attachment":"scroll","background-type":"","background-media":"","overlay-type":"","overlay-color":"","overlay-opacity":"","overlay-gradient":""},"tablet":{"background-color":"var(--ast-global-color-5)","background-image":"","background-repeat":"repeat","background-position":"center center","background-size":"auto","background-attachment":"scroll","background-type":"","background-media":"","overlay-type":"","overlay-color":"","overlay-opacity":"","overlay-gradient":""},"mobile":{"background-color":"var(--ast-global-color-5)","background-image":"","background-repeat":"repeat","background-position":"center center","background-size":"auto","background-attachment":"scroll","background-type":"","background-media":"","overlay-type":"","overlay-color":"","overlay-opacity":"","overlay-gradient":""}}},"product_brand":[],"product_cat":[22],"product_tag":[31,32],"class_list":{"0":"post-1391","1":"product","2":"type-product","3":"status-publish","4":"has-post-thumbnail","6":"product_cat-konjac-pasta","7":"product_tag-konjac-fettuccine","8":"product_tag-konjac-pasta","9":"desktop-align-left","10":"tablet-align-left","11":"mobile-align-left","12":"ast-product-gallery-layout-horizontal-slider","13":"ast-product-tabs-layout-horizontal","15":"first","16":"instock","17":"shipping-taxable","18":"product-type-simple"},"_links":{"self":[{"href":"https:\/\/sentaiyuanbio.com\/fr\/wp-json\/wp\/v2\/product\/1391","targetHints":{"allow":["GET"]}}],"collection":[{"href":"https:\/\/sentaiyuanbio.com\/fr\/wp-json\/wp\/v2\/product"}],"about":[{"href":"https:\/\/sentaiyuanbio.com\/fr\/wp-json\/wp\/v2\/types\/product"}],"version-history":[{"count":1,"href":"https:\/\/sentaiyuanbio.com\/fr\/wp-json\/wp\/v2\/product\/1391\/revisions"}],"predecessor-version":[{"id":6154,"href":"https:\/\/sentaiyuanbio.com\/fr\/wp-json\/wp\/v2\/product\/1391\/revisions\/6154"}],"wp:featuredmedia":[{"embeddable":true,"href":"https:\/\/sentaiyuanbio.com\/fr\/wp-json\/wp\/v2\/media\/3852"}],"wp:attachment":[{"href":"https:\/\/sentaiyuanbio.com\/fr\/wp-json\/wp\/v2\/media?parent=1391"}],"wp:term":[{"taxonomy":"product_brand","embeddable":true,"href":"https:\/\/sentaiyuanbio.com\/fr\/wp-json\/wp\/v2\/product_brand?post=1391"},{"taxonomy":"product_cat","embeddable":true,"href":"https:\/\/sentaiyuanbio.com\/fr\/wp-json\/wp\/v2\/product_cat?post=1391"},{"taxonomy":"product_tag","embeddable":true,"href":"https:\/\/sentaiyuanbio.com\/fr\/wp-json\/wp\/v2\/product_tag?post=1391"}],"curies":[{"name":"wp","href":"https:\/\/api.w.org\/{rel}","templated":true}]}}