{"id":1394,"date":"2024-05-07T07:25:31","date_gmt":"2024-05-07T07:25:31","guid":{"rendered":"https:\/\/sentaiyuanbio.com\/?post_type=product&#038;p=1394"},"modified":"2026-01-06T02:30:07","modified_gmt":"2026-01-06T02:30:07","slug":"pates-aux-cheveux-dange-shirataki-bio","status":"publish","type":"product","link":"https:\/\/sentaiyuanbio.com\/fr\/produit\/pates-aux-cheveux-dange-shirataki-bio\/","title":{"rendered":"Shirataki bio, cheveux d'ange, nouilles konjac fines 6 kcal"},"content":{"rendered":"<h2>Cheveux d'ange Shirataki biologiques Sp\u00e9cifications :<\/h2>\n<p>Diam\u00e8tre : 1,8-2,5 mm<\/p>\n<p>Longueur : 10-20cm<\/p>\n<p>Poids : 200g\/sac ou selon votre demande.<\/p>\n<p>Stockage : Stocker dans un endroit frais et sec. Conserver \u00e0 l'abri de la lumi\u00e8re et de la chaleur.<\/p>\n<p>Capacit\u00e9 d'approvisionnement : 3000X20HQ\/an<\/p>\n<p>Dur\u00e9e de conservation : 1 an en cas de stockage ad\u00e9quat.<\/p>\n<h2>Valeur nutritive des cheveux d'ange Shirataki biologiques<\/h2>\n<table>\n<tbody>\n<tr align=\"left\">\n<td>Taille de la portion<\/td>\n<td>100g<\/td>\n<\/tr>\n<tr align=\"left\">\n<td>L'\u00e9nergie<\/td>\n<td>6 kcal<\/td>\n<\/tr>\n<tr align=\"left\">\n<td>Prot\u00e9ines<\/td>\n<td>&lt;0.5g<\/td>\n<\/tr>\n<tr align=\"left\">\n<td>Graisses totales<\/td>\n<td>&lt;0.5g<\/td>\n<\/tr>\n<tr align=\"left\">\n<td>Acides gras satur\u00e9s<\/td>\n<td>&lt;0.1g<\/td>\n<\/tr>\n<tr align=\"left\">\n<td>Acides gras trans<\/td>\n<td>&lt;0.1g<\/td>\n<\/tr>\n<tr align=\"left\">\n<td>Glucides totaux<\/td>\n<td>3.5g<\/td>\n<\/tr>\n<tr align=\"left\">\n<td>Sucre<\/td>\n<td>&lt;0.5g<\/td>\n<\/tr>\n<tr align=\"left\">\n<td>Fibres alimentaires<\/td>\n<td>3.0g<\/td>\n<\/tr>\n<tr align=\"left\">\n<td>Sodium<\/td>\n<td>&lt;5mg<\/td>\n<\/tr>\n<\/tbody>\n<\/table>\n<p>Il s'agit des nouilles Skinny Konjac, qui ne ressemblent pas aux autres p\u00e2tes. C'est parce qu'elles sont fabriqu\u00e9es \u00e0 partir d'une plante appel\u00e9e konjac. Utilis\u00e9 depuis des milliers d'ann\u00e9es, le konjac est plein de fibres et remarquablement pauvre en glucides. Mais ce qui est ph\u00e9nom\u00e9nal, c'est qu'il permet de capturer toutes les saveurs les plus grandes, les plus riches et les plus folles dont vous pouvez r\u00eaver. Apr\u00e8s tout, aucun ingr\u00e9dient n'est exclu lorsque vos p\u00e2tes ne contiennent que 9 calories. Prenez donc un bol et remplissez-le \u00e0 ras bord de sauce, de bouillon ou de boulettes de viande. C'est l'heure des cheveux d'ange Shirataki biologiques !<\/p>\n<p><strong>En voici quelques avantages :<\/strong><\/p>\n<p><strong>Faible teneur en calories :<\/strong> En raison de leur faible teneur en calories, elles constituent une option populaire pour les personnes qui souhaitent limiter leur consommation de calories. Par rapport aux p\u00e2tes traditionnelles \u00e0 base de bl\u00e9, qui peuvent \u00eatre beaucoup plus caloriques, une portion typique de ces p\u00e2tes contient tr\u00e8s peu de calories.<\/p>\n<p><strong>Faible teneur en glucides<\/strong>: Comme elles contiennent tr\u00e8s peu de glucides, elles peuvent \u00eatre consomm\u00e9es par les personnes qui suivent des r\u00e9gimes pauvres en glucides ou c\u00e9tog\u00e8nes. Elles sont particuli\u00e8rement utiles pour les personnes qui veulent r\u00e9duire leur consommation de glucides sans sacrifier la saveur des p\u00e2tes.<\/p>\n<p><strong>Riche en fibres<\/strong>: Riches en fibres nutritionnelles, elles peuvent faciliter la digestion et la sensation de sati\u00e9t\u00e9. Des selles r\u00e9guli\u00e8res et une meilleure sant\u00e9 intestinale peuvent \u00e9galement \u00eatre attribu\u00e9es \u00e0 la teneur \u00e9lev\u00e9e en fibres des p\u00e2tes de konjac.<\/p>\n<p><strong>Sans gluten<\/strong>: Comme il ne contient pas de gluten, il peut \u00eatre appr\u00e9ci\u00e9 par les personnes sensibles au gluten ou qui suivent un r\u00e9gime sans gluten. Pour ceux qui ne peuvent pas \u00e9viter le gluten mais souhaitent n\u00e9anmoins d\u00e9guster un plat \u00e0 base de nouilles, il offre une alternative aux p\u00e2tes.<\/p>\n<p><strong>Gestion de la glyc\u00e9mie<\/strong>: Les niveaux de sucre dans le sang ne sont pas affect\u00e9s de mani\u00e8re significative par ce produit en raison de sa faible teneur en hydrates de carbone. En raison de sa faible <a href=\"https:\/\/www.healthline.com\/nutrition\/glycemic-index\" target=\"_blank\" rel=\"noopener\">indice glyc\u00e9mique<\/a>, En cons\u00e9quence, sa consommation n'entra\u00eene pas d'augmentation pr\u00e9cipit\u00e9e du taux de sucre dans le sang. Pour les personnes souffrant de diab\u00e8te ou essayant d'\u00e9quilibrer leur taux de sucre dans le sang, cela peut s'av\u00e9rer utile.<\/p>\n<p><strong>Polyvalent et adaptable<\/strong>: Il peut \u00eatre remplac\u00e9 par <strong>p\u00e2tes ordinaires<\/strong> dans de nombreux plats. Vous pouvez pr\u00e9parer des versions saines et faibles en calories de vos recettes de p\u00e2tes pr\u00e9f\u00e9r\u00e9es en l'utilisant, car il absorbe les go\u00fbts des sauces et des autres ingr\u00e9dients avec lesquels il est cuit.<\/p>\n<p><strong>Contr\u00f4le du poids<\/strong>: En raison de sa faible teneur en calories et de sa teneur \u00e9lev\u00e9e en fibres, il s'agit d'un choix judicieux pour le contr\u00f4le du poids. Il peut aider \u00e0 r\u00e9duire l'apport calorique global en fournissant un repas satisfaisant et copieux qui soutient les efforts de perte de poids et le contr\u00f4le des portions.<\/p>\n<p><strong>Facile \u00e0 cuisiner<\/strong>: Il est g\u00e9n\u00e9ralement emball\u00e9 et n\u00e9cessite peu de cuisson. C'est un choix pratique pour les personnes ayant un emploi du temps charg\u00e9 ou peu d'exp\u00e9rience en mati\u00e8re de cuisine, car il peut \u00eatre pr\u00e9par\u00e9 rapidement en le faisant bouillir ou en le faisant sauter.<\/p>\n<p><img fetchpriority=\"high\" decoding=\"async\" class=\"alignnone wp-image-5150 size-full\" title=\"Nouilles de konjac maigres\" src=\"https:\/\/sentaiyuanbio.com\/wp-content\/uploads\/2024\/05\/Skinny-Konjac-Noodles-4.webp\" alt=\"Nouilles de konjac maigres\" width=\"1000\" height=\"1000\" srcset=\"https:\/\/sentaiyuanbio.com\/wp-content\/uploads\/2024\/05\/Skinny-Konjac-Noodles-4.webp 1000w, https:\/\/sentaiyuanbio.com\/wp-content\/uploads\/2024\/05\/Skinny-Konjac-Noodles-4-600x600.webp 600w, https:\/\/sentaiyuanbio.com\/wp-content\/uploads\/2024\/05\/Skinny-Konjac-Noodles-4-100x100.webp 100w, https:\/\/sentaiyuanbio.com\/wp-content\/uploads\/2024\/05\/Skinny-Konjac-Noodles-4-300x300.webp 300w, https:\/\/sentaiyuanbio.com\/wp-content\/uploads\/2024\/05\/Skinny-Konjac-Noodles-4-150x150.webp 150w, https:\/\/sentaiyuanbio.com\/wp-content\/uploads\/2024\/05\/Skinny-Konjac-Noodles-4-768x768.webp 768w\" sizes=\"(max-width: 1000px) 100vw, 1000px\" \/> <img decoding=\"async\" class=\"alignnone wp-image-5148 size-full\" title=\"Nouilles de konjac maigres\" src=\"https:\/\/sentaiyuanbio.com\/wp-content\/uploads\/2024\/05\/Skinny-Konjac-Noodles-1.webp\" alt=\"Nouilles de konjac maigres\" width=\"1000\" height=\"1000\" srcset=\"https:\/\/sentaiyuanbio.com\/wp-content\/uploads\/2024\/05\/Skinny-Konjac-Noodles-1.webp 1000w, https:\/\/sentaiyuanbio.com\/wp-content\/uploads\/2024\/05\/Skinny-Konjac-Noodles-1-600x600.webp 600w, https:\/\/sentaiyuanbio.com\/wp-content\/uploads\/2024\/05\/Skinny-Konjac-Noodles-1-100x100.webp 100w, https:\/\/sentaiyuanbio.com\/wp-content\/uploads\/2024\/05\/Skinny-Konjac-Noodles-1-300x300.webp 300w, https:\/\/sentaiyuanbio.com\/wp-content\/uploads\/2024\/05\/Skinny-Konjac-Noodles-1-150x150.webp 150w, https:\/\/sentaiyuanbio.com\/wp-content\/uploads\/2024\/05\/Skinny-Konjac-Noodles-1-768x768.webp 768w\" sizes=\"(max-width: 1000px) 100vw, 1000px\" \/> <img decoding=\"async\" class=\"alignnone wp-image-5149 size-full\" title=\"Nouilles de konjac maigres\" src=\"https:\/\/sentaiyuanbio.com\/wp-content\/uploads\/2024\/05\/Skinny-Konjac-Noodles-2.webp\" alt=\"Nouilles de konjac maigres\" width=\"1000\" height=\"1000\" srcset=\"https:\/\/sentaiyuanbio.com\/wp-content\/uploads\/2024\/05\/Skinny-Konjac-Noodles-2.webp 1000w, https:\/\/sentaiyuanbio.com\/wp-content\/uploads\/2024\/05\/Skinny-Konjac-Noodles-2-600x600.webp 600w, https:\/\/sentaiyuanbio.com\/wp-content\/uploads\/2024\/05\/Skinny-Konjac-Noodles-2-100x100.webp 100w, https:\/\/sentaiyuanbio.com\/wp-content\/uploads\/2024\/05\/Skinny-Konjac-Noodles-2-300x300.webp 300w, https:\/\/sentaiyuanbio.com\/wp-content\/uploads\/2024\/05\/Skinny-Konjac-Noodles-2-150x150.webp 150w, https:\/\/sentaiyuanbio.com\/wp-content\/uploads\/2024\/05\/Skinny-Konjac-Noodles-2-768x768.webp 768w\" sizes=\"(max-width: 1000px) 100vw, 1000px\" \/><\/p>","protected":false},"excerpt":{"rendered":"<p>Les cheveux d'ange shirataki biologiques sont fabriqu\u00e9s \u00e0 partir d'ingr\u00e9dients biologiques <a href=\"https:\/\/sentaiyuanbio.com\/fr\/produit\/glucomannane-de-racine-de-konjac\/\" target=\"_blank\" rel=\"noopener\">farine de konjac<\/a> contenant une fibre alimentaire hydrosoluble, le glucomannane. Elle est b\u00e9n\u00e9fique pour notre sant\u00e9 \u00e0 bien des \u00e9gards.<\/p>","protected":false},"featured_media":3910,"template":"","meta":{"site-sidebar-layout":"default","site-content-layout":"","ast-site-content-layout":"default","site-content-style":"default","site-sidebar-style":"default","ast-global-header-display":"","ast-banner-title-visibility":"","ast-main-header-display":"","ast-hfb-above-header-display":"","ast-hfb-below-header-display":"","ast-hfb-mobile-header-display":"","site-post-title":"","ast-breadcrumbs-content":"","ast-featured-img":"","footer-sml-layout":"","ast-disable-related-posts":"","theme-transparent-header-meta":"default","adv-header-id-meta":"","stick-header-meta":"default","header-above-stick-meta":"","header-main-stick-meta":"","header-below-stick-meta":"","astra-migrate-meta-layouts":"set","ast-page-background-enabled":"default","ast-page-background-meta":{"desktop":{"background-color":"","background-image":"","background-repeat":"repeat","background-position":"center center","background-size":"auto","background-attachment":"scroll","background-type":"","background-media":"","overlay-type":"","overlay-color":"","overlay-opacity":"","overlay-gradient":""},"tablet":{"background-color":"","background-image":"","background-repeat":"repeat","background-position":"center center","background-size":"auto","background-attachment":"scroll","background-type":"","background-media":"","overlay-type":"","overlay-color":"","overlay-opacity":"","overlay-gradient":""},"mobile":{"background-color":"","background-image":"","background-repeat":"repeat","background-position":"center center","background-size":"auto","background-attachment":"scroll","background-type":"","background-media":"","overlay-type":"","overlay-color":"","overlay-opacity":"","overlay-gradient":""}},"ast-content-background-meta":{"desktop":{"background-color":"var(--ast-global-color-5)","background-image":"","background-repeat":"repeat","background-position":"center center","background-size":"auto","background-attachment":"scroll","background-type":"","background-media":"","overlay-type":"","overlay-color":"","overlay-opacity":"","overlay-gradient":""},"tablet":{"background-color":"var(--ast-global-color-5)","background-image":"","background-repeat":"repeat","background-position":"center center","background-size":"auto","background-attachment":"scroll","background-type":"","background-media":"","overlay-type":"","overlay-color":"","overlay-opacity":"","overlay-gradient":""},"mobile":{"background-color":"var(--ast-global-color-5)","background-image":"","background-repeat":"repeat","background-position":"center center","background-size":"auto","background-attachment":"scroll","background-type":"","background-media":"","overlay-type":"","overlay-color":"","overlay-opacity":"","overlay-gradient":""}}},"product_brand":[],"product_cat":[22],"product_tag":[30,29],"class_list":{"0":"post-1394","1":"product","2":"type-product","3":"status-publish","4":"has-post-thumbnail","6":"product_cat-konjac-pasta","7":"product_tag-konjac-angel-hair","8":"product_tag-konjac-spaghetti","9":"desktop-align-left","10":"tablet-align-left","11":"mobile-align-left","12":"ast-product-gallery-layout-horizontal-slider","13":"ast-product-tabs-layout-horizontal","15":"first","16":"instock","17":"shipping-taxable","18":"product-type-simple"},"_links":{"self":[{"href":"https:\/\/sentaiyuanbio.com\/fr\/wp-json\/wp\/v2\/product\/1394","targetHints":{"allow":["GET"]}}],"collection":[{"href":"https:\/\/sentaiyuanbio.com\/fr\/wp-json\/wp\/v2\/product"}],"about":[{"href":"https:\/\/sentaiyuanbio.com\/fr\/wp-json\/wp\/v2\/types\/product"}],"version-history":[{"count":0,"href":"https:\/\/sentaiyuanbio.com\/fr\/wp-json\/wp\/v2\/product\/1394\/revisions"}],"wp:featuredmedia":[{"embeddable":true,"href":"https:\/\/sentaiyuanbio.com\/fr\/wp-json\/wp\/v2\/media\/3910"}],"wp:attachment":[{"href":"https:\/\/sentaiyuanbio.com\/fr\/wp-json\/wp\/v2\/media?parent=1394"}],"wp:term":[{"taxonomy":"product_brand","embeddable":true,"href":"https:\/\/sentaiyuanbio.com\/fr\/wp-json\/wp\/v2\/product_brand?post=1394"},{"taxonomy":"product_cat","embeddable":true,"href":"https:\/\/sentaiyuanbio.com\/fr\/wp-json\/wp\/v2\/product_cat?post=1394"},{"taxonomy":"product_tag","embeddable":true,"href":"https:\/\/sentaiyuanbio.com\/fr\/wp-json\/wp\/v2\/product_tag?post=1394"}],"curies":[{"name":"wp","href":"https:\/\/api.w.org\/{rel}","templated":true}]}}