{"id":1402,"date":"2024-05-07T07:47:42","date_gmt":"2024-05-07T07:47:42","guid":{"rendered":"https:\/\/sentaiyuanbio.com\/?post_type=product&#038;p=1402"},"modified":"2026-03-27T03:11:34","modified_gmt":"2026-03-27T03:11:34","slug":"fettucine-de-konjac-pur","status":"publish","type":"product","link":"https:\/\/sentaiyuanbio.com\/fr\/produit\/fettucine-de-konjac-pur\/","title":{"rendered":"Les nouilles fettucine Shirataki facilitent la digestion intestinale"},"content":{"rendered":"<p>Les fibres v\u00e9g\u00e9tales naturelles contenues dans les nouilles fettuccine au konjac pur ne se contentent pas de calmer votre faim, elles vous aident \u00e9galement \u00e0 perdre du poids. Que vous cherchiez \u00e0 perdre du poids sans avoir faim, ou que vous souhaitiez un <a href=\"https:\/\/www.nhs.uk\/conditions\/diabetes\/\" target=\"_blank\" rel=\"noopener\">Diab\u00e9tique<\/a> \u00e0 la recherche d'une alternative aux nouilles sans sucre et sans glucides, <a href=\"https:\/\/sentaiyuanbio.com\/fr\/konjac\/\" target=\"_blank\" rel=\"noopener\">Konjac<\/a> est une alternative id\u00e9ale pour tous ceux qui veulent \u00eatre beaux et le rester, sans culpabilit\u00e9 !<\/p>\n<h2>Sp\u00e9cification des nouilles fettuccine Shirataki<\/h2>\n<table>\n<tbody>\n<tr>\n<td>Nom du produit<\/td>\n<td>Nouilles Fettuccine Shirataki<\/td>\n<\/tr>\n<tr>\n<td>Ingr\u00e9dient principal<\/td>\n<td>Poudre de konjac, eau<\/td>\n<\/tr>\n<tr>\n<td>Saveurs<\/td>\n<td>Original, carotte, tomate, avoine, \u00e9pinard, algue, soja, citrouille et autres.<\/td>\n<\/tr>\n<tr>\n<td>Fonctionnalit\u00e9<\/td>\n<td>Sans odeur, faible teneur en calories, faible teneur en glucides, sans gluten, sans sucre, sans graisse, sans OGM, riche en fibres.<\/td>\n<\/tr>\n<tr>\n<td>Fonctions<\/td>\n<td>R\u00e9gime v\u00e9g\u00e9tarien, perte de poids, augmentation de la sati\u00e9t\u00e9<\/td>\n<\/tr>\n<tr>\n<td>Fibres alimentaires<\/td>\n<td>2,8g\/100g<\/td>\n<\/tr>\n<tr>\n<td>L'\u00e9nergie<\/td>\n<td>6 KCAL<\/td>\n<\/tr>\n<tr>\n<td>Temps de cuisson<\/td>\n<td>0-2 minute<\/td>\n<\/tr>\n<tr>\n<td>Dur\u00e9e de conservation<\/td>\n<td>18 mois<\/td>\n<\/tr>\n<\/tbody>\n<\/table>\n<p>Poids : 200g\/sac ou selon votre demande.<\/p>\n<p>Stockage : Stocker dans un endroit frais et sec. A l'abri de la lumi\u00e8re et de la chaleur.<\/p>\n<h2>Nouilles fettuccine Shirataki Fonctions :<\/h2>\n<p>D\u00e9sintoxication, r\u00e9gime alimentaire, d\u00e9f\u00e9cation, nettoyage de l'estomac, pr\u00e9vention des maladies, pr\u00e9vention du diab\u00e8te, \u00e9quilibre en sel, suppl\u00e9ment de calcium, pr\u00e9vention du cancer.<\/p>","protected":false},"excerpt":{"rendered":"<p>Les fibres v\u00e9g\u00e9tales naturelles contenues dans les nouilles fettuccine shirataki ne se contentent pas de calmer votre faim, elles vous aident \u00e9galement \u00e0 perdre du poids. Que vous souhaitiez perdre du poids sans avoir faim, les nouilles shirataki fettuccine vous aident \u00e0 perdre du poids.<\/p>","protected":false},"featured_media":3920,"template":"","meta":{"site-sidebar-layout":"default","site-content-layout":"","ast-site-content-layout":"default","site-content-style":"default","site-sidebar-style":"default","ast-global-header-display":"","ast-banner-title-visibility":"","ast-main-header-display":"","ast-hfb-above-header-display":"","ast-hfb-below-header-display":"","ast-hfb-mobile-header-display":"","site-post-title":"","ast-breadcrumbs-content":"","ast-featured-img":"","footer-sml-layout":"","ast-disable-related-posts":"","theme-transparent-header-meta":"default","adv-header-id-meta":"","stick-header-meta":"default","header-above-stick-meta":"","header-main-stick-meta":"","header-below-stick-meta":"","astra-migrate-meta-layouts":"set","ast-page-background-enabled":"default","ast-page-background-meta":{"desktop":{"background-color":"","background-image":"","background-repeat":"repeat","background-position":"center center","background-size":"auto","background-attachment":"scroll","background-type":"","background-media":"","overlay-type":"","overlay-color":"","overlay-opacity":"","overlay-gradient":""},"tablet":{"background-color":"","background-image":"","background-repeat":"repeat","background-position":"center center","background-size":"auto","background-attachment":"scroll","background-type":"","background-media":"","overlay-type":"","overlay-color":"","overlay-opacity":"","overlay-gradient":""},"mobile":{"background-color":"","background-image":"","background-repeat":"repeat","background-position":"center center","background-size":"auto","background-attachment":"scroll","background-type":"","background-media":"","overlay-type":"","overlay-color":"","overlay-opacity":"","overlay-gradient":""}},"ast-content-background-meta":{"desktop":{"background-color":"var(--ast-global-color-5)","background-image":"","background-repeat":"repeat","background-position":"center center","background-size":"auto","background-attachment":"scroll","background-type":"","background-media":"","overlay-type":"","overlay-color":"","overlay-opacity":"","overlay-gradient":""},"tablet":{"background-color":"var(--ast-global-color-5)","background-image":"","background-repeat":"repeat","background-position":"center center","background-size":"auto","background-attachment":"scroll","background-type":"","background-media":"","overlay-type":"","overlay-color":"","overlay-opacity":"","overlay-gradient":""},"mobile":{"background-color":"var(--ast-global-color-5)","background-image":"","background-repeat":"repeat","background-position":"center center","background-size":"auto","background-attachment":"scroll","background-type":"","background-media":"","overlay-type":"","overlay-color":"","overlay-opacity":"","overlay-gradient":""}}},"product_brand":[],"product_cat":[22],"product_tag":[31],"class_list":{"0":"post-1402","1":"product","2":"type-product","3":"status-publish","4":"has-post-thumbnail","6":"product_cat-konjac-pasta","7":"product_tag-konjac-fettuccine","8":"desktop-align-left","9":"tablet-align-left","10":"mobile-align-left","11":"ast-product-gallery-layout-horizontal-slider","12":"ast-product-tabs-layout-horizontal","14":"first","15":"instock","16":"shipping-taxable","17":"product-type-simple"},"_links":{"self":[{"href":"https:\/\/sentaiyuanbio.com\/fr\/wp-json\/wp\/v2\/product\/1402","targetHints":{"allow":["GET"]}}],"collection":[{"href":"https:\/\/sentaiyuanbio.com\/fr\/wp-json\/wp\/v2\/product"}],"about":[{"href":"https:\/\/sentaiyuanbio.com\/fr\/wp-json\/wp\/v2\/types\/product"}],"version-history":[{"count":2,"href":"https:\/\/sentaiyuanbio.com\/fr\/wp-json\/wp\/v2\/product\/1402\/revisions"}],"predecessor-version":[{"id":6023,"href":"https:\/\/sentaiyuanbio.com\/fr\/wp-json\/wp\/v2\/product\/1402\/revisions\/6023"}],"wp:featuredmedia":[{"embeddable":true,"href":"https:\/\/sentaiyuanbio.com\/fr\/wp-json\/wp\/v2\/media\/3920"}],"wp:attachment":[{"href":"https:\/\/sentaiyuanbio.com\/fr\/wp-json\/wp\/v2\/media?parent=1402"}],"wp:term":[{"taxonomy":"product_brand","embeddable":true,"href":"https:\/\/sentaiyuanbio.com\/fr\/wp-json\/wp\/v2\/product_brand?post=1402"},{"taxonomy":"product_cat","embeddable":true,"href":"https:\/\/sentaiyuanbio.com\/fr\/wp-json\/wp\/v2\/product_cat?post=1402"},{"taxonomy":"product_tag","embeddable":true,"href":"https:\/\/sentaiyuanbio.com\/fr\/wp-json\/wp\/v2\/product_tag?post=1402"}],"curies":[{"name":"wp","href":"https:\/\/api.w.org\/{rel}","templated":true}]}}